{"id":1197,"date":"2020-09-23T20:34:30","date_gmt":"2020-09-23T20:34:30","guid":{"rendered":"https:\/\/southwestpipetrades.com\/?page_id=1197"},"modified":"2022-10-21T13:05:41","modified_gmt":"2022-10-21T13:05:41","slug":"serving-the-interests-of-welders-pipefitters-and-tradespeople-southwest-pipe-trades-association-2","status":"publish","type":"page","link":"https:\/\/southwestpipetrades.com\/es\/serving-the-interests-of-welders-pipefitters-and-tradespeople-southwest-pipe-trades-association-2","title":{"rendered":"Inicio Copiar"},"content":{"rendered":"","protected":false},"excerpt":{"rendered":"","protected":false},"author":38,"featured_media":3420,"parent":0,"menu_order":0,"comment_status":"closed","ping_status":"closed","template":"","meta":{"_acf_changed":false,"inline_featured_image":false,"site-sidebar-layout":"default","site-content-layout":"default","ast-global-header-display":"","ast-main-header-display":"","ast-hfb-above-header-display":"","ast-hfb-below-header-display":"","ast-hfb-mobile-header-display":"","site-post-title":"","ast-breadcrumbs-content":"","ast-featured-img":"","footer-sml-layout":"","theme-transparent-header-meta":"default","adv-header-id-meta":"","stick-header-meta":"default","header-above-stick-meta":"","header-main-stick-meta":"","header-below-stick-meta":"","footnotes":""},"class_list":["post-1197","page","type-page","status-publish","has-post-thumbnail","hentry"],"acf":[],"yoast_head":"<!-- This site is optimized with the Yoast SEO plugin v21.4 - https:\/\/yoast.com\/wordpress\/plugins\/seo\/ -->\n<title>United Association Southwest Pipe Trades Association<\/title>\n<meta name=\"description\" content=\"Welcome to Southwest Pipe Trades Association. We are dedicated to serving the interests of welders, pipefitters, and tradespeople.\" \/>\n<meta name=\"robots\" content=\"index, follow, max-snippet:-1, max-image-preview:large, max-video-preview:-1\" \/>\n<link rel=\"canonical\" href=\"https:\/\/southwestpipetrades.com\/es\/serving-the-interests-of-welders-pipefitters-and-tradespeople-southwest-pipe-trades-association-2\/\" \/>\n<meta property=\"og:locale\" content=\"es_MX\" \/>\n<meta property=\"og:type\" content=\"article\" \/>\n<meta property=\"og:title\" content=\"United Association Southwest Pipe Trades Association\" \/>\n<meta property=\"og:description\" content=\"Welcome to Southwest Pipe Trades Association. We are dedicated to serving the interests of welders, pipefitters, and tradespeople.\" \/>\n<meta property=\"og:url\" content=\"https:\/\/southwestpipetrades.com\/es\/serving-the-interests-of-welders-pipefitters-and-tradespeople-southwest-pipe-trades-association-2\/\" \/>\n<meta property=\"og:site_name\" content=\"Southwest Pipe Trades Association\" \/>\n<meta property=\"article:modified_time\" content=\"2022-10-21T13:05:41+00:00\" \/>\n<meta property=\"og:image\" content=\"https:\/\/southwestpipetrades.com\/wp-content\/uploads\/2022\/10\/SWPTA-featured-images47.png\" \/>\n\t<meta property=\"og:image:width\" content=\"1200\" \/>\n\t<meta property=\"og:image:height\" content=\"675\" \/>\n\t<meta property=\"og:image:type\" content=\"image\/png\" \/>\n<meta name=\"twitter:card\" content=\"summary_large_image\" \/>\n<script type=\"application\/ld+json\" class=\"yoast-schema-graph\">{\"@context\":\"https:\/\/schema.org\",\"@graph\":[{\"@type\":\"WebPage\",\"@id\":\"https:\/\/southwestpipetrades.com\/serving-the-interests-of-welders-pipefitters-and-tradespeople-southwest-pipe-trades-association-2\",\"url\":\"https:\/\/southwestpipetrades.com\/serving-the-interests-of-welders-pipefitters-and-tradespeople-southwest-pipe-trades-association-2\",\"name\":\"United Association Southwest Pipe Trades Association\",\"isPartOf\":{\"@id\":\"https:\/\/southwestpipetrades.com\/#website\"},\"datePublished\":\"2020-09-23T20:34:30+00:00\",\"dateModified\":\"2022-10-21T13:05:41+00:00\",\"description\":\"Welcome to Southwest Pipe Trades Association. We are dedicated to serving the interests of welders, pipefitters, and tradespeople.\",\"breadcrumb\":{\"@id\":\"https:\/\/southwestpipetrades.com\/serving-the-interests-of-welders-pipefitters-and-tradespeople-southwest-pipe-trades-association-2#breadcrumb\"},\"inLanguage\":\"es-MX\",\"potentialAction\":[{\"@type\":\"ReadAction\",\"target\":[\"https:\/\/southwestpipetrades.com\/serving-the-interests-of-welders-pipefitters-and-tradespeople-southwest-pipe-trades-association-2\"]}]},{\"@type\":\"BreadcrumbList\",\"@id\":\"https:\/\/southwestpipetrades.com\/serving-the-interests-of-welders-pipefitters-and-tradespeople-southwest-pipe-trades-association-2#breadcrumb\",\"itemListElement\":[{\"@type\":\"ListItem\",\"position\":1,\"name\":\"Home\",\"item\":\"https:\/\/southwestpipetrades.com\/\"},{\"@type\":\"ListItem\",\"position\":2,\"name\":\"Home Copy\"}]},{\"@type\":\"WebSite\",\"@id\":\"https:\/\/southwestpipetrades.com\/#website\",\"url\":\"https:\/\/southwestpipetrades.com\/\",\"name\":\"Southwest Pipe Trades Association\",\"description\":\"Plumbers, Pipefitters, HVACR Techs in Texas, Oklahoma, New Mexico\",\"publisher\":{\"@id\":\"https:\/\/southwestpipetrades.com\/#organization\"},\"potentialAction\":[{\"@type\":\"SearchAction\",\"target\":{\"@type\":\"EntryPoint\",\"urlTemplate\":\"https:\/\/southwestpipetrades.com\/?s={search_term_string}\"},\"query-input\":\"required name=search_term_string\"}],\"inLanguage\":\"es-MX\"},{\"@type\":\"Organization\",\"@id\":\"https:\/\/southwestpipetrades.com\/#organization\",\"name\":\"Southwest Pipe Trades Assoication\",\"url\":\"https:\/\/southwestpipetrades.com\/\",\"logo\":{\"@type\":\"ImageObject\",\"inLanguage\":\"es-MX\",\"@id\":\"https:\/\/southwestpipetrades.com\/#\/schema\/logo\/image\/\",\"url\":\"https:\/\/southwestpipetrades.com\/wp-content\/uploads\/2020\/09\/SWPTA-2021-Logo-Color-Full-Horizontal-800px.png\",\"contentUrl\":\"https:\/\/southwestpipetrades.com\/wp-content\/uploads\/2020\/09\/SWPTA-2021-Logo-Color-Full-Horizontal-800px.png\",\"width\":800,\"height\":341,\"caption\":\"Southwest Pipe Trades Assoication\"},\"image\":{\"@id\":\"https:\/\/southwestpipetrades.com\/#\/schema\/logo\/image\/\"}}]}<\/script>\n<!-- \/ Yoast SEO plugin. -->","yoast_head_json":{"title":"Asociaci\u00f3n Unida de la Asociaci\u00f3n de Oficios de Tuber\u00edas del Suroeste","description":"Welcome to Southwest Pipe Trades Association. We are dedicated to serving the interests of welders, pipefitters, and tradespeople.","robots":{"index":"index","follow":"follow","max-snippet":"max-snippet:-1","max-image-preview":"max-image-preview:large","max-video-preview":"max-video-preview:-1"},"canonical":"https:\/\/southwestpipetrades.com\/es\/serving-the-interests-of-welders-pipefitters-and-tradespeople-southwest-pipe-trades-association-2\/","og_locale":"es_MX","og_type":"article","og_title":"United Association Southwest Pipe Trades Association","og_description":"Welcome to Southwest Pipe Trades Association. We are dedicated to serving the interests of welders, pipefitters, and tradespeople.","og_url":"https:\/\/southwestpipetrades.com\/es\/serving-the-interests-of-welders-pipefitters-and-tradespeople-southwest-pipe-trades-association-2\/","og_site_name":"Southwest Pipe Trades Association","article_modified_time":"2022-10-21T13:05:41+00:00","og_image":[{"width":1200,"height":675,"url":"https:\/\/southwestpipetrades.com\/wp-content\/uploads\/2022\/10\/SWPTA-featured-images47.png","type":"image\/png"}],"twitter_card":"summary_large_image","schema":{"@context":"https:\/\/schema.org","@graph":[{"@type":"WebPage","@id":"https:\/\/southwestpipetrades.com\/serving-the-interests-of-welders-pipefitters-and-tradespeople-southwest-pipe-trades-association-2","url":"https:\/\/southwestpipetrades.com\/serving-the-interests-of-welders-pipefitters-and-tradespeople-southwest-pipe-trades-association-2","name":"Asociaci\u00f3n Unida de la Asociaci\u00f3n de Oficios de Tuber\u00edas del Suroeste","isPartOf":{"@id":"https:\/\/southwestpipetrades.com\/#website"},"datePublished":"2020-09-23T20:34:30+00:00","dateModified":"2022-10-21T13:05:41+00:00","description":"Welcome to Southwest Pipe Trades Association. We are dedicated to serving the interests of welders, pipefitters, and tradespeople.","breadcrumb":{"@id":"https:\/\/southwestpipetrades.com\/serving-the-interests-of-welders-pipefitters-and-tradespeople-southwest-pipe-trades-association-2#breadcrumb"},"inLanguage":"es-MX","potentialAction":[{"@type":"ReadAction","target":["https:\/\/southwestpipetrades.com\/serving-the-interests-of-welders-pipefitters-and-tradespeople-southwest-pipe-trades-association-2"]}]},{"@type":"BreadcrumbList","@id":"https:\/\/southwestpipetrades.com\/serving-the-interests-of-welders-pipefitters-and-tradespeople-southwest-pipe-trades-association-2#breadcrumb","itemListElement":[{"@type":"ListItem","position":1,"name":"Home","item":"https:\/\/southwestpipetrades.com\/"},{"@type":"ListItem","position":2,"name":"Home Copy"}]},{"@type":"WebSite","@id":"https:\/\/southwestpipetrades.com\/#website","url":"https:\/\/southwestpipetrades.com\/","name":"Asociaci\u00f3n de Comercio de Tuber\u00edas del Suroeste","description":"Fontaneros, instaladores de tuber\u00edas, t\u00e9cnicos de climatizaci\u00f3n en Texas, Oklahoma y Nuevo M\u00e9xico","publisher":{"@id":"https:\/\/southwestpipetrades.com\/#organization"},"potentialAction":[{"@type":"SearchAction","target":{"@type":"EntryPoint","urlTemplate":"https:\/\/southwestpipetrades.com\/?s={search_term_string}"},"query-input":"required name=search_term_string"}],"inLanguage":"es-MX"},{"@type":"Organization","@id":"https:\/\/southwestpipetrades.com\/#organization","name":"Asociaci\u00f3n de Oficios de Tuber\u00edas del Suroeste","url":"https:\/\/southwestpipetrades.com\/","logo":{"@type":"ImageObject","inLanguage":"es-MX","@id":"https:\/\/southwestpipetrades.com\/#\/schema\/logo\/image\/","url":"https:\/\/southwestpipetrades.com\/wp-content\/uploads\/2020\/09\/SWPTA-2021-Logo-Color-Full-Horizontal-800px.png","contentUrl":"https:\/\/southwestpipetrades.com\/wp-content\/uploads\/2020\/09\/SWPTA-2021-Logo-Color-Full-Horizontal-800px.png","width":800,"height":341,"caption":"Southwest Pipe Trades Assoication"},"image":{"@id":"https:\/\/southwestpipetrades.com\/#\/schema\/logo\/image\/"}}]}},"_links":{"self":[{"href":"https:\/\/southwestpipetrades.com\/es\/wp-json\/wp\/v2\/pages\/1197","targetHints":{"allow":["GET"]}}],"collection":[{"href":"https:\/\/southwestpipetrades.com\/es\/wp-json\/wp\/v2\/pages"}],"about":[{"href":"https:\/\/southwestpipetrades.com\/es\/wp-json\/wp\/v2\/types\/page"}],"author":[{"embeddable":true,"href":"https:\/\/southwestpipetrades.com\/es\/wp-json\/wp\/v2\/users\/38"}],"replies":[{"embeddable":true,"href":"https:\/\/southwestpipetrades.com\/es\/wp-json\/wp\/v2\/comments?post=1197"}],"version-history":[{"count":0,"href":"https:\/\/southwestpipetrades.com\/es\/wp-json\/wp\/v2\/pages\/1197\/revisions"}],"wp:featuredmedia":[{"embeddable":true,"href":"https:\/\/southwestpipetrades.com\/es\/wp-json\/wp\/v2\/media\/3420"}],"wp:attachment":[{"href":"https:\/\/southwestpipetrades.com\/es\/wp-json\/wp\/v2\/media?parent=1197"}],"curies":[{"name":"wp","href":"https:\/\/api.w.org\/{rel}","templated":true}]}}