{"id":145,"date":"2017-02-12T16:08:26","date_gmt":"2017-02-12T16:08:26","guid":{"rendered":"http:\/\/southwestpipe.wpengine.com\/?page_id=145"},"modified":"2022-10-21T14:12:44","modified_gmt":"2022-10-21T14:12:44","slug":"energy-sector","status":"publish","type":"page","link":"https:\/\/southwestpipetrades.com\/es\/markets\/energy-sector","title":{"rendered":"Sector energ\u00e9tico"},"content":{"rendered":"\t\t<div data-elementor-type=\"wp-page\" data-elementor-id=\"145\" class=\"elementor elementor-145\" data-elementor-settings=\"[]\">\n\t\t\t\t\t\t<div class=\"elementor-inner\">\n\t\t\t\t\t\t\t<div class=\"elementor-section-wrap\">\n\t\t\t\t\t\t\t<section class=\"elementor-section elementor-top-section elementor-element elementor-element-3de022dc elementor-section-full_width elementor-section-height-default elementor-section-height-default\" data-id=\"3de022dc\" data-element_type=\"section\">\n\t\t\t\t\t\t<div class=\"elementor-container elementor-column-gap-default\">\n\t\t\t\t\t\t\t<div class=\"elementor-row\">\n\t\t\t\t\t<div class=\"elementor-column elementor-col-50 elementor-top-column elementor-element elementor-element-5059e7d2\" data-id=\"5059e7d2\" data-element_type=\"column\">\n\t\t\t<div class=\"elementor-column-wrap elementor-element-populated\">\n\t\t\t\t\t\t\t<div class=\"elementor-widget-wrap\">\n\t\t\t\t\t\t<div class=\"elementor-element elementor-element-39a6ee92 elementor-widget elementor-widget-heading\" data-id=\"39a6ee92\" data-element_type=\"widget\" data-widget_type=\"heading.default\">\n\t\t\t\t<div class=\"elementor-widget-container\">\n\t\t\t<h4 class=\"elementor-heading-title elementor-size-default\">MARKETS served by the SWPTA<\/h4>\t\t<\/div>\n\t\t\t\t<\/div>\n\t\t\t\t<div class=\"elementor-element elementor-element-29d167d2 elementor-widget elementor-widget-heading\" data-id=\"29d167d2\" data-element_type=\"widget\" data-widget_type=\"heading.default\">\n\t\t\t\t<div class=\"elementor-widget-container\">\n\t\t\t<h1 class=\"elementor-heading-title elementor-size-default\">Energy Sector<\/h1>\t\t<\/div>\n\t\t\t\t<\/div>\n\t\t\t\t<div class=\"elementor-element elementor-element-6fdb2465 elementor-widget elementor-widget-spacer\" data-id=\"6fdb2465\" data-element_type=\"widget\" data-widget_type=\"spacer.default\">\n\t\t\t\t<div class=\"elementor-widget-container\">\n\t\t\t\t\t<div class=\"elementor-spacer\">\n\t\t\t<div class=\"elementor-spacer-inner\"><\/div>\n\t\t<\/div>\n\t\t\t\t<\/div>\n\t\t\t\t<\/div>\n\t\t\t\t<div class=\"elementor-element elementor-element-394ec583 elementor-widget elementor-widget-image\" data-id=\"394ec583\" data-element_type=\"widget\" data-settings=\"{&quot;motion_fx_motion_fx_scrolling&quot;:&quot;yes&quot;,&quot;motion_fx_translateY_effect&quot;:&quot;yes&quot;,&quot;motion_fx_translateY_speed&quot;:{&quot;unit&quot;:&quot;px&quot;,&quot;size&quot;:1.8,&quot;sizes&quot;:[]},&quot;motion_fx_translateY_affectedRange&quot;:{&quot;unit&quot;:&quot;%&quot;,&quot;size&quot;:&quot;&quot;,&quot;sizes&quot;:{&quot;start&quot;:0,&quot;end&quot;:100}},&quot;motion_fx_devices&quot;:[&quot;desktop&quot;,&quot;tablet&quot;,&quot;mobile&quot;]}\" data-widget_type=\"image.default\">\n\t\t\t\t<div class=\"elementor-widget-container\">\n\t\t\t\t\t<div class=\"elementor-image\">\n\t\t\t\t\t\t\t\t\t\t<img loading=\"lazy\" decoding=\"async\" width=\"1024\" height=\"640\" src=\"https:\/\/southwestpipetrades.com\/wp-content\/uploads\/2020\/01\/professional-pipe-fitter-1024x640.jpg\" class=\"attachment-large size-large\" alt=\"Union pipefitters work on a pipe on a construction site\" srcset=\"https:\/\/southwestpipetrades.com\/wp-content\/uploads\/2020\/01\/professional-pipe-fitter-1024x640.jpg 1024w, https:\/\/southwestpipetrades.com\/wp-content\/uploads\/2020\/01\/professional-pipe-fitter-300x188.jpg 300w, https:\/\/southwestpipetrades.com\/wp-content\/uploads\/2020\/01\/professional-pipe-fitter-768x480.jpg 768w, https:\/\/southwestpipetrades.com\/wp-content\/uploads\/2020\/01\/professional-pipe-fitter-1094x684.jpg 1094w, https:\/\/southwestpipetrades.com\/wp-content\/uploads\/2020\/01\/professional-pipe-fitter-1536x960.jpg 1536w, https:\/\/southwestpipetrades.com\/wp-content\/uploads\/2020\/01\/professional-pipe-fitter-600x375.jpg 600w, https:\/\/southwestpipetrades.com\/wp-content\/uploads\/2020\/01\/professional-pipe-fitter-486x304.jpg 486w, https:\/\/southwestpipetrades.com\/wp-content\/uploads\/2020\/01\/professional-pipe-fitter-960x600.jpg 960w, https:\/\/southwestpipetrades.com\/wp-content\/uploads\/2020\/01\/professional-pipe-fitter-698x436.jpg 698w, https:\/\/southwestpipetrades.com\/wp-content\/uploads\/2020\/01\/professional-pipe-fitter-1920x1200.jpg 1920w, https:\/\/southwestpipetrades.com\/wp-content\/uploads\/2020\/01\/professional-pipe-fitter-174x109.jpg 174w, https:\/\/southwestpipetrades.com\/wp-content\/uploads\/2020\/01\/professional-pipe-fitter-93x58.jpg 93w, https:\/\/southwestpipetrades.com\/wp-content\/uploads\/2020\/01\/professional-pipe-fitter-511x319.jpg 511w, https:\/\/southwestpipetrades.com\/wp-content\/uploads\/2020\/01\/professional-pipe-fitter-343x214.jpg 343w, https:\/\/southwestpipetrades.com\/wp-content\/uploads\/2020\/01\/professional-pipe-fitter-296x185.jpg 296w, https:\/\/southwestpipetrades.com\/wp-content\/uploads\/2020\/01\/professional-pipe-fitter-120x75.jpg 120w, https:\/\/southwestpipetrades.com\/wp-content\/uploads\/2020\/01\/professional-pipe-fitter-342x214.jpg 342w, https:\/\/southwestpipetrades.com\/wp-content\/uploads\/2020\/01\/professional-pipe-fitter-69x43.jpg 69w, https:\/\/southwestpipetrades.com\/wp-content\/uploads\/2020\/01\/professional-pipe-fitter-86x54.jpg 86w, https:\/\/southwestpipetrades.com\/wp-content\/uploads\/2020\/01\/professional-pipe-fitter-88x55.jpg 88w, https:\/\/southwestpipetrades.com\/wp-content\/uploads\/2020\/01\/professional-pipe-fitter-80x50.jpg 80w, https:\/\/southwestpipetrades.com\/wp-content\/uploads\/2020\/01\/professional-pipe-fitter-152x96.jpg 152w, https:\/\/southwestpipetrades.com\/wp-content\/uploads\/2020\/01\/professional-pipe-fitter-23x14.jpg 23w, https:\/\/southwestpipetrades.com\/wp-content\/uploads\/2020\/01\/professional-pipe-fitter.jpg 2000w\" sizes=\"auto, (max-width: 1024px) 100vw, 1024px\" \/>\t\t\t\t\t\t\t\t\t\t\t<\/div>\n\t\t\t\t<\/div>\n\t\t\t\t<\/div>\n\t\t\t\t\t\t<\/div>\n\t\t\t\t\t<\/div>\n\t\t<\/div>\n\t\t\t\t<div class=\"elementor-column elementor-col-50 elementor-top-column elementor-element elementor-element-5aa90c4c\" data-id=\"5aa90c4c\" data-element_type=\"column\">\n\t\t\t<div class=\"elementor-column-wrap elementor-element-populated\">\n\t\t\t\t\t\t\t<div class=\"elementor-widget-wrap\">\n\t\t\t\t\t\t<div class=\"elementor-element elementor-element-7ded89f2 elementor-widget elementor-widget-heading\" data-id=\"7ded89f2\" data-element_type=\"widget\" data-widget_type=\"heading.default\">\n\t\t\t\t<div class=\"elementor-widget-container\">\n\t\t\t<h2 class=\"elementor-heading-title elementor-size-default\">Southwest Pipe Trades Association and United Association affiliated members provide highly-skilled labor in the energy sector<\/h2>\t\t<\/div>\n\t\t\t\t<\/div>\n\t\t\t\t<div class=\"elementor-element elementor-element-739f9b02 elementor-widget elementor-widget-text-editor\" data-id=\"739f9b02\" data-element_type=\"widget\" data-widget_type=\"text-editor.default\">\n\t\t\t\t<div class=\"elementor-widget-container\">\n\t\t\t\t\t<div class=\"elementor-text-editor elementor-clearfix\"><p>The tradesmen and tradeswomen of the SWPTA are members of UA Local Unions and take pride in the fact they provide the energy sector with the highest quality labor available.<\/p><p><span style=\"font-size: 18px;\">Energy development is one of the most vital economic components of the southwest. For generations, our members have built and maintained the pipelines that have made the southwest an energy powerhouse. Now, with large solar and wind projects on the horizon, the current and future work outlook for skilled UA Local union members in the southwest is strong. As the U.S. slowly transitions from fossil fuels to renewable energy sources, the SWPTA affiliated unions continue to develop new training curriculums designed to prepare their members for future work in this industry.<\/span><\/p><\/div>\n\t\t\t\t<\/div>\n\t\t\t\t<\/div>\n\t\t\t\t<div class=\"elementor-element elementor-element-41714555 elementor-widget elementor-widget-heading\" data-id=\"41714555\" data-element_type=\"widget\" data-widget_type=\"heading.default\">\n\t\t\t\t<div class=\"elementor-widget-container\">\n\t\t\t<h2 class=\"elementor-heading-title elementor-size-default\">United Association training enhances the quality of work in the energy sector<\/h2>\t\t<\/div>\n\t\t\t\t<\/div>\n\t\t\t\t<div class=\"elementor-element elementor-element-4c45ed85 elementor-widget elementor-widget-text-editor\" data-id=\"4c45ed85\" data-element_type=\"widget\" data-widget_type=\"text-editor.default\">\n\t\t\t\t<div class=\"elementor-widget-container\">\n\t\t\t\t\t<div class=\"elementor-text-editor elementor-clearfix\"><p>SWPTA-affiliated and UA signatory contractors are constantly working with a wide array of facility owners and government agencies to secure permits, set labor terms and provide the requisite training needed to complete all types of work in the energy sector.<\/p><p>For decades, UA signatory contractors have provided highly skilled and highly trained employees to work on nuclear, oil, coal and natural gas facilities.<\/p><p>As UA members, these men and women are committed to performing excellent work, which means it is done safe and finished on time.<\/p><p>In order to deliver high quality work, the training centers of SWPTA affiliates not only offer mandatory apprenticeship training, but they also encourage journeymen to continue their education in order to keep up-to-date on the latest energy sector technologies, skills and tools. This commitment to excellence through high-quality training is what makes our members experts in both the non-renewable and renewable energy sectors such as solar, geothermal and hydroelectric.<\/p><p>The SWPTA is committed to investing time and resources into the energy sector in order keep the most tradesmen and tradeswomen working for the longest period of time.<\/p><\/div>\n\t\t\t\t<\/div>\n\t\t\t\t<\/div>\n\t\t\t\t\t\t<\/div>\n\t\t\t\t\t<\/div>\n\t\t<\/div>\n\t\t\t\t\t\t\t\t<\/div>\n\t\t\t\t\t<\/div>\n\t\t<\/section>\n\t\t\t\t<section class=\"elementor-section elementor-top-section elementor-element elementor-element-700fb3f2 elementor-section-boxed elementor-section-height-default elementor-section-height-default\" data-id=\"700fb3f2\" data-element_type=\"section\">\n\t\t\t\t\t\t<div class=\"elementor-container elementor-column-gap-default\">\n\t\t\t\t\t\t\t<div class=\"elementor-row\">\n\t\t\t\t\t<div class=\"elementor-column elementor-col-100 elementor-top-column elementor-element elementor-element-4d391e6a\" data-id=\"4d391e6a\" data-element_type=\"column\">\n\t\t\t<div class=\"elementor-column-wrap\">\n\t\t\t\t\t\t\t<div class=\"elementor-widget-wrap\">\n\t\t\t\t\t\t\t\t<\/div>\n\t\t\t\t\t<\/div>\n\t\t<\/div>\n\t\t\t\t\t\t\t\t<\/div>\n\t\t\t\t\t<\/div>\n\t\t<\/section>\n\t\t\t\t\t\t<\/div>\n\t\t\t\t\t\t<\/div>\n\t\t\t\t\t<\/div>\n\t\t","protected":false},"excerpt":{"rendered":"<p>MERCADOS atendidos por la SWPTA Sector Energ\u00e9tico. La Asociaci\u00f3n de Sindicatos de Tuber\u00edas del Suroeste y los miembros afiliados de la Asociaci\u00f3n Unida proporcionan mano de obra altamente calificada en el sector energ\u00e9tico. Los trabajadores y trabajadoras de la SWPTA son miembros de los sindicatos locales de la UA y se enorgullecen de brindar al sector energ\u00e9tico la mano de obra de mayor calidad disponible. Desarrollo energ\u00e9tico\u2026<\/p>\n<p class=\"read-more\"> <a class=\"\" href=\"https:\/\/southwestpipetrades.com\/es\/markets\/energy-sector\"> <span class=\"screen-reader-text\">Sector energ\u00e9tico<\/span> Leer m\u00e1s &quot;<\/a><\/p>","protected":false},"author":37,"featured_media":3445,"parent":17,"menu_order":1,"comment_status":"closed","ping_status":"closed","template":"elementor_header_footer","meta":{"_acf_changed":false,"inline_featured_image":false,"site-sidebar-layout":"default","site-content-layout":"default","ast-global-header-display":"","ast-main-header-display":"","ast-hfb-above-header-display":"","ast-hfb-below-header-display":"","ast-hfb-mobile-header-display":"","site-post-title":"","ast-breadcrumbs-content":"","ast-featured-img":"","footer-sml-layout":"","theme-transparent-header-meta":"default","adv-header-id-meta":"","stick-header-meta":"default","header-above-stick-meta":"","header-main-stick-meta":"","header-below-stick-meta":"","footnotes":""},"class_list":["post-145","page","type-page","status-publish","has-post-thumbnail","hentry"],"acf":[],"yoast_head":"<!-- This site is optimized with the Yoast SEO plugin v21.4 - https:\/\/yoast.com\/wordpress\/plugins\/seo\/ -->\n<title>Southwest Pipe Trades Association - UA Markets - Energy Sector<\/title>\n<meta name=\"description\" content=\"The energy sector is vital to the southwest U.S. SWPTA affiliated unions are working to train their members in renewable energy sources.\" \/>\n<meta name=\"robots\" content=\"index, follow, max-snippet:-1, max-image-preview:large, max-video-preview:-1\" \/>\n<link rel=\"canonical\" href=\"https:\/\/southwestpipetrades.com\/es\/markets\/energy-sector\/\" \/>\n<meta property=\"og:locale\" content=\"es_MX\" \/>\n<meta property=\"og:type\" content=\"article\" \/>\n<meta property=\"og:title\" content=\"Southwest Pipe Trades Association - UA Markets - Energy Sector\" \/>\n<meta property=\"og:description\" content=\"The energy sector is vital to the southwest U.S. SWPTA affiliated unions are working to train their members in renewable energy sources.\" \/>\n<meta property=\"og:url\" content=\"https:\/\/southwestpipetrades.com\/es\/markets\/energy-sector\/\" \/>\n<meta property=\"og:site_name\" content=\"Southwest Pipe Trades Association\" \/>\n<meta property=\"article:modified_time\" content=\"2022-10-21T14:12:44+00:00\" \/>\n<meta property=\"og:image\" content=\"https:\/\/southwestpipetrades.com\/wp-content\/uploads\/2022\/10\/SWPTA-featured-images24.png\" \/>\n\t<meta property=\"og:image:width\" content=\"1200\" \/>\n\t<meta property=\"og:image:height\" content=\"675\" \/>\n\t<meta property=\"og:image:type\" content=\"image\/png\" \/>\n<meta name=\"twitter:card\" content=\"summary_large_image\" \/>\n<meta name=\"twitter:label1\" content=\"Tiempo de lectura\" \/>\n\t<meta name=\"twitter:data1\" content=\"2 minutos\" \/>\n<script type=\"application\/ld+json\" class=\"yoast-schema-graph\">{\"@context\":\"https:\/\/schema.org\",\"@graph\":[{\"@type\":\"WebPage\",\"@id\":\"https:\/\/southwestpipetrades.com\/markets\/energy-sector\",\"url\":\"https:\/\/southwestpipetrades.com\/markets\/energy-sector\",\"name\":\"Southwest Pipe Trades Association - UA Markets - Energy Sector\",\"isPartOf\":{\"@id\":\"https:\/\/southwestpipetrades.com\/#website\"},\"datePublished\":\"2017-02-12T16:08:26+00:00\",\"dateModified\":\"2022-10-21T14:12:44+00:00\",\"description\":\"The energy sector is vital to the southwest U.S. SWPTA affiliated unions are working to train their members in renewable energy sources.\",\"breadcrumb\":{\"@id\":\"https:\/\/southwestpipetrades.com\/markets\/energy-sector#breadcrumb\"},\"inLanguage\":\"es-MX\",\"potentialAction\":[{\"@type\":\"ReadAction\",\"target\":[\"https:\/\/southwestpipetrades.com\/markets\/energy-sector\"]}]},{\"@type\":\"BreadcrumbList\",\"@id\":\"https:\/\/southwestpipetrades.com\/markets\/energy-sector#breadcrumb\",\"itemListElement\":[{\"@type\":\"ListItem\",\"position\":1,\"name\":\"Home\",\"item\":\"https:\/\/southwestpipetrades.com\/\"},{\"@type\":\"ListItem\",\"position\":2,\"name\":\"Markets\",\"item\":\"https:\/\/southwestpipetrades.com\/markets\"},{\"@type\":\"ListItem\",\"position\":3,\"name\":\"Energy Sector\"}]},{\"@type\":\"WebSite\",\"@id\":\"https:\/\/southwestpipetrades.com\/#website\",\"url\":\"https:\/\/southwestpipetrades.com\/\",\"name\":\"Southwest Pipe Trades Association\",\"description\":\"Plumbers, Pipefitters, HVACR Techs in Texas, Oklahoma, New Mexico\",\"publisher\":{\"@id\":\"https:\/\/southwestpipetrades.com\/#organization\"},\"potentialAction\":[{\"@type\":\"SearchAction\",\"target\":{\"@type\":\"EntryPoint\",\"urlTemplate\":\"https:\/\/southwestpipetrades.com\/?s={search_term_string}\"},\"query-input\":\"required name=search_term_string\"}],\"inLanguage\":\"es-MX\"},{\"@type\":\"Organization\",\"@id\":\"https:\/\/southwestpipetrades.com\/#organization\",\"name\":\"Southwest Pipe Trades Assoication\",\"url\":\"https:\/\/southwestpipetrades.com\/\",\"logo\":{\"@type\":\"ImageObject\",\"inLanguage\":\"es-MX\",\"@id\":\"https:\/\/southwestpipetrades.com\/#\/schema\/logo\/image\/\",\"url\":\"https:\/\/southwestpipetrades.com\/wp-content\/uploads\/2020\/09\/SWPTA-2021-Logo-Color-Full-Horizontal-800px.png\",\"contentUrl\":\"https:\/\/southwestpipetrades.com\/wp-content\/uploads\/2020\/09\/SWPTA-2021-Logo-Color-Full-Horizontal-800px.png\",\"width\":800,\"height\":341,\"caption\":\"Southwest Pipe Trades Assoication\"},\"image\":{\"@id\":\"https:\/\/southwestpipetrades.com\/#\/schema\/logo\/image\/\"}}]}<\/script>\n<!-- \/ Yoast SEO plugin. -->","yoast_head_json":{"title":"Southwest Pipe Trades Association - UA Markets - Energy Sector","description":"The energy sector is vital to the southwest U.S. SWPTA affiliated unions are working to train their members in renewable energy sources.","robots":{"index":"index","follow":"follow","max-snippet":"max-snippet:-1","max-image-preview":"max-image-preview:large","max-video-preview":"max-video-preview:-1"},"canonical":"https:\/\/southwestpipetrades.com\/es\/markets\/energy-sector\/","og_locale":"es_MX","og_type":"article","og_title":"Southwest Pipe Trades Association - UA Markets - Energy Sector","og_description":"The energy sector is vital to the southwest U.S. SWPTA affiliated unions are working to train their members in renewable energy sources.","og_url":"https:\/\/southwestpipetrades.com\/es\/markets\/energy-sector\/","og_site_name":"Southwest Pipe Trades Association","article_modified_time":"2022-10-21T14:12:44+00:00","og_image":[{"width":1200,"height":675,"url":"https:\/\/southwestpipetrades.com\/wp-content\/uploads\/2022\/10\/SWPTA-featured-images24.png","type":"image\/png"}],"twitter_card":"summary_large_image","twitter_misc":{"Tiempo de lectura":"2 minutos"},"schema":{"@context":"https:\/\/schema.org","@graph":[{"@type":"WebPage","@id":"https:\/\/southwestpipetrades.com\/markets\/energy-sector","url":"https:\/\/southwestpipetrades.com\/markets\/energy-sector","name":"Southwest Pipe Trades Association - UA Markets - Energy Sector","isPartOf":{"@id":"https:\/\/southwestpipetrades.com\/#website"},"datePublished":"2017-02-12T16:08:26+00:00","dateModified":"2022-10-21T14:12:44+00:00","description":"The energy sector is vital to the southwest U.S. SWPTA affiliated unions are working to train their members in renewable energy sources.","breadcrumb":{"@id":"https:\/\/southwestpipetrades.com\/markets\/energy-sector#breadcrumb"},"inLanguage":"es-MX","potentialAction":[{"@type":"ReadAction","target":["https:\/\/southwestpipetrades.com\/markets\/energy-sector"]}]},{"@type":"BreadcrumbList","@id":"https:\/\/southwestpipetrades.com\/markets\/energy-sector#breadcrumb","itemListElement":[{"@type":"ListItem","position":1,"name":"Home","item":"https:\/\/southwestpipetrades.com\/"},{"@type":"ListItem","position":2,"name":"Markets","item":"https:\/\/southwestpipetrades.com\/markets"},{"@type":"ListItem","position":3,"name":"Energy Sector"}]},{"@type":"WebSite","@id":"https:\/\/southwestpipetrades.com\/#website","url":"https:\/\/southwestpipetrades.com\/","name":"Asociaci\u00f3n de Comercio de Tuber\u00edas del Suroeste","description":"Fontaneros, instaladores de tuber\u00edas, t\u00e9cnicos de climatizaci\u00f3n en Texas, Oklahoma y Nuevo M\u00e9xico","publisher":{"@id":"https:\/\/southwestpipetrades.com\/#organization"},"potentialAction":[{"@type":"SearchAction","target":{"@type":"EntryPoint","urlTemplate":"https:\/\/southwestpipetrades.com\/?s={search_term_string}"},"query-input":"required name=search_term_string"}],"inLanguage":"es-MX"},{"@type":"Organization","@id":"https:\/\/southwestpipetrades.com\/#organization","name":"Asociaci\u00f3n de Oficios de Tuber\u00edas del Suroeste","url":"https:\/\/southwestpipetrades.com\/","logo":{"@type":"ImageObject","inLanguage":"es-MX","@id":"https:\/\/southwestpipetrades.com\/#\/schema\/logo\/image\/","url":"https:\/\/southwestpipetrades.com\/wp-content\/uploads\/2020\/09\/SWPTA-2021-Logo-Color-Full-Horizontal-800px.png","contentUrl":"https:\/\/southwestpipetrades.com\/wp-content\/uploads\/2020\/09\/SWPTA-2021-Logo-Color-Full-Horizontal-800px.png","width":800,"height":341,"caption":"Southwest Pipe Trades Assoication"},"image":{"@id":"https:\/\/southwestpipetrades.com\/#\/schema\/logo\/image\/"}}]}},"_links":{"self":[{"href":"https:\/\/southwestpipetrades.com\/es\/wp-json\/wp\/v2\/pages\/145","targetHints":{"allow":["GET"]}}],"collection":[{"href":"https:\/\/southwestpipetrades.com\/es\/wp-json\/wp\/v2\/pages"}],"about":[{"href":"https:\/\/southwestpipetrades.com\/es\/wp-json\/wp\/v2\/types\/page"}],"author":[{"embeddable":true,"href":"https:\/\/southwestpipetrades.com\/es\/wp-json\/wp\/v2\/users\/37"}],"replies":[{"embeddable":true,"href":"https:\/\/southwestpipetrades.com\/es\/wp-json\/wp\/v2\/comments?post=145"}],"version-history":[{"count":0,"href":"https:\/\/southwestpipetrades.com\/es\/wp-json\/wp\/v2\/pages\/145\/revisions"}],"up":[{"embeddable":true,"href":"https:\/\/southwestpipetrades.com\/es\/wp-json\/wp\/v2\/pages\/17"}],"wp:featuredmedia":[{"embeddable":true,"href":"https:\/\/southwestpipetrades.com\/es\/wp-json\/wp\/v2\/media\/3445"}],"wp:attachment":[{"href":"https:\/\/southwestpipetrades.com\/es\/wp-json\/wp\/v2\/media?parent=145"}],"curies":[{"name":"wp","href":"https:\/\/api.w.org\/{rel}","templated":true}]}}