{"id":1495,"date":"2021-02-15T20:22:27","date_gmt":"2021-02-15T20:22:27","guid":{"rendered":"https:\/\/southwestpipetrades.com\/?page_id=1495"},"modified":"2022-10-21T13:50:18","modified_gmt":"2022-10-21T13:50:18","slug":"hvac-r-technician-career","status":"publish","type":"page","link":"https:\/\/southwestpipetrades.com\/es\/careers\/hvac-r-technician-career","title":{"rendered":"Carrera de T\u00e9cnico en HVAC-R"},"content":{"rendered":"<div data-elementor-type=\"wp-page\" data-elementor-id=\"1495\" class=\"elementor elementor-1495\" data-elementor-settings=\"[]\">\n\t\t\t\t\t\t<div class=\"elementor-inner\">\n\t\t\t\t\t\t\t<div class=\"elementor-section-wrap\">\n\t\t\t\t\t\t\t<section class=\"elementor-section elementor-top-section elementor-element elementor-element-26847f01 elementor-section-boxed elementor-section-height-default elementor-section-height-default\" data-id=\"26847f01\" data-element_type=\"section\">\n\t\t\t\t\t\t<div class=\"elementor-container elementor-column-gap-default\">\n\t\t\t\t\t\t\t<div class=\"elementor-row\">\n\t\t\t\t\t<div class=\"elementor-column elementor-col-50 elementor-top-column elementor-element elementor-element-4a10a645\" data-id=\"4a10a645\" data-element_type=\"column\">\n\t\t\t<div class=\"elementor-column-wrap elementor-element-populated\">\n\t\t\t\t\t\t\t<div class=\"elementor-widget-wrap\">\n\t\t\t\t\t\t<div class=\"elementor-element elementor-element-ec312d9 elementor-widget elementor-widget-heading\" data-id=\"ec312d9\" data-element_type=\"widget\" data-widget_type=\"heading.default\">\n\t\t\t\t<div class=\"elementor-widget-container\">\n\t\t\t<h4 class=\"elementor-heading-title elementor-size-default\">CARRERAS DE T\u00c9CNICO DE SERVICIO DE HVAC-R<\/h4>\t\t<\/div>\n\t\t\t\t<\/div>\n\t\t\t\t<div class=\"elementor-element elementor-element-5a5c732f elementor-widget elementor-widget-heading\" data-id=\"5a5c732f\" data-element_type=\"widget\" data-widget_type=\"heading.default\">\n\t\t\t\t<div class=\"elementor-widget-container\">\n\t\t\t<h1 class=\"elementor-heading-title elementor-size-default\">Convi\u00e9rtase en t\u00e9cnico de servicio de HVAC-R de Union<\/h1>\t\t<\/div>\n\t\t\t\t<\/div>\n\t\t\t\t<div class=\"elementor-element elementor-element-9f677f6 elementor-widget elementor-widget-spacer\" data-id=\"9f677f6\" data-element_type=\"widget\" data-widget_type=\"spacer.default\">\n\t\t\t\t<div class=\"elementor-widget-container\">\n\t\t\t\t\t<div class=\"elementor-spacer\">\n\t\t\t<div class=\"elementor-spacer-inner\"><\/div>\n\t\t<\/div>\n\t\t\t\t<\/div>\n\t\t\t\t<\/div>\n\t\t\t\t<div class=\"elementor-element elementor-element-c5246d0 elementor-widget elementor-widget-image\" data-id=\"c5246d0\" data-element_type=\"widget\" data-widget_type=\"image.default\">\n\t\t\t\t<div class=\"elementor-widget-container\">\n\t\t\t\t\t<div class=\"elementor-image\">\n\t\t\t\t\t\t\t\t\t\t<img loading=\"lazy\" decoding=\"async\" width=\"1024\" height=\"1024\" src=\"https:\/\/southwestpipetrades.com\/wp-content\/uploads\/2020\/10\/hvac-tech-career-1024x1024.jpg\" class=\"attachment-large size-large\" alt=\"HVAC Union Tech inspects an air conditioner as part of his career\" srcset=\"https:\/\/southwestpipetrades.com\/wp-content\/uploads\/2020\/10\/hvac-tech-career.jpg 1024w, https:\/\/southwestpipetrades.com\/wp-content\/uploads\/2020\/10\/hvac-tech-career-300x300.jpg 300w, https:\/\/southwestpipetrades.com\/wp-content\/uploads\/2020\/10\/hvac-tech-career-150x150.jpg 150w, https:\/\/southwestpipetrades.com\/wp-content\/uploads\/2020\/10\/hvac-tech-career-768x768.jpg 768w, https:\/\/southwestpipetrades.com\/wp-content\/uploads\/2020\/10\/hvac-tech-career-684x684.jpg 684w\" sizes=\"auto, (max-width: 1024px) 100vw, 1024px\" \/>\t\t\t\t\t\t\t\t\t\t\t<\/div>\n\t\t\t\t<\/div>\n\t\t\t\t<\/div>\n\t\t\t\t<div class=\"elementor-element elementor-element-b023e73 elementor-widget elementor-widget-spacer\" data-id=\"b023e73\" data-element_type=\"widget\" data-widget_type=\"spacer.default\">\n\t\t\t\t<div class=\"elementor-widget-container\">\n\t\t\t\t\t<div class=\"elementor-spacer\">\n\t\t\t<div class=\"elementor-spacer-inner\"><\/div>\n\t\t<\/div>\n\t\t\t\t<\/div>\n\t\t\t\t<\/div>\n\t\t\t\t<div class=\"elementor-element elementor-element-7d657a2 elementor-widget elementor-widget-text-editor\" data-id=\"7d657a2\" data-element_type=\"widget\" data-widget_type=\"text-editor.default\">\n\t\t\t\t<div class=\"elementor-widget-container\">\n\t\t\t\t\t<div class=\"elementor-text-editor elementor-clearfix\"><h2>Los t\u00e9cnicos de HVAC-R de Union mantienen a las personas c\u00f3modas durante todo el a\u00f1o\u00a0<\/h2><p>Los t\u00e9cnicos de HVAC-R son vitales para la regi\u00f3n suroeste. Estos trabajadores son responsables de regular los ambientes interiores mediante la instalaci\u00f3n, reparaci\u00f3n y mantenimiento de los sistemas de calefacci\u00f3n, ventilaci\u00f3n, aire acondicionado y refrigeraci\u00f3n.<\/p><p><span style=\"font-size: 18px;\">Los t\u00e9cnicos de HVAC-R trabajan en todos los entornos:<\/span><\/p><ul><li><span style=\"font-size: 18px;\">Dentro <\/span><\/li><li><span style=\"font-size: 18px;\">Al aire libre<\/span><\/li><li><span style=\"font-size: 18px;\">Residencial<\/span><\/li><li><span style=\"font-size: 18px;\">Comercial<\/span><\/li><li>M\u00e9dico<\/li><li>Educativo<\/li><li><span style=\"font-size: 18px;\">Industrial\u00a0<\/span><\/li><li>Y m\u00e1s<\/li><\/ul><p><span style=\"font-size: 18px;\">Adem\u00e1s de garantizar que los ambientes interiores est\u00e9n regulados adecuadamente, los t\u00e9cnicos de HVAC-R tambi\u00e9n hacen que la regi\u00f3n sea m\u00e1s eficiente energ\u00e9ticamente al reemplazar los sistemas viejos e ineficientes por sistemas nuevos. Tambi\u00e9n realizan el mantenimiento de los sistemas para garantizar que sigan siendo eficientes, econ\u00f3micos y productivos.<\/span><\/p><\/div>\n\t\t\t\t<\/div>\n\t\t\t\t<\/div>\n\t\t\t\t<div class=\"elementor-element elementor-element-5392ed6 elementor-widget elementor-widget-spacer\" data-id=\"5392ed6\" data-element_type=\"widget\" data-widget_type=\"spacer.default\">\n\t\t\t\t<div class=\"elementor-widget-container\">\n\t\t\t\t\t<div class=\"elementor-spacer\">\n\t\t\t<div class=\"elementor-spacer-inner\"><\/div>\n\t\t<\/div>\n\t\t\t\t<\/div>\n\t\t\t\t<\/div>\n\t\t\t\t\t\t<\/div>\n\t\t\t\t\t<\/div>\n\t\t<\/div>\n\t\t\t\t<div class=\"elementor-column elementor-col-50 elementor-top-column elementor-element elementor-element-187c5a51\" data-id=\"187c5a51\" data-element_type=\"column\">\n\t\t\t<div class=\"elementor-column-wrap elementor-element-populated\">\n\t\t\t\t\t\t\t<div class=\"elementor-widget-wrap\">\n\t\t\t\t\t\t<div class=\"elementor-element elementor-element-635e4afc elementor-widget elementor-widget-text-editor\" data-id=\"635e4afc\" data-element_type=\"widget\" data-widget_type=\"text-editor.default\">\n\t\t\t\t<div class=\"elementor-widget-container\">\n\t\t\t\t\t<div class=\"elementor-text-editor elementor-clearfix\"><h2>Capacitaci\u00f3n sobre HVAC-R de la Asociaci\u00f3n Unida<\/h2><p>Los t\u00e9cnicos de HVAC-R tienen una gran demanda en todo Estados Unidos y especialmente en la regi\u00f3n suroeste.<\/p><p><span style=\"font-size: 18px;\">Los hombres y mujeres que deseen convertirse en t\u00e9cnicos de HVAC-R deben realizar un programa de aprendizaje de cinco a\u00f1os registrado por la United Association (UA). Los aspirantes a t\u00e9cnicos de HVAC-R que ya tengan experiencia en la industria pueden completar el programa de capacitaci\u00f3n en menos tiempo, seg\u00fan sus habilidades y su nivel de educaci\u00f3n y experiencia en la industria.<\/span><\/p><p><span style=\"font-size: 18px;\">Como aprendices, los nuevos t\u00e9cnicos de HVAC-R tienen la oportunidad de ganar dinero mientras aprenden. Esto significa que ganan un salario digno y reciben grandes beneficios mientras reciben su educaci\u00f3n tanto en el trabajo como en el aula.<\/span><\/p><p><span style=\"font-size: 18px;\">La mayor parte de la formaci\u00f3n de un aprendiz se lleva a cabo en el trabajo, donde aprende las realidades cotidianas del trabajo de la mano de t\u00e9cnicos altamente calificados y experimentados. Luego, aprovechan esta experiencia laboral y la combinan con la instrucci\u00f3n en el aula que reciben en su centro de capacitaci\u00f3n de UA para convertirse en t\u00e9cnicos de HVAC-R completos. Es importante se\u00f1alar que todas las clases del centro de capacitaci\u00f3n de UA son impartidas por instructores acreditados, lo que garantiza que cada aprendiz se convierta eventualmente en un t\u00e9cnico de HVAC-R altamente calificado, capacitado y certificado.<\/span><\/p><p><span style=\"font-size: 18px;\">Despu\u00e9s de completar su programa de aprendizaje y convertirse en oficiales, se recomienda encarecidamente a los t\u00e9cnicos de HVAC-R que contin\u00faen su educaci\u00f3n tomando regularmente clases de actualizaci\u00f3n para mantener o ampliar sus certificaciones y asegurarse de estar actualizados con los \u00faltimos avances tecnol\u00f3gicos de la industria.<\/span><\/p><\/div>\n\t\t\t\t<\/div>\n\t\t\t\t<\/div>\n\t\t\t\t\t\t<\/div>\n\t\t\t\t\t<\/div>\n\t\t<\/div>\n\t\t\t\t\t\t\t\t<\/div>\n\t\t\t\t\t<\/div>\n\t\t<\/section>\n\t\t\t\t<section class=\"elementor-section elementor-top-section elementor-element elementor-element-d176f69 elementor-section-boxed elementor-section-height-default elementor-section-height-default\" data-id=\"d176f69\" data-element_type=\"section\">\n\t\t\t\t\t\t<div class=\"elementor-container elementor-column-gap-default\">\n\t\t\t\t\t\t\t<div class=\"elementor-row\">\n\t\t\t\t\t<div class=\"elementor-column elementor-col-100 elementor-top-column elementor-element elementor-element-76836c3\" data-id=\"76836c3\" data-element_type=\"column\">\n\t\t\t<div class=\"elementor-column-wrap elementor-element-populated\">\n\t\t\t\t\t\t\t<div class=\"elementor-widget-wrap\">\n\t\t\t\t\t\t<div class=\"elementor-element elementor-element-1f00fa9 elementor-widget elementor-widget-spacer\" data-id=\"1f00fa9\" data-element_type=\"widget\" data-widget_type=\"spacer.default\">\n\t\t\t\t<div class=\"elementor-widget-container\">\n\t\t\t\t\t<div class=\"elementor-spacer\">\n\t\t\t<div class=\"elementor-spacer-inner\"><\/div>\n\t\t<\/div>\n\t\t\t\t<\/div>\n\t\t\t\t<\/div>\n\t\t\t\t\t\t<\/div>\n\t\t\t\t\t<\/div>\n\t\t<\/div>\n\t\t\t\t\t\t\t\t<\/div>\n\t\t\t\t\t<\/div>\n\t\t<\/section>\n\t\t\t\t\t\t<\/div>\n\t\t\t\t\t\t<\/div>\n\t\t\t\t\t<\/div>","protected":false},"excerpt":{"rendered":"<p>CARRERAS DE T\u00c9CNICO DE SERVICIO DE HVAC-R. Convi\u00e9rtase en T\u00e9cnico de Servicio de HVAC-R del Sindicato. Los T\u00e9cnicos de HVAC-R del Sindicato mantienen a las personas c\u00f3modas todo el a\u00f1o. Los t\u00e9cnicos de HVAC-R son vitales para la regi\u00f3n suroeste. Estos profesionales son responsables de regular los ambientes interiores mediante la instalaci\u00f3n, reparaci\u00f3n y mantenimiento de sistemas de calefacci\u00f3n, ventilaci\u00f3n, aire acondicionado y refrigeraci\u00f3n. Los t\u00e9cnicos de HVAC-R trabajan en todos los entornos: \u2026<\/p>\n<p class=\"read-more\"> <a class=\"\" href=\"https:\/\/southwestpipetrades.com\/es\/careers\/hvac-r-technician-career\"> <span class=\"screen-reader-text\">Carrera de T\u00e9cnico en HVAC-R<\/span> Leer m\u00e1s &quot;<\/a><\/p>","protected":false},"author":37,"featured_media":3454,"parent":1269,"menu_order":0,"comment_status":"closed","ping_status":"closed","template":"elementor_header_footer","meta":{"_acf_changed":false,"inline_featured_image":false,"site-sidebar-layout":"no-sidebar","site-content-layout":"page-builder","ast-global-header-display":"","ast-main-header-display":"","ast-hfb-above-header-display":"","ast-hfb-below-header-display":"","ast-hfb-mobile-header-display":"","site-post-title":"disabled","ast-breadcrumbs-content":"","ast-featured-img":"disabled","footer-sml-layout":"","theme-transparent-header-meta":"default","adv-header-id-meta":"","stick-header-meta":"default","header-above-stick-meta":"","header-main-stick-meta":"","header-below-stick-meta":"","footnotes":""},"class_list":["post-1495","page","type-page","status-publish","has-post-thumbnail","hentry"],"acf":[],"yoast_head":"<!-- This site is optimized with the Yoast SEO plugin v21.4 - https:\/\/yoast.com\/wordpress\/plugins\/seo\/ -->\n<title>SWPTA - Become a Union HVAC-R Service Technician<\/title>\n<meta name=\"description\" content=\"Southwest Pipe Trades Association Local Unions are offering you a successful UA career as a Union HVAC-R Service Technician.\" \/>\n<meta name=\"robots\" content=\"index, follow, max-snippet:-1, max-image-preview:large, max-video-preview:-1\" \/>\n<link rel=\"canonical\" href=\"https:\/\/southwestpipetrades.com\/es\/careers\/hvac-r-technician-career\/\" \/>\n<meta property=\"og:locale\" content=\"es_MX\" \/>\n<meta property=\"og:type\" content=\"article\" \/>\n<meta property=\"og:title\" content=\"SWPTA - Become a Union HVAC-R Service Technician\" \/>\n<meta property=\"og:description\" content=\"Southwest Pipe Trades Association Local Unions are offering you a successful UA career as a Union HVAC-R Service Technician.\" \/>\n<meta property=\"og:url\" content=\"https:\/\/southwestpipetrades.com\/es\/careers\/hvac-r-technician-career\/\" \/>\n<meta property=\"og:site_name\" content=\"Southwest Pipe Trades Association\" \/>\n<meta property=\"article:modified_time\" content=\"2022-10-21T13:50:18+00:00\" \/>\n<meta property=\"og:image\" content=\"https:\/\/southwestpipetrades.com\/wp-content\/uploads\/2022\/10\/SWPTA-featured-images33.png\" \/>\n\t<meta property=\"og:image:width\" content=\"1200\" \/>\n\t<meta property=\"og:image:height\" content=\"675\" \/>\n\t<meta property=\"og:image:type\" content=\"image\/png\" \/>\n<meta name=\"twitter:card\" content=\"summary_large_image\" \/>\n<meta name=\"twitter:label1\" content=\"Tiempo de lectura\" \/>\n\t<meta name=\"twitter:data1\" content=\"2 minutos\" \/>\n<script type=\"application\/ld+json\" class=\"yoast-schema-graph\">{\"@context\":\"https:\/\/schema.org\",\"@graph\":[{\"@type\":\"WebPage\",\"@id\":\"https:\/\/southwestpipetrades.com\/careers\/hvac-r-technician-career\",\"url\":\"https:\/\/southwestpipetrades.com\/careers\/hvac-r-technician-career\",\"name\":\"SWPTA - Become a Union HVAC-R Service Technician\",\"isPartOf\":{\"@id\":\"https:\/\/southwestpipetrades.com\/#website\"},\"datePublished\":\"2021-02-15T20:22:27+00:00\",\"dateModified\":\"2022-10-21T13:50:18+00:00\",\"description\":\"Southwest Pipe Trades Association Local Unions are offering you a successful UA career as a Union HVAC-R Service Technician.\",\"breadcrumb\":{\"@id\":\"https:\/\/southwestpipetrades.com\/careers\/hvac-r-technician-career#breadcrumb\"},\"inLanguage\":\"es-MX\",\"potentialAction\":[{\"@type\":\"ReadAction\",\"target\":[\"https:\/\/southwestpipetrades.com\/careers\/hvac-r-technician-career\"]}]},{\"@type\":\"BreadcrumbList\",\"@id\":\"https:\/\/southwestpipetrades.com\/careers\/hvac-r-technician-career#breadcrumb\",\"itemListElement\":[{\"@type\":\"ListItem\",\"position\":1,\"name\":\"Home\",\"item\":\"https:\/\/southwestpipetrades.com\/\"},{\"@type\":\"ListItem\",\"position\":2,\"name\":\"Careers\",\"item\":\"https:\/\/southwestpipetrades.com\/careers\"},{\"@type\":\"ListItem\",\"position\":3,\"name\":\"HVAC-R Technicians Career\"}]},{\"@type\":\"WebSite\",\"@id\":\"https:\/\/southwestpipetrades.com\/#website\",\"url\":\"https:\/\/southwestpipetrades.com\/\",\"name\":\"Southwest Pipe Trades Association\",\"description\":\"Plumbers, Pipefitters, HVACR Techs in Texas, Oklahoma, New Mexico\",\"publisher\":{\"@id\":\"https:\/\/southwestpipetrades.com\/#organization\"},\"potentialAction\":[{\"@type\":\"SearchAction\",\"target\":{\"@type\":\"EntryPoint\",\"urlTemplate\":\"https:\/\/southwestpipetrades.com\/?s={search_term_string}\"},\"query-input\":\"required name=search_term_string\"}],\"inLanguage\":\"es-MX\"},{\"@type\":\"Organization\",\"@id\":\"https:\/\/southwestpipetrades.com\/#organization\",\"name\":\"Southwest Pipe Trades Assoication\",\"url\":\"https:\/\/southwestpipetrades.com\/\",\"logo\":{\"@type\":\"ImageObject\",\"inLanguage\":\"es-MX\",\"@id\":\"https:\/\/southwestpipetrades.com\/#\/schema\/logo\/image\/\",\"url\":\"https:\/\/southwestpipetrades.com\/wp-content\/uploads\/2020\/09\/SWPTA-2021-Logo-Color-Full-Horizontal-800px.png\",\"contentUrl\":\"https:\/\/southwestpipetrades.com\/wp-content\/uploads\/2020\/09\/SWPTA-2021-Logo-Color-Full-Horizontal-800px.png\",\"width\":800,\"height\":341,\"caption\":\"Southwest Pipe Trades Assoication\"},\"image\":{\"@id\":\"https:\/\/southwestpipetrades.com\/#\/schema\/logo\/image\/\"}}]}<\/script>\n<!-- \/ Yoast SEO plugin. -->","yoast_head_json":{"title":"SWPTA - Become a Union HVAC-R Service Technician","description":"Southwest Pipe Trades Association Local Unions are offering you a successful UA career as a Union HVAC-R Service Technician.","robots":{"index":"index","follow":"follow","max-snippet":"max-snippet:-1","max-image-preview":"max-image-preview:large","max-video-preview":"max-video-preview:-1"},"canonical":"https:\/\/southwestpipetrades.com\/es\/careers\/hvac-r-technician-career\/","og_locale":"es_MX","og_type":"article","og_title":"SWPTA - Become a Union HVAC-R Service Technician","og_description":"Southwest Pipe Trades Association Local Unions are offering you a successful UA career as a Union HVAC-R Service Technician.","og_url":"https:\/\/southwestpipetrades.com\/es\/careers\/hvac-r-technician-career\/","og_site_name":"Southwest Pipe Trades Association","article_modified_time":"2022-10-21T13:50:18+00:00","og_image":[{"width":1200,"height":675,"url":"https:\/\/southwestpipetrades.com\/wp-content\/uploads\/2022\/10\/SWPTA-featured-images33.png","type":"image\/png"}],"twitter_card":"summary_large_image","twitter_misc":{"Tiempo de lectura":"2 minutos"},"schema":{"@context":"https:\/\/schema.org","@graph":[{"@type":"WebPage","@id":"https:\/\/southwestpipetrades.com\/careers\/hvac-r-technician-career","url":"https:\/\/southwestpipetrades.com\/careers\/hvac-r-technician-career","name":"SWPTA - Become a Union HVAC-R Service Technician","isPartOf":{"@id":"https:\/\/southwestpipetrades.com\/#website"},"datePublished":"2021-02-15T20:22:27+00:00","dateModified":"2022-10-21T13:50:18+00:00","description":"Southwest Pipe Trades Association Local Unions are offering you a successful UA career as a Union HVAC-R Service Technician.","breadcrumb":{"@id":"https:\/\/southwestpipetrades.com\/careers\/hvac-r-technician-career#breadcrumb"},"inLanguage":"es-MX","potentialAction":[{"@type":"ReadAction","target":["https:\/\/southwestpipetrades.com\/careers\/hvac-r-technician-career"]}]},{"@type":"BreadcrumbList","@id":"https:\/\/southwestpipetrades.com\/careers\/hvac-r-technician-career#breadcrumb","itemListElement":[{"@type":"ListItem","position":1,"name":"Home","item":"https:\/\/southwestpipetrades.com\/"},{"@type":"ListItem","position":2,"name":"Careers","item":"https:\/\/southwestpipetrades.com\/careers"},{"@type":"ListItem","position":3,"name":"HVAC-R Technicians Career"}]},{"@type":"WebSite","@id":"https:\/\/southwestpipetrades.com\/#website","url":"https:\/\/southwestpipetrades.com\/","name":"Asociaci\u00f3n de Comercio de Tuber\u00edas del Suroeste","description":"Fontaneros, instaladores de tuber\u00edas, t\u00e9cnicos de climatizaci\u00f3n en Texas, Oklahoma y Nuevo M\u00e9xico","publisher":{"@id":"https:\/\/southwestpipetrades.com\/#organization"},"potentialAction":[{"@type":"SearchAction","target":{"@type":"EntryPoint","urlTemplate":"https:\/\/southwestpipetrades.com\/?s={search_term_string}"},"query-input":"required name=search_term_string"}],"inLanguage":"es-MX"},{"@type":"Organization","@id":"https:\/\/southwestpipetrades.com\/#organization","name":"Asociaci\u00f3n de Oficios de Tuber\u00edas del Suroeste","url":"https:\/\/southwestpipetrades.com\/","logo":{"@type":"ImageObject","inLanguage":"es-MX","@id":"https:\/\/southwestpipetrades.com\/#\/schema\/logo\/image\/","url":"https:\/\/southwestpipetrades.com\/wp-content\/uploads\/2020\/09\/SWPTA-2021-Logo-Color-Full-Horizontal-800px.png","contentUrl":"https:\/\/southwestpipetrades.com\/wp-content\/uploads\/2020\/09\/SWPTA-2021-Logo-Color-Full-Horizontal-800px.png","width":800,"height":341,"caption":"Southwest Pipe Trades Assoication"},"image":{"@id":"https:\/\/southwestpipetrades.com\/#\/schema\/logo\/image\/"}}]}},"_links":{"self":[{"href":"https:\/\/southwestpipetrades.com\/es\/wp-json\/wp\/v2\/pages\/1495","targetHints":{"allow":["GET"]}}],"collection":[{"href":"https:\/\/southwestpipetrades.com\/es\/wp-json\/wp\/v2\/pages"}],"about":[{"href":"https:\/\/southwestpipetrades.com\/es\/wp-json\/wp\/v2\/types\/page"}],"author":[{"embeddable":true,"href":"https:\/\/southwestpipetrades.com\/es\/wp-json\/wp\/v2\/users\/37"}],"replies":[{"embeddable":true,"href":"https:\/\/southwestpipetrades.com\/es\/wp-json\/wp\/v2\/comments?post=1495"}],"version-history":[{"count":0,"href":"https:\/\/southwestpipetrades.com\/es\/wp-json\/wp\/v2\/pages\/1495\/revisions"}],"up":[{"embeddable":true,"href":"https:\/\/southwestpipetrades.com\/es\/wp-json\/wp\/v2\/pages\/1269"}],"wp:featuredmedia":[{"embeddable":true,"href":"https:\/\/southwestpipetrades.com\/es\/wp-json\/wp\/v2\/media\/3454"}],"wp:attachment":[{"href":"https:\/\/southwestpipetrades.com\/es\/wp-json\/wp\/v2\/media?parent=1495"}],"curies":[{"name":"wp","href":"https:\/\/api.w.org\/{rel}","templated":true}]}}