{"id":1533,"date":"2021-02-15T22:53:34","date_gmt":"2021-02-15T22:53:34","guid":{"rendered":"https:\/\/southwestpipetrades.com\/?page_id=1533"},"modified":"2022-10-21T14:12:29","modified_gmt":"2022-10-21T14:12:29","slug":"green-technologies","status":"publish","type":"page","link":"https:\/\/southwestpipetrades.com\/es\/markets\/green-technologies","title":{"rendered":"Tecnolog\u00edas verdes"},"content":{"rendered":"\t\t<div data-elementor-type=\"wp-page\" data-elementor-id=\"1533\" class=\"elementor elementor-1533\" data-elementor-settings=\"[]\">\n\t\t\t\t\t\t<div class=\"elementor-inner\">\n\t\t\t\t\t\t\t<div class=\"elementor-section-wrap\">\n\t\t\t\t\t\t\t<section class=\"elementor-section elementor-top-section elementor-element elementor-element-26847f01 elementor-section-full_width elementor-section-height-default elementor-section-height-default\" data-id=\"26847f01\" data-element_type=\"section\">\n\t\t\t\t\t\t<div class=\"elementor-container elementor-column-gap-default\">\n\t\t\t\t\t\t\t<div class=\"elementor-row\">\n\t\t\t\t\t<div class=\"elementor-column elementor-col-50 elementor-top-column elementor-element elementor-element-4a10a645\" data-id=\"4a10a645\" data-element_type=\"column\">\n\t\t\t<div class=\"elementor-column-wrap elementor-element-populated\">\n\t\t\t\t\t\t\t<div class=\"elementor-widget-wrap\">\n\t\t\t\t\t\t<div class=\"elementor-element elementor-element-ec312d9 elementor-widget elementor-widget-heading\" data-id=\"ec312d9\" data-element_type=\"widget\" data-widget_type=\"heading.default\">\n\t\t\t\t<div class=\"elementor-widget-container\">\n\t\t\t<h4 class=\"elementor-heading-title elementor-size-default\">MARKETS served by the SWPTA<\/h4>\t\t<\/div>\n\t\t\t\t<\/div>\n\t\t\t\t<div class=\"elementor-element elementor-element-5a5c732f elementor-widget elementor-widget-heading\" data-id=\"5a5c732f\" data-element_type=\"widget\" data-widget_type=\"heading.default\">\n\t\t\t\t<div class=\"elementor-widget-container\">\n\t\t\t<h1 class=\"elementor-heading-title elementor-size-default\">Green Technologies<\/h1>\t\t<\/div>\n\t\t\t\t<\/div>\n\t\t\t\t<div class=\"elementor-element elementor-element-9f677f6 elementor-widget elementor-widget-spacer\" data-id=\"9f677f6\" data-element_type=\"widget\" data-widget_type=\"spacer.default\">\n\t\t\t\t<div class=\"elementor-widget-container\">\n\t\t\t\t\t<div class=\"elementor-spacer\">\n\t\t\t<div class=\"elementor-spacer-inner\"><\/div>\n\t\t<\/div>\n\t\t\t\t<\/div>\n\t\t\t\t<\/div>\n\t\t\t\t<div class=\"elementor-element elementor-element-3e95f8d elementor-widget elementor-widget-image\" data-id=\"3e95f8d\" data-element_type=\"widget\" data-settings=\"{&quot;motion_fx_motion_fx_scrolling&quot;:&quot;yes&quot;,&quot;motion_fx_translateY_effect&quot;:&quot;yes&quot;,&quot;motion_fx_translateY_speed&quot;:{&quot;unit&quot;:&quot;px&quot;,&quot;size&quot;:1.8,&quot;sizes&quot;:[]},&quot;motion_fx_translateY_affectedRange&quot;:{&quot;unit&quot;:&quot;%&quot;,&quot;size&quot;:&quot;&quot;,&quot;sizes&quot;:{&quot;start&quot;:0,&quot;end&quot;:100}},&quot;motion_fx_devices&quot;:[&quot;desktop&quot;,&quot;tablet&quot;,&quot;mobile&quot;]}\" data-widget_type=\"image.default\">\n\t\t\t\t<div class=\"elementor-widget-container\">\n\t\t\t\t\t<div class=\"elementor-image\">\n\t\t\t\t\t\t\t\t\t\t<img loading=\"lazy\" decoding=\"async\" width=\"600\" height=\"400\" src=\"https:\/\/southwestpipetrades.com\/wp-content\/uploads\/2020\/10\/green-building-1.jpg\" class=\"attachment-large size-large\" alt=\"Solar Panels Provide Renewable Green Energy\" srcset=\"https:\/\/southwestpipetrades.com\/wp-content\/uploads\/2020\/10\/green-building-1.jpg 600w, https:\/\/southwestpipetrades.com\/wp-content\/uploads\/2020\/10\/green-building-1-300x200.jpg 300w\" sizes=\"auto, (max-width: 600px) 100vw, 600px\" \/>\t\t\t\t\t\t\t\t\t\t\t<\/div>\n\t\t\t\t<\/div>\n\t\t\t\t<\/div>\n\t\t\t\t\t\t<\/div>\n\t\t\t\t\t<\/div>\n\t\t<\/div>\n\t\t\t\t<div class=\"elementor-column elementor-col-50 elementor-top-column elementor-element elementor-element-187c5a51\" data-id=\"187c5a51\" data-element_type=\"column\">\n\t\t\t<div class=\"elementor-column-wrap elementor-element-populated\">\n\t\t\t\t\t\t\t<div class=\"elementor-widget-wrap\">\n\t\t\t\t\t\t<div class=\"elementor-element elementor-element-b2047fd elementor-widget elementor-widget-heading\" data-id=\"b2047fd\" data-element_type=\"widget\" data-widget_type=\"heading.default\">\n\t\t\t\t<div class=\"elementor-widget-container\">\n\t\t\t<h2 class=\"elementor-heading-title elementor-size-default\">SWPTA goes Green to Sustain Growth<\/h2>\t\t<\/div>\n\t\t\t\t<\/div>\n\t\t\t\t<div class=\"elementor-element elementor-element-635e4afc elementor-widget elementor-widget-text-editor\" data-id=\"635e4afc\" data-element_type=\"widget\" data-widget_type=\"text-editor.default\">\n\t\t\t\t<div class=\"elementor-widget-container\">\n\t\t\t\t\t<div class=\"elementor-text-editor elementor-clearfix\"><p>As the U.S. looks to become more environmentally sustainable and \u201cgreen,\u201d the building and construction trades stand ready to support these new initiatives. From developing new, environmentally friendly building materials to employing sustainable building practices focused on conserving resources, the industry is well prepared to help bring in a greener future.<\/p><p>The signatory contractors of Southwest Pipe Trades Association affiliated unions are conscious of the movement toward green technologies and are developing best practices to ensure these initiatives are properly implemented and used on construction projects.<\/p><\/div>\n\t\t\t\t<\/div>\n\t\t\t\t<\/div>\n\t\t\t\t<div class=\"elementor-element elementor-element-4a9ff39 elementor-widget elementor-widget-heading\" data-id=\"4a9ff39\" data-element_type=\"widget\" data-widget_type=\"heading.default\">\n\t\t\t\t<div class=\"elementor-widget-container\">\n\t\t\t<h2 class=\"elementor-heading-title elementor-size-default\"><span style=\"font-weight:normal;\" id=\"docs-internal-guid-421372b9-7fff-5a9a-a04b-818397f9dcb8\"><span style=\"font-size: 23.5pt; font-family: Arial; background-color: transparent; font-weight: 700; font-style: normal; font-variant-numeric: normal; font-variant-east-asian: normal;\">UA registered apprenticeship programs affiliated with the SWPTA teach the latest in green technologies<\/span><\/span><\/h2>\t\t<\/div>\n\t\t\t\t<\/div>\n\t\t\t\t<div class=\"elementor-element elementor-element-5a146b6 elementor-widget elementor-widget-text-editor\" data-id=\"5a146b6\" data-element_type=\"widget\" data-widget_type=\"text-editor.default\">\n\t\t\t\t<div class=\"elementor-widget-container\">\n\t\t\t\t\t<div class=\"elementor-text-editor elementor-clearfix\"><p>The members of SWPTA affiliated UA Local Unions receive the best training in the industry, as they are required to complete the UA&#8217;s five-year registered apprenticeship program. During this period, they learn the construction techniques used to efficiently build the components and systems used to produce hydroelectric and geothermal energy. They also learn how to maintain facilities that use these green technologies, while discovering the best ways to upgrade them to ensure they are as efficient as possible.<\/p><p><span style=\"font-size: 18px;\">Water conservation is a vital aspect to life in the southwest region, as it is an area that experiences long periods of heavy drought. For this reason, SWPTA affiliated UA Local Unions and their signatory contractors have begun to emphasize the need for rainwater management and harvesting initiatives across the region. While rainwater harvesting is key to maintaining a sufficient water supply in arid regions such as the southwest, it is also beneficial to the longevity of plumbing systems, by reducing the burden imposed on them over time.<\/span><\/p><p><span style=\"font-size: 18px;\">The highly skilled tradesmen and tradeswomen from SWPTA affiliated Local Unions are trained to adapt to the industry\u2019s newest standards. These men and women undergo rigorous training to not only keep their skills up-to-date, but to ensure they understand and can expertly install and maintain the latest green technology.<\/span><\/p><\/div>\n\t\t\t\t<\/div>\n\t\t\t\t<\/div>\n\t\t\t\t\t\t<\/div>\n\t\t\t\t\t<\/div>\n\t\t<\/div>\n\t\t\t\t\t\t\t\t<\/div>\n\t\t\t\t\t<\/div>\n\t\t<\/section>\n\t\t\t\t\t\t<\/div>\n\t\t\t\t\t\t<\/div>\n\t\t\t\t\t<\/div>\n\t\t","protected":false},"excerpt":{"rendered":"<p>MERCADOS atendidos por SWPTA Green Technologies. SWPTA se vuelve ecol\u00f3gica para sostener el crecimiento. A medida que Estados Unidos busca ser m\u00e1s sostenible y ecol\u00f3gico, los sectores de la construcci\u00f3n est\u00e1n listos para apoyar estas nuevas iniciativas. Desde el desarrollo de nuevos materiales de construcci\u00f3n ecol\u00f3gicos hasta la implementaci\u00f3n de pr\u00e1cticas de construcci\u00f3n sostenibles centradas en la conservaci\u00f3n de recursos, la industria est\u00e1\u2026<\/p>\n<p class=\"read-more\"> <a class=\"\" href=\"https:\/\/southwestpipetrades.com\/es\/markets\/green-technologies\"> <span class=\"screen-reader-text\">Tecnolog\u00edas verdes<\/span> Leer m\u00e1s &quot;<\/a><\/p>","protected":false},"author":37,"featured_media":3448,"parent":17,"menu_order":0,"comment_status":"closed","ping_status":"closed","template":"elementor_header_footer","meta":{"_acf_changed":false,"inline_featured_image":false,"site-sidebar-layout":"no-sidebar","site-content-layout":"page-builder","ast-global-header-display":"","ast-main-header-display":"","ast-hfb-above-header-display":"","ast-hfb-below-header-display":"","ast-hfb-mobile-header-display":"","site-post-title":"disabled","ast-breadcrumbs-content":"","ast-featured-img":"disabled","footer-sml-layout":"","theme-transparent-header-meta":"default","adv-header-id-meta":"","stick-header-meta":"default","header-above-stick-meta":"","header-main-stick-meta":"","header-below-stick-meta":"","footnotes":""},"class_list":["post-1533","page","type-page","status-publish","has-post-thumbnail","hentry"],"acf":[],"yoast_head":"<!-- This site is optimized with the Yoast SEO plugin v21.4 - https:\/\/yoast.com\/wordpress\/plugins\/seo\/ -->\n<title>Green Technologies - Southwest Pipe Trades Association<\/title>\n<meta name=\"description\" content=\"The Southwest Pipe Trades Association pipe trades industry is moving to green technologies to improve the industry.\" \/>\n<meta name=\"robots\" content=\"index, follow, max-snippet:-1, max-image-preview:large, max-video-preview:-1\" \/>\n<link rel=\"canonical\" href=\"https:\/\/southwestpipetrades.com\/es\/markets\/green-technologies\/\" \/>\n<meta property=\"og:locale\" content=\"es_MX\" \/>\n<meta property=\"og:type\" content=\"article\" \/>\n<meta property=\"og:title\" content=\"Green Technologies - Southwest Pipe Trades Association\" \/>\n<meta property=\"og:description\" content=\"The Southwest Pipe Trades Association pipe trades industry is moving to green technologies to improve the industry.\" \/>\n<meta property=\"og:url\" content=\"https:\/\/southwestpipetrades.com\/es\/markets\/green-technologies\/\" \/>\n<meta property=\"og:site_name\" content=\"Southwest Pipe Trades Association\" \/>\n<meta property=\"article:modified_time\" content=\"2022-10-21T14:12:29+00:00\" \/>\n<meta property=\"og:image\" content=\"https:\/\/southwestpipetrades.com\/wp-content\/uploads\/2022\/10\/SWPTA-featured-images27.png\" \/>\n\t<meta property=\"og:image:width\" content=\"1200\" \/>\n\t<meta property=\"og:image:height\" content=\"675\" \/>\n\t<meta property=\"og:image:type\" content=\"image\/png\" \/>\n<meta name=\"twitter:card\" content=\"summary_large_image\" \/>\n<meta name=\"twitter:label1\" content=\"Tiempo de lectura\" \/>\n\t<meta name=\"twitter:data1\" content=\"2 minutos\" \/>\n<script type=\"application\/ld+json\" class=\"yoast-schema-graph\">{\"@context\":\"https:\/\/schema.org\",\"@graph\":[{\"@type\":\"WebPage\",\"@id\":\"https:\/\/southwestpipetrades.com\/markets\/green-technologies\",\"url\":\"https:\/\/southwestpipetrades.com\/markets\/green-technologies\",\"name\":\"Green Technologies - Southwest Pipe Trades Association\",\"isPartOf\":{\"@id\":\"https:\/\/southwestpipetrades.com\/#website\"},\"datePublished\":\"2021-02-15T22:53:34+00:00\",\"dateModified\":\"2022-10-21T14:12:29+00:00\",\"description\":\"The Southwest Pipe Trades Association pipe trades industry is moving to green technologies to improve the industry.\",\"breadcrumb\":{\"@id\":\"https:\/\/southwestpipetrades.com\/markets\/green-technologies#breadcrumb\"},\"inLanguage\":\"es-MX\",\"potentialAction\":[{\"@type\":\"ReadAction\",\"target\":[\"https:\/\/southwestpipetrades.com\/markets\/green-technologies\"]}]},{\"@type\":\"BreadcrumbList\",\"@id\":\"https:\/\/southwestpipetrades.com\/markets\/green-technologies#breadcrumb\",\"itemListElement\":[{\"@type\":\"ListItem\",\"position\":1,\"name\":\"Home\",\"item\":\"https:\/\/southwestpipetrades.com\/\"},{\"@type\":\"ListItem\",\"position\":2,\"name\":\"Markets\",\"item\":\"https:\/\/southwestpipetrades.com\/markets\"},{\"@type\":\"ListItem\",\"position\":3,\"name\":\"Green Technologies\"}]},{\"@type\":\"WebSite\",\"@id\":\"https:\/\/southwestpipetrades.com\/#website\",\"url\":\"https:\/\/southwestpipetrades.com\/\",\"name\":\"Southwest Pipe Trades Association\",\"description\":\"Plumbers, Pipefitters, HVACR Techs in Texas, Oklahoma, New Mexico\",\"publisher\":{\"@id\":\"https:\/\/southwestpipetrades.com\/#organization\"},\"potentialAction\":[{\"@type\":\"SearchAction\",\"target\":{\"@type\":\"EntryPoint\",\"urlTemplate\":\"https:\/\/southwestpipetrades.com\/?s={search_term_string}\"},\"query-input\":\"required name=search_term_string\"}],\"inLanguage\":\"es-MX\"},{\"@type\":\"Organization\",\"@id\":\"https:\/\/southwestpipetrades.com\/#organization\",\"name\":\"Southwest Pipe Trades Assoication\",\"url\":\"https:\/\/southwestpipetrades.com\/\",\"logo\":{\"@type\":\"ImageObject\",\"inLanguage\":\"es-MX\",\"@id\":\"https:\/\/southwestpipetrades.com\/#\/schema\/logo\/image\/\",\"url\":\"https:\/\/southwestpipetrades.com\/wp-content\/uploads\/2020\/09\/SWPTA-2021-Logo-Color-Full-Horizontal-800px.png\",\"contentUrl\":\"https:\/\/southwestpipetrades.com\/wp-content\/uploads\/2020\/09\/SWPTA-2021-Logo-Color-Full-Horizontal-800px.png\",\"width\":800,\"height\":341,\"caption\":\"Southwest Pipe Trades Assoication\"},\"image\":{\"@id\":\"https:\/\/southwestpipetrades.com\/#\/schema\/logo\/image\/\"}}]}<\/script>\n<!-- \/ Yoast SEO plugin. -->","yoast_head_json":{"title":"Tecnolog\u00edas Verdes - Asociaci\u00f3n de Oficios de Tuber\u00edas del Suroeste","description":"La Asociaci\u00f3n de la Industria de Tuber\u00edas del Suroeste est\u00e1 adoptando tecnolog\u00edas verdes para mejorar el sector.","robots":{"index":"index","follow":"follow","max-snippet":"max-snippet:-1","max-image-preview":"max-image-preview:large","max-video-preview":"max-video-preview:-1"},"canonical":"https:\/\/southwestpipetrades.com\/es\/markets\/green-technologies\/","og_locale":"es_MX","og_type":"article","og_title":"Green Technologies - Southwest Pipe Trades Association","og_description":"The Southwest Pipe Trades Association pipe trades industry is moving to green technologies to improve the industry.","og_url":"https:\/\/southwestpipetrades.com\/es\/markets\/green-technologies\/","og_site_name":"Southwest Pipe Trades Association","article_modified_time":"2022-10-21T14:12:29+00:00","og_image":[{"width":1200,"height":675,"url":"https:\/\/southwestpipetrades.com\/wp-content\/uploads\/2022\/10\/SWPTA-featured-images27.png","type":"image\/png"}],"twitter_card":"summary_large_image","twitter_misc":{"Tiempo de lectura":"2 minutos"},"schema":{"@context":"https:\/\/schema.org","@graph":[{"@type":"WebPage","@id":"https:\/\/southwestpipetrades.com\/markets\/green-technologies","url":"https:\/\/southwestpipetrades.com\/markets\/green-technologies","name":"Tecnolog\u00edas Verdes - Asociaci\u00f3n de Oficios de Tuber\u00edas del Suroeste","isPartOf":{"@id":"https:\/\/southwestpipetrades.com\/#website"},"datePublished":"2021-02-15T22:53:34+00:00","dateModified":"2022-10-21T14:12:29+00:00","description":"La Asociaci\u00f3n de la Industria de Tuber\u00edas del Suroeste est\u00e1 adoptando tecnolog\u00edas verdes para mejorar el sector.","breadcrumb":{"@id":"https:\/\/southwestpipetrades.com\/markets\/green-technologies#breadcrumb"},"inLanguage":"es-MX","potentialAction":[{"@type":"ReadAction","target":["https:\/\/southwestpipetrades.com\/markets\/green-technologies"]}]},{"@type":"BreadcrumbList","@id":"https:\/\/southwestpipetrades.com\/markets\/green-technologies#breadcrumb","itemListElement":[{"@type":"ListItem","position":1,"name":"Home","item":"https:\/\/southwestpipetrades.com\/"},{"@type":"ListItem","position":2,"name":"Markets","item":"https:\/\/southwestpipetrades.com\/markets"},{"@type":"ListItem","position":3,"name":"Green Technologies"}]},{"@type":"WebSite","@id":"https:\/\/southwestpipetrades.com\/#website","url":"https:\/\/southwestpipetrades.com\/","name":"Asociaci\u00f3n de Comercio de Tuber\u00edas del Suroeste","description":"Fontaneros, instaladores de tuber\u00edas, t\u00e9cnicos de climatizaci\u00f3n en Texas, Oklahoma y Nuevo M\u00e9xico","publisher":{"@id":"https:\/\/southwestpipetrades.com\/#organization"},"potentialAction":[{"@type":"SearchAction","target":{"@type":"EntryPoint","urlTemplate":"https:\/\/southwestpipetrades.com\/?s={search_term_string}"},"query-input":"required name=search_term_string"}],"inLanguage":"es-MX"},{"@type":"Organization","@id":"https:\/\/southwestpipetrades.com\/#organization","name":"Asociaci\u00f3n de Oficios de Tuber\u00edas del Suroeste","url":"https:\/\/southwestpipetrades.com\/","logo":{"@type":"ImageObject","inLanguage":"es-MX","@id":"https:\/\/southwestpipetrades.com\/#\/schema\/logo\/image\/","url":"https:\/\/southwestpipetrades.com\/wp-content\/uploads\/2020\/09\/SWPTA-2021-Logo-Color-Full-Horizontal-800px.png","contentUrl":"https:\/\/southwestpipetrades.com\/wp-content\/uploads\/2020\/09\/SWPTA-2021-Logo-Color-Full-Horizontal-800px.png","width":800,"height":341,"caption":"Southwest Pipe Trades Assoication"},"image":{"@id":"https:\/\/southwestpipetrades.com\/#\/schema\/logo\/image\/"}}]}},"_links":{"self":[{"href":"https:\/\/southwestpipetrades.com\/es\/wp-json\/wp\/v2\/pages\/1533","targetHints":{"allow":["GET"]}}],"collection":[{"href":"https:\/\/southwestpipetrades.com\/es\/wp-json\/wp\/v2\/pages"}],"about":[{"href":"https:\/\/southwestpipetrades.com\/es\/wp-json\/wp\/v2\/types\/page"}],"author":[{"embeddable":true,"href":"https:\/\/southwestpipetrades.com\/es\/wp-json\/wp\/v2\/users\/37"}],"replies":[{"embeddable":true,"href":"https:\/\/southwestpipetrades.com\/es\/wp-json\/wp\/v2\/comments?post=1533"}],"version-history":[{"count":0,"href":"https:\/\/southwestpipetrades.com\/es\/wp-json\/wp\/v2\/pages\/1533\/revisions"}],"up":[{"embeddable":true,"href":"https:\/\/southwestpipetrades.com\/es\/wp-json\/wp\/v2\/pages\/17"}],"wp:featuredmedia":[{"embeddable":true,"href":"https:\/\/southwestpipetrades.com\/es\/wp-json\/wp\/v2\/media\/3448"}],"wp:attachment":[{"href":"https:\/\/southwestpipetrades.com\/es\/wp-json\/wp\/v2\/media?parent=1533"}],"curies":[{"name":"wp","href":"https:\/\/api.w.org\/{rel}","templated":true}]}}