{"id":159,"date":"2017-02-12T16:12:51","date_gmt":"2017-02-12T16:12:51","guid":{"rendered":"http:\/\/southwestpipe.wpengine.com\/?page_id=159"},"modified":"2022-10-21T14:12:56","modified_gmt":"2022-10-21T14:12:56","slug":"fire-protection","status":"publish","type":"page","link":"https:\/\/southwestpipetrades.com\/es\/markets\/fire-protection","title":{"rendered":"Protecci\u00f3n contra incendios"},"content":{"rendered":"\t\t<div data-elementor-type=\"wp-page\" data-elementor-id=\"159\" class=\"elementor elementor-159\" data-elementor-settings=\"[]\">\n\t\t\t\t\t\t<div class=\"elementor-inner\">\n\t\t\t\t\t\t\t<div class=\"elementor-section-wrap\">\n\t\t\t\t\t\t\t<section class=\"elementor-section elementor-top-section elementor-element elementor-element-37f945da elementor-section-full_width elementor-section-height-default elementor-section-height-default\" data-id=\"37f945da\" data-element_type=\"section\">\n\t\t\t\t\t\t<div class=\"elementor-container elementor-column-gap-default\">\n\t\t\t\t\t\t\t<div class=\"elementor-row\">\n\t\t\t\t\t<div class=\"elementor-column elementor-col-50 elementor-top-column elementor-element elementor-element-25c9f10b\" data-id=\"25c9f10b\" data-element_type=\"column\">\n\t\t\t<div class=\"elementor-column-wrap elementor-element-populated\">\n\t\t\t\t\t\t\t<div class=\"elementor-widget-wrap\">\n\t\t\t\t\t\t<div class=\"elementor-element elementor-element-5d3bed25 elementor-widget elementor-widget-heading\" data-id=\"5d3bed25\" data-element_type=\"widget\" data-widget_type=\"heading.default\">\n\t\t\t\t<div class=\"elementor-widget-container\">\n\t\t\t<h4 class=\"elementor-heading-title elementor-size-default\">MARKETS served by the SWPTA<\/h4>\t\t<\/div>\n\t\t\t\t<\/div>\n\t\t\t\t<div class=\"elementor-element elementor-element-7f166653 elementor-widget elementor-widget-heading\" data-id=\"7f166653\" data-element_type=\"widget\" data-widget_type=\"heading.default\">\n\t\t\t\t<div class=\"elementor-widget-container\">\n\t\t\t<h1 class=\"elementor-heading-title elementor-size-default\">Southwest Pipe Trades Association: Leaders in Fire Protection<\/h1>\t\t<\/div>\n\t\t\t\t<\/div>\n\t\t\t\t<div class=\"elementor-element elementor-element-35334e71 elementor-widget elementor-widget-spacer\" data-id=\"35334e71\" data-element_type=\"widget\" data-widget_type=\"spacer.default\">\n\t\t\t\t<div class=\"elementor-widget-container\">\n\t\t\t\t\t<div class=\"elementor-spacer\">\n\t\t\t<div class=\"elementor-spacer-inner\"><\/div>\n\t\t<\/div>\n\t\t\t\t<\/div>\n\t\t\t\t<\/div>\n\t\t\t\t<div class=\"elementor-element elementor-element-2b05e0f6 elementor-widget elementor-widget-image\" data-id=\"2b05e0f6\" data-element_type=\"widget\" data-settings=\"{&quot;motion_fx_motion_fx_scrolling&quot;:&quot;yes&quot;,&quot;motion_fx_translateY_effect&quot;:&quot;yes&quot;,&quot;motion_fx_translateY_speed&quot;:{&quot;unit&quot;:&quot;px&quot;,&quot;size&quot;:1.8,&quot;sizes&quot;:[]},&quot;motion_fx_translateY_affectedRange&quot;:{&quot;unit&quot;:&quot;%&quot;,&quot;size&quot;:&quot;&quot;,&quot;sizes&quot;:{&quot;start&quot;:0,&quot;end&quot;:100}},&quot;motion_fx_devices&quot;:[&quot;desktop&quot;,&quot;tablet&quot;,&quot;mobile&quot;]}\" data-widget_type=\"image.default\">\n\t\t\t\t<div class=\"elementor-widget-container\">\n\t\t\t\t\t<div class=\"elementor-image\">\n\t\t\t\t\t\t\t\t\t\t<img loading=\"lazy\" decoding=\"async\" width=\"1024\" height=\"753\" src=\"https:\/\/southwestpipetrades.com\/wp-content\/uploads\/2017\/01\/Sprinkler-System-Control-1024x753.jpg\" class=\"attachment-large size-large\" alt=\"Fire sprinkler control system\" srcset=\"https:\/\/southwestpipetrades.com\/wp-content\/uploads\/2017\/01\/Sprinkler-System-Control-1024x753.jpg 1024w, https:\/\/southwestpipetrades.com\/wp-content\/uploads\/2017\/01\/Sprinkler-System-Control-300x221.jpg 300w, https:\/\/southwestpipetrades.com\/wp-content\/uploads\/2017\/01\/Sprinkler-System-Control-768x565.jpg 768w, https:\/\/southwestpipetrades.com\/wp-content\/uploads\/2017\/01\/Sprinkler-System-Control-930x684.jpg 930w, https:\/\/southwestpipetrades.com\/wp-content\/uploads\/2017\/01\/Sprinkler-System-Control-600x441.jpg 600w, https:\/\/southwestpipetrades.com\/wp-content\/uploads\/2017\/01\/Sprinkler-System-Control-413x304.jpg 413w, https:\/\/southwestpipetrades.com\/wp-content\/uploads\/2017\/01\/Sprinkler-System-Control-816x600.jpg 816w, https:\/\/southwestpipetrades.com\/wp-content\/uploads\/2017\/01\/Sprinkler-System-Control-593x436.jpg 593w, https:\/\/southwestpipetrades.com\/wp-content\/uploads\/2017\/01\/Sprinkler-System-Control-1920x1412.jpg 1920w, https:\/\/southwestpipetrades.com\/wp-content\/uploads\/2017\/01\/Sprinkler-System-Control-174x128.jpg 174w, https:\/\/southwestpipetrades.com\/wp-content\/uploads\/2017\/01\/Sprinkler-System-Control-93x68.jpg 93w, https:\/\/southwestpipetrades.com\/wp-content\/uploads\/2017\/01\/Sprinkler-System-Control-511x376.jpg 511w, https:\/\/southwestpipetrades.com\/wp-content\/uploads\/2017\/01\/Sprinkler-System-Control-343x252.jpg 343w, https:\/\/southwestpipetrades.com\/wp-content\/uploads\/2017\/01\/Sprinkler-System-Control-252x185.jpg 252w, https:\/\/southwestpipetrades.com\/wp-content\/uploads\/2017\/01\/Sprinkler-System-Control-102x75.jpg 102w, https:\/\/southwestpipetrades.com\/wp-content\/uploads\/2017\/01\/Sprinkler-System-Control-342x252.jpg 342w, https:\/\/southwestpipetrades.com\/wp-content\/uploads\/2017\/01\/Sprinkler-System-Control-69x51.jpg 69w, https:\/\/southwestpipetrades.com\/wp-content\/uploads\/2017\/01\/Sprinkler-System-Control-86x63.jpg 86w, https:\/\/southwestpipetrades.com\/wp-content\/uploads\/2017\/01\/Sprinkler-System-Control-88x65.jpg 88w, https:\/\/southwestpipetrades.com\/wp-content\/uploads\/2017\/01\/Sprinkler-System-Control-68x50.jpg 68w, https:\/\/southwestpipetrades.com\/wp-content\/uploads\/2017\/01\/Sprinkler-System-Control-23x17.jpg 23w\" sizes=\"auto, (max-width: 1024px) 100vw, 1024px\" \/>\t\t\t\t\t\t\t\t\t\t\t<\/div>\n\t\t\t\t<\/div>\n\t\t\t\t<\/div>\n\t\t\t\t\t\t<\/div>\n\t\t\t\t\t<\/div>\n\t\t<\/div>\n\t\t\t\t<div class=\"elementor-column elementor-col-50 elementor-top-column elementor-element elementor-element-11359434\" data-id=\"11359434\" data-element_type=\"column\">\n\t\t\t<div class=\"elementor-column-wrap elementor-element-populated\">\n\t\t\t\t\t\t\t<div class=\"elementor-widget-wrap\">\n\t\t\t\t\t\t<div class=\"elementor-element elementor-element-57717cc2 elementor-widget elementor-widget-heading\" data-id=\"57717cc2\" data-element_type=\"widget\" data-widget_type=\"heading.default\">\n\t\t\t\t<div class=\"elementor-widget-container\">\n\t\t\t<h2 class=\"elementor-heading-title elementor-size-default\">Properly Installed and Maintained Fire Protection Systems Save Lives and Property<\/h2>\t\t<\/div>\n\t\t\t\t<\/div>\n\t\t\t\t<div class=\"elementor-element elementor-element-fc6dd30 elementor-widget elementor-widget-text-editor\" data-id=\"fc6dd30\" data-element_type=\"widget\" data-widget_type=\"text-editor.default\">\n\t\t\t\t<div class=\"elementor-widget-container\">\n\t\t\t\t\t<div class=\"elementor-text-editor elementor-clearfix\"><p>Fire protection is about saving lives and preserving property. As such, it is one of the most crucial, yet frequently overlooked components of the construction process.<\/p><p>First and foremost, properly installed fire suppression systems save lives. Without a properly installed and maintained fire suppression system in place, anyone who happens to be in a building during a fire has little chance of survival. Second, fire suppression systems also help reduce the damage a fire inflicts on property and in some instances, it may extinguish the fire before there is any major property loss occurs.<\/p><p>Under previous versions of the fire and building codes, fire suppression systems were not required in many structures. These life-saving systems were viewed as an unnecessary additional cost, and unfortunately many building owners\u00a0 decided not to implement them. Today, these life-saving systems are required in many structures, as they should be. This means the work outlook for sprinkler fitters has rarely been better, with new installation as well as retrofitting occurring throughout the country, including across the southwest.<\/p><p>Sprinkler fitting falls under the umbrella of the pipe trades, but goes beyond simply installing the pipe work that connects to the fire sprinkler heads that extinguish fires. These highly skilled tradesmen and tradeswomen are trained to inspect and test fire suppression systems to ensure they not only meet current code specifications, but properly operate and extinguish a fire when called upon to do so.<\/p><\/div>\n\t\t\t\t<\/div>\n\t\t\t\t<\/div>\n\t\t\t\t<div class=\"elementor-element elementor-element-76d5eea8 elementor-widget elementor-widget-heading\" data-id=\"76d5eea8\" data-element_type=\"widget\" data-widget_type=\"heading.default\">\n\t\t\t\t<div class=\"elementor-widget-container\">\n\t\t\t<h2 class=\"elementor-heading-title elementor-size-default\">Great Responsibility Requires Great Training<\/h2>\t\t<\/div>\n\t\t\t\t<\/div>\n\t\t\t\t<div class=\"elementor-element elementor-element-4a8179e8 elementor-widget elementor-widget-text-editor\" data-id=\"4a8179e8\" data-element_type=\"widget\" data-widget_type=\"text-editor.default\">\n\t\t\t\t<div class=\"elementor-widget-container\">\n\t\t\t\t\t<div class=\"elementor-text-editor elementor-clearfix\"><p>SWPTA affiliated UA Local Unions provide their contractors with highly trained and certified sprinkler fitters, who expertly install, maintain and repair fire suppression systems.<\/p><p>The path to becoming a sprinkler fitter is similar to that of other UA tradesman or tradeswoman. Sprinkler fitter apprentices are required to complete a requisite five-year UA registered apprenticeship, where they learn how to perform their job while earning industry-specific certifications. Once they complete the apprenticeship and become journeymen, sprinkler fitters are required to continue their training by taking various upgrade courses to maintain their National Fire Protection Association (NFPA) certifications and stay up-to-date on the latest fire suppression technologies.<\/p><\/div>\n\t\t\t\t<\/div>\n\t\t\t\t<\/div>\n\t\t\t\t\t\t<\/div>\n\t\t\t\t\t<\/div>\n\t\t<\/div>\n\t\t\t\t\t\t\t\t<\/div>\n\t\t\t\t\t<\/div>\n\t\t<\/section>\n\t\t\t\t<section class=\"elementor-section elementor-top-section elementor-element elementor-element-3b7d6de0 elementor-section-boxed elementor-section-height-default elementor-section-height-default\" data-id=\"3b7d6de0\" data-element_type=\"section\">\n\t\t\t\t\t\t<div class=\"elementor-container elementor-column-gap-default\">\n\t\t\t\t\t\t\t<div class=\"elementor-row\">\n\t\t\t\t\t<div class=\"elementor-column elementor-col-100 elementor-top-column elementor-element elementor-element-1f1c53ef\" data-id=\"1f1c53ef\" data-element_type=\"column\">\n\t\t\t<div class=\"elementor-column-wrap\">\n\t\t\t\t\t\t\t<div class=\"elementor-widget-wrap\">\n\t\t\t\t\t\t\t\t<\/div>\n\t\t\t\t\t<\/div>\n\t\t<\/div>\n\t\t\t\t\t\t\t\t<\/div>\n\t\t\t\t\t<\/div>\n\t\t<\/section>\n\t\t\t\t\t\t<\/div>\n\t\t\t\t\t\t<\/div>\n\t\t\t\t\t<\/div>\n\t\t","protected":false},"excerpt":{"rendered":"<p>MERCADOS atendidos por la Asociaci\u00f3n de Oficios de Tuber\u00edas del Suroeste de SWPTA: L\u00edderes en protecci\u00f3n contra incendios. Los sistemas de protecci\u00f3n contra incendios correctamente instalados y mantenidos salvan vidas y propiedades. La protecci\u00f3n contra incendios consiste en salvar vidas y preservar propiedades. Por ello, es uno de los componentes m\u00e1s cruciales, aunque a menudo se pasa por alto, del proceso de construcci\u00f3n. Ante todo, una correcta instalaci\u00f3n...<\/p>\n<p class=\"read-more\"> <a class=\"\" href=\"https:\/\/southwestpipetrades.com\/es\/markets\/fire-protection\"> <span class=\"screen-reader-text\">Protecci\u00f3n contra incendios<\/span> Leer m\u00e1s &quot;<\/a><\/p>","protected":false},"author":37,"featured_media":3447,"parent":17,"menu_order":3,"comment_status":"closed","ping_status":"closed","template":"elementor_header_footer","meta":{"_acf_changed":false,"inline_featured_image":false,"site-sidebar-layout":"default","site-content-layout":"default","ast-global-header-display":"","ast-main-header-display":"","ast-hfb-above-header-display":"","ast-hfb-below-header-display":"","ast-hfb-mobile-header-display":"","site-post-title":"","ast-breadcrumbs-content":"","ast-featured-img":"","footer-sml-layout":"","theme-transparent-header-meta":"default","adv-header-id-meta":"","stick-header-meta":"default","header-above-stick-meta":"","header-main-stick-meta":"","header-below-stick-meta":"","footnotes":""},"class_list":["post-159","page","type-page","status-publish","has-post-thumbnail","hentry"],"acf":[],"yoast_head":"<!-- This site is optimized with the Yoast SEO plugin v21.4 - https:\/\/yoast.com\/wordpress\/plugins\/seo\/ -->\n<title>Southwest Pipe Trades Association - UA Markets - Fire Protection<\/title>\n<meta name=\"description\" content=\"Members of the SWPTA Local Unions protect the southwest from fire emergencies by installing fire protection and suppression systems.\" \/>\n<meta name=\"robots\" content=\"index, follow, max-snippet:-1, max-image-preview:large, max-video-preview:-1\" \/>\n<link rel=\"canonical\" href=\"https:\/\/southwestpipetrades.com\/es\/markets\/fire-protection\/\" \/>\n<meta property=\"og:locale\" content=\"es_MX\" \/>\n<meta property=\"og:type\" content=\"article\" \/>\n<meta property=\"og:title\" content=\"Southwest Pipe Trades Association - UA Markets - Fire Protection\" \/>\n<meta property=\"og:description\" content=\"Members of the SWPTA Local Unions protect the southwest from fire emergencies by installing fire protection and suppression systems.\" \/>\n<meta property=\"og:url\" content=\"https:\/\/southwestpipetrades.com\/es\/markets\/fire-protection\/\" \/>\n<meta property=\"og:site_name\" content=\"Southwest Pipe Trades Association\" \/>\n<meta property=\"article:modified_time\" content=\"2022-10-21T14:12:56+00:00\" \/>\n<meta property=\"og:image\" content=\"https:\/\/southwestpipetrades.com\/wp-content\/uploads\/2022\/10\/SWPTA-featured-images26.png\" \/>\n\t<meta property=\"og:image:width\" content=\"1200\" \/>\n\t<meta property=\"og:image:height\" content=\"675\" \/>\n\t<meta property=\"og:image:type\" content=\"image\/png\" \/>\n<meta name=\"twitter:card\" content=\"summary_large_image\" \/>\n<meta name=\"twitter:label1\" content=\"Tiempo de lectura\" \/>\n\t<meta name=\"twitter:data1\" content=\"2 minutos\" \/>\n<script type=\"application\/ld+json\" class=\"yoast-schema-graph\">{\"@context\":\"https:\/\/schema.org\",\"@graph\":[{\"@type\":\"WebPage\",\"@id\":\"https:\/\/southwestpipetrades.com\/markets\/fire-protection\",\"url\":\"https:\/\/southwestpipetrades.com\/markets\/fire-protection\",\"name\":\"Southwest Pipe Trades Association - UA Markets - Fire Protection\",\"isPartOf\":{\"@id\":\"https:\/\/southwestpipetrades.com\/#website\"},\"datePublished\":\"2017-02-12T16:12:51+00:00\",\"dateModified\":\"2022-10-21T14:12:56+00:00\",\"description\":\"Members of the SWPTA Local Unions protect the southwest from fire emergencies by installing fire protection and suppression systems.\",\"breadcrumb\":{\"@id\":\"https:\/\/southwestpipetrades.com\/markets\/fire-protection#breadcrumb\"},\"inLanguage\":\"es-MX\",\"potentialAction\":[{\"@type\":\"ReadAction\",\"target\":[\"https:\/\/southwestpipetrades.com\/markets\/fire-protection\"]}]},{\"@type\":\"BreadcrumbList\",\"@id\":\"https:\/\/southwestpipetrades.com\/markets\/fire-protection#breadcrumb\",\"itemListElement\":[{\"@type\":\"ListItem\",\"position\":1,\"name\":\"Home\",\"item\":\"https:\/\/southwestpipetrades.com\/\"},{\"@type\":\"ListItem\",\"position\":2,\"name\":\"Markets\",\"item\":\"https:\/\/southwestpipetrades.com\/markets\"},{\"@type\":\"ListItem\",\"position\":3,\"name\":\"Fire Protection\"}]},{\"@type\":\"WebSite\",\"@id\":\"https:\/\/southwestpipetrades.com\/#website\",\"url\":\"https:\/\/southwestpipetrades.com\/\",\"name\":\"Southwest Pipe Trades Association\",\"description\":\"Plumbers, Pipefitters, HVACR Techs in Texas, Oklahoma, New Mexico\",\"publisher\":{\"@id\":\"https:\/\/southwestpipetrades.com\/#organization\"},\"potentialAction\":[{\"@type\":\"SearchAction\",\"target\":{\"@type\":\"EntryPoint\",\"urlTemplate\":\"https:\/\/southwestpipetrades.com\/?s={search_term_string}\"},\"query-input\":\"required name=search_term_string\"}],\"inLanguage\":\"es-MX\"},{\"@type\":\"Organization\",\"@id\":\"https:\/\/southwestpipetrades.com\/#organization\",\"name\":\"Southwest Pipe Trades Assoication\",\"url\":\"https:\/\/southwestpipetrades.com\/\",\"logo\":{\"@type\":\"ImageObject\",\"inLanguage\":\"es-MX\",\"@id\":\"https:\/\/southwestpipetrades.com\/#\/schema\/logo\/image\/\",\"url\":\"https:\/\/southwestpipetrades.com\/wp-content\/uploads\/2020\/09\/SWPTA-2021-Logo-Color-Full-Horizontal-800px.png\",\"contentUrl\":\"https:\/\/southwestpipetrades.com\/wp-content\/uploads\/2020\/09\/SWPTA-2021-Logo-Color-Full-Horizontal-800px.png\",\"width\":800,\"height\":341,\"caption\":\"Southwest Pipe Trades Assoication\"},\"image\":{\"@id\":\"https:\/\/southwestpipetrades.com\/#\/schema\/logo\/image\/\"}}]}<\/script>\n<!-- \/ Yoast SEO plugin. -->","yoast_head_json":{"title":"Southwest Pipe Trades Association - UA Markets - Fire Protection","description":"Members of the SWPTA Local Unions protect the southwest from fire emergencies by installing fire protection and suppression systems.","robots":{"index":"index","follow":"follow","max-snippet":"max-snippet:-1","max-image-preview":"max-image-preview:large","max-video-preview":"max-video-preview:-1"},"canonical":"https:\/\/southwestpipetrades.com\/es\/markets\/fire-protection\/","og_locale":"es_MX","og_type":"article","og_title":"Southwest Pipe Trades Association - UA Markets - Fire Protection","og_description":"Members of the SWPTA Local Unions protect the southwest from fire emergencies by installing fire protection and suppression systems.","og_url":"https:\/\/southwestpipetrades.com\/es\/markets\/fire-protection\/","og_site_name":"Southwest Pipe Trades Association","article_modified_time":"2022-10-21T14:12:56+00:00","og_image":[{"width":1200,"height":675,"url":"https:\/\/southwestpipetrades.com\/wp-content\/uploads\/2022\/10\/SWPTA-featured-images26.png","type":"image\/png"}],"twitter_card":"summary_large_image","twitter_misc":{"Tiempo de lectura":"2 minutos"},"schema":{"@context":"https:\/\/schema.org","@graph":[{"@type":"WebPage","@id":"https:\/\/southwestpipetrades.com\/markets\/fire-protection","url":"https:\/\/southwestpipetrades.com\/markets\/fire-protection","name":"Southwest Pipe Trades Association - UA Markets - Fire Protection","isPartOf":{"@id":"https:\/\/southwestpipetrades.com\/#website"},"datePublished":"2017-02-12T16:12:51+00:00","dateModified":"2022-10-21T14:12:56+00:00","description":"Members of the SWPTA Local Unions protect the southwest from fire emergencies by installing fire protection and suppression systems.","breadcrumb":{"@id":"https:\/\/southwestpipetrades.com\/markets\/fire-protection#breadcrumb"},"inLanguage":"es-MX","potentialAction":[{"@type":"ReadAction","target":["https:\/\/southwestpipetrades.com\/markets\/fire-protection"]}]},{"@type":"BreadcrumbList","@id":"https:\/\/southwestpipetrades.com\/markets\/fire-protection#breadcrumb","itemListElement":[{"@type":"ListItem","position":1,"name":"Home","item":"https:\/\/southwestpipetrades.com\/"},{"@type":"ListItem","position":2,"name":"Markets","item":"https:\/\/southwestpipetrades.com\/markets"},{"@type":"ListItem","position":3,"name":"Fire Protection"}]},{"@type":"WebSite","@id":"https:\/\/southwestpipetrades.com\/#website","url":"https:\/\/southwestpipetrades.com\/","name":"Asociaci\u00f3n de Comercio de Tuber\u00edas del Suroeste","description":"Fontaneros, instaladores de tuber\u00edas, t\u00e9cnicos de climatizaci\u00f3n en Texas, Oklahoma y Nuevo M\u00e9xico","publisher":{"@id":"https:\/\/southwestpipetrades.com\/#organization"},"potentialAction":[{"@type":"SearchAction","target":{"@type":"EntryPoint","urlTemplate":"https:\/\/southwestpipetrades.com\/?s={search_term_string}"},"query-input":"required name=search_term_string"}],"inLanguage":"es-MX"},{"@type":"Organization","@id":"https:\/\/southwestpipetrades.com\/#organization","name":"Asociaci\u00f3n de Oficios de Tuber\u00edas del Suroeste","url":"https:\/\/southwestpipetrades.com\/","logo":{"@type":"ImageObject","inLanguage":"es-MX","@id":"https:\/\/southwestpipetrades.com\/#\/schema\/logo\/image\/","url":"https:\/\/southwestpipetrades.com\/wp-content\/uploads\/2020\/09\/SWPTA-2021-Logo-Color-Full-Horizontal-800px.png","contentUrl":"https:\/\/southwestpipetrades.com\/wp-content\/uploads\/2020\/09\/SWPTA-2021-Logo-Color-Full-Horizontal-800px.png","width":800,"height":341,"caption":"Southwest Pipe Trades Assoication"},"image":{"@id":"https:\/\/southwestpipetrades.com\/#\/schema\/logo\/image\/"}}]}},"_links":{"self":[{"href":"https:\/\/southwestpipetrades.com\/es\/wp-json\/wp\/v2\/pages\/159","targetHints":{"allow":["GET"]}}],"collection":[{"href":"https:\/\/southwestpipetrades.com\/es\/wp-json\/wp\/v2\/pages"}],"about":[{"href":"https:\/\/southwestpipetrades.com\/es\/wp-json\/wp\/v2\/types\/page"}],"author":[{"embeddable":true,"href":"https:\/\/southwestpipetrades.com\/es\/wp-json\/wp\/v2\/users\/37"}],"replies":[{"embeddable":true,"href":"https:\/\/southwestpipetrades.com\/es\/wp-json\/wp\/v2\/comments?post=159"}],"version-history":[{"count":0,"href":"https:\/\/southwestpipetrades.com\/es\/wp-json\/wp\/v2\/pages\/159\/revisions"}],"up":[{"embeddable":true,"href":"https:\/\/southwestpipetrades.com\/es\/wp-json\/wp\/v2\/pages\/17"}],"wp:featuredmedia":[{"embeddable":true,"href":"https:\/\/southwestpipetrades.com\/es\/wp-json\/wp\/v2\/media\/3447"}],"wp:attachment":[{"href":"https:\/\/southwestpipetrades.com\/es\/wp-json\/wp\/v2\/media?parent=159"}],"curies":[{"name":"wp","href":"https:\/\/api.w.org\/{rel}","templated":true}]}}