{"id":1714,"date":"2021-02-22T16:31:48","date_gmt":"2021-02-22T16:31:48","guid":{"rendered":"https:\/\/southwestpipetrades.com\/?page_id=1714"},"modified":"2022-10-21T12:53:11","modified_gmt":"2022-10-21T12:53:11","slug":"so-called-right-to-work","status":"publish","type":"page","link":"https:\/\/southwestpipetrades.com\/es\/construction-issues\/so-called-right-to-work","title":{"rendered":"El llamado &#039;derecho al trabajo&#039;"},"content":{"rendered":"<div data-elementor-type=\"wp-page\" data-elementor-id=\"1714\" class=\"elementor elementor-1714\" data-elementor-settings=\"[]\">\n\t\t\t\t\t\t<div class=\"elementor-inner\">\n\t\t\t\t\t\t\t<div class=\"elementor-section-wrap\">\n\t\t\t\t\t\t\t<section class=\"elementor-section elementor-top-section elementor-element elementor-element-3c83c384 elementor-section-boxed elementor-section-height-default elementor-section-height-default\" data-id=\"3c83c384\" data-element_type=\"section\">\n\t\t\t\t\t\t<div class=\"elementor-container elementor-column-gap-default\">\n\t\t\t\t\t\t\t<div class=\"elementor-row\">\n\t\t\t\t\t<div class=\"elementor-column elementor-col-100 elementor-top-column elementor-element elementor-element-48c9c5e7\" data-id=\"48c9c5e7\" data-element_type=\"column\">\n\t\t\t<div class=\"elementor-column-wrap elementor-element-populated\">\n\t\t\t\t\t\t\t<div class=\"elementor-widget-wrap\">\n\t\t\t\t\t\t<div class=\"elementor-element elementor-element-67fe179 elementor-widget elementor-widget-heading\" data-id=\"67fe179\" data-element_type=\"widget\" data-widget_type=\"heading.default\">\n\t\t\t\t<div class=\"elementor-widget-container\">\n\t\t\t<h1 class=\"elementor-heading-title elementor-size-default\">El llamado \u201cderecho al trabajo\u201d perjudica a todos los trabajadores<\/h1>\t\t<\/div>\n\t\t\t\t<\/div>\n\t\t\t\t<div class=\"elementor-element elementor-element-4a2ffac9 elementor-widget elementor-widget-text-editor\" data-id=\"4a2ffac9\" data-element_type=\"widget\" data-widget_type=\"text-editor.default\">\n\t\t\t\t<div class=\"elementor-widget-container\">\n\t\t\t\t\t<div class=\"elementor-text-editor elementor-clearfix\"><p>El llamado \u201cderecho al trabajo\u201d es una mentira disfrazada de un lenguaje agradable para hacerlo parecer un conjunto de pol\u00edticas menos da\u00f1inas.<\/p><p>Aunque Texas se convirti\u00f3 en un estado con \u201cderecho al trabajo\u201d en 1993 y Oklahoma en 2001, Nuevo M\u00e9xico ha sido resiliente y ha garantizado que los trabajadores mantengan el derecho a negociar colectivamente salarios justos, beneficios y un lugar de trabajo seguro.<\/p><h2>\u00bfQu\u00e9 es el llamado \u201cderecho al trabajo\u201d y por qu\u00e9 es malo para los trabajadores locales y los miembros de la Asociaci\u00f3n de Sindicatos de Tuber\u00edas del Suroeste?<\/h2><p>Las llamadas leyes de \u201cderecho al trabajo\u201d son aquellas que permiten a una persona trabajar bajo un contrato sindical y obtener los beneficios de la representaci\u00f3n sindical sin pagar su parte justa. Estas pol\u00edticas se establecieron para erosionar el poder de negociaci\u00f3n colectiva que tienen los trabajadores cuando se organizan como sindicato. El objetivo final de la llamada legislaci\u00f3n de \u201cderecho al trabajo\u201d es reducir los salarios de los trabajadores y los beneficios que reciben.<\/p><p>Aunque las llamadas leyes de \u201cderecho al trabajo\u201d actualmente s\u00f3lo afectan a los sindicatos del sector p\u00fablico, el da\u00f1o afecta al movimiento laboral en su conjunto.<\/p><p>Tambi\u00e9n afectan a toda la clase media, tanto a los afiliados como a los no afiliados a sindicatos. Los altos salarios sindicalizados obligan a los contratistas no afiliados a sindicatos a ofrecer salarios similares como forma de competir con sus hom\u00f3logos sindicalizados. Si el salario sindicalizado cae debido a una ley llamada \u201cderecho al trabajo\u201d, el salario no sindicalizado tambi\u00e9n caer\u00e1, dejando atr\u00e1s a la clase media.<\/p><h2>El &quot;derecho al trabajo&quot; federal es err\u00f3neo y devastar\u00eda los derechos y beneficios por los que han luchado generaciones de miembros de sindicatos.<\/h2><p>Aunque no existe una ley federal sobre el \u201cderecho al trabajo\u201d, hay muchos grupos, organizaciones e individuos que trabajan para establecerlas. La cuesti\u00f3n se ha debatido en la Corte Suprema de Estados Unidos en casos como Abood v. Detroit Board of Education, donde se dictamin\u00f3 que los sindicatos del sector p\u00fablico, como los sindicatos de docentes, pueden cobrar honorarios como forma de pagar la representaci\u00f3n de docentes no sindicalizados.<\/p><p>M\u00e1s recientemente, la ahora conservadora mayor\u00eda de la corte revoc\u00f3 el caso Abood v. Detroit Board of Education, al dictaminar en el caso Janus v. AFSCME que a los empleados del sector p\u00fablico que trabajan en un lugar de trabajo organizado no se les puede exigir que paguen ninguna tarifa para aprovechar los beneficios de la negociaci\u00f3n colectiva.<\/p><\/div>\n\t\t\t\t<\/div>\n\t\t\t\t<\/div>\n\t\t\t\t\t\t<\/div>\n\t\t\t\t\t<\/div>\n\t\t<\/div>\n\t\t\t\t\t\t\t\t<\/div>\n\t\t\t\t\t<\/div>\n\t\t<\/section>\n\t\t\t\t<section class=\"elementor-section elementor-top-section elementor-element elementor-element-7521ec76 elementor-section-full_width elementor-section-height-default elementor-section-height-default\" data-id=\"7521ec76\" data-element_type=\"section\">\n\t\t\t\t\t\t<div class=\"elementor-container elementor-column-gap-no\">\n\t\t\t\t\t\t\t<div class=\"elementor-row\">\n\t\t\t\t\t<div class=\"elementor-column elementor-col-100 elementor-top-column elementor-element elementor-element-5bea2b84\" data-id=\"5bea2b84\" data-element_type=\"column\">\n\t\t\t<div class=\"elementor-column-wrap\">\n\t\t\t\t\t\t\t<div class=\"elementor-widget-wrap\">\n\t\t\t\t\t\t\t\t<\/div>\n\t\t\t\t\t<\/div>\n\t\t<\/div>\n\t\t\t\t\t\t\t\t<\/div>\n\t\t\t\t\t<\/div>\n\t\t<\/section>\n\t\t\t\t\t\t<\/div>\n\t\t\t\t\t\t<\/div>\n\t\t\t\t\t<\/div>","protected":false},"excerpt":{"rendered":"<p>El llamado &quot;Derecho al Trabajo&quot; perjudica a todos los trabajadores. El llamado &quot;Derecho al Trabajo&quot; es una mentira disfrazada de lenguaje agradable para aparentar un conjunto de pol\u00edticas menos da\u00f1inas. Aunque Texas se convirti\u00f3 en un estado con &quot;Derecho al Trabajo&quot; en 1993 y Oklahoma en 2001, Nuevo M\u00e9xico ha sido resiliente, resistiendo y garantizando que los trabajadores...<\/p>\n<p class=\"read-more\"> <a class=\"\" href=\"https:\/\/southwestpipetrades.com\/es\/construction-issues\/so-called-right-to-work\"> <span class=\"screen-reader-text\">El llamado &#039;derecho al trabajo&#039;<\/span> Leer m\u00e1s &quot;<\/a><\/p>","protected":false},"author":37,"featured_media":3419,"parent":1712,"menu_order":1,"comment_status":"closed","ping_status":"closed","template":"elementor_header_footer","meta":{"_acf_changed":false,"inline_featured_image":false,"site-sidebar-layout":"default","site-content-layout":"default","ast-global-header-display":"","ast-main-header-display":"","ast-hfb-above-header-display":"","ast-hfb-below-header-display":"","ast-hfb-mobile-header-display":"","site-post-title":"","ast-breadcrumbs-content":"","ast-featured-img":"","footer-sml-layout":"","theme-transparent-header-meta":"default","adv-header-id-meta":"","stick-header-meta":"default","header-above-stick-meta":"","header-main-stick-meta":"","header-below-stick-meta":"","footnotes":""},"class_list":["post-1714","page","type-page","status-publish","has-post-thumbnail","hentry"],"acf":[],"yoast_head":"<!-- This site is optimized with the Yoast SEO plugin v21.4 - https:\/\/yoast.com\/wordpress\/plugins\/seo\/ -->\n<title>Southwest Pipe Trades Association - So-Called \u201cRight to Work\u201d<\/title>\n<meta name=\"description\" content=\"So-Called \u201cRight to Work\u201d is dangerous for construction workers who rely on the wages set through collective bargaining and representation.\" \/>\n<meta name=\"robots\" content=\"index, follow, max-snippet:-1, max-image-preview:large, max-video-preview:-1\" \/>\n<link rel=\"canonical\" href=\"https:\/\/southwestpipetrades.com\/es\/construction-issues\/so-called-right-to-work\/\" \/>\n<meta property=\"og:locale\" content=\"es_MX\" \/>\n<meta property=\"og:type\" content=\"article\" \/>\n<meta property=\"og:title\" content=\"Southwest Pipe Trades Association - So-Called \u201cRight to Work\u201d\" \/>\n<meta property=\"og:description\" content=\"So-Called \u201cRight to Work\u201d is dangerous for construction workers who rely on the wages set through collective bargaining and representation.\" \/>\n<meta property=\"og:url\" content=\"https:\/\/southwestpipetrades.com\/es\/construction-issues\/so-called-right-to-work\/\" \/>\n<meta property=\"og:site_name\" content=\"Southwest Pipe Trades Association\" \/>\n<meta property=\"article:modified_time\" content=\"2022-10-21T12:53:11+00:00\" \/>\n<meta property=\"og:image\" content=\"https:\/\/southwestpipetrades.com\/wp-content\/uploads\/2022\/10\/SWPTA-featured-images46.png\" \/>\n\t<meta property=\"og:image:width\" content=\"1200\" \/>\n\t<meta property=\"og:image:height\" content=\"675\" \/>\n\t<meta property=\"og:image:type\" content=\"image\/png\" \/>\n<meta name=\"twitter:card\" content=\"summary_large_image\" \/>\n<meta name=\"twitter:label1\" content=\"Tiempo de lectura\" \/>\n\t<meta name=\"twitter:data1\" content=\"2 minutos\" \/>\n<script type=\"application\/ld+json\" class=\"yoast-schema-graph\">{\"@context\":\"https:\/\/schema.org\",\"@graph\":[{\"@type\":\"WebPage\",\"@id\":\"https:\/\/southwestpipetrades.com\/construction-issues\/so-called-right-to-work\",\"url\":\"https:\/\/southwestpipetrades.com\/construction-issues\/so-called-right-to-work\",\"name\":\"Southwest Pipe Trades Association - So-Called \u201cRight to Work\u201d\",\"isPartOf\":{\"@id\":\"https:\/\/southwestpipetrades.com\/#website\"},\"datePublished\":\"2021-02-22T16:31:48+00:00\",\"dateModified\":\"2022-10-21T12:53:11+00:00\",\"description\":\"So-Called \u201cRight to Work\u201d is dangerous for construction workers who rely on the wages set through collective bargaining and representation.\",\"breadcrumb\":{\"@id\":\"https:\/\/southwestpipetrades.com\/construction-issues\/so-called-right-to-work#breadcrumb\"},\"inLanguage\":\"es-MX\",\"potentialAction\":[{\"@type\":\"ReadAction\",\"target\":[\"https:\/\/southwestpipetrades.com\/construction-issues\/so-called-right-to-work\"]}]},{\"@type\":\"BreadcrumbList\",\"@id\":\"https:\/\/southwestpipetrades.com\/construction-issues\/so-called-right-to-work#breadcrumb\",\"itemListElement\":[{\"@type\":\"ListItem\",\"position\":1,\"name\":\"Home\",\"item\":\"https:\/\/southwestpipetrades.com\/\"},{\"@type\":\"ListItem\",\"position\":2,\"name\":\"Construction Issues\",\"item\":\"https:\/\/southwestpipetrades.com\/construction-issues\"},{\"@type\":\"ListItem\",\"position\":3,\"name\":\"So-Called &#8216;Right to Work&#8217;\"}]},{\"@type\":\"WebSite\",\"@id\":\"https:\/\/southwestpipetrades.com\/#website\",\"url\":\"https:\/\/southwestpipetrades.com\/\",\"name\":\"Southwest Pipe Trades Association\",\"description\":\"Plumbers, Pipefitters, HVACR Techs in Texas, Oklahoma, New Mexico\",\"publisher\":{\"@id\":\"https:\/\/southwestpipetrades.com\/#organization\"},\"potentialAction\":[{\"@type\":\"SearchAction\",\"target\":{\"@type\":\"EntryPoint\",\"urlTemplate\":\"https:\/\/southwestpipetrades.com\/?s={search_term_string}\"},\"query-input\":\"required name=search_term_string\"}],\"inLanguage\":\"es-MX\"},{\"@type\":\"Organization\",\"@id\":\"https:\/\/southwestpipetrades.com\/#organization\",\"name\":\"Southwest Pipe Trades Assoication\",\"url\":\"https:\/\/southwestpipetrades.com\/\",\"logo\":{\"@type\":\"ImageObject\",\"inLanguage\":\"es-MX\",\"@id\":\"https:\/\/southwestpipetrades.com\/#\/schema\/logo\/image\/\",\"url\":\"https:\/\/southwestpipetrades.com\/wp-content\/uploads\/2020\/09\/SWPTA-2021-Logo-Color-Full-Horizontal-800px.png\",\"contentUrl\":\"https:\/\/southwestpipetrades.com\/wp-content\/uploads\/2020\/09\/SWPTA-2021-Logo-Color-Full-Horizontal-800px.png\",\"width\":800,\"height\":341,\"caption\":\"Southwest Pipe Trades Assoication\"},\"image\":{\"@id\":\"https:\/\/southwestpipetrades.com\/#\/schema\/logo\/image\/\"}}]}<\/script>\n<!-- \/ Yoast SEO plugin. -->","yoast_head_json":{"title":"Asociaci\u00f3n de la Industria de Tuber\u00edas del Suroeste - El llamado \u201cDerecho al Trabajo\u201d","description":"El llamado \u201cderecho al trabajo\u201d es peligroso para los trabajadores de la construcci\u00f3n que dependen de los salarios establecidos mediante la negociaci\u00f3n colectiva y la representaci\u00f3n.","robots":{"index":"index","follow":"follow","max-snippet":"max-snippet:-1","max-image-preview":"max-image-preview:large","max-video-preview":"max-video-preview:-1"},"canonical":"https:\/\/southwestpipetrades.com\/es\/construction-issues\/so-called-right-to-work\/","og_locale":"es_MX","og_type":"article","og_title":"Southwest Pipe Trades Association - So-Called \u201cRight to Work\u201d","og_description":"So-Called \u201cRight to Work\u201d is dangerous for construction workers who rely on the wages set through collective bargaining and representation.","og_url":"https:\/\/southwestpipetrades.com\/es\/construction-issues\/so-called-right-to-work\/","og_site_name":"Southwest Pipe Trades Association","article_modified_time":"2022-10-21T12:53:11+00:00","og_image":[{"width":1200,"height":675,"url":"https:\/\/southwestpipetrades.com\/wp-content\/uploads\/2022\/10\/SWPTA-featured-images46.png","type":"image\/png"}],"twitter_card":"summary_large_image","twitter_misc":{"Tiempo de lectura":"2 minutos"},"schema":{"@context":"https:\/\/schema.org","@graph":[{"@type":"WebPage","@id":"https:\/\/southwestpipetrades.com\/construction-issues\/so-called-right-to-work","url":"https:\/\/southwestpipetrades.com\/construction-issues\/so-called-right-to-work","name":"Asociaci\u00f3n de la Industria de Tuber\u00edas del Suroeste - El llamado \u201cDerecho al Trabajo\u201d","isPartOf":{"@id":"https:\/\/southwestpipetrades.com\/#website"},"datePublished":"2021-02-22T16:31:48+00:00","dateModified":"2022-10-21T12:53:11+00:00","description":"El llamado \u201cderecho al trabajo\u201d es peligroso para los trabajadores de la construcci\u00f3n que dependen de los salarios establecidos mediante la negociaci\u00f3n colectiva y la representaci\u00f3n.","breadcrumb":{"@id":"https:\/\/southwestpipetrades.com\/construction-issues\/so-called-right-to-work#breadcrumb"},"inLanguage":"es-MX","potentialAction":[{"@type":"ReadAction","target":["https:\/\/southwestpipetrades.com\/construction-issues\/so-called-right-to-work"]}]},{"@type":"BreadcrumbList","@id":"https:\/\/southwestpipetrades.com\/construction-issues\/so-called-right-to-work#breadcrumb","itemListElement":[{"@type":"ListItem","position":1,"name":"Home","item":"https:\/\/southwestpipetrades.com\/"},{"@type":"ListItem","position":2,"name":"Construction Issues","item":"https:\/\/southwestpipetrades.com\/construction-issues"},{"@type":"ListItem","position":3,"name":"So-Called &#8216;Right to Work&#8217;"}]},{"@type":"WebSite","@id":"https:\/\/southwestpipetrades.com\/#website","url":"https:\/\/southwestpipetrades.com\/","name":"Asociaci\u00f3n de Comercio de Tuber\u00edas del Suroeste","description":"Fontaneros, instaladores de tuber\u00edas, t\u00e9cnicos de climatizaci\u00f3n en Texas, Oklahoma y Nuevo M\u00e9xico","publisher":{"@id":"https:\/\/southwestpipetrades.com\/#organization"},"potentialAction":[{"@type":"SearchAction","target":{"@type":"EntryPoint","urlTemplate":"https:\/\/southwestpipetrades.com\/?s={search_term_string}"},"query-input":"required name=search_term_string"}],"inLanguage":"es-MX"},{"@type":"Organization","@id":"https:\/\/southwestpipetrades.com\/#organization","name":"Asociaci\u00f3n de Oficios de Tuber\u00edas del Suroeste","url":"https:\/\/southwestpipetrades.com\/","logo":{"@type":"ImageObject","inLanguage":"es-MX","@id":"https:\/\/southwestpipetrades.com\/#\/schema\/logo\/image\/","url":"https:\/\/southwestpipetrades.com\/wp-content\/uploads\/2020\/09\/SWPTA-2021-Logo-Color-Full-Horizontal-800px.png","contentUrl":"https:\/\/southwestpipetrades.com\/wp-content\/uploads\/2020\/09\/SWPTA-2021-Logo-Color-Full-Horizontal-800px.png","width":800,"height":341,"caption":"Southwest Pipe Trades Assoication"},"image":{"@id":"https:\/\/southwestpipetrades.com\/#\/schema\/logo\/image\/"}}]}},"_links":{"self":[{"href":"https:\/\/southwestpipetrades.com\/es\/wp-json\/wp\/v2\/pages\/1714","targetHints":{"allow":["GET"]}}],"collection":[{"href":"https:\/\/southwestpipetrades.com\/es\/wp-json\/wp\/v2\/pages"}],"about":[{"href":"https:\/\/southwestpipetrades.com\/es\/wp-json\/wp\/v2\/types\/page"}],"author":[{"embeddable":true,"href":"https:\/\/southwestpipetrades.com\/es\/wp-json\/wp\/v2\/users\/37"}],"replies":[{"embeddable":true,"href":"https:\/\/southwestpipetrades.com\/es\/wp-json\/wp\/v2\/comments?post=1714"}],"version-history":[{"count":0,"href":"https:\/\/southwestpipetrades.com\/es\/wp-json\/wp\/v2\/pages\/1714\/revisions"}],"up":[{"embeddable":true,"href":"https:\/\/southwestpipetrades.com\/es\/wp-json\/wp\/v2\/pages\/1712"}],"wp:featuredmedia":[{"embeddable":true,"href":"https:\/\/southwestpipetrades.com\/es\/wp-json\/wp\/v2\/media\/3419"}],"wp:attachment":[{"href":"https:\/\/southwestpipetrades.com\/es\/wp-json\/wp\/v2\/media?parent=1714"}],"curies":[{"name":"wp","href":"https:\/\/api.w.org\/{rel}","templated":true}]}}