{"id":1719,"date":"2021-02-22T16:48:42","date_gmt":"2021-02-22T16:48:42","guid":{"rendered":"https:\/\/southwestpipetrades.com\/?page_id=1719"},"modified":"2022-10-21T12:58:50","modified_gmt":"2022-10-21T12:58:50","slug":"project-labor-agreements","status":"publish","type":"page","link":"https:\/\/southwestpipetrades.com\/es\/construction-issues\/project-labor-agreements","title":{"rendered":"Acuerdos Laborales de Proyectos"},"content":{"rendered":"<div data-elementor-type=\"wp-page\" data-elementor-id=\"1719\" class=\"elementor elementor-1719\" data-elementor-settings=\"[]\">\n\t\t\t\t\t\t<div class=\"elementor-inner\">\n\t\t\t\t\t\t\t<div class=\"elementor-section-wrap\">\n\t\t\t\t\t\t\t<section class=\"elementor-section elementor-top-section elementor-element elementor-element-3c83c384 elementor-section-boxed elementor-section-height-default elementor-section-height-default\" data-id=\"3c83c384\" data-element_type=\"section\">\n\t\t\t\t\t\t<div class=\"elementor-container elementor-column-gap-default\">\n\t\t\t\t\t\t\t<div class=\"elementor-row\">\n\t\t\t\t\t<div class=\"elementor-column elementor-col-100 elementor-top-column elementor-element elementor-element-48c9c5e7\" data-id=\"48c9c5e7\" data-element_type=\"column\">\n\t\t\t<div class=\"elementor-column-wrap elementor-element-populated\">\n\t\t\t\t\t\t\t<div class=\"elementor-widget-wrap\">\n\t\t\t\t\t\t<div class=\"elementor-element elementor-element-67fe179 elementor-widget elementor-widget-heading\" data-id=\"67fe179\" data-element_type=\"widget\" data-widget_type=\"heading.default\">\n\t\t\t\t<div class=\"elementor-widget-container\">\n\t\t\t<h1 class=\"elementor-heading-title elementor-size-default\">\u00bfQu\u00e9 es un contrato de trabajo por proyecto?<\/h1>\t\t<\/div>\n\t\t\t\t<\/div>\n\t\t\t\t<div class=\"elementor-element elementor-element-4a2ffac9 elementor-widget elementor-widget-text-editor\" data-id=\"4a2ffac9\" data-element_type=\"widget\" data-widget_type=\"text-editor.default\">\n\t\t\t\t<div class=\"elementor-widget-container\">\n\t\t\t\t\t<div class=\"elementor-text-editor elementor-clearfix\"><h2>\u00bfQu\u00e9 significa un Acuerdo Laboral de Proyecto para los miembros del sector de tuber\u00edas?<\/h2><p>Un acuerdo laboral de proyecto, o PLA, es una herramienta que se utiliza para ayudar a ahorrar dinero en un proyecto. Es un acuerdo celebrado entre grupos laborales y el propietario de un proyecto o contratista general para establecer los t\u00e9rminos y condiciones laborales en un proyecto de construcci\u00f3n en particular. Estos acuerdos ayudan a resolver cualquier problema laboral a nivel de negociaci\u00f3n y evitan paros laborales costosos.<\/p><p><span style=\"font-size: 18px;\">Los PLA garantizan que los trabajadores y trabajadoras tengan la oportunidad de ganar salarios de calidad, atenci\u00f3n m\u00e9dica y beneficios de jubilaci\u00f3n a cambio de su trabajo en un proyecto.<\/span><\/p><p><span style=\"font-size: 18px;\">Si bien los acuerdos laborales de proyecto suelen utilizarse en proyectos financiados con fondos p\u00fablicos, tambi\u00e9n son comunes en el sector privado.<\/span><\/p><h2>\u00bfC\u00f3mo benefician los PLA a los contribuyentes locales?<\/h2><p>Cuando los PLA se utilizan en proyectos financiados con fondos p\u00fablicos, se convierten en herramientas que protegen la inversi\u00f3n de los contribuyentes.<\/p><p><span style=\"font-size: 18px;\">A menudo, en los PLA se incluye un texto dise\u00f1ado para gestionar las disputas laborales, en caso de que surjan. Este texto elimina la posibilidad de una huelga laboral y permite que el proyecto se realice a tiempo.<\/span><\/p><h2>Los PLA garantizan que se utilice mano de obra de calidad durante todo el proyecto.<\/h2><p>Un contrato de trabajo para proyectos garantiza que solo se utilicen trabajadores de la construcci\u00f3n altamente capacitados y calificados para completar un proyecto. Esto incluye una fuerza laboral que haya completado la capacitaci\u00f3n en habilidades requerida y haya obtenido las certificaciones espec\u00edficas de la industria requeridas para realizar el trabajo correctamente. Al contratar solo una fuerza laboral debidamente capacitada, los propietarios de proyectos y los contratistas generales pueden estar seguros de que el trabajo requerido se realizar\u00e1 de manera eficiente, lo que ayudar\u00e1 a que el proyecto finalice a tiempo o antes de lo previsto.<\/p><h2>Los PLA reducen los riesgos de seguridad para los miembros de United Association y SWPTA<\/h2><p>Como condici\u00f3n de un PLA, el propietario del proyecto, el contratista general y la mano de obra pueden acordar normas de seguridad. A menudo, esto significa que los trabajadores deben recibir capacitaci\u00f3n espec\u00edfica en seguridad, repasar los requisitos espec\u00edficos de OSHA del proyecto o puede requerir que la mano de obra obtenga certificaciones de seguridad adicionales. Por ejemplo, un PLA para realizar trabajos dentro de un hospital puede incluir una certificaci\u00f3n de Evaluaci\u00f3n de riesgos de control de infecciones (IRCA).<\/p><p><span style=\"font-size: 18px;\">Al exigir que todos los trabajadores reciban capacitaci\u00f3n en seguridad y acepten seguir todas las pautas de seguridad, el lugar de trabajo ser\u00e1 m\u00e1s seguro, lo que reduce la posibilidad de accidentes, peligros y muertes, todo lo cual puede hacer que se cierre un sitio y se retrase el cronograma de trabajo. Un lugar de trabajo seguro no solo es bueno para los trabajadores, sino tambi\u00e9n para el propietario del proyecto, ya que ayuda a mantener el proyecto dentro del cronograma y, al mismo tiempo, ayuda a reducir los costos inesperados.<\/span><\/p><\/div>\n\t\t\t\t<\/div>\n\t\t\t\t<\/div>\n\t\t\t\t\t\t<\/div>\n\t\t\t\t\t<\/div>\n\t\t<\/div>\n\t\t\t\t\t\t\t\t<\/div>\n\t\t\t\t\t<\/div>\n\t\t<\/section>\n\t\t\t\t<section class=\"elementor-section elementor-top-section elementor-element elementor-element-7521ec76 elementor-section-full_width elementor-section-height-default elementor-section-height-default\" data-id=\"7521ec76\" data-element_type=\"section\">\n\t\t\t\t\t\t<div class=\"elementor-container elementor-column-gap-no\">\n\t\t\t\t\t\t\t<div class=\"elementor-row\">\n\t\t\t\t\t<div class=\"elementor-column elementor-col-100 elementor-top-column elementor-element elementor-element-5bea2b84\" data-id=\"5bea2b84\" data-element_type=\"column\">\n\t\t\t<div class=\"elementor-column-wrap\">\n\t\t\t\t\t\t\t<div class=\"elementor-widget-wrap\">\n\t\t\t\t\t\t\t\t<\/div>\n\t\t\t\t\t<\/div>\n\t\t<\/div>\n\t\t\t\t\t\t\t\t<\/div>\n\t\t\t\t\t<\/div>\n\t\t<\/section>\n\t\t\t\t\t\t<\/div>\n\t\t\t\t\t\t<\/div>\n\t\t\t\t\t<\/div>","protected":false},"excerpt":{"rendered":"<p>\u00bfQu\u00e9 es un contrato de trabajo de proyecto? \u00bfQu\u00e9 significa un contrato de trabajo de proyecto para los trabajadores de tuber\u00edas? Un contrato de trabajo de proyecto, o PLA, es una herramienta que ayuda a ahorrar dinero en un proyecto. Es un acuerdo entre los grupos de trabajadores y el propietario del proyecto o el contratista general para establecer los t\u00e9rminos y condiciones...<\/p>\n<p class=\"read-more\"> <a class=\"\" href=\"https:\/\/southwestpipetrades.com\/es\/construction-issues\/project-labor-agreements\"> <span class=\"screen-reader-text\">Acuerdos Laborales de Proyectos<\/span> Leer m\u00e1s &quot;<\/a><\/p>","protected":false},"author":37,"featured_media":3437,"parent":1712,"menu_order":2,"comment_status":"closed","ping_status":"closed","template":"elementor_header_footer","meta":{"_acf_changed":false,"inline_featured_image":false,"site-sidebar-layout":"default","site-content-layout":"default","ast-global-header-display":"","ast-main-header-display":"","ast-hfb-above-header-display":"","ast-hfb-below-header-display":"","ast-hfb-mobile-header-display":"","site-post-title":"","ast-breadcrumbs-content":"","ast-featured-img":"","footer-sml-layout":"","theme-transparent-header-meta":"default","adv-header-id-meta":"","stick-header-meta":"default","header-above-stick-meta":"","header-main-stick-meta":"","header-below-stick-meta":"","footnotes":""},"class_list":["post-1719","page","type-page","status-publish","has-post-thumbnail","hentry"],"acf":[],"yoast_head":"<!-- This site is optimized with the Yoast SEO plugin v21.4 - https:\/\/yoast.com\/wordpress\/plugins\/seo\/ -->\n<title>Southwest Pipe Trades Association - Project Labor Agreements<\/title>\n<meta name=\"description\" content=\"Project Labor Agreements are beneficial, as they ensure work for local professionals as well as make the jobsite safer for all SWPTA members.\" \/>\n<meta name=\"robots\" content=\"index, follow, max-snippet:-1, max-image-preview:large, max-video-preview:-1\" \/>\n<link rel=\"canonical\" href=\"https:\/\/southwestpipetrades.com\/es\/construction-issues\/project-labor-agreements\/\" \/>\n<meta property=\"og:locale\" content=\"es_MX\" \/>\n<meta property=\"og:type\" content=\"article\" \/>\n<meta property=\"og:title\" content=\"Southwest Pipe Trades Association - Project Labor Agreements\" \/>\n<meta property=\"og:description\" content=\"Project Labor Agreements are beneficial, as they ensure work for local professionals as well as make the jobsite safer for all SWPTA members.\" \/>\n<meta property=\"og:url\" content=\"https:\/\/southwestpipetrades.com\/es\/construction-issues\/project-labor-agreements\/\" \/>\n<meta property=\"og:site_name\" content=\"Southwest Pipe Trades Association\" \/>\n<meta property=\"article:modified_time\" content=\"2022-10-21T12:58:50+00:00\" \/>\n<meta property=\"og:image\" content=\"https:\/\/southwestpipetrades.com\/wp-content\/uploads\/2022\/10\/SWPTA-featured-images16.png\" \/>\n\t<meta property=\"og:image:width\" content=\"1200\" \/>\n\t<meta property=\"og:image:height\" content=\"675\" \/>\n\t<meta property=\"og:image:type\" content=\"image\/png\" \/>\n<meta name=\"twitter:card\" content=\"summary_large_image\" \/>\n<meta name=\"twitter:label1\" content=\"Tiempo de lectura\" \/>\n\t<meta name=\"twitter:data1\" content=\"2 minutos\" \/>\n<script type=\"application\/ld+json\" class=\"yoast-schema-graph\">{\"@context\":\"https:\/\/schema.org\",\"@graph\":[{\"@type\":\"WebPage\",\"@id\":\"https:\/\/southwestpipetrades.com\/construction-issues\/project-labor-agreements\",\"url\":\"https:\/\/southwestpipetrades.com\/construction-issues\/project-labor-agreements\",\"name\":\"Southwest Pipe Trades Association - Project Labor Agreements\",\"isPartOf\":{\"@id\":\"https:\/\/southwestpipetrades.com\/#website\"},\"datePublished\":\"2021-02-22T16:48:42+00:00\",\"dateModified\":\"2022-10-21T12:58:50+00:00\",\"description\":\"Project Labor Agreements are beneficial, as they ensure work for local professionals as well as make the jobsite safer for all SWPTA members.\",\"breadcrumb\":{\"@id\":\"https:\/\/southwestpipetrades.com\/construction-issues\/project-labor-agreements#breadcrumb\"},\"inLanguage\":\"es-MX\",\"potentialAction\":[{\"@type\":\"ReadAction\",\"target\":[\"https:\/\/southwestpipetrades.com\/construction-issues\/project-labor-agreements\"]}]},{\"@type\":\"BreadcrumbList\",\"@id\":\"https:\/\/southwestpipetrades.com\/construction-issues\/project-labor-agreements#breadcrumb\",\"itemListElement\":[{\"@type\":\"ListItem\",\"position\":1,\"name\":\"Home\",\"item\":\"https:\/\/southwestpipetrades.com\/\"},{\"@type\":\"ListItem\",\"position\":2,\"name\":\"Construction Issues\",\"item\":\"https:\/\/southwestpipetrades.com\/construction-issues\"},{\"@type\":\"ListItem\",\"position\":3,\"name\":\"Project Labor Agreements\"}]},{\"@type\":\"WebSite\",\"@id\":\"https:\/\/southwestpipetrades.com\/#website\",\"url\":\"https:\/\/southwestpipetrades.com\/\",\"name\":\"Southwest Pipe Trades Association\",\"description\":\"Plumbers, Pipefitters, HVACR Techs in Texas, Oklahoma, New Mexico\",\"publisher\":{\"@id\":\"https:\/\/southwestpipetrades.com\/#organization\"},\"potentialAction\":[{\"@type\":\"SearchAction\",\"target\":{\"@type\":\"EntryPoint\",\"urlTemplate\":\"https:\/\/southwestpipetrades.com\/?s={search_term_string}\"},\"query-input\":\"required name=search_term_string\"}],\"inLanguage\":\"es-MX\"},{\"@type\":\"Organization\",\"@id\":\"https:\/\/southwestpipetrades.com\/#organization\",\"name\":\"Southwest Pipe Trades Assoication\",\"url\":\"https:\/\/southwestpipetrades.com\/\",\"logo\":{\"@type\":\"ImageObject\",\"inLanguage\":\"es-MX\",\"@id\":\"https:\/\/southwestpipetrades.com\/#\/schema\/logo\/image\/\",\"url\":\"https:\/\/southwestpipetrades.com\/wp-content\/uploads\/2020\/09\/SWPTA-2021-Logo-Color-Full-Horizontal-800px.png\",\"contentUrl\":\"https:\/\/southwestpipetrades.com\/wp-content\/uploads\/2020\/09\/SWPTA-2021-Logo-Color-Full-Horizontal-800px.png\",\"width\":800,\"height\":341,\"caption\":\"Southwest Pipe Trades Assoication\"},\"image\":{\"@id\":\"https:\/\/southwestpipetrades.com\/#\/schema\/logo\/image\/\"}}]}<\/script>\n<!-- \/ Yoast SEO plugin. -->","yoast_head_json":{"title":"Southwest Pipe Trades Association - Project Labor Agreements","description":"Project Labor Agreements are beneficial, as they ensure work for local professionals as well as make the jobsite safer for all SWPTA members.","robots":{"index":"index","follow":"follow","max-snippet":"max-snippet:-1","max-image-preview":"max-image-preview:large","max-video-preview":"max-video-preview:-1"},"canonical":"https:\/\/southwestpipetrades.com\/es\/construction-issues\/project-labor-agreements\/","og_locale":"es_MX","og_type":"article","og_title":"Southwest Pipe Trades Association - Project Labor Agreements","og_description":"Project Labor Agreements are beneficial, as they ensure work for local professionals as well as make the jobsite safer for all SWPTA members.","og_url":"https:\/\/southwestpipetrades.com\/es\/construction-issues\/project-labor-agreements\/","og_site_name":"Southwest Pipe Trades Association","article_modified_time":"2022-10-21T12:58:50+00:00","og_image":[{"width":1200,"height":675,"url":"https:\/\/southwestpipetrades.com\/wp-content\/uploads\/2022\/10\/SWPTA-featured-images16.png","type":"image\/png"}],"twitter_card":"summary_large_image","twitter_misc":{"Tiempo de lectura":"2 minutos"},"schema":{"@context":"https:\/\/schema.org","@graph":[{"@type":"WebPage","@id":"https:\/\/southwestpipetrades.com\/construction-issues\/project-labor-agreements","url":"https:\/\/southwestpipetrades.com\/construction-issues\/project-labor-agreements","name":"Southwest Pipe Trades Association - Project Labor Agreements","isPartOf":{"@id":"https:\/\/southwestpipetrades.com\/#website"},"datePublished":"2021-02-22T16:48:42+00:00","dateModified":"2022-10-21T12:58:50+00:00","description":"Project Labor Agreements are beneficial, as they ensure work for local professionals as well as make the jobsite safer for all SWPTA members.","breadcrumb":{"@id":"https:\/\/southwestpipetrades.com\/construction-issues\/project-labor-agreements#breadcrumb"},"inLanguage":"es-MX","potentialAction":[{"@type":"ReadAction","target":["https:\/\/southwestpipetrades.com\/construction-issues\/project-labor-agreements"]}]},{"@type":"BreadcrumbList","@id":"https:\/\/southwestpipetrades.com\/construction-issues\/project-labor-agreements#breadcrumb","itemListElement":[{"@type":"ListItem","position":1,"name":"Home","item":"https:\/\/southwestpipetrades.com\/"},{"@type":"ListItem","position":2,"name":"Construction Issues","item":"https:\/\/southwestpipetrades.com\/construction-issues"},{"@type":"ListItem","position":3,"name":"Project Labor Agreements"}]},{"@type":"WebSite","@id":"https:\/\/southwestpipetrades.com\/#website","url":"https:\/\/southwestpipetrades.com\/","name":"Asociaci\u00f3n de Comercio de Tuber\u00edas del Suroeste","description":"Fontaneros, instaladores de tuber\u00edas, t\u00e9cnicos de climatizaci\u00f3n en Texas, Oklahoma y Nuevo M\u00e9xico","publisher":{"@id":"https:\/\/southwestpipetrades.com\/#organization"},"potentialAction":[{"@type":"SearchAction","target":{"@type":"EntryPoint","urlTemplate":"https:\/\/southwestpipetrades.com\/?s={search_term_string}"},"query-input":"required name=search_term_string"}],"inLanguage":"es-MX"},{"@type":"Organization","@id":"https:\/\/southwestpipetrades.com\/#organization","name":"Asociaci\u00f3n de Oficios de Tuber\u00edas del Suroeste","url":"https:\/\/southwestpipetrades.com\/","logo":{"@type":"ImageObject","inLanguage":"es-MX","@id":"https:\/\/southwestpipetrades.com\/#\/schema\/logo\/image\/","url":"https:\/\/southwestpipetrades.com\/wp-content\/uploads\/2020\/09\/SWPTA-2021-Logo-Color-Full-Horizontal-800px.png","contentUrl":"https:\/\/southwestpipetrades.com\/wp-content\/uploads\/2020\/09\/SWPTA-2021-Logo-Color-Full-Horizontal-800px.png","width":800,"height":341,"caption":"Southwest Pipe Trades Assoication"},"image":{"@id":"https:\/\/southwestpipetrades.com\/#\/schema\/logo\/image\/"}}]}},"_links":{"self":[{"href":"https:\/\/southwestpipetrades.com\/es\/wp-json\/wp\/v2\/pages\/1719","targetHints":{"allow":["GET"]}}],"collection":[{"href":"https:\/\/southwestpipetrades.com\/es\/wp-json\/wp\/v2\/pages"}],"about":[{"href":"https:\/\/southwestpipetrades.com\/es\/wp-json\/wp\/v2\/types\/page"}],"author":[{"embeddable":true,"href":"https:\/\/southwestpipetrades.com\/es\/wp-json\/wp\/v2\/users\/37"}],"replies":[{"embeddable":true,"href":"https:\/\/southwestpipetrades.com\/es\/wp-json\/wp\/v2\/comments?post=1719"}],"version-history":[{"count":0,"href":"https:\/\/southwestpipetrades.com\/es\/wp-json\/wp\/v2\/pages\/1719\/revisions"}],"up":[{"embeddable":true,"href":"https:\/\/southwestpipetrades.com\/es\/wp-json\/wp\/v2\/pages\/1712"}],"wp:featuredmedia":[{"embeddable":true,"href":"https:\/\/southwestpipetrades.com\/es\/wp-json\/wp\/v2\/media\/3437"}],"wp:attachment":[{"href":"https:\/\/southwestpipetrades.com\/es\/wp-json\/wp\/v2\/media?parent=1719"}],"curies":[{"name":"wp","href":"https:\/\/api.w.org\/{rel}","templated":true}]}}