{"id":172,"date":"2017-02-14T12:53:19","date_gmt":"2017-02-14T12:53:19","guid":{"rendered":"http:\/\/southwestpipe.wpengine.com\/?page_id=172"},"modified":"2022-10-21T14:05:57","modified_gmt":"2022-10-21T14:05:57","slug":"pipe-fitters","status":"publish","type":"page","link":"https:\/\/southwestpipetrades.com\/es\/careers\/pipe-fitters","title":{"rendered":"Filtros para tuber\u00eda"},"content":{"rendered":"<div data-elementor-type=\"wp-page\" data-elementor-id=\"172\" class=\"elementor elementor-172\" data-elementor-settings=\"[]\">\n\t\t\t\t\t\t<div class=\"elementor-inner\">\n\t\t\t\t\t\t\t<div class=\"elementor-section-wrap\">\n\t\t\t\t\t\t\t<section class=\"elementor-section elementor-top-section elementor-element elementor-element-1d743f65 elementor-section-boxed elementor-section-height-default elementor-section-height-default\" data-id=\"1d743f65\" data-element_type=\"section\">\n\t\t\t\t\t\t<div class=\"elementor-container elementor-column-gap-default\">\n\t\t\t\t\t\t\t<div class=\"elementor-row\">\n\t\t\t\t\t<div class=\"elementor-column elementor-col-50 elementor-top-column elementor-element elementor-element-7b1ac95a\" data-id=\"7b1ac95a\" data-element_type=\"column\">\n\t\t\t<div class=\"elementor-column-wrap elementor-element-populated\">\n\t\t\t\t\t\t\t<div class=\"elementor-widget-wrap\">\n\t\t\t\t\t\t<div class=\"elementor-element elementor-element-48bf08fa elementor-widget elementor-widget-heading\" data-id=\"48bf08fa\" data-element_type=\"widget\" data-widget_type=\"heading.default\">\n\t\t\t\t<div class=\"elementor-widget-container\">\n\t\t\t<h4 class=\"elementor-heading-title elementor-size-default\">CARRERAS DE INSTALADOR DE TUBER\u00cdAS<\/h4>\t\t<\/div>\n\t\t\t\t<\/div>\n\t\t\t\t<div class=\"elementor-element elementor-element-67615bc3 elementor-widget elementor-widget-heading\" data-id=\"67615bc3\" data-element_type=\"widget\" data-widget_type=\"heading.default\">\n\t\t\t\t<div class=\"elementor-widget-container\">\n\t\t\t<h1 class=\"elementor-heading-title elementor-size-default\">Convi\u00e9rtete en un instalador de tuber\u00edas sindicalizado<\/h1>\t\t<\/div>\n\t\t\t\t<\/div>\n\t\t\t\t<div class=\"elementor-element elementor-element-3f764524 elementor-widget elementor-widget-spacer\" data-id=\"3f764524\" data-element_type=\"widget\" data-widget_type=\"spacer.default\">\n\t\t\t\t<div class=\"elementor-widget-container\">\n\t\t\t\t\t<div class=\"elementor-spacer\">\n\t\t\t<div class=\"elementor-spacer-inner\"><\/div>\n\t\t<\/div>\n\t\t\t\t<\/div>\n\t\t\t\t<\/div>\n\t\t\t\t<div class=\"elementor-element elementor-element-7062bd16 elementor-widget elementor-widget-image\" data-id=\"7062bd16\" data-element_type=\"widget\" data-widget_type=\"image.default\">\n\t\t\t\t<div class=\"elementor-widget-container\">\n\t\t\t\t\t<div class=\"elementor-image\">\n\t\t\t\t\t\t\t\t\t\t<img loading=\"lazy\" decoding=\"async\" width=\"1024\" height=\"1024\" src=\"https:\/\/southwestpipetrades.com\/wp-content\/uploads\/2020\/10\/pipe-fitter-career-1024x1024.jpg\" class=\"attachment-large size-large\" alt=\"Union Pipe Fitter as a Career\" srcset=\"https:\/\/southwestpipetrades.com\/wp-content\/uploads\/2020\/10\/pipe-fitter-career.jpg 1024w, https:\/\/southwestpipetrades.com\/wp-content\/uploads\/2020\/10\/pipe-fitter-career-300x300.jpg 300w, https:\/\/southwestpipetrades.com\/wp-content\/uploads\/2020\/10\/pipe-fitter-career-150x150.jpg 150w, https:\/\/southwestpipetrades.com\/wp-content\/uploads\/2020\/10\/pipe-fitter-career-768x768.jpg 768w, https:\/\/southwestpipetrades.com\/wp-content\/uploads\/2020\/10\/pipe-fitter-career-684x684.jpg 684w\" sizes=\"auto, (max-width: 1024px) 100vw, 1024px\" \/>\t\t\t\t\t\t\t\t\t\t\t<\/div>\n\t\t\t\t<\/div>\n\t\t\t\t<\/div>\n\t\t\t\t<div class=\"elementor-element elementor-element-841c50d elementor-widget elementor-widget-spacer\" data-id=\"841c50d\" data-element_type=\"widget\" data-widget_type=\"spacer.default\">\n\t\t\t\t<div class=\"elementor-widget-container\">\n\t\t\t\t\t<div class=\"elementor-spacer\">\n\t\t\t<div class=\"elementor-spacer-inner\"><\/div>\n\t\t<\/div>\n\t\t\t\t<\/div>\n\t\t\t\t<\/div>\n\t\t\t\t<div class=\"elementor-element elementor-element-71aa3e5 elementor-widget elementor-widget-text-editor\" data-id=\"71aa3e5\" data-element_type=\"widget\" data-widget_type=\"text-editor.default\">\n\t\t\t\t<div class=\"elementor-widget-container\">\n\t\t\t\t\t<div class=\"elementor-text-editor elementor-clearfix\"><h2>Se necesitan instaladores de tuber\u00edas sindicalizados en muchas industrias en todo el suroeste.<\/h2><p>Los instaladores de tuber\u00edas fabrican, instalan, reparan y mantienen sistemas de tuber\u00edas que se encuentran en una variedad de entornos, incluidos:<\/p><ul><li>Negocios comerciales<\/li><li>Edificios residenciales<\/li><li>Instalaciones industriales<\/li><li>Oleoductos en todo el suroeste<\/li><\/ul><p>Los instaladores de tuber\u00edas son trabajadores altamente capacitados y vers\u00e1tiles que pueden trabajar en casi cualquier industria y en cualquier tipo de proyecto, incluidos:<\/p><ul><li>Gas<\/li><li>Tuber\u00eda de aire y agua<\/li><li>Tuber\u00eda de amoniaco<\/li><li>Instrumentaci\u00f3n comercial<\/li><li>Tuber\u00eda de alta pureza<\/li><li>Calefacci\u00f3n hidr\u00f3nica<\/li><li>Sistemas de gases medicinales<\/li><li>Fabricaci\u00f3n de tuber\u00edas<\/li><li>Tuber\u00edas<\/li><li>Tuber\u00eda de potencia<\/li><li>Tuber\u00eda de proceso<\/li><li>Proyectos de eficiencia energ\u00e9tica<\/li><li>Tuber\u00eda de vapor<\/li><li>Tuber\u00eda de vac\u00edo<\/li><li>Otros proyectos<\/li><\/ul><p>Las habilidades de un instalador de tuber\u00edas y los distintos tipos de trabajos que puede realizar lo convierten en activos valiosos en cualquier proyecto, por lo que gana un salario de calidad y recibe un excelente paquete de beneficios.<\/p><\/div>\n\t\t\t\t<\/div>\n\t\t\t\t<\/div>\n\t\t\t\t<div class=\"elementor-element elementor-element-1d07c1eb elementor-widget elementor-widget-spacer\" data-id=\"1d07c1eb\" data-element_type=\"widget\" data-widget_type=\"spacer.default\">\n\t\t\t\t<div class=\"elementor-widget-container\">\n\t\t\t\t\t<div class=\"elementor-spacer\">\n\t\t\t<div class=\"elementor-spacer-inner\"><\/div>\n\t\t<\/div>\n\t\t\t\t<\/div>\n\t\t\t\t<\/div>\n\t\t\t\t\t\t<\/div>\n\t\t\t\t\t<\/div>\n\t\t<\/div>\n\t\t\t\t<div class=\"elementor-column elementor-col-50 elementor-top-column elementor-element elementor-element-6478211a\" data-id=\"6478211a\" data-element_type=\"column\">\n\t\t\t<div class=\"elementor-column-wrap elementor-element-populated\">\n\t\t\t\t\t\t\t<div class=\"elementor-widget-wrap\">\n\t\t\t\t\t\t<div class=\"elementor-element elementor-element-2a77a258 elementor-widget elementor-widget-text-editor\" data-id=\"2a77a258\" data-element_type=\"widget\" data-widget_type=\"text-editor.default\">\n\t\t\t\t<div class=\"elementor-widget-container\">\n\t\t\t\t\t<div class=\"elementor-text-editor elementor-clearfix\"><h2>Capacitaci\u00f3n para instaladores de tuber\u00edas de la Asociaci\u00f3n Unida\u00a0<\/h2><p>Los aspirantes a instaladores de tuber\u00edas que deseen convertirse en instaladores de tuber\u00edas de SWPTA deben realizar un programa de aprendizaje de cinco a\u00f1os registrado por la United Association (UA), donde reciben una capacitaci\u00f3n l\u00edder en la industria. Si una persona ingresa y ya tiene experiencia, puede completar su aprendizaje en menos de cinco a\u00f1os, seg\u00fan sus habilidades y su nivel de educaci\u00f3n y experiencia en la industria.<\/p><p><span style=\"font-size: 18px;\">Como aprendices, los nuevos instaladores de tuber\u00edas tienen la oportunidad de ganar dinero mientras aprenden. Esto significa que ganan un salario digno y reciben grandes beneficios mientras obtienen su educaci\u00f3n tanto en el trabajo como en el aula.<\/span><\/p><p><span style=\"font-size: 18px;\">La mayor parte de la formaci\u00f3n de un aprendiz se lleva a cabo en el trabajo, donde aprende las realidades cotidianas del trabajo de la mano de instaladores de tuber\u00edas profesionales altamente calificados y experimentados. Luego, aprovechan esta experiencia laboral y la combinan con la instrucci\u00f3n en el aula que reciben en su centro de capacitaci\u00f3n de la UA para convertirse en instaladores de tuber\u00edas completos. Es importante se\u00f1alar que todas las clases del centro de capacitaci\u00f3n de la UA son impartidas por instructores acreditados, lo que garantiza que cada aprendiz se convierta eventualmente en un instalador de tuber\u00edas profesional altamente calificado, capacitado y certificado.<\/span><\/p><p><span style=\"font-size: 18px;\">Despu\u00e9s de completar su programa de aprendizaje y convertirse en oficiales, se recomienda encarecidamente a los instaladores de tuber\u00edas que contin\u00faen su educaci\u00f3n tomando regularmente clases de actualizaci\u00f3n para mantener o ampliar sus certificaciones y asegurarse de estar actualizados con los \u00faltimos avances tecnol\u00f3gicos de la industria.<\/span><\/p><\/div>\n\t\t\t\t<\/div>\n\t\t\t\t<\/div>\n\t\t\t\t\t\t<\/div>\n\t\t\t\t\t<\/div>\n\t\t<\/div>\n\t\t\t\t\t\t\t\t<\/div>\n\t\t\t\t\t<\/div>\n\t\t<\/section>\n\t\t\t\t<section class=\"elementor-section elementor-top-section elementor-element elementor-element-20a9e977 elementor-section-boxed elementor-section-height-default elementor-section-height-default\" data-id=\"20a9e977\" data-element_type=\"section\">\n\t\t\t\t\t\t<div class=\"elementor-container elementor-column-gap-default\">\n\t\t\t\t\t\t\t<div class=\"elementor-row\">\n\t\t\t\t\t<div class=\"elementor-column elementor-col-100 elementor-top-column elementor-element elementor-element-7802ee08\" data-id=\"7802ee08\" data-element_type=\"column\">\n\t\t\t<div class=\"elementor-column-wrap elementor-element-populated\">\n\t\t\t\t\t\t\t<div class=\"elementor-widget-wrap\">\n\t\t\t\t\t\t<div class=\"elementor-element elementor-element-52e24901 elementor-widget elementor-widget-spacer\" data-id=\"52e24901\" data-element_type=\"widget\" data-widget_type=\"spacer.default\">\n\t\t\t\t<div class=\"elementor-widget-container\">\n\t\t\t\t\t<div class=\"elementor-spacer\">\n\t\t\t<div class=\"elementor-spacer-inner\"><\/div>\n\t\t<\/div>\n\t\t\t\t<\/div>\n\t\t\t\t<\/div>\n\t\t\t\t\t\t<\/div>\n\t\t\t\t\t<\/div>\n\t\t<\/div>\n\t\t\t\t\t\t\t\t<\/div>\n\t\t\t\t\t<\/div>\n\t\t<\/section>\n\t\t\t\t\t\t<\/div>\n\t\t\t\t\t\t<\/div>\n\t\t\t\t\t<\/div>","protected":false},"excerpt":{"rendered":"<p>CARRERAS DE INSTALADOR DE TUBER\u00cdAS Convi\u00e9rtete en un instalador de tuber\u00edas sindicalizado Se necesitan instaladores de tuber\u00edas sindicalizados en muchas industrias en todo el suroeste Los instaladores de tuber\u00edas fabrican, instalan, reparan y mantienen sistemas de tuber\u00edas que se encuentran en una variedad de entornos, incluidos: Negocios comerciales Edificios residenciales Instalaciones industriales Tuber\u00edas en todo el suroeste Los instaladores de tuber\u00edas son comerciantes y comerciantes altamente capacitados y vers\u00e1tiles, que pueden trabajar en casi cualquier\u2026<\/p>\n<p class=\"read-more\"> <a class=\"\" href=\"https:\/\/southwestpipetrades.com\/es\/careers\/pipe-fitters\"> <span class=\"screen-reader-text\">Filtros para tuber\u00eda<\/span> Leer m\u00e1s &quot;<\/a><\/p>","protected":false},"author":37,"featured_media":3456,"parent":1269,"menu_order":1,"comment_status":"closed","ping_status":"closed","template":"elementor_header_footer","meta":{"_acf_changed":false,"inline_featured_image":false,"site-sidebar-layout":"default","site-content-layout":"default","ast-global-header-display":"","ast-main-header-display":"","ast-hfb-above-header-display":"","ast-hfb-below-header-display":"","ast-hfb-mobile-header-display":"","site-post-title":"","ast-breadcrumbs-content":"","ast-featured-img":"","footer-sml-layout":"","theme-transparent-header-meta":"default","adv-header-id-meta":"","stick-header-meta":"default","header-above-stick-meta":"","header-main-stick-meta":"","header-below-stick-meta":"","footnotes":""},"class_list":["post-172","page","type-page","status-publish","has-post-thumbnail","hentry"],"acf":[],"yoast_head":"<!-- This site is optimized with the Yoast SEO plugin v21.4 - https:\/\/yoast.com\/wordpress\/plugins\/seo\/ -->\n<title>Southwest Pipe Trades Association - Become a Union Pipefitter<\/title>\n<meta name=\"description\" content=\"Start your career with a Local Union in the Southwest Pipe Trades Association to become the industry&#039;s top pipefitter.\" \/>\n<meta name=\"robots\" content=\"index, follow, max-snippet:-1, max-image-preview:large, max-video-preview:-1\" \/>\n<link rel=\"canonical\" href=\"https:\/\/southwestpipetrades.com\/es\/careers\/pipe-fitters\/\" \/>\n<meta property=\"og:locale\" content=\"es_MX\" \/>\n<meta property=\"og:type\" content=\"article\" \/>\n<meta property=\"og:title\" content=\"Southwest Pipe Trades Association - Become a Union Pipefitter\" \/>\n<meta property=\"og:description\" content=\"Start your career with a Local Union in the Southwest Pipe Trades Association to become the industry&#039;s top pipefitter.\" \/>\n<meta property=\"og:url\" content=\"https:\/\/southwestpipetrades.com\/es\/careers\/pipe-fitters\/\" \/>\n<meta property=\"og:site_name\" content=\"Southwest Pipe Trades Association\" \/>\n<meta property=\"article:modified_time\" content=\"2022-10-21T14:05:57+00:00\" \/>\n<meta property=\"og:image\" content=\"https:\/\/southwestpipetrades.com\/wp-content\/uploads\/2022\/10\/SWPTA-featured-images35.png\" \/>\n\t<meta property=\"og:image:width\" content=\"1200\" \/>\n\t<meta property=\"og:image:height\" content=\"675\" \/>\n\t<meta property=\"og:image:type\" content=\"image\/png\" \/>\n<meta name=\"twitter:card\" content=\"summary_large_image\" \/>\n<meta name=\"twitter:label1\" content=\"Tiempo de lectura\" \/>\n\t<meta name=\"twitter:data1\" content=\"2 minutos\" \/>\n<script type=\"application\/ld+json\" class=\"yoast-schema-graph\">{\"@context\":\"https:\/\/schema.org\",\"@graph\":[{\"@type\":\"WebPage\",\"@id\":\"https:\/\/southwestpipetrades.com\/careers\/pipe-fitters\",\"url\":\"https:\/\/southwestpipetrades.com\/careers\/pipe-fitters\",\"name\":\"Southwest Pipe Trades Association - Become a Union Pipefitter\",\"isPartOf\":{\"@id\":\"https:\/\/southwestpipetrades.com\/#website\"},\"datePublished\":\"2017-02-14T12:53:19+00:00\",\"dateModified\":\"2022-10-21T14:05:57+00:00\",\"description\":\"Start your career with a Local Union in the Southwest Pipe Trades Association to become the industry's top pipefitter.\",\"breadcrumb\":{\"@id\":\"https:\/\/southwestpipetrades.com\/careers\/pipe-fitters#breadcrumb\"},\"inLanguage\":\"es-MX\",\"potentialAction\":[{\"@type\":\"ReadAction\",\"target\":[\"https:\/\/southwestpipetrades.com\/careers\/pipe-fitters\"]}]},{\"@type\":\"BreadcrumbList\",\"@id\":\"https:\/\/southwestpipetrades.com\/careers\/pipe-fitters#breadcrumb\",\"itemListElement\":[{\"@type\":\"ListItem\",\"position\":1,\"name\":\"Home\",\"item\":\"https:\/\/southwestpipetrades.com\/\"},{\"@type\":\"ListItem\",\"position\":2,\"name\":\"Careers\",\"item\":\"https:\/\/southwestpipetrades.com\/careers\"},{\"@type\":\"ListItem\",\"position\":3,\"name\":\"Pipefitters\"}]},{\"@type\":\"WebSite\",\"@id\":\"https:\/\/southwestpipetrades.com\/#website\",\"url\":\"https:\/\/southwestpipetrades.com\/\",\"name\":\"Southwest Pipe Trades Association\",\"description\":\"Plumbers, Pipefitters, HVACR Techs in Texas, Oklahoma, New Mexico\",\"publisher\":{\"@id\":\"https:\/\/southwestpipetrades.com\/#organization\"},\"potentialAction\":[{\"@type\":\"SearchAction\",\"target\":{\"@type\":\"EntryPoint\",\"urlTemplate\":\"https:\/\/southwestpipetrades.com\/?s={search_term_string}\"},\"query-input\":\"required name=search_term_string\"}],\"inLanguage\":\"es-MX\"},{\"@type\":\"Organization\",\"@id\":\"https:\/\/southwestpipetrades.com\/#organization\",\"name\":\"Southwest Pipe Trades Assoication\",\"url\":\"https:\/\/southwestpipetrades.com\/\",\"logo\":{\"@type\":\"ImageObject\",\"inLanguage\":\"es-MX\",\"@id\":\"https:\/\/southwestpipetrades.com\/#\/schema\/logo\/image\/\",\"url\":\"https:\/\/southwestpipetrades.com\/wp-content\/uploads\/2020\/09\/SWPTA-2021-Logo-Color-Full-Horizontal-800px.png\",\"contentUrl\":\"https:\/\/southwestpipetrades.com\/wp-content\/uploads\/2020\/09\/SWPTA-2021-Logo-Color-Full-Horizontal-800px.png\",\"width\":800,\"height\":341,\"caption\":\"Southwest Pipe Trades Assoication\"},\"image\":{\"@id\":\"https:\/\/southwestpipetrades.com\/#\/schema\/logo\/image\/\"}}]}<\/script>\n<!-- \/ Yoast SEO plugin. -->","yoast_head_json":{"title":"Asociaci\u00f3n de Instaladores de Tuber\u00edas del Suroeste - Convi\u00e9rtase en instalador de tuber\u00edas sindicalizado","description":"Inicia tu carrera profesional con un sindicato local en la Asociaci\u00f3n de Oficios de Tuber\u00edas del Suroeste para convertirte en el mejor instalador de tuber\u00edas del sector.","robots":{"index":"index","follow":"follow","max-snippet":"max-snippet:-1","max-image-preview":"max-image-preview:large","max-video-preview":"max-video-preview:-1"},"canonical":"https:\/\/southwestpipetrades.com\/es\/careers\/pipe-fitters\/","og_locale":"es_MX","og_type":"article","og_title":"Southwest Pipe Trades Association - Become a Union Pipefitter","og_description":"Start your career with a Local Union in the Southwest Pipe Trades Association to become the industry's top pipefitter.","og_url":"https:\/\/southwestpipetrades.com\/es\/careers\/pipe-fitters\/","og_site_name":"Southwest Pipe Trades Association","article_modified_time":"2022-10-21T14:05:57+00:00","og_image":[{"width":1200,"height":675,"url":"https:\/\/southwestpipetrades.com\/wp-content\/uploads\/2022\/10\/SWPTA-featured-images35.png","type":"image\/png"}],"twitter_card":"summary_large_image","twitter_misc":{"Tiempo de lectura":"2 minutos"},"schema":{"@context":"https:\/\/schema.org","@graph":[{"@type":"WebPage","@id":"https:\/\/southwestpipetrades.com\/careers\/pipe-fitters","url":"https:\/\/southwestpipetrades.com\/careers\/pipe-fitters","name":"Asociaci\u00f3n de Instaladores de Tuber\u00edas del Suroeste - Convi\u00e9rtase en instalador de tuber\u00edas sindicalizado","isPartOf":{"@id":"https:\/\/southwestpipetrades.com\/#website"},"datePublished":"2017-02-14T12:53:19+00:00","dateModified":"2022-10-21T14:05:57+00:00","description":"Inicia tu carrera profesional con un sindicato local en la Asociaci\u00f3n de Oficios de Tuber\u00edas del Suroeste para convertirte en el mejor instalador de tuber\u00edas del sector.","breadcrumb":{"@id":"https:\/\/southwestpipetrades.com\/careers\/pipe-fitters#breadcrumb"},"inLanguage":"es-MX","potentialAction":[{"@type":"ReadAction","target":["https:\/\/southwestpipetrades.com\/careers\/pipe-fitters"]}]},{"@type":"BreadcrumbList","@id":"https:\/\/southwestpipetrades.com\/careers\/pipe-fitters#breadcrumb","itemListElement":[{"@type":"ListItem","position":1,"name":"Home","item":"https:\/\/southwestpipetrades.com\/"},{"@type":"ListItem","position":2,"name":"Careers","item":"https:\/\/southwestpipetrades.com\/careers"},{"@type":"ListItem","position":3,"name":"Pipefitters"}]},{"@type":"WebSite","@id":"https:\/\/southwestpipetrades.com\/#website","url":"https:\/\/southwestpipetrades.com\/","name":"Asociaci\u00f3n de Comercio de Tuber\u00edas del Suroeste","description":"Fontaneros, instaladores de tuber\u00edas, t\u00e9cnicos de climatizaci\u00f3n en Texas, Oklahoma y Nuevo M\u00e9xico","publisher":{"@id":"https:\/\/southwestpipetrades.com\/#organization"},"potentialAction":[{"@type":"SearchAction","target":{"@type":"EntryPoint","urlTemplate":"https:\/\/southwestpipetrades.com\/?s={search_term_string}"},"query-input":"required name=search_term_string"}],"inLanguage":"es-MX"},{"@type":"Organization","@id":"https:\/\/southwestpipetrades.com\/#organization","name":"Asociaci\u00f3n de Oficios de Tuber\u00edas del Suroeste","url":"https:\/\/southwestpipetrades.com\/","logo":{"@type":"ImageObject","inLanguage":"es-MX","@id":"https:\/\/southwestpipetrades.com\/#\/schema\/logo\/image\/","url":"https:\/\/southwestpipetrades.com\/wp-content\/uploads\/2020\/09\/SWPTA-2021-Logo-Color-Full-Horizontal-800px.png","contentUrl":"https:\/\/southwestpipetrades.com\/wp-content\/uploads\/2020\/09\/SWPTA-2021-Logo-Color-Full-Horizontal-800px.png","width":800,"height":341,"caption":"Southwest Pipe Trades Assoication"},"image":{"@id":"https:\/\/southwestpipetrades.com\/#\/schema\/logo\/image\/"}}]}},"_links":{"self":[{"href":"https:\/\/southwestpipetrades.com\/es\/wp-json\/wp\/v2\/pages\/172","targetHints":{"allow":["GET"]}}],"collection":[{"href":"https:\/\/southwestpipetrades.com\/es\/wp-json\/wp\/v2\/pages"}],"about":[{"href":"https:\/\/southwestpipetrades.com\/es\/wp-json\/wp\/v2\/types\/page"}],"author":[{"embeddable":true,"href":"https:\/\/southwestpipetrades.com\/es\/wp-json\/wp\/v2\/users\/37"}],"replies":[{"embeddable":true,"href":"https:\/\/southwestpipetrades.com\/es\/wp-json\/wp\/v2\/comments?post=172"}],"version-history":[{"count":0,"href":"https:\/\/southwestpipetrades.com\/es\/wp-json\/wp\/v2\/pages\/172\/revisions"}],"up":[{"embeddable":true,"href":"https:\/\/southwestpipetrades.com\/es\/wp-json\/wp\/v2\/pages\/1269"}],"wp:featuredmedia":[{"embeddable":true,"href":"https:\/\/southwestpipetrades.com\/es\/wp-json\/wp\/v2\/media\/3456"}],"wp:attachment":[{"href":"https:\/\/southwestpipetrades.com\/es\/wp-json\/wp\/v2\/media?parent=172"}],"curies":[{"name":"wp","href":"https:\/\/api.w.org\/{rel}","templated":true}]}}