{"id":1721,"date":"2021-02-22T16:55:34","date_gmt":"2021-02-22T16:55:34","guid":{"rendered":"https:\/\/southwestpipetrades.com\/?page_id=1721"},"modified":"2022-10-21T12:59:54","modified_gmt":"2022-10-21T12:59:54","slug":"prevailing-wage","status":"publish","type":"page","link":"https:\/\/southwestpipetrades.com\/es\/construction-issues\/prevailing-wage","title":{"rendered":"Salario prevaleciente"},"content":{"rendered":"<div data-elementor-type=\"wp-page\" data-elementor-id=\"1721\" class=\"elementor elementor-1721\" data-elementor-settings=\"[]\">\n\t\t\t\t\t\t<div class=\"elementor-inner\">\n\t\t\t\t\t\t\t<div class=\"elementor-section-wrap\">\n\t\t\t\t\t\t\t<section class=\"elementor-section elementor-top-section elementor-element elementor-element-3c83c384 elementor-section-boxed elementor-section-height-default elementor-section-height-default\" data-id=\"3c83c384\" data-element_type=\"section\">\n\t\t\t\t\t\t<div class=\"elementor-container elementor-column-gap-default\">\n\t\t\t\t\t\t\t<div class=\"elementor-row\">\n\t\t\t\t\t<div class=\"elementor-column elementor-col-100 elementor-top-column elementor-element elementor-element-48c9c5e7\" data-id=\"48c9c5e7\" data-element_type=\"column\">\n\t\t\t<div class=\"elementor-column-wrap elementor-element-populated\">\n\t\t\t\t\t\t\t<div class=\"elementor-widget-wrap\">\n\t\t\t\t\t\t<div class=\"elementor-element elementor-element-67fe179 elementor-widget elementor-widget-heading\" data-id=\"67fe179\" data-element_type=\"widget\" data-widget_type=\"heading.default\">\n\t\t\t\t<div class=\"elementor-widget-container\">\n\t\t\t<h1 class=\"elementor-heading-title elementor-size-default\">El salario prevaleciente beneficia al suroeste de Estados Unidos<\/h1>\t\t<\/div>\n\t\t\t\t<\/div>\n\t\t\t\t<div class=\"elementor-element elementor-element-4a2ffac9 elementor-widget elementor-widget-text-editor\" data-id=\"4a2ffac9\" data-element_type=\"widget\" data-widget_type=\"text-editor.default\">\n\t\t\t\t<div class=\"elementor-widget-container\">\n\t\t\t\t\t<div class=\"elementor-text-editor elementor-clearfix\"><h2>\u00bfC\u00f3mo beneficia el salario prevaleciente a los miembros de la Asociaci\u00f3n de Sindicatos de Tuber\u00edas del Suroeste y a todos los trabajadores locales?<\/h2><p>El salario prevaleciente se estableci\u00f3 con la aprobaci\u00f3n de la Ley de Salario Prevaleciente Davis-Bacon de 1931. B\u00e1sicamente, el salario prevaleciente es la tasa salarial establecida en una localidad por el costo de la mano de obra en un proyecto financiado por el gobierno local, estatal o federal.<\/p><p><span style=\"font-size: 18px;\">Cualquier proyecto en cualquier estado que utilice fondos federales debe pagar el salario prevaleciente en esa \u00e1rea gracias a la Ley de Salario Prevaleciente Davis-Bacon.<\/span><\/p><p><span style=\"font-size: 18px;\">Aunque Texas y Oklahoma no han establecido leyes estatales sobre el salario prevaleciente, Nuevo M\u00e9xico cuenta con la Ley de Salario M\u00ednimo de Obras P\u00fablicas de Nuevo M\u00e9xico. Esta legislaci\u00f3n estatal exige que se pague un salario prevaleciente a quienes trabajan en proyectos de obras p\u00fablicas financiados a nivel estatal o local.<\/span><\/p><p><span style=\"font-size: 18px;\">Aunque las tasas de salario prevaleciente son diferentes en cada \u00e1rea, se basan en los salarios sindicales en un \u00e1rea determinada. La teor\u00eda detr\u00e1s del salario prevaleciente es que el gobierno no deber\u00eda reducir los salarios de los trabajadores por su trabajo, ya que el dinero finalmente se gastar\u00e1 y se reinvertir\u00e1 en la econom\u00eda.<\/span><\/p><p><span style=\"font-size: 18px;\">Teniendo en cuenta que el salario prevaleciente es obligatorio en los proyectos financiados por el gobierno federal, algunos estados han optado por no aprobar una ley al respecto o, m\u00e1s recientemente, han derogado la ley estatal al respecto. La SWPTA aboga por que se instituyan leyes al respecto en Oklahoma y Texas.<\/span><\/p><p><span style=\"font-size: 18px;\">Sin una ley de salario prevaleciente, los contratos financiados con fondos p\u00fablicos son susceptibles de ser adjudicados a contratistas de otros estados que tomar\u00e1n los salarios ganados en un estado y los llevar\u00e1n a su estado de origen, lo que tendr\u00e1 un efecto negativo en la econom\u00eda local en la que ganaron los salarios.<\/span><\/p><p><span style=\"font-size: 18px;\">Las leyes de salario prevaleciente tambi\u00e9n tienden a conducir a condiciones de trabajo m\u00e1s seguras, ya que es m\u00e1s probable que los trabajadores obreros hayan recibido una capacitaci\u00f3n de seguridad adecuada.<\/span><\/p><\/div>\n\t\t\t\t<\/div>\n\t\t\t\t<\/div>\n\t\t\t\t\t\t<\/div>\n\t\t\t\t\t<\/div>\n\t\t<\/div>\n\t\t\t\t\t\t\t\t<\/div>\n\t\t\t\t\t<\/div>\n\t\t<\/section>\n\t\t\t\t<section class=\"elementor-section elementor-top-section elementor-element elementor-element-7521ec76 elementor-section-full_width elementor-section-height-default elementor-section-height-default\" data-id=\"7521ec76\" data-element_type=\"section\">\n\t\t\t\t\t\t<div class=\"elementor-container elementor-column-gap-no\">\n\t\t\t\t\t\t\t<div class=\"elementor-row\">\n\t\t\t\t\t<div class=\"elementor-column elementor-col-100 elementor-top-column elementor-element elementor-element-5bea2b84\" data-id=\"5bea2b84\" data-element_type=\"column\">\n\t\t\t<div class=\"elementor-column-wrap\">\n\t\t\t\t\t\t\t<div class=\"elementor-widget-wrap\">\n\t\t\t\t\t\t\t\t<\/div>\n\t\t\t\t\t<\/div>\n\t\t<\/div>\n\t\t\t\t\t\t\t\t<\/div>\n\t\t\t\t\t<\/div>\n\t\t<\/section>\n\t\t\t\t\t\t<\/div>\n\t\t\t\t\t\t<\/div>\n\t\t\t\t\t<\/div>","protected":false},"excerpt":{"rendered":"<p>El Salario Prevaleciente beneficia al suroeste de Estados Unidos. \u00bfC\u00f3mo beneficia el Salario Prevaleciente a los miembros de la Asociaci\u00f3n de Oficios de Tuber\u00edas del Suroeste y a todos los trabajadores locales? El Salario Prevaleciente se estableci\u00f3 con la aprobaci\u00f3n de la Ley Davis-Bacon de Salario Prevaleciente de 1931. En esencia, el Salario Prevaleciente es la tasa salarial establecida en una localidad por el costo de la mano de obra...<\/p>\n<p class=\"read-more\"> <a class=\"\" href=\"https:\/\/southwestpipetrades.com\/es\/construction-issues\/prevailing-wage\"> <span class=\"screen-reader-text\">Salario prevaleciente<\/span> Leer m\u00e1s &quot;<\/a><\/p>","protected":false},"author":37,"featured_media":3438,"parent":1712,"menu_order":3,"comment_status":"closed","ping_status":"closed","template":"elementor_header_footer","meta":{"_acf_changed":false,"inline_featured_image":false,"site-sidebar-layout":"default","site-content-layout":"default","ast-global-header-display":"","ast-main-header-display":"","ast-hfb-above-header-display":"","ast-hfb-below-header-display":"","ast-hfb-mobile-header-display":"","site-post-title":"","ast-breadcrumbs-content":"","ast-featured-img":"","footer-sml-layout":"","theme-transparent-header-meta":"default","adv-header-id-meta":"","stick-header-meta":"default","header-above-stick-meta":"","header-main-stick-meta":"","header-below-stick-meta":"","footnotes":""},"class_list":["post-1721","page","type-page","status-publish","has-post-thumbnail","hentry"],"acf":[],"yoast_head":"<!-- This site is optimized with the Yoast SEO plugin v21.4 - https:\/\/yoast.com\/wordpress\/plugins\/seo\/ -->\n<title>Construction Industry - Prevailing Wage - SWPTA - UA<\/title>\n<meta name=\"description\" content=\"Prevailing Wages paid in the pipe trades industry give families economic freedom while providing a boost to the state and local economies.\" \/>\n<meta name=\"robots\" content=\"index, follow, max-snippet:-1, max-image-preview:large, max-video-preview:-1\" \/>\n<link rel=\"canonical\" href=\"https:\/\/southwestpipetrades.com\/es\/construction-issues\/prevailing-wage\/\" \/>\n<meta property=\"og:locale\" content=\"es_MX\" \/>\n<meta property=\"og:type\" content=\"article\" \/>\n<meta property=\"og:title\" content=\"Construction Industry - Prevailing Wage - SWPTA - UA\" \/>\n<meta property=\"og:description\" content=\"Prevailing Wages paid in the pipe trades industry give families economic freedom while providing a boost to the state and local economies.\" \/>\n<meta property=\"og:url\" content=\"https:\/\/southwestpipetrades.com\/es\/construction-issues\/prevailing-wage\/\" \/>\n<meta property=\"og:site_name\" content=\"Southwest Pipe Trades Association\" \/>\n<meta property=\"article:modified_time\" content=\"2022-10-21T12:59:54+00:00\" \/>\n<meta property=\"og:image\" content=\"https:\/\/southwestpipetrades.com\/wp-content\/uploads\/2022\/10\/SWPTA-featured-images17.png\" \/>\n\t<meta property=\"og:image:width\" content=\"1200\" \/>\n\t<meta property=\"og:image:height\" content=\"675\" \/>\n\t<meta property=\"og:image:type\" content=\"image\/png\" \/>\n<meta name=\"twitter:card\" content=\"summary_large_image\" \/>\n<meta name=\"twitter:label1\" content=\"Tiempo de lectura\" \/>\n\t<meta name=\"twitter:data1\" content=\"2 minutos\" \/>\n<script type=\"application\/ld+json\" class=\"yoast-schema-graph\">{\"@context\":\"https:\/\/schema.org\",\"@graph\":[{\"@type\":\"WebPage\",\"@id\":\"https:\/\/southwestpipetrades.com\/construction-issues\/prevailing-wage\",\"url\":\"https:\/\/southwestpipetrades.com\/construction-issues\/prevailing-wage\",\"name\":\"Construction Industry - Prevailing Wage - SWPTA - UA\",\"isPartOf\":{\"@id\":\"https:\/\/southwestpipetrades.com\/#website\"},\"datePublished\":\"2021-02-22T16:55:34+00:00\",\"dateModified\":\"2022-10-21T12:59:54+00:00\",\"description\":\"Prevailing Wages paid in the pipe trades industry give families economic freedom while providing a boost to the state and local economies.\",\"breadcrumb\":{\"@id\":\"https:\/\/southwestpipetrades.com\/construction-issues\/prevailing-wage#breadcrumb\"},\"inLanguage\":\"es-MX\",\"potentialAction\":[{\"@type\":\"ReadAction\",\"target\":[\"https:\/\/southwestpipetrades.com\/construction-issues\/prevailing-wage\"]}]},{\"@type\":\"BreadcrumbList\",\"@id\":\"https:\/\/southwestpipetrades.com\/construction-issues\/prevailing-wage#breadcrumb\",\"itemListElement\":[{\"@type\":\"ListItem\",\"position\":1,\"name\":\"Home\",\"item\":\"https:\/\/southwestpipetrades.com\/\"},{\"@type\":\"ListItem\",\"position\":2,\"name\":\"Construction Issues\",\"item\":\"https:\/\/southwestpipetrades.com\/construction-issues\"},{\"@type\":\"ListItem\",\"position\":3,\"name\":\"Prevailing Wage\"}]},{\"@type\":\"WebSite\",\"@id\":\"https:\/\/southwestpipetrades.com\/#website\",\"url\":\"https:\/\/southwestpipetrades.com\/\",\"name\":\"Southwest Pipe Trades Association\",\"description\":\"Plumbers, Pipefitters, HVACR Techs in Texas, Oklahoma, New Mexico\",\"publisher\":{\"@id\":\"https:\/\/southwestpipetrades.com\/#organization\"},\"potentialAction\":[{\"@type\":\"SearchAction\",\"target\":{\"@type\":\"EntryPoint\",\"urlTemplate\":\"https:\/\/southwestpipetrades.com\/?s={search_term_string}\"},\"query-input\":\"required name=search_term_string\"}],\"inLanguage\":\"es-MX\"},{\"@type\":\"Organization\",\"@id\":\"https:\/\/southwestpipetrades.com\/#organization\",\"name\":\"Southwest Pipe Trades Assoication\",\"url\":\"https:\/\/southwestpipetrades.com\/\",\"logo\":{\"@type\":\"ImageObject\",\"inLanguage\":\"es-MX\",\"@id\":\"https:\/\/southwestpipetrades.com\/#\/schema\/logo\/image\/\",\"url\":\"https:\/\/southwestpipetrades.com\/wp-content\/uploads\/2020\/09\/SWPTA-2021-Logo-Color-Full-Horizontal-800px.png\",\"contentUrl\":\"https:\/\/southwestpipetrades.com\/wp-content\/uploads\/2020\/09\/SWPTA-2021-Logo-Color-Full-Horizontal-800px.png\",\"width\":800,\"height\":341,\"caption\":\"Southwest Pipe Trades Assoication\"},\"image\":{\"@id\":\"https:\/\/southwestpipetrades.com\/#\/schema\/logo\/image\/\"}}]}<\/script>\n<!-- \/ Yoast SEO plugin. -->","yoast_head_json":{"title":"Construction Industry - Prevailing Wage - SWPTA - UA","description":"Prevailing Wages paid in the pipe trades industry give families economic freedom while providing a boost to the state and local economies.","robots":{"index":"index","follow":"follow","max-snippet":"max-snippet:-1","max-image-preview":"max-image-preview:large","max-video-preview":"max-video-preview:-1"},"canonical":"https:\/\/southwestpipetrades.com\/es\/construction-issues\/prevailing-wage\/","og_locale":"es_MX","og_type":"article","og_title":"Construction Industry - Prevailing Wage - SWPTA - UA","og_description":"Prevailing Wages paid in the pipe trades industry give families economic freedom while providing a boost to the state and local economies.","og_url":"https:\/\/southwestpipetrades.com\/es\/construction-issues\/prevailing-wage\/","og_site_name":"Southwest Pipe Trades Association","article_modified_time":"2022-10-21T12:59:54+00:00","og_image":[{"width":1200,"height":675,"url":"https:\/\/southwestpipetrades.com\/wp-content\/uploads\/2022\/10\/SWPTA-featured-images17.png","type":"image\/png"}],"twitter_card":"summary_large_image","twitter_misc":{"Tiempo de lectura":"2 minutos"},"schema":{"@context":"https:\/\/schema.org","@graph":[{"@type":"WebPage","@id":"https:\/\/southwestpipetrades.com\/construction-issues\/prevailing-wage","url":"https:\/\/southwestpipetrades.com\/construction-issues\/prevailing-wage","name":"Construction Industry - Prevailing Wage - SWPTA - UA","isPartOf":{"@id":"https:\/\/southwestpipetrades.com\/#website"},"datePublished":"2021-02-22T16:55:34+00:00","dateModified":"2022-10-21T12:59:54+00:00","description":"Prevailing Wages paid in the pipe trades industry give families economic freedom while providing a boost to the state and local economies.","breadcrumb":{"@id":"https:\/\/southwestpipetrades.com\/construction-issues\/prevailing-wage#breadcrumb"},"inLanguage":"es-MX","potentialAction":[{"@type":"ReadAction","target":["https:\/\/southwestpipetrades.com\/construction-issues\/prevailing-wage"]}]},{"@type":"BreadcrumbList","@id":"https:\/\/southwestpipetrades.com\/construction-issues\/prevailing-wage#breadcrumb","itemListElement":[{"@type":"ListItem","position":1,"name":"Home","item":"https:\/\/southwestpipetrades.com\/"},{"@type":"ListItem","position":2,"name":"Construction Issues","item":"https:\/\/southwestpipetrades.com\/construction-issues"},{"@type":"ListItem","position":3,"name":"Prevailing Wage"}]},{"@type":"WebSite","@id":"https:\/\/southwestpipetrades.com\/#website","url":"https:\/\/southwestpipetrades.com\/","name":"Asociaci\u00f3n de Comercio de Tuber\u00edas del Suroeste","description":"Fontaneros, instaladores de tuber\u00edas, t\u00e9cnicos de climatizaci\u00f3n en Texas, Oklahoma y Nuevo M\u00e9xico","publisher":{"@id":"https:\/\/southwestpipetrades.com\/#organization"},"potentialAction":[{"@type":"SearchAction","target":{"@type":"EntryPoint","urlTemplate":"https:\/\/southwestpipetrades.com\/?s={search_term_string}"},"query-input":"required name=search_term_string"}],"inLanguage":"es-MX"},{"@type":"Organization","@id":"https:\/\/southwestpipetrades.com\/#organization","name":"Asociaci\u00f3n de Oficios de Tuber\u00edas del Suroeste","url":"https:\/\/southwestpipetrades.com\/","logo":{"@type":"ImageObject","inLanguage":"es-MX","@id":"https:\/\/southwestpipetrades.com\/#\/schema\/logo\/image\/","url":"https:\/\/southwestpipetrades.com\/wp-content\/uploads\/2020\/09\/SWPTA-2021-Logo-Color-Full-Horizontal-800px.png","contentUrl":"https:\/\/southwestpipetrades.com\/wp-content\/uploads\/2020\/09\/SWPTA-2021-Logo-Color-Full-Horizontal-800px.png","width":800,"height":341,"caption":"Southwest Pipe Trades Assoication"},"image":{"@id":"https:\/\/southwestpipetrades.com\/#\/schema\/logo\/image\/"}}]}},"_links":{"self":[{"href":"https:\/\/southwestpipetrades.com\/es\/wp-json\/wp\/v2\/pages\/1721","targetHints":{"allow":["GET"]}}],"collection":[{"href":"https:\/\/southwestpipetrades.com\/es\/wp-json\/wp\/v2\/pages"}],"about":[{"href":"https:\/\/southwestpipetrades.com\/es\/wp-json\/wp\/v2\/types\/page"}],"author":[{"embeddable":true,"href":"https:\/\/southwestpipetrades.com\/es\/wp-json\/wp\/v2\/users\/37"}],"replies":[{"embeddable":true,"href":"https:\/\/southwestpipetrades.com\/es\/wp-json\/wp\/v2\/comments?post=1721"}],"version-history":[{"count":0,"href":"https:\/\/southwestpipetrades.com\/es\/wp-json\/wp\/v2\/pages\/1721\/revisions"}],"up":[{"embeddable":true,"href":"https:\/\/southwestpipetrades.com\/es\/wp-json\/wp\/v2\/pages\/1712"}],"wp:featuredmedia":[{"embeddable":true,"href":"https:\/\/southwestpipetrades.com\/es\/wp-json\/wp\/v2\/media\/3438"}],"wp:attachment":[{"href":"https:\/\/southwestpipetrades.com\/es\/wp-json\/wp\/v2\/media?parent=1721"}],"curies":[{"name":"wp","href":"https:\/\/api.w.org\/{rel}","templated":true}]}}