{"id":1723,"date":"2021-02-22T17:00:08","date_gmt":"2021-02-22T17:00:08","guid":{"rendered":"https:\/\/southwestpipetrades.com\/?page_id=1723"},"modified":"2022-10-21T13:02:11","modified_gmt":"2022-10-21T13:02:11","slug":"fire-sprinkler-tax-code","status":"publish","type":"page","link":"https:\/\/southwestpipetrades.com\/es\/construction-issues\/fire-sprinkler-tax-code","title":{"rendered":"C\u00f3digo fiscal de rociadores contra incendios"},"content":{"rendered":"<div data-elementor-type=\"wp-page\" data-elementor-id=\"1723\" class=\"elementor elementor-1723\" data-elementor-settings=\"[]\">\n\t\t\t\t\t\t<div class=\"elementor-inner\">\n\t\t\t\t\t\t\t<div class=\"elementor-section-wrap\">\n\t\t\t\t\t\t\t<section class=\"elementor-section elementor-top-section elementor-element elementor-element-3c83c384 elementor-section-boxed elementor-section-height-default elementor-section-height-default\" data-id=\"3c83c384\" data-element_type=\"section\">\n\t\t\t\t\t\t<div class=\"elementor-container elementor-column-gap-default\">\n\t\t\t\t\t\t\t<div class=\"elementor-row\">\n\t\t\t\t\t<div class=\"elementor-column elementor-col-100 elementor-top-column elementor-element elementor-element-48c9c5e7\" data-id=\"48c9c5e7\" data-element_type=\"column\">\n\t\t\t<div class=\"elementor-column-wrap elementor-element-populated\">\n\t\t\t\t\t\t\t<div class=\"elementor-widget-wrap\">\n\t\t\t\t\t\t<div class=\"elementor-element elementor-element-67fe179 elementor-widget elementor-widget-heading\" data-id=\"67fe179\" data-element_type=\"widget\" data-widget_type=\"heading.default\">\n\t\t\t\t<div class=\"elementor-widget-container\">\n\t\t\t<h1 class=\"elementor-heading-title elementor-size-default\">Actualizaci\u00f3n del C\u00f3digo fiscal sobre sistemas de extinci\u00f3n de incendios para mejorar la seguridad y el empleo<\/h1>\t\t<\/div>\n\t\t\t\t<\/div>\n\t\t\t\t<div class=\"elementor-element elementor-element-4a2ffac9 elementor-widget elementor-widget-text-editor\" data-id=\"4a2ffac9\" data-element_type=\"widget\" data-widget_type=\"text-editor.default\">\n\t\t\t\t<div class=\"elementor-widget-container\">\n\t\t\t\t\t<div class=\"elementor-text-editor elementor-clearfix\"><p>La Asociaci\u00f3n de Sindicatos de Tuber\u00edas del Suroeste (SWPTA) cree que es vital para la seguridad de quienes viven y trabajan en Texas, Oklahoma y Nuevo M\u00e9xico actualizar el c\u00f3digo fiscal de los sistemas de rociadores contra incendios.<\/p><h2>Los miembros de United Association y Southwest Pipe Trades Association pueden hacer que el suroeste sea un lugar m\u00e1s seguro con un c\u00f3digo de impuestos actualizado sobre rociadores contra incendios<\/h2><p>El c\u00f3digo necesita urgentemente una actualizaci\u00f3n para garantizar la seguridad de quienes viven y trabajan en el suroeste. En el pasado, hab\u00eda menos reglamentaci\u00f3n en lo que respecta a la instalaci\u00f3n de sistemas de extinci\u00f3n de incendios en entornos residenciales y comerciales. La actualizaci\u00f3n del c\u00f3digo ser\u00e1 beneficiosa para quienes viven y trabajan en estructuras, as\u00ed como para la estructura misma. Un c\u00f3digo actualizado puede ahorrar cientos de miles de d\u00f3lares en da\u00f1os a la propiedad.<\/p><p>Seg\u00fan el <a href=\"https:\/\/www.usfa.fema.gov\/data\/nfirs\/\">Sistema Nacional de Notificaci\u00f3n de Incendios<\/a>Las muertes de civiles se pueden reducir en un promedio del 84 por ciento, simplemente contando con sistemas de rociadores contra incendios que funcionen.<\/p><p>La SWPTA apoya activamente la Ley de Incentivos para Rociadores contra Incendios (FSIA, por sus siglas en ingl\u00e9s). Esta legislaci\u00f3n actualizar\u00eda el C\u00f3digo de Rentas Internas y permitir\u00eda a los propietarios de propiedades hacer una deducci\u00f3n fiscal y considerar los costos de instalaci\u00f3n de sistemas de rociadores contra incendios como un gasto. Esta legislaci\u00f3n ha gozado de apoyo bipartidista pero no ha recibido una actualizaci\u00f3n.<\/p><p>La actualizaci\u00f3n del c\u00f3digo tambi\u00e9n ayudar\u00eda a los propietarios a ahorrar dinero en primas de seguros. Seg\u00fan la United Association (UA), los propietarios pueden esperar una reducci\u00f3n del 5 al 15 por ciento en las primas de seguros cuando instalen o modernicen un sistema de rociadores contra incendios.<\/p><h2>La actualizaci\u00f3n del c\u00f3digo fiscal de los rociadores contra incendios crear\u00e1 puestos de trabajo para los miembros de la Southwest Pipe Trades Association y la United Association<\/h2><p>La actualizaci\u00f3n del c\u00f3digo fiscal de los sistemas de extinci\u00f3n de incendios tambi\u00e9n estimular\u00e1 la creaci\u00f3n de empleo en el suroeste. La necesidad de actualizar o instalar sistemas de extinci\u00f3n de incendios supondr\u00e1 la p\u00e9rdida de puestos de trabajo para miles de instaladores de sistemas de extinci\u00f3n de incendios locales en el suroeste.<\/p><p>Seg\u00fan la United Association, la actualizaci\u00f3n del c\u00f3digo dar\u00e1 como resultado que muchas personas instalen sistemas de rociadores contra incendios, lo que pondr\u00e1 a trabajar a unos 9.800 instaladores de rociadores que ganar\u00e1n salarios de calidad y grandes beneficios.<\/p><\/div>\n\t\t\t\t<\/div>\n\t\t\t\t<\/div>\n\t\t\t\t\t\t<\/div>\n\t\t\t\t\t<\/div>\n\t\t<\/div>\n\t\t\t\t\t\t\t\t<\/div>\n\t\t\t\t\t<\/div>\n\t\t<\/section>\n\t\t\t\t<section class=\"elementor-section elementor-top-section elementor-element elementor-element-7521ec76 elementor-section-full_width elementor-section-height-default elementor-section-height-default\" data-id=\"7521ec76\" data-element_type=\"section\">\n\t\t\t\t\t\t<div class=\"elementor-container elementor-column-gap-no\">\n\t\t\t\t\t\t\t<div class=\"elementor-row\">\n\t\t\t\t\t<div class=\"elementor-column elementor-col-100 elementor-top-column elementor-element elementor-element-5bea2b84\" data-id=\"5bea2b84\" data-element_type=\"column\">\n\t\t\t<div class=\"elementor-column-wrap\">\n\t\t\t\t\t\t\t<div class=\"elementor-widget-wrap\">\n\t\t\t\t\t\t\t\t<\/div>\n\t\t\t\t\t<\/div>\n\t\t<\/div>\n\t\t\t\t\t\t\t\t<\/div>\n\t\t\t\t\t<\/div>\n\t\t<\/section>\n\t\t\t\t\t\t<\/div>\n\t\t\t\t\t\t<\/div>\n\t\t\t\t\t<\/div>","protected":false},"excerpt":{"rendered":"<p>Actualizaci\u00f3n del C\u00f3digo Tributario de Sistemas de Rociadores Contra Incendios para la Seguridad y el Empleo. La Asociaci\u00f3n de Oficios de Tuber\u00edas del Suroeste (SWPTA) considera vital para la seguridad de quienes viven y trabajan en Texas, Oklahoma y Nuevo M\u00e9xico actualizar el c\u00f3digo tributario de sistemas de rociadores contra incendios. Los miembros de la Asociaci\u00f3n Unida y la Asociaci\u00f3n de Oficios de Tuber\u00edas del Suroeste pueden contribuir a un suroeste m\u00e1s seguro.<\/p>\n<p class=\"read-more\"> <a class=\"\" href=\"https:\/\/southwestpipetrades.com\/es\/construction-issues\/fire-sprinkler-tax-code\"> <span class=\"screen-reader-text\">C\u00f3digo fiscal de rociadores contra incendios<\/span> Leer m\u00e1s &quot;<\/a><\/p>","protected":false},"author":37,"featured_media":3441,"parent":1712,"menu_order":6,"comment_status":"closed","ping_status":"closed","template":"elementor_header_footer","meta":{"_acf_changed":false,"inline_featured_image":false,"site-sidebar-layout":"default","site-content-layout":"default","ast-global-header-display":"","ast-main-header-display":"","ast-hfb-above-header-display":"","ast-hfb-below-header-display":"","ast-hfb-mobile-header-display":"","site-post-title":"","ast-breadcrumbs-content":"","ast-featured-img":"","footer-sml-layout":"","theme-transparent-header-meta":"default","adv-header-id-meta":"","stick-header-meta":"default","header-above-stick-meta":"","header-main-stick-meta":"","header-below-stick-meta":"","footnotes":""},"class_list":["post-1723","page","type-page","status-publish","has-post-thumbnail","hentry"],"acf":[],"yoast_head":"<!-- This site is optimized with the Yoast SEO plugin v21.4 - https:\/\/yoast.com\/wordpress\/plugins\/seo\/ -->\n<title>Southwest Pipe Trades Association - Fire Sprinkler Tax Code<\/title>\n<meta name=\"description\" content=\"Updating the fire sprinkler tax code is vital to safety as well as job creation for SWPTA and United Association members.\" \/>\n<meta name=\"robots\" content=\"index, follow, max-snippet:-1, max-image-preview:large, max-video-preview:-1\" \/>\n<link rel=\"canonical\" href=\"https:\/\/southwestpipetrades.com\/es\/construction-issues\/fire-sprinkler-tax-code\/\" \/>\n<meta property=\"og:locale\" content=\"es_MX\" \/>\n<meta property=\"og:type\" content=\"article\" \/>\n<meta property=\"og:title\" content=\"Southwest Pipe Trades Association - Fire Sprinkler Tax Code\" \/>\n<meta property=\"og:description\" content=\"Updating the fire sprinkler tax code is vital to safety as well as job creation for SWPTA and United Association members.\" \/>\n<meta property=\"og:url\" content=\"https:\/\/southwestpipetrades.com\/es\/construction-issues\/fire-sprinkler-tax-code\/\" \/>\n<meta property=\"og:site_name\" content=\"Southwest Pipe Trades Association\" \/>\n<meta property=\"article:modified_time\" content=\"2022-10-21T13:02:11+00:00\" \/>\n<meta property=\"og:image\" content=\"https:\/\/southwestpipetrades.com\/wp-content\/uploads\/2022\/10\/SWPTA-featured-images20.png\" \/>\n\t<meta property=\"og:image:width\" content=\"1200\" \/>\n\t<meta property=\"og:image:height\" content=\"675\" \/>\n\t<meta property=\"og:image:type\" content=\"image\/png\" \/>\n<meta name=\"twitter:card\" content=\"summary_large_image\" \/>\n<meta name=\"twitter:label1\" content=\"Tiempo de lectura\" \/>\n\t<meta name=\"twitter:data1\" content=\"2 minutos\" \/>\n<script type=\"application\/ld+json\" class=\"yoast-schema-graph\">{\"@context\":\"https:\/\/schema.org\",\"@graph\":[{\"@type\":\"WebPage\",\"@id\":\"https:\/\/southwestpipetrades.com\/construction-issues\/fire-sprinkler-tax-code\",\"url\":\"https:\/\/southwestpipetrades.com\/construction-issues\/fire-sprinkler-tax-code\",\"name\":\"Southwest Pipe Trades Association - Fire Sprinkler Tax Code\",\"isPartOf\":{\"@id\":\"https:\/\/southwestpipetrades.com\/#website\"},\"datePublished\":\"2021-02-22T17:00:08+00:00\",\"dateModified\":\"2022-10-21T13:02:11+00:00\",\"description\":\"Updating the fire sprinkler tax code is vital to safety as well as job creation for SWPTA and United Association members.\",\"breadcrumb\":{\"@id\":\"https:\/\/southwestpipetrades.com\/construction-issues\/fire-sprinkler-tax-code#breadcrumb\"},\"inLanguage\":\"es-MX\",\"potentialAction\":[{\"@type\":\"ReadAction\",\"target\":[\"https:\/\/southwestpipetrades.com\/construction-issues\/fire-sprinkler-tax-code\"]}]},{\"@type\":\"BreadcrumbList\",\"@id\":\"https:\/\/southwestpipetrades.com\/construction-issues\/fire-sprinkler-tax-code#breadcrumb\",\"itemListElement\":[{\"@type\":\"ListItem\",\"position\":1,\"name\":\"Home\",\"item\":\"https:\/\/southwestpipetrades.com\/\"},{\"@type\":\"ListItem\",\"position\":2,\"name\":\"Construction Issues\",\"item\":\"https:\/\/southwestpipetrades.com\/construction-issues\"},{\"@type\":\"ListItem\",\"position\":3,\"name\":\"Fire Sprinkler Tax Code\"}]},{\"@type\":\"WebSite\",\"@id\":\"https:\/\/southwestpipetrades.com\/#website\",\"url\":\"https:\/\/southwestpipetrades.com\/\",\"name\":\"Southwest Pipe Trades Association\",\"description\":\"Plumbers, Pipefitters, HVACR Techs in Texas, Oklahoma, New Mexico\",\"publisher\":{\"@id\":\"https:\/\/southwestpipetrades.com\/#organization\"},\"potentialAction\":[{\"@type\":\"SearchAction\",\"target\":{\"@type\":\"EntryPoint\",\"urlTemplate\":\"https:\/\/southwestpipetrades.com\/?s={search_term_string}\"},\"query-input\":\"required name=search_term_string\"}],\"inLanguage\":\"es-MX\"},{\"@type\":\"Organization\",\"@id\":\"https:\/\/southwestpipetrades.com\/#organization\",\"name\":\"Southwest Pipe Trades Assoication\",\"url\":\"https:\/\/southwestpipetrades.com\/\",\"logo\":{\"@type\":\"ImageObject\",\"inLanguage\":\"es-MX\",\"@id\":\"https:\/\/southwestpipetrades.com\/#\/schema\/logo\/image\/\",\"url\":\"https:\/\/southwestpipetrades.com\/wp-content\/uploads\/2020\/09\/SWPTA-2021-Logo-Color-Full-Horizontal-800px.png\",\"contentUrl\":\"https:\/\/southwestpipetrades.com\/wp-content\/uploads\/2020\/09\/SWPTA-2021-Logo-Color-Full-Horizontal-800px.png\",\"width\":800,\"height\":341,\"caption\":\"Southwest Pipe Trades Assoication\"},\"image\":{\"@id\":\"https:\/\/southwestpipetrades.com\/#\/schema\/logo\/image\/\"}}]}<\/script>\n<!-- \/ Yoast SEO plugin. -->","yoast_head_json":{"title":"Southwest Pipe Trades Association - Fire Sprinkler Tax Code","description":"Updating the fire sprinkler tax code is vital to safety as well as job creation for SWPTA and United Association members.","robots":{"index":"index","follow":"follow","max-snippet":"max-snippet:-1","max-image-preview":"max-image-preview:large","max-video-preview":"max-video-preview:-1"},"canonical":"https:\/\/southwestpipetrades.com\/es\/construction-issues\/fire-sprinkler-tax-code\/","og_locale":"es_MX","og_type":"article","og_title":"Southwest Pipe Trades Association - Fire Sprinkler Tax Code","og_description":"Updating the fire sprinkler tax code is vital to safety as well as job creation for SWPTA and United Association members.","og_url":"https:\/\/southwestpipetrades.com\/es\/construction-issues\/fire-sprinkler-tax-code\/","og_site_name":"Southwest Pipe Trades Association","article_modified_time":"2022-10-21T13:02:11+00:00","og_image":[{"width":1200,"height":675,"url":"https:\/\/southwestpipetrades.com\/wp-content\/uploads\/2022\/10\/SWPTA-featured-images20.png","type":"image\/png"}],"twitter_card":"summary_large_image","twitter_misc":{"Tiempo de lectura":"2 minutos"},"schema":{"@context":"https:\/\/schema.org","@graph":[{"@type":"WebPage","@id":"https:\/\/southwestpipetrades.com\/construction-issues\/fire-sprinkler-tax-code","url":"https:\/\/southwestpipetrades.com\/construction-issues\/fire-sprinkler-tax-code","name":"Southwest Pipe Trades Association - Fire Sprinkler Tax Code","isPartOf":{"@id":"https:\/\/southwestpipetrades.com\/#website"},"datePublished":"2021-02-22T17:00:08+00:00","dateModified":"2022-10-21T13:02:11+00:00","description":"Updating the fire sprinkler tax code is vital to safety as well as job creation for SWPTA and United Association members.","breadcrumb":{"@id":"https:\/\/southwestpipetrades.com\/construction-issues\/fire-sprinkler-tax-code#breadcrumb"},"inLanguage":"es-MX","potentialAction":[{"@type":"ReadAction","target":["https:\/\/southwestpipetrades.com\/construction-issues\/fire-sprinkler-tax-code"]}]},{"@type":"BreadcrumbList","@id":"https:\/\/southwestpipetrades.com\/construction-issues\/fire-sprinkler-tax-code#breadcrumb","itemListElement":[{"@type":"ListItem","position":1,"name":"Home","item":"https:\/\/southwestpipetrades.com\/"},{"@type":"ListItem","position":2,"name":"Construction Issues","item":"https:\/\/southwestpipetrades.com\/construction-issues"},{"@type":"ListItem","position":3,"name":"Fire Sprinkler Tax Code"}]},{"@type":"WebSite","@id":"https:\/\/southwestpipetrades.com\/#website","url":"https:\/\/southwestpipetrades.com\/","name":"Asociaci\u00f3n de Comercio de Tuber\u00edas del Suroeste","description":"Fontaneros, instaladores de tuber\u00edas, t\u00e9cnicos de climatizaci\u00f3n en Texas, Oklahoma y Nuevo M\u00e9xico","publisher":{"@id":"https:\/\/southwestpipetrades.com\/#organization"},"potentialAction":[{"@type":"SearchAction","target":{"@type":"EntryPoint","urlTemplate":"https:\/\/southwestpipetrades.com\/?s={search_term_string}"},"query-input":"required name=search_term_string"}],"inLanguage":"es-MX"},{"@type":"Organization","@id":"https:\/\/southwestpipetrades.com\/#organization","name":"Asociaci\u00f3n de Oficios de Tuber\u00edas del Suroeste","url":"https:\/\/southwestpipetrades.com\/","logo":{"@type":"ImageObject","inLanguage":"es-MX","@id":"https:\/\/southwestpipetrades.com\/#\/schema\/logo\/image\/","url":"https:\/\/southwestpipetrades.com\/wp-content\/uploads\/2020\/09\/SWPTA-2021-Logo-Color-Full-Horizontal-800px.png","contentUrl":"https:\/\/southwestpipetrades.com\/wp-content\/uploads\/2020\/09\/SWPTA-2021-Logo-Color-Full-Horizontal-800px.png","width":800,"height":341,"caption":"Southwest Pipe Trades Assoication"},"image":{"@id":"https:\/\/southwestpipetrades.com\/#\/schema\/logo\/image\/"}}]}},"_links":{"self":[{"href":"https:\/\/southwestpipetrades.com\/es\/wp-json\/wp\/v2\/pages\/1723","targetHints":{"allow":["GET"]}}],"collection":[{"href":"https:\/\/southwestpipetrades.com\/es\/wp-json\/wp\/v2\/pages"}],"about":[{"href":"https:\/\/southwestpipetrades.com\/es\/wp-json\/wp\/v2\/types\/page"}],"author":[{"embeddable":true,"href":"https:\/\/southwestpipetrades.com\/es\/wp-json\/wp\/v2\/users\/37"}],"replies":[{"embeddable":true,"href":"https:\/\/southwestpipetrades.com\/es\/wp-json\/wp\/v2\/comments?post=1723"}],"version-history":[{"count":0,"href":"https:\/\/southwestpipetrades.com\/es\/wp-json\/wp\/v2\/pages\/1723\/revisions"}],"up":[{"embeddable":true,"href":"https:\/\/southwestpipetrades.com\/es\/wp-json\/wp\/v2\/pages\/1712"}],"wp:featuredmedia":[{"embeddable":true,"href":"https:\/\/southwestpipetrades.com\/es\/wp-json\/wp\/v2\/media\/3441"}],"wp:attachment":[{"href":"https:\/\/southwestpipetrades.com\/es\/wp-json\/wp\/v2\/media?parent=1723"}],"curies":[{"name":"wp","href":"https:\/\/api.w.org\/{rel}","templated":true}]}}