{"id":1725,"date":"2021-02-22T17:06:46","date_gmt":"2021-02-22T17:06:46","guid":{"rendered":"https:\/\/southwestpipetrades.com\/?page_id=1725"},"modified":"2022-10-21T13:02:56","modified_gmt":"2022-10-21T13:02:56","slug":"water-infrastructure","status":"publish","type":"page","link":"https:\/\/southwestpipetrades.com\/es\/construction-issues\/water-infrastructure","title":{"rendered":"Infraestructura de agua"},"content":{"rendered":"<div data-elementor-type=\"wp-page\" data-elementor-id=\"1725\" class=\"elementor elementor-1725\" data-elementor-settings=\"[]\">\n\t\t\t\t\t\t<div class=\"elementor-inner\">\n\t\t\t\t\t\t\t<div class=\"elementor-section-wrap\">\n\t\t\t\t\t\t\t<section class=\"elementor-section elementor-top-section elementor-element elementor-element-3c83c384 elementor-section-boxed elementor-section-height-default elementor-section-height-default\" data-id=\"3c83c384\" data-element_type=\"section\">\n\t\t\t\t\t\t<div class=\"elementor-container elementor-column-gap-default\">\n\t\t\t\t\t\t\t<div class=\"elementor-row\">\n\t\t\t\t\t<div class=\"elementor-column elementor-col-100 elementor-top-column elementor-element elementor-element-48c9c5e7\" data-id=\"48c9c5e7\" data-element_type=\"column\">\n\t\t\t<div class=\"elementor-column-wrap elementor-element-populated\">\n\t\t\t\t\t\t\t<div class=\"elementor-widget-wrap\">\n\t\t\t\t\t\t<div class=\"elementor-element elementor-element-67fe179 elementor-widget elementor-widget-heading\" data-id=\"67fe179\" data-element_type=\"widget\" data-widget_type=\"heading.default\">\n\t\t\t\t<div class=\"elementor-widget-container\">\n\t\t\t<h1 class=\"elementor-heading-title elementor-size-default\">Garantizar agua limpia mediante infraestructura h\u00eddrica de calidad<\/h1>\t\t<\/div>\n\t\t\t\t<\/div>\n\t\t\t\t<div class=\"elementor-element elementor-element-4a2ffac9 elementor-widget elementor-widget-text-editor\" data-id=\"4a2ffac9\" data-element_type=\"widget\" data-widget_type=\"text-editor.default\">\n\t\t\t\t<div class=\"elementor-widget-container\">\n\t\t\t\t\t<div class=\"elementor-text-editor elementor-clearfix\"><p>Una parte importante de lo que se clasifica como \u201cinfraestructura\u201d en los EE. UU. es infraestructura h\u00eddrica. Esta se compone principalmente de los sistemas de tuber\u00edas que abastecen de agua potable a hogares y empresas, as\u00ed como de una forma de transportar las aguas residuales fuera de estos lugares.<\/p><h2>La mano de obra altamente capacitada y calificada de la Southwest Pipe Trades Association puede modernizar los sistemas de tuber\u00edas<\/h2><p>La Asociaci\u00f3n de Sindicatos de Tuber\u00edas del Suroeste (SWPTA) y nuestros sindicatos locales y contratistas afiliados est\u00e1n a favor de una legislaci\u00f3n de infraestructura que incluya el reemplazo de tuber\u00edas viejas y la modernizaci\u00f3n de la infraestructura h\u00eddrica de la regi\u00f3n.<\/p><p><span style=\"font-size: 18px;\">Al ritmo en que se espera que crezca la poblaci\u00f3n de Estados Unidos, los sistemas de tuber\u00edas actuales en muchos estados y ciudades resultar\u00e1n inadecuados y no podr\u00e1n soportar el aumento del uso.<\/span><\/p><p><span style=\"font-size: 18px;\">Hemos visto los efectos de los sistemas de tuber\u00edas viejos y mal administrados en todo Estados Unidos, en lugares como Flint, Michigan, por ejemplo. Cuando las tuber\u00edas no reciben el cuidado, el mantenimiento o el reemplazo adecuados, pueden contaminarse y las consecuencias pueden ser devastadoras para el medio ambiente y la comunidad local.<\/span><\/p><p><span style=\"font-size: 18px;\">Debido a la corrosi\u00f3n, la mala gesti\u00f3n y el paso del tiempo, las roturas de las tuber\u00edas principales de agua son inevitables, lo que requiere un costoso proceso de limpieza y genera inconvenientes para todos los que dependen de estos sistemas.<\/span><\/p><p><span style=\"font-size: 18px;\">La Sociedad Estadounidense de Ingenieros Civiles (ASCE) ha publicado informaci\u00f3n alarmante sobre la necesidad de modernizar los sistemas de infraestructura h\u00eddrica de Estados Unidos. Calcula que se pierden alrededor de 7 mil millones de galones de agua debido a fugas en las tuber\u00edas en Estados Unidos y que costar\u00e1 al menos entre 1 y 1 bill\u00f3n de d\u00f3lares solucionar adecuadamente este problema.<\/span><\/p><h2>Creaci\u00f3n de puestos de trabajo para trabajadores de tuber\u00edas mediante la inversi\u00f3n en infraestructura h\u00eddrica<\/h2><p>De la misma manera que el New Deal puso a trabajar a una cantidad enorme de estadounidenses en proyectos de infraestructura en todo el pa\u00eds, la modernizaci\u00f3n de nuestra infraestructura h\u00eddrica tendr\u00e1 el mismo efecto. La cantidad de trabajo que hay que hacer es enorme. Adem\u00e1s de modernizar nuestra infraestructura h\u00eddrica, estos proyectos ayudar\u00e1n econ\u00f3micamente a los trabajadores y trabajadoras, ya que podr\u00e1n ganar buenos salarios y recibir grandes beneficios.<\/p><p><span style=\"font-size: 18px;\">La cantidad de empleos creados ser\u00eda de decenas de miles por cada mil millones de d\u00f3lares gastados y podr\u00eda incrementarse a\u00fan m\u00e1s utilizando productos y materiales fabricados en Estados Unidos.<\/span><\/p><p><span style=\"font-size: 18px;\">La industria de las tuber\u00edas est\u00e1 viendo una gran necesidad de nuevos trabajadores y trabajadoras que se unan a sus filas. Los sindicatos afiliados a la SWPTA gastan una gran cantidad de dinero en capacitaci\u00f3n y est\u00e1n listos para capacitar a futuros trabajadores y trabajadoras para este trabajo. Los proyectos de infraestructura h\u00eddrica podr\u00edan ser el impulso necesario para mostrarle a la gente que hay mucho trabajo por hacer en esta industria y, por lo tanto, tambi\u00e9n una carrera viable.<\/span><\/p><\/div>\n\t\t\t\t<\/div>\n\t\t\t\t<\/div>\n\t\t\t\t\t\t<\/div>\n\t\t\t\t\t<\/div>\n\t\t<\/div>\n\t\t\t\t\t\t\t\t<\/div>\n\t\t\t\t\t<\/div>\n\t\t<\/section>\n\t\t\t\t<section class=\"elementor-section elementor-top-section elementor-element elementor-element-7521ec76 elementor-section-full_width elementor-section-height-default elementor-section-height-default\" data-id=\"7521ec76\" data-element_type=\"section\">\n\t\t\t\t\t\t<div class=\"elementor-container elementor-column-gap-no\">\n\t\t\t\t\t\t\t<div class=\"elementor-row\">\n\t\t\t\t\t<div class=\"elementor-column elementor-col-100 elementor-top-column elementor-element elementor-element-5bea2b84\" data-id=\"5bea2b84\" data-element_type=\"column\">\n\t\t\t<div class=\"elementor-column-wrap\">\n\t\t\t\t\t\t\t<div class=\"elementor-widget-wrap\">\n\t\t\t\t\t\t\t\t<\/div>\n\t\t\t\t\t<\/div>\n\t\t<\/div>\n\t\t\t\t\t\t\t\t<\/div>\n\t\t\t\t\t<\/div>\n\t\t<\/section>\n\t\t\t\t\t\t<\/div>\n\t\t\t\t\t\t<\/div>\n\t\t\t\t\t<\/div>","protected":false},"excerpt":{"rendered":"<p>Garantizando agua limpia mediante infraestructura h\u00eddrica de calidad. Una parte importante de lo que se clasifica como &quot;infraestructura&quot; en EE. UU. es la infraestructura h\u00eddrica. Esta se compone principalmente de los sistemas de tuber\u00edas que abastecen de agua potable a hogares y negocios, as\u00ed como de un sistema para evacuar las aguas residuales de estos lugares. Personal altamente capacitado y cualificado...<\/p>\n<p class=\"read-more\"> <a class=\"\" href=\"https:\/\/southwestpipetrades.com\/es\/construction-issues\/water-infrastructure\"> <span class=\"screen-reader-text\">Infraestructura de agua<\/span> Leer m\u00e1s &quot;<\/a><\/p>","protected":false},"author":37,"featured_media":3442,"parent":1712,"menu_order":7,"comment_status":"closed","ping_status":"closed","template":"elementor_header_footer","meta":{"_acf_changed":false,"inline_featured_image":false,"site-sidebar-layout":"default","site-content-layout":"default","ast-global-header-display":"","ast-main-header-display":"","ast-hfb-above-header-display":"","ast-hfb-below-header-display":"","ast-hfb-mobile-header-display":"","site-post-title":"","ast-breadcrumbs-content":"","ast-featured-img":"","footer-sml-layout":"","theme-transparent-header-meta":"default","adv-header-id-meta":"","stick-header-meta":"default","header-above-stick-meta":"","header-main-stick-meta":"","header-below-stick-meta":"","footnotes":""},"class_list":["post-1725","page","type-page","status-publish","has-post-thumbnail","hentry"],"acf":[],"yoast_head":"<!-- This site is optimized with the Yoast SEO plugin v21.4 - https:\/\/yoast.com\/wordpress\/plugins\/seo\/ -->\n<title>Water Infrastructure - Construction Issues - SWPTA - UA<\/title>\n<meta name=\"description\" content=\"Water infrastructure investment throughout the southwest will create thousands of Southwest Pipe Trades Association and UA jobs.\" \/>\n<meta name=\"robots\" content=\"index, follow, max-snippet:-1, max-image-preview:large, max-video-preview:-1\" \/>\n<link rel=\"canonical\" href=\"https:\/\/southwestpipetrades.com\/es\/construction-issues\/water-infrastructure\/\" \/>\n<meta property=\"og:locale\" content=\"es_MX\" \/>\n<meta property=\"og:type\" content=\"article\" \/>\n<meta property=\"og:title\" content=\"Water Infrastructure - Construction Issues - SWPTA - UA\" \/>\n<meta property=\"og:description\" content=\"Water infrastructure investment throughout the southwest will create thousands of Southwest Pipe Trades Association and UA jobs.\" \/>\n<meta property=\"og:url\" content=\"https:\/\/southwestpipetrades.com\/es\/construction-issues\/water-infrastructure\/\" \/>\n<meta property=\"og:site_name\" content=\"Southwest Pipe Trades Association\" \/>\n<meta property=\"article:modified_time\" content=\"2022-10-21T13:02:56+00:00\" \/>\n<meta property=\"og:image\" content=\"https:\/\/southwestpipetrades.com\/wp-content\/uploads\/2022\/10\/SWPTA-featured-images21.png\" \/>\n\t<meta property=\"og:image:width\" content=\"1200\" \/>\n\t<meta property=\"og:image:height\" content=\"675\" \/>\n\t<meta property=\"og:image:type\" content=\"image\/png\" \/>\n<meta name=\"twitter:card\" content=\"summary_large_image\" \/>\n<meta name=\"twitter:label1\" content=\"Tiempo de lectura\" \/>\n\t<meta name=\"twitter:data1\" content=\"2 minutos\" \/>\n<script type=\"application\/ld+json\" class=\"yoast-schema-graph\">{\"@context\":\"https:\/\/schema.org\",\"@graph\":[{\"@type\":\"WebPage\",\"@id\":\"https:\/\/southwestpipetrades.com\/construction-issues\/water-infrastructure\",\"url\":\"https:\/\/southwestpipetrades.com\/construction-issues\/water-infrastructure\",\"name\":\"Water Infrastructure - Construction Issues - SWPTA - UA\",\"isPartOf\":{\"@id\":\"https:\/\/southwestpipetrades.com\/#website\"},\"datePublished\":\"2021-02-22T17:06:46+00:00\",\"dateModified\":\"2022-10-21T13:02:56+00:00\",\"description\":\"Water infrastructure investment throughout the southwest will create thousands of Southwest Pipe Trades Association and UA jobs.\",\"breadcrumb\":{\"@id\":\"https:\/\/southwestpipetrades.com\/construction-issues\/water-infrastructure#breadcrumb\"},\"inLanguage\":\"es-MX\",\"potentialAction\":[{\"@type\":\"ReadAction\",\"target\":[\"https:\/\/southwestpipetrades.com\/construction-issues\/water-infrastructure\"]}]},{\"@type\":\"BreadcrumbList\",\"@id\":\"https:\/\/southwestpipetrades.com\/construction-issues\/water-infrastructure#breadcrumb\",\"itemListElement\":[{\"@type\":\"ListItem\",\"position\":1,\"name\":\"Home\",\"item\":\"https:\/\/southwestpipetrades.com\/\"},{\"@type\":\"ListItem\",\"position\":2,\"name\":\"Construction Issues\",\"item\":\"https:\/\/southwestpipetrades.com\/construction-issues\"},{\"@type\":\"ListItem\",\"position\":3,\"name\":\"Water Infrastructure\"}]},{\"@type\":\"WebSite\",\"@id\":\"https:\/\/southwestpipetrades.com\/#website\",\"url\":\"https:\/\/southwestpipetrades.com\/\",\"name\":\"Southwest Pipe Trades Association\",\"description\":\"Plumbers, Pipefitters, HVACR Techs in Texas, Oklahoma, New Mexico\",\"publisher\":{\"@id\":\"https:\/\/southwestpipetrades.com\/#organization\"},\"potentialAction\":[{\"@type\":\"SearchAction\",\"target\":{\"@type\":\"EntryPoint\",\"urlTemplate\":\"https:\/\/southwestpipetrades.com\/?s={search_term_string}\"},\"query-input\":\"required name=search_term_string\"}],\"inLanguage\":\"es-MX\"},{\"@type\":\"Organization\",\"@id\":\"https:\/\/southwestpipetrades.com\/#organization\",\"name\":\"Southwest Pipe Trades Assoication\",\"url\":\"https:\/\/southwestpipetrades.com\/\",\"logo\":{\"@type\":\"ImageObject\",\"inLanguage\":\"es-MX\",\"@id\":\"https:\/\/southwestpipetrades.com\/#\/schema\/logo\/image\/\",\"url\":\"https:\/\/southwestpipetrades.com\/wp-content\/uploads\/2020\/09\/SWPTA-2021-Logo-Color-Full-Horizontal-800px.png\",\"contentUrl\":\"https:\/\/southwestpipetrades.com\/wp-content\/uploads\/2020\/09\/SWPTA-2021-Logo-Color-Full-Horizontal-800px.png\",\"width\":800,\"height\":341,\"caption\":\"Southwest Pipe Trades Assoication\"},\"image\":{\"@id\":\"https:\/\/southwestpipetrades.com\/#\/schema\/logo\/image\/\"}}]}<\/script>\n<!-- \/ Yoast SEO plugin. -->","yoast_head_json":{"title":"Infraestructura h\u00eddrica - Problemas de construcci\u00f3n - SWPTA - UA","description":"La inversi\u00f3n en infraestructura h\u00eddrica en todo el suroeste crear\u00e1 miles de puestos de trabajo en la Southwest Pipe Trades Association y en la UA.","robots":{"index":"index","follow":"follow","max-snippet":"max-snippet:-1","max-image-preview":"max-image-preview:large","max-video-preview":"max-video-preview:-1"},"canonical":"https:\/\/southwestpipetrades.com\/es\/construction-issues\/water-infrastructure\/","og_locale":"es_MX","og_type":"article","og_title":"Water Infrastructure - Construction Issues - SWPTA - UA","og_description":"Water infrastructure investment throughout the southwest will create thousands of Southwest Pipe Trades Association and UA jobs.","og_url":"https:\/\/southwestpipetrades.com\/es\/construction-issues\/water-infrastructure\/","og_site_name":"Southwest Pipe Trades Association","article_modified_time":"2022-10-21T13:02:56+00:00","og_image":[{"width":1200,"height":675,"url":"https:\/\/southwestpipetrades.com\/wp-content\/uploads\/2022\/10\/SWPTA-featured-images21.png","type":"image\/png"}],"twitter_card":"summary_large_image","twitter_misc":{"Tiempo de lectura":"2 minutos"},"schema":{"@context":"https:\/\/schema.org","@graph":[{"@type":"WebPage","@id":"https:\/\/southwestpipetrades.com\/construction-issues\/water-infrastructure","url":"https:\/\/southwestpipetrades.com\/construction-issues\/water-infrastructure","name":"Infraestructura h\u00eddrica - Problemas de construcci\u00f3n - SWPTA - UA","isPartOf":{"@id":"https:\/\/southwestpipetrades.com\/#website"},"datePublished":"2021-02-22T17:06:46+00:00","dateModified":"2022-10-21T13:02:56+00:00","description":"La inversi\u00f3n en infraestructura h\u00eddrica en todo el suroeste crear\u00e1 miles de puestos de trabajo en la Southwest Pipe Trades Association y en la UA.","breadcrumb":{"@id":"https:\/\/southwestpipetrades.com\/construction-issues\/water-infrastructure#breadcrumb"},"inLanguage":"es-MX","potentialAction":[{"@type":"ReadAction","target":["https:\/\/southwestpipetrades.com\/construction-issues\/water-infrastructure"]}]},{"@type":"BreadcrumbList","@id":"https:\/\/southwestpipetrades.com\/construction-issues\/water-infrastructure#breadcrumb","itemListElement":[{"@type":"ListItem","position":1,"name":"Home","item":"https:\/\/southwestpipetrades.com\/"},{"@type":"ListItem","position":2,"name":"Construction Issues","item":"https:\/\/southwestpipetrades.com\/construction-issues"},{"@type":"ListItem","position":3,"name":"Water Infrastructure"}]},{"@type":"WebSite","@id":"https:\/\/southwestpipetrades.com\/#website","url":"https:\/\/southwestpipetrades.com\/","name":"Asociaci\u00f3n de Comercio de Tuber\u00edas del Suroeste","description":"Fontaneros, instaladores de tuber\u00edas, t\u00e9cnicos de climatizaci\u00f3n en Texas, Oklahoma y Nuevo M\u00e9xico","publisher":{"@id":"https:\/\/southwestpipetrades.com\/#organization"},"potentialAction":[{"@type":"SearchAction","target":{"@type":"EntryPoint","urlTemplate":"https:\/\/southwestpipetrades.com\/?s={search_term_string}"},"query-input":"required name=search_term_string"}],"inLanguage":"es-MX"},{"@type":"Organization","@id":"https:\/\/southwestpipetrades.com\/#organization","name":"Asociaci\u00f3n de Oficios de Tuber\u00edas del Suroeste","url":"https:\/\/southwestpipetrades.com\/","logo":{"@type":"ImageObject","inLanguage":"es-MX","@id":"https:\/\/southwestpipetrades.com\/#\/schema\/logo\/image\/","url":"https:\/\/southwestpipetrades.com\/wp-content\/uploads\/2020\/09\/SWPTA-2021-Logo-Color-Full-Horizontal-800px.png","contentUrl":"https:\/\/southwestpipetrades.com\/wp-content\/uploads\/2020\/09\/SWPTA-2021-Logo-Color-Full-Horizontal-800px.png","width":800,"height":341,"caption":"Southwest Pipe Trades Assoication"},"image":{"@id":"https:\/\/southwestpipetrades.com\/#\/schema\/logo\/image\/"}}]}},"_links":{"self":[{"href":"https:\/\/southwestpipetrades.com\/es\/wp-json\/wp\/v2\/pages\/1725","targetHints":{"allow":["GET"]}}],"collection":[{"href":"https:\/\/southwestpipetrades.com\/es\/wp-json\/wp\/v2\/pages"}],"about":[{"href":"https:\/\/southwestpipetrades.com\/es\/wp-json\/wp\/v2\/types\/page"}],"author":[{"embeddable":true,"href":"https:\/\/southwestpipetrades.com\/es\/wp-json\/wp\/v2\/users\/37"}],"replies":[{"embeddable":true,"href":"https:\/\/southwestpipetrades.com\/es\/wp-json\/wp\/v2\/comments?post=1725"}],"version-history":[{"count":0,"href":"https:\/\/southwestpipetrades.com\/es\/wp-json\/wp\/v2\/pages\/1725\/revisions"}],"up":[{"embeddable":true,"href":"https:\/\/southwestpipetrades.com\/es\/wp-json\/wp\/v2\/pages\/1712"}],"wp:featuredmedia":[{"embeddable":true,"href":"https:\/\/southwestpipetrades.com\/es\/wp-json\/wp\/v2\/media\/3442"}],"wp:attachment":[{"href":"https:\/\/southwestpipetrades.com\/es\/wp-json\/wp\/v2\/media?parent=1725"}],"curies":[{"name":"wp","href":"https:\/\/api.w.org\/{rel}","templated":true}]}}