{"id":1729,"date":"2021-02-22T17:17:43","date_gmt":"2021-02-22T17:17:43","guid":{"rendered":"https:\/\/southwestpipetrades.com\/?page_id=1729"},"modified":"2022-10-21T12:54:51","modified_gmt":"2022-10-21T12:54:51","slug":"oklahoma-so-called-right-to-work","status":"publish","type":"page","link":"https:\/\/southwestpipetrades.com\/es\/construction-issues\/so-called-right-to-work\/oklahoma-so-called-right-to-work","title":{"rendered":"Oklahoma \u2013 El llamado \u00abderecho al trabajo\u00bb"},"content":{"rendered":"<div data-elementor-type=\"wp-page\" data-elementor-id=\"1729\" class=\"elementor elementor-1729\" data-elementor-settings=\"[]\">\n\t\t\t\t\t\t<div class=\"elementor-inner\">\n\t\t\t\t\t\t\t<div class=\"elementor-section-wrap\">\n\t\t\t\t\t\t\t<section class=\"elementor-section elementor-top-section elementor-element elementor-element-3c83c384 elementor-section-boxed elementor-section-height-default elementor-section-height-default\" data-id=\"3c83c384\" data-element_type=\"section\">\n\t\t\t\t\t\t<div class=\"elementor-container elementor-column-gap-default\">\n\t\t\t\t\t\t\t<div class=\"elementor-row\">\n\t\t\t\t\t<div class=\"elementor-column elementor-col-100 elementor-top-column elementor-element elementor-element-48c9c5e7\" data-id=\"48c9c5e7\" data-element_type=\"column\">\n\t\t\t<div class=\"elementor-column-wrap elementor-element-populated\">\n\t\t\t\t\t\t\t<div class=\"elementor-widget-wrap\">\n\t\t\t\t\t\t<div class=\"elementor-element elementor-element-67fe179 elementor-widget elementor-widget-heading\" data-id=\"67fe179\" data-element_type=\"widget\" data-widget_type=\"heading.default\">\n\t\t\t\t<div class=\"elementor-widget-container\">\n\t\t\t<h1 class=\"elementor-heading-title elementor-size-default\">El llamado &quot;derecho al trabajo&quot; es un error para Oklahoma<\/h1>\t\t<\/div>\n\t\t\t\t<\/div>\n\t\t\t\t<div class=\"elementor-element elementor-element-4a2ffac9 elementor-widget elementor-widget-text-editor\" data-id=\"4a2ffac9\" data-element_type=\"widget\" data-widget_type=\"text-editor.default\">\n\t\t\t\t<div class=\"elementor-widget-container\">\n\t\t\t\t\t<div class=\"elementor-text-editor elementor-clearfix\"><p>El 28 de septiembre de 2001, el estado de Oklahoma adopt\u00f3 su llamada ley de \u201cDerecho al Trabajo\u201d, que permite a los trabajadores disfrutar de representaci\u00f3n sindical sin pagar su parte justa por dicha representaci\u00f3n.<\/p>\n<h2>Reprimir el movimiento obrero organizado en Oklahoma mediante la llamada legislaci\u00f3n &quot;derecho al trabajo&quot;<\/h2>\n<p>La SWPTA, nuestros sindicatos locales afiliados y nuestros contratistas miembros est\u00e1n totalmente en contra de estas leyes porque crean un lugar de trabajo inseguro y fomentan el uso de mano de obra no calificada y con salarios bajos.<\/p>\n<p><span style=\"font-size: 18px;\">La llamada ley de \u201cderecho al trabajo\u201d de Oklahoma establece disposiciones que dificultan el funcionamiento de un sindicato en el estado. Seg\u00fan el refer\u00e9ndum constitucional del estado, ning\u00fan empleado podr\u00e1 ser obligado a renunciar a su afiliaci\u00f3n sindical como condici\u00f3n de empleo, a convertirse o seguir siendo miembro de un sindicato, a pagar las cuotas o tarifas por la representaci\u00f3n sindical de la que disfruta el empleado, ni a ser recomendado, aprobado, referido o autorizado por un sindicato.<\/span><br><\/p>\n<p><span style=\"font-size: 18px;\">Estas leyes est\u00e1n respaldadas por intereses corporativos que buscan quitarle a la fuerza laboral de Oklahoma el poder de negociaci\u00f3n colectiva, reduciendo as\u00ed los salarios y los est\u00e1ndares de seguridad dentro del estado.<\/span><br><\/p>\n<p><span style=\"font-size: 18px;\">Las llamadas leyes de \u201cderecho al trabajo\u201d disminuyen la seguridad de la Southwest Pipe Trades Association y de todos los miembros de la United Association (UA) en Oklahoma.<\/span><br><\/p>\n<p><span style=\"font-size: 18px;\">Las llamadas leyes de \u201cderecho al trabajo\u201d disminuyen la seguridad de los trabajadores al facilitar el ingreso a los lugares de trabajo de trabajadores no capacitados y menos calificados que trabajan en tuber\u00edas.<\/span><br><\/p>\n<p><span style=\"font-size: 18px;\">Una ley denominada \u201cderecho al trabajo\u201d reduce el incentivo de completar un programa de aprendizaje registrado en la United Association. Como consecuencia, m\u00e1s trabajadores no calificados ingresar\u00e1n a los lugares de trabajo sin la capacitaci\u00f3n adecuada en seguridad, exponi\u00e9ndose as\u00ed a s\u00ed mismos y a los dem\u00e1s a peligros para los cuales nunca recibieron capacitaci\u00f3n para mitigar.<\/span><br><\/p>\n<p><span style=\"font-size: 18px;\">Todos los sindicatos locales afiliados a SWPTA y los contratistas miembros financian completamente el programa de aprendizaje registrado de la Asociaci\u00f3n Unida, donde aquellos que ingresan al sector de las tuber\u00edas aprender\u00e1n sobre seguridad y tomar\u00e1n cursos de certificaci\u00f3n para asegurarse de que est\u00e9n al tanto de los peligros de la construcci\u00f3n y c\u00f3mo mitigarlos.<\/span><br><\/p>\n<p><span style=\"font-size: 18px;\">Todos los miembros de los sindicatos afiliados a la SWPTA deben llevar al menos una tarjeta de capacitaci\u00f3n de 10 horas de la Administraci\u00f3n de Seguridad y Salud Ocupacional (OSHA-10) en los lugares de trabajo para demostrar que han completado el curso. Algunos otros proyectos pueden requerir capacitaci\u00f3n adicional en seguridad, que est\u00e1 totalmente financiada por la UA.<\/span><br><\/p><\/div>\n\t\t\t\t<\/div>\n\t\t\t\t<\/div>\n\t\t\t\t\t\t<\/div>\n\t\t\t\t\t<\/div>\n\t\t<\/div>\n\t\t\t\t\t\t\t\t<\/div>\n\t\t\t\t\t<\/div>\n\t\t<\/section>\n\t\t\t\t<section class=\"elementor-section elementor-top-section elementor-element elementor-element-7521ec76 elementor-section-full_width elementor-section-height-default elementor-section-height-default\" data-id=\"7521ec76\" data-element_type=\"section\">\n\t\t\t\t\t\t<div class=\"elementor-container elementor-column-gap-no\">\n\t\t\t\t\t\t\t<div class=\"elementor-row\">\n\t\t\t\t\t<div class=\"elementor-column elementor-col-100 elementor-top-column elementor-element elementor-element-5bea2b84\" data-id=\"5bea2b84\" data-element_type=\"column\">\n\t\t\t<div class=\"elementor-column-wrap\">\n\t\t\t\t\t\t\t<div class=\"elementor-widget-wrap\">\n\t\t\t\t\t\t\t\t<\/div>\n\t\t\t\t\t<\/div>\n\t\t<\/div>\n\t\t\t\t\t\t\t\t<\/div>\n\t\t\t\t\t<\/div>\n\t\t<\/section>\n\t\t\t\t\t\t<\/div>\n\t\t\t\t\t\t<\/div>\n\t\t\t\t\t<\/div>","protected":false},"excerpt":{"rendered":"<p>El llamado &quot;Derecho al Trabajo&quot; es un error para Oklahoma. El 28 de septiembre de 2001, el estado de Oklahoma adopt\u00f3 la llamada ley de &quot;Derecho al Trabajo&quot;, que permite a los trabajadores disfrutar de representaci\u00f3n sindical sin pagar lo que les corresponde. Reprimir el movimiento sindical en Oklahoma mediante la llamada ley de &quot;Derecho al Trabajo&quot;. La SWPTA y nuestros afiliados...<\/p>\n<p class=\"read-more\"> <a class=\"\" href=\"https:\/\/southwestpipetrades.com\/es\/construction-issues\/so-called-right-to-work\/oklahoma-so-called-right-to-work\"> <span class=\"screen-reader-text\">Oklahoma \u2013 El llamado \u00abderecho al trabajo\u00bb<\/span> Leer m\u00e1s &quot;<\/a><\/p>","protected":false},"author":37,"featured_media":3435,"parent":1714,"menu_order":2,"comment_status":"closed","ping_status":"closed","template":"elementor_header_footer","meta":{"_acf_changed":false,"inline_featured_image":false,"site-sidebar-layout":"default","site-content-layout":"default","ast-global-header-display":"","ast-main-header-display":"","ast-hfb-above-header-display":"","ast-hfb-below-header-display":"","ast-hfb-mobile-header-display":"","site-post-title":"","ast-breadcrumbs-content":"","ast-featured-img":"","footer-sml-layout":"","theme-transparent-header-meta":"default","adv-header-id-meta":"","stick-header-meta":"default","header-above-stick-meta":"","header-main-stick-meta":"","header-below-stick-meta":"","footnotes":""},"class_list":["post-1729","page","type-page","status-publish","has-post-thumbnail","hentry"],"acf":[],"yoast_head":"<!-- This site is optimized with the Yoast SEO plugin v21.4 - https:\/\/yoast.com\/wordpress\/plugins\/seo\/ -->\n<title>Construction Issues - So-Called &quot;Right to Work&quot; Oklahoma<\/title>\n<meta name=\"description\" content=\"So Called \u201cRight to Work\u201d laws have taken work away from SWPTA and all UA members and made it more dangerous to work in Oklahoma.\" \/>\n<meta name=\"robots\" content=\"index, follow, max-snippet:-1, max-image-preview:large, max-video-preview:-1\" \/>\n<link rel=\"canonical\" href=\"https:\/\/southwestpipetrades.com\/es\/construction-issues\/so-called-right-to-work\/oklahoma-so-called-right-to-work\/\" \/>\n<meta property=\"og:locale\" content=\"es_MX\" \/>\n<meta property=\"og:type\" content=\"article\" \/>\n<meta property=\"og:title\" content=\"Construction Issues - So-Called &quot;Right to Work&quot; Oklahoma\" \/>\n<meta property=\"og:description\" content=\"So Called \u201cRight to Work\u201d laws have taken work away from SWPTA and all UA members and made it more dangerous to work in Oklahoma.\" \/>\n<meta property=\"og:url\" content=\"https:\/\/southwestpipetrades.com\/es\/construction-issues\/so-called-right-to-work\/oklahoma-so-called-right-to-work\/\" \/>\n<meta property=\"og:site_name\" content=\"Southwest Pipe Trades Association\" \/>\n<meta property=\"article:modified_time\" content=\"2022-10-21T12:54:51+00:00\" \/>\n<meta property=\"og:image\" content=\"https:\/\/southwestpipetrades.com\/wp-content\/uploads\/2022\/10\/SWPTA-featured-images14.png\" \/>\n\t<meta property=\"og:image:width\" content=\"1200\" \/>\n\t<meta property=\"og:image:height\" content=\"675\" \/>\n\t<meta property=\"og:image:type\" content=\"image\/png\" \/>\n<meta name=\"twitter:card\" content=\"summary_large_image\" \/>\n<meta name=\"twitter:label1\" content=\"Tiempo de lectura\" \/>\n\t<meta name=\"twitter:data1\" content=\"2 minutos\" \/>\n<script type=\"application\/ld+json\" class=\"yoast-schema-graph\">{\"@context\":\"https:\/\/schema.org\",\"@graph\":[{\"@type\":\"WebPage\",\"@id\":\"https:\/\/southwestpipetrades.com\/construction-issues\/so-called-right-to-work\/oklahoma-so-called-right-to-work\",\"url\":\"https:\/\/southwestpipetrades.com\/construction-issues\/so-called-right-to-work\/oklahoma-so-called-right-to-work\",\"name\":\"Construction Issues - So-Called \\\"Right to Work\\\" Oklahoma\",\"isPartOf\":{\"@id\":\"https:\/\/southwestpipetrades.com\/#website\"},\"datePublished\":\"2021-02-22T17:17:43+00:00\",\"dateModified\":\"2022-10-21T12:54:51+00:00\",\"description\":\"So Called \u201cRight to Work\u201d laws have taken work away from SWPTA and all UA members and made it more dangerous to work in Oklahoma.\",\"breadcrumb\":{\"@id\":\"https:\/\/southwestpipetrades.com\/construction-issues\/so-called-right-to-work\/oklahoma-so-called-right-to-work#breadcrumb\"},\"inLanguage\":\"es-MX\",\"potentialAction\":[{\"@type\":\"ReadAction\",\"target\":[\"https:\/\/southwestpipetrades.com\/construction-issues\/so-called-right-to-work\/oklahoma-so-called-right-to-work\"]}]},{\"@type\":\"BreadcrumbList\",\"@id\":\"https:\/\/southwestpipetrades.com\/construction-issues\/so-called-right-to-work\/oklahoma-so-called-right-to-work#breadcrumb\",\"itemListElement\":[{\"@type\":\"ListItem\",\"position\":1,\"name\":\"Home\",\"item\":\"https:\/\/southwestpipetrades.com\/\"},{\"@type\":\"ListItem\",\"position\":2,\"name\":\"Construction Issues\",\"item\":\"https:\/\/southwestpipetrades.com\/construction-issues\"},{\"@type\":\"ListItem\",\"position\":3,\"name\":\"So-Called &#8216;Right to Work&#8217;\",\"item\":\"https:\/\/southwestpipetrades.com\/construction-issues\/so-called-right-to-work\"},{\"@type\":\"ListItem\",\"position\":4,\"name\":\"Oklahoma &#8211; So-Called &#8216;Right to Work&#8217;\"}]},{\"@type\":\"WebSite\",\"@id\":\"https:\/\/southwestpipetrades.com\/#website\",\"url\":\"https:\/\/southwestpipetrades.com\/\",\"name\":\"Southwest Pipe Trades Association\",\"description\":\"Plumbers, Pipefitters, HVACR Techs in Texas, Oklahoma, New Mexico\",\"publisher\":{\"@id\":\"https:\/\/southwestpipetrades.com\/#organization\"},\"potentialAction\":[{\"@type\":\"SearchAction\",\"target\":{\"@type\":\"EntryPoint\",\"urlTemplate\":\"https:\/\/southwestpipetrades.com\/?s={search_term_string}\"},\"query-input\":\"required name=search_term_string\"}],\"inLanguage\":\"es-MX\"},{\"@type\":\"Organization\",\"@id\":\"https:\/\/southwestpipetrades.com\/#organization\",\"name\":\"Southwest Pipe Trades Assoication\",\"url\":\"https:\/\/southwestpipetrades.com\/\",\"logo\":{\"@type\":\"ImageObject\",\"inLanguage\":\"es-MX\",\"@id\":\"https:\/\/southwestpipetrades.com\/#\/schema\/logo\/image\/\",\"url\":\"https:\/\/southwestpipetrades.com\/wp-content\/uploads\/2020\/09\/SWPTA-2021-Logo-Color-Full-Horizontal-800px.png\",\"contentUrl\":\"https:\/\/southwestpipetrades.com\/wp-content\/uploads\/2020\/09\/SWPTA-2021-Logo-Color-Full-Horizontal-800px.png\",\"width\":800,\"height\":341,\"caption\":\"Southwest Pipe Trades Assoication\"},\"image\":{\"@id\":\"https:\/\/southwestpipetrades.com\/#\/schema\/logo\/image\/\"}}]}<\/script>\n<!-- \/ Yoast SEO plugin. -->","yoast_head_json":{"title":"Problemas de construcci\u00f3n: el llamado &quot;derecho al trabajo&quot; en Oklahoma.","description":"Las llamadas leyes de &quot;derecho al trabajo&quot; han quitado puestos de trabajo a SWPTA y a todos los miembros de UA, y han hecho que trabajar en Oklahoma sea m\u00e1s peligroso.","robots":{"index":"index","follow":"follow","max-snippet":"max-snippet:-1","max-image-preview":"max-image-preview:large","max-video-preview":"max-video-preview:-1"},"canonical":"https:\/\/southwestpipetrades.com\/es\/construction-issues\/so-called-right-to-work\/oklahoma-so-called-right-to-work\/","og_locale":"es_MX","og_type":"article","og_title":"Construction Issues - So-Called \"Right to Work\" Oklahoma","og_description":"So Called \u201cRight to Work\u201d laws have taken work away from SWPTA and all UA members and made it more dangerous to work in Oklahoma.","og_url":"https:\/\/southwestpipetrades.com\/es\/construction-issues\/so-called-right-to-work\/oklahoma-so-called-right-to-work\/","og_site_name":"Southwest Pipe Trades Association","article_modified_time":"2022-10-21T12:54:51+00:00","og_image":[{"width":1200,"height":675,"url":"https:\/\/southwestpipetrades.com\/wp-content\/uploads\/2022\/10\/SWPTA-featured-images14.png","type":"image\/png"}],"twitter_card":"summary_large_image","twitter_misc":{"Tiempo de lectura":"2 minutos"},"schema":{"@context":"https:\/\/schema.org","@graph":[{"@type":"WebPage","@id":"https:\/\/southwestpipetrades.com\/construction-issues\/so-called-right-to-work\/oklahoma-so-called-right-to-work","url":"https:\/\/southwestpipetrades.com\/construction-issues\/so-called-right-to-work\/oklahoma-so-called-right-to-work","name":"Problemas de construcci\u00f3n: el llamado &quot;derecho al trabajo&quot; en Oklahoma.","isPartOf":{"@id":"https:\/\/southwestpipetrades.com\/#website"},"datePublished":"2021-02-22T17:17:43+00:00","dateModified":"2022-10-21T12:54:51+00:00","description":"Las llamadas leyes de &quot;derecho al trabajo&quot; han quitado puestos de trabajo a SWPTA y a todos los miembros de UA, y han hecho que trabajar en Oklahoma sea m\u00e1s peligroso.","breadcrumb":{"@id":"https:\/\/southwestpipetrades.com\/construction-issues\/so-called-right-to-work\/oklahoma-so-called-right-to-work#breadcrumb"},"inLanguage":"es-MX","potentialAction":[{"@type":"ReadAction","target":["https:\/\/southwestpipetrades.com\/construction-issues\/so-called-right-to-work\/oklahoma-so-called-right-to-work"]}]},{"@type":"BreadcrumbList","@id":"https:\/\/southwestpipetrades.com\/construction-issues\/so-called-right-to-work\/oklahoma-so-called-right-to-work#breadcrumb","itemListElement":[{"@type":"ListItem","position":1,"name":"Home","item":"https:\/\/southwestpipetrades.com\/"},{"@type":"ListItem","position":2,"name":"Construction Issues","item":"https:\/\/southwestpipetrades.com\/construction-issues"},{"@type":"ListItem","position":3,"name":"So-Called &#8216;Right to Work&#8217;","item":"https:\/\/southwestpipetrades.com\/construction-issues\/so-called-right-to-work"},{"@type":"ListItem","position":4,"name":"Oklahoma &#8211; So-Called &#8216;Right to Work&#8217;"}]},{"@type":"WebSite","@id":"https:\/\/southwestpipetrades.com\/#website","url":"https:\/\/southwestpipetrades.com\/","name":"Asociaci\u00f3n de Comercio de Tuber\u00edas del Suroeste","description":"Fontaneros, instaladores de tuber\u00edas, t\u00e9cnicos de climatizaci\u00f3n en Texas, Oklahoma y Nuevo M\u00e9xico","publisher":{"@id":"https:\/\/southwestpipetrades.com\/#organization"},"potentialAction":[{"@type":"SearchAction","target":{"@type":"EntryPoint","urlTemplate":"https:\/\/southwestpipetrades.com\/?s={search_term_string}"},"query-input":"required name=search_term_string"}],"inLanguage":"es-MX"},{"@type":"Organization","@id":"https:\/\/southwestpipetrades.com\/#organization","name":"Asociaci\u00f3n de Oficios de Tuber\u00edas del Suroeste","url":"https:\/\/southwestpipetrades.com\/","logo":{"@type":"ImageObject","inLanguage":"es-MX","@id":"https:\/\/southwestpipetrades.com\/#\/schema\/logo\/image\/","url":"https:\/\/southwestpipetrades.com\/wp-content\/uploads\/2020\/09\/SWPTA-2021-Logo-Color-Full-Horizontal-800px.png","contentUrl":"https:\/\/southwestpipetrades.com\/wp-content\/uploads\/2020\/09\/SWPTA-2021-Logo-Color-Full-Horizontal-800px.png","width":800,"height":341,"caption":"Southwest Pipe Trades Assoication"},"image":{"@id":"https:\/\/southwestpipetrades.com\/#\/schema\/logo\/image\/"}}]}},"_links":{"self":[{"href":"https:\/\/southwestpipetrades.com\/es\/wp-json\/wp\/v2\/pages\/1729","targetHints":{"allow":["GET"]}}],"collection":[{"href":"https:\/\/southwestpipetrades.com\/es\/wp-json\/wp\/v2\/pages"}],"about":[{"href":"https:\/\/southwestpipetrades.com\/es\/wp-json\/wp\/v2\/types\/page"}],"author":[{"embeddable":true,"href":"https:\/\/southwestpipetrades.com\/es\/wp-json\/wp\/v2\/users\/37"}],"replies":[{"embeddable":true,"href":"https:\/\/southwestpipetrades.com\/es\/wp-json\/wp\/v2\/comments?post=1729"}],"version-history":[{"count":0,"href":"https:\/\/southwestpipetrades.com\/es\/wp-json\/wp\/v2\/pages\/1729\/revisions"}],"up":[{"embeddable":true,"href":"https:\/\/southwestpipetrades.com\/es\/wp-json\/wp\/v2\/pages\/1714"}],"wp:featuredmedia":[{"embeddable":true,"href":"https:\/\/southwestpipetrades.com\/es\/wp-json\/wp\/v2\/media\/3435"}],"wp:attachment":[{"href":"https:\/\/southwestpipetrades.com\/es\/wp-json\/wp\/v2\/media?parent=1729"}],"curies":[{"name":"wp","href":"https:\/\/api.w.org\/{rel}","templated":true}]}}