{"id":1732,"date":"2021-02-22T17:23:07","date_gmt":"2021-02-22T17:23:07","guid":{"rendered":"https:\/\/southwestpipetrades.com\/?page_id=1732"},"modified":"2022-10-21T12:55:29","modified_gmt":"2022-10-21T12:55:29","slug":"texas-so-called-right-to-work","status":"publish","type":"page","link":"https:\/\/southwestpipetrades.com\/es\/construction-issues\/so-called-right-to-work\/texas-so-called-right-to-work","title":{"rendered":"Texas \u2013 El llamado \u00abderecho al trabajo\u00bb"},"content":{"rendered":"<div data-elementor-type=\"wp-page\" data-elementor-id=\"1732\" class=\"elementor elementor-1732\" data-elementor-settings=\"[]\">\n\t\t\t\t\t\t<div class=\"elementor-inner\">\n\t\t\t\t\t\t\t<div class=\"elementor-section-wrap\">\n\t\t\t\t\t\t\t<section class=\"elementor-section elementor-top-section elementor-element elementor-element-3c83c384 elementor-section-boxed elementor-section-height-default elementor-section-height-default\" data-id=\"3c83c384\" data-element_type=\"section\">\n\t\t\t\t\t\t<div class=\"elementor-container elementor-column-gap-default\">\n\t\t\t\t\t\t\t<div class=\"elementor-row\">\n\t\t\t\t\t<div class=\"elementor-column elementor-col-100 elementor-top-column elementor-element elementor-element-48c9c5e7\" data-id=\"48c9c5e7\" data-element_type=\"column\">\n\t\t\t<div class=\"elementor-column-wrap elementor-element-populated\">\n\t\t\t\t\t\t\t<div class=\"elementor-widget-wrap\">\n\t\t\t\t\t\t<div class=\"elementor-element elementor-element-67fe179 elementor-widget elementor-widget-heading\" data-id=\"67fe179\" data-element_type=\"widget\" data-widget_type=\"heading.default\">\n\t\t\t\t<div class=\"elementor-widget-container\">\n\t\t\t<h1 class=\"elementor-heading-title elementor-size-default\">El llamado &#039;derecho al trabajo&#039; perjudica a Texas<\/h1>\t\t<\/div>\n\t\t\t\t<\/div>\n\t\t\t\t<div class=\"elementor-element elementor-element-4a2ffac9 elementor-widget elementor-widget-text-editor\" data-id=\"4a2ffac9\" data-element_type=\"widget\" data-widget_type=\"text-editor.default\">\n\t\t\t\t<div class=\"elementor-widget-container\">\n\t\t\t\t\t<div class=\"elementor-text-editor elementor-clearfix\"><p>Como sucede con muchos estados del sur, Texas ha ca\u00eddo en manos de intereses especiales que lucharon para quitarle a la gente el poder de negociaci\u00f3n colectiva.<\/p>\n<h2>\u00bfC\u00f3mo ha afectado y perjudicado el llamado \u201cderecho al trabajo\u201d a los sindicatos en Texas?<\/h2>\n<p>En 1993, el estado aprob\u00f3 formalmente la llamada ley de \u201cderecho al trabajo\u201d. Desde entonces, Texas ha vivido un auge de la construcci\u00f3n como ning\u00fan otro. Las empresas han acudido en masa al estado y, en consecuencia, necesitan trabajadores altamente cualificados para construir sus instalaciones. Muchas veces, esta construcci\u00f3n no la llevan a cabo trabajadores cualificados y bien formados, sino trabajadores no cualificados que con frecuencia cometen errores y crean riesgos de seguridad para ellos mismos y para los dem\u00e1s en el trabajo.<\/p>\n<p><span style=\"font-size: 18px;\">La SWPTA, nuestros sindicatos locales afiliados y nuestros contratistas miembros est\u00e1n totalmente en contra de estas leyes porque crean un lugar de trabajo inseguro y fomentan el uso de mano de obra no calificada y con salarios bajos.<\/span><br><\/p>\n<p><span style=\"font-size: 18px;\">Seg\u00fan el C\u00f3digo Laboral de Texas, art\u00edculo 101.001, un empleador no puede negarle empleo a una persona por su afiliaci\u00f3n a un sindicato. B\u00e1sicamente, la ley permite a los trabajadores obtener representaci\u00f3n sindical y todos los beneficios que se disfrutan por la afiliaci\u00f3n sindical, sin tener que pagar la parte que les corresponde por la representaci\u00f3n.<\/span><br><\/p>\n<p><span style=\"font-size: 18px;\">Estas leyes tienen como objetivo restringir a los sindicatos y condenarlos econ\u00f3micamente al permitir que la gente obtenga sus servicios de forma gratuita.<\/span><br><\/p>\n<h2>Las llamadas leyes de &quot;derecho al trabajo&quot; disminuyen la seguridad de la Southwest Pipe Trades Association y de todos los miembros de United Association en Texas<\/h2>\n<p>No es de extra\u00f1ar que Texas sea uno de los estados m\u00e1s peligrosos para los trabajadores de la construcci\u00f3n. Esto se debe a la enorme cantidad de trabajadores no cualificados y sin formaci\u00f3n que se utilizan \u00fanicamente por su mano de obra barata.<\/p>\n<p><span style=\"font-size: 18px;\">La instauraci\u00f3n de la llamada ley de \u201cderecho al trabajo\u201d ha hecho que el estado sea a\u00fan m\u00e1s peligroso.<\/span><br><\/p>\n<p><span style=\"font-size: 18px;\">Seg\u00fan la Oficina de Estad\u00edsticas Laborales, solo en 2019, 608 trabajadores del estado de Texas sufrieron lesiones fatales en el lugar de trabajo. Estos datos demuestran que Texas es uno de los estados m\u00e1s peligrosos para los trabajadores. Sin embargo, esta cifra se puede reducir si los trabajadores reciben la formaci\u00f3n adecuada.<\/span><br><\/p>\n<p><span style=\"font-size: 18px;\">Todos los sindicatos locales afiliados a SWPTA y los contratistas miembros financian completamente el programa de aprendizaje registrado de la Asociaci\u00f3n Unida (UA), donde los hombres y mujeres que ingresan al sector de las tuber\u00edas aprenden sobre los \u00faltimos protocolos de seguridad de la industria y deben tomar cursos de certificaci\u00f3n que garantizan que conocen los peligros de la construcci\u00f3n y c\u00f3mo mitigarlos.<\/span><br><\/p>\n<p><span style=\"font-size: 18px;\">Todos los miembros de los sindicatos afiliados a la SWPTA deben llevar al menos una tarjeta de capacitaci\u00f3n de 10 horas de la Administraci\u00f3n de Seguridad y Salud Ocupacional (OSHA-10) en los lugares de trabajo para demostrar que han completado el curso. Algunos otros proyectos pueden requerir capacitaci\u00f3n adicional en seguridad, que est\u00e1 totalmente financiada por la UA.<\/span><br><\/p><\/div>\n\t\t\t\t<\/div>\n\t\t\t\t<\/div>\n\t\t\t\t\t\t<\/div>\n\t\t\t\t\t<\/div>\n\t\t<\/div>\n\t\t\t\t\t\t\t\t<\/div>\n\t\t\t\t\t<\/div>\n\t\t<\/section>\n\t\t\t\t<section class=\"elementor-section elementor-top-section elementor-element elementor-element-7521ec76 elementor-section-full_width elementor-section-height-default elementor-section-height-default\" data-id=\"7521ec76\" data-element_type=\"section\">\n\t\t\t\t\t\t<div class=\"elementor-container elementor-column-gap-no\">\n\t\t\t\t\t\t\t<div class=\"elementor-row\">\n\t\t\t\t\t<div class=\"elementor-column elementor-col-100 elementor-top-column elementor-element elementor-element-5bea2b84\" data-id=\"5bea2b84\" data-element_type=\"column\">\n\t\t\t<div class=\"elementor-column-wrap\">\n\t\t\t\t\t\t\t<div class=\"elementor-widget-wrap\">\n\t\t\t\t\t\t\t\t<\/div>\n\t\t\t\t\t<\/div>\n\t\t<\/div>\n\t\t\t\t\t\t\t\t<\/div>\n\t\t\t\t\t<\/div>\n\t\t<\/section>\n\t\t\t\t\t\t<\/div>\n\t\t\t\t\t\t<\/div>\n\t\t\t\t\t<\/div>","protected":false},"excerpt":{"rendered":"<p>El llamado &quot;derecho al trabajo&quot; perjudica a Texas. Como suele ocurrir en muchos estados del sur, Texas ha ca\u00eddo en manos de los intereses especiales que lucharon por arrebatarle a la gente el poder de negociaci\u00f3n colectiva. \u00bfC\u00f3mo ha afectado y perjudicado el llamado &quot;derecho al trabajo&quot; a los sindicatos en Texas? El estado aprob\u00f3 formalmente la llamada ley de &quot;derecho al trabajo&quot;...<\/p>\n<p class=\"read-more\"> <a class=\"\" href=\"https:\/\/southwestpipetrades.com\/es\/construction-issues\/so-called-right-to-work\/texas-so-called-right-to-work\"> <span class=\"screen-reader-text\">Texas \u2013 El llamado \u00abderecho al trabajo\u00bb<\/span> Leer m\u00e1s &quot;<\/a><\/p>","protected":false},"author":37,"featured_media":3434,"parent":1714,"menu_order":3,"comment_status":"closed","ping_status":"closed","template":"elementor_header_footer","meta":{"_acf_changed":false,"inline_featured_image":false,"site-sidebar-layout":"default","site-content-layout":"default","ast-global-header-display":"","ast-main-header-display":"","ast-hfb-above-header-display":"","ast-hfb-below-header-display":"","ast-hfb-mobile-header-display":"","site-post-title":"","ast-breadcrumbs-content":"","ast-featured-img":"","footer-sml-layout":"","theme-transparent-header-meta":"default","adv-header-id-meta":"","stick-header-meta":"default","header-above-stick-meta":"","header-main-stick-meta":"","header-below-stick-meta":"","footnotes":""},"class_list":["post-1732","page","type-page","status-publish","has-post-thumbnail","hentry"],"acf":[],"yoast_head":"<!-- This site is optimized with the Yoast SEO plugin v21.4 - https:\/\/yoast.com\/wordpress\/plugins\/seo\/ -->\n<title>SWPTA - So-Called &quot;Right to Work&quot; in Texas<\/title>\n<meta name=\"description\" content=\"Texas has had a So-Called \u201cRight to Work\u201d law since 1993. These laws diminish safety standards and allow construction workers to be undercut.\" \/>\n<meta name=\"robots\" content=\"index, follow, max-snippet:-1, max-image-preview:large, max-video-preview:-1\" \/>\n<link rel=\"canonical\" href=\"https:\/\/southwestpipetrades.com\/es\/construction-issues\/so-called-right-to-work\/texas-so-called-right-to-work\/\" \/>\n<meta property=\"og:locale\" content=\"es_MX\" \/>\n<meta property=\"og:type\" content=\"article\" \/>\n<meta property=\"og:title\" content=\"SWPTA - So-Called &quot;Right to Work&quot; in Texas\" \/>\n<meta property=\"og:description\" content=\"Texas has had a So-Called \u201cRight to Work\u201d law since 1993. These laws diminish safety standards and allow construction workers to be undercut.\" \/>\n<meta property=\"og:url\" content=\"https:\/\/southwestpipetrades.com\/es\/construction-issues\/so-called-right-to-work\/texas-so-called-right-to-work\/\" \/>\n<meta property=\"og:site_name\" content=\"Southwest Pipe Trades Association\" \/>\n<meta property=\"article:modified_time\" content=\"2022-10-21T12:55:29+00:00\" \/>\n<meta property=\"og:image\" content=\"https:\/\/southwestpipetrades.com\/wp-content\/uploads\/2022\/10\/SWPTA-featured-images13.png\" \/>\n\t<meta property=\"og:image:width\" content=\"1200\" \/>\n\t<meta property=\"og:image:height\" content=\"675\" \/>\n\t<meta property=\"og:image:type\" content=\"image\/png\" \/>\n<meta name=\"twitter:card\" content=\"summary_large_image\" \/>\n<meta name=\"twitter:label1\" content=\"Tiempo de lectura\" \/>\n\t<meta name=\"twitter:data1\" content=\"2 minutos\" \/>\n<script type=\"application\/ld+json\" class=\"yoast-schema-graph\">{\"@context\":\"https:\/\/schema.org\",\"@graph\":[{\"@type\":\"WebPage\",\"@id\":\"https:\/\/southwestpipetrades.com\/construction-issues\/so-called-right-to-work\/texas-so-called-right-to-work\",\"url\":\"https:\/\/southwestpipetrades.com\/construction-issues\/so-called-right-to-work\/texas-so-called-right-to-work\",\"name\":\"SWPTA - So-Called \\\"Right to Work\\\" in Texas\",\"isPartOf\":{\"@id\":\"https:\/\/southwestpipetrades.com\/#website\"},\"datePublished\":\"2021-02-22T17:23:07+00:00\",\"dateModified\":\"2022-10-21T12:55:29+00:00\",\"description\":\"Texas has had a So-Called \u201cRight to Work\u201d law since 1993. These laws diminish safety standards and allow construction workers to be undercut.\",\"breadcrumb\":{\"@id\":\"https:\/\/southwestpipetrades.com\/construction-issues\/so-called-right-to-work\/texas-so-called-right-to-work#breadcrumb\"},\"inLanguage\":\"es-MX\",\"potentialAction\":[{\"@type\":\"ReadAction\",\"target\":[\"https:\/\/southwestpipetrades.com\/construction-issues\/so-called-right-to-work\/texas-so-called-right-to-work\"]}]},{\"@type\":\"BreadcrumbList\",\"@id\":\"https:\/\/southwestpipetrades.com\/construction-issues\/so-called-right-to-work\/texas-so-called-right-to-work#breadcrumb\",\"itemListElement\":[{\"@type\":\"ListItem\",\"position\":1,\"name\":\"Home\",\"item\":\"https:\/\/southwestpipetrades.com\/\"},{\"@type\":\"ListItem\",\"position\":2,\"name\":\"Construction Issues\",\"item\":\"https:\/\/southwestpipetrades.com\/construction-issues\"},{\"@type\":\"ListItem\",\"position\":3,\"name\":\"So-Called &#8216;Right to Work&#8217;\",\"item\":\"https:\/\/southwestpipetrades.com\/construction-issues\/so-called-right-to-work\"},{\"@type\":\"ListItem\",\"position\":4,\"name\":\"Texas &#8211; So-Called &#8216;Right to Work&#8217;\"}]},{\"@type\":\"WebSite\",\"@id\":\"https:\/\/southwestpipetrades.com\/#website\",\"url\":\"https:\/\/southwestpipetrades.com\/\",\"name\":\"Southwest Pipe Trades Association\",\"description\":\"Plumbers, Pipefitters, HVACR Techs in Texas, Oklahoma, New Mexico\",\"publisher\":{\"@id\":\"https:\/\/southwestpipetrades.com\/#organization\"},\"potentialAction\":[{\"@type\":\"SearchAction\",\"target\":{\"@type\":\"EntryPoint\",\"urlTemplate\":\"https:\/\/southwestpipetrades.com\/?s={search_term_string}\"},\"query-input\":\"required name=search_term_string\"}],\"inLanguage\":\"es-MX\"},{\"@type\":\"Organization\",\"@id\":\"https:\/\/southwestpipetrades.com\/#organization\",\"name\":\"Southwest Pipe Trades Assoication\",\"url\":\"https:\/\/southwestpipetrades.com\/\",\"logo\":{\"@type\":\"ImageObject\",\"inLanguage\":\"es-MX\",\"@id\":\"https:\/\/southwestpipetrades.com\/#\/schema\/logo\/image\/\",\"url\":\"https:\/\/southwestpipetrades.com\/wp-content\/uploads\/2020\/09\/SWPTA-2021-Logo-Color-Full-Horizontal-800px.png\",\"contentUrl\":\"https:\/\/southwestpipetrades.com\/wp-content\/uploads\/2020\/09\/SWPTA-2021-Logo-Color-Full-Horizontal-800px.png\",\"width\":800,\"height\":341,\"caption\":\"Southwest Pipe Trades Assoication\"},\"image\":{\"@id\":\"https:\/\/southwestpipetrades.com\/#\/schema\/logo\/image\/\"}}]}<\/script>\n<!-- \/ Yoast SEO plugin. -->","yoast_head_json":{"title":"SWPTA - So-Called \"Right to Work\" in Texas","description":"Texas has had a So-Called \u201cRight to Work\u201d law since 1993. These laws diminish safety standards and allow construction workers to be undercut.","robots":{"index":"index","follow":"follow","max-snippet":"max-snippet:-1","max-image-preview":"max-image-preview:large","max-video-preview":"max-video-preview:-1"},"canonical":"https:\/\/southwestpipetrades.com\/es\/construction-issues\/so-called-right-to-work\/texas-so-called-right-to-work\/","og_locale":"es_MX","og_type":"article","og_title":"SWPTA - So-Called \"Right to Work\" in Texas","og_description":"Texas has had a So-Called \u201cRight to Work\u201d law since 1993. These laws diminish safety standards and allow construction workers to be undercut.","og_url":"https:\/\/southwestpipetrades.com\/es\/construction-issues\/so-called-right-to-work\/texas-so-called-right-to-work\/","og_site_name":"Southwest Pipe Trades Association","article_modified_time":"2022-10-21T12:55:29+00:00","og_image":[{"width":1200,"height":675,"url":"https:\/\/southwestpipetrades.com\/wp-content\/uploads\/2022\/10\/SWPTA-featured-images13.png","type":"image\/png"}],"twitter_card":"summary_large_image","twitter_misc":{"Tiempo de lectura":"2 minutos"},"schema":{"@context":"https:\/\/schema.org","@graph":[{"@type":"WebPage","@id":"https:\/\/southwestpipetrades.com\/construction-issues\/so-called-right-to-work\/texas-so-called-right-to-work","url":"https:\/\/southwestpipetrades.com\/construction-issues\/so-called-right-to-work\/texas-so-called-right-to-work","name":"SWPTA - So-Called \"Right to Work\" in Texas","isPartOf":{"@id":"https:\/\/southwestpipetrades.com\/#website"},"datePublished":"2021-02-22T17:23:07+00:00","dateModified":"2022-10-21T12:55:29+00:00","description":"Texas has had a So-Called \u201cRight to Work\u201d law since 1993. These laws diminish safety standards and allow construction workers to be undercut.","breadcrumb":{"@id":"https:\/\/southwestpipetrades.com\/construction-issues\/so-called-right-to-work\/texas-so-called-right-to-work#breadcrumb"},"inLanguage":"es-MX","potentialAction":[{"@type":"ReadAction","target":["https:\/\/southwestpipetrades.com\/construction-issues\/so-called-right-to-work\/texas-so-called-right-to-work"]}]},{"@type":"BreadcrumbList","@id":"https:\/\/southwestpipetrades.com\/construction-issues\/so-called-right-to-work\/texas-so-called-right-to-work#breadcrumb","itemListElement":[{"@type":"ListItem","position":1,"name":"Home","item":"https:\/\/southwestpipetrades.com\/"},{"@type":"ListItem","position":2,"name":"Construction Issues","item":"https:\/\/southwestpipetrades.com\/construction-issues"},{"@type":"ListItem","position":3,"name":"So-Called &#8216;Right to Work&#8217;","item":"https:\/\/southwestpipetrades.com\/construction-issues\/so-called-right-to-work"},{"@type":"ListItem","position":4,"name":"Texas &#8211; So-Called &#8216;Right to Work&#8217;"}]},{"@type":"WebSite","@id":"https:\/\/southwestpipetrades.com\/#website","url":"https:\/\/southwestpipetrades.com\/","name":"Asociaci\u00f3n de Comercio de Tuber\u00edas del Suroeste","description":"Fontaneros, instaladores de tuber\u00edas, t\u00e9cnicos de climatizaci\u00f3n en Texas, Oklahoma y Nuevo M\u00e9xico","publisher":{"@id":"https:\/\/southwestpipetrades.com\/#organization"},"potentialAction":[{"@type":"SearchAction","target":{"@type":"EntryPoint","urlTemplate":"https:\/\/southwestpipetrades.com\/?s={search_term_string}"},"query-input":"required name=search_term_string"}],"inLanguage":"es-MX"},{"@type":"Organization","@id":"https:\/\/southwestpipetrades.com\/#organization","name":"Asociaci\u00f3n de Oficios de Tuber\u00edas del Suroeste","url":"https:\/\/southwestpipetrades.com\/","logo":{"@type":"ImageObject","inLanguage":"es-MX","@id":"https:\/\/southwestpipetrades.com\/#\/schema\/logo\/image\/","url":"https:\/\/southwestpipetrades.com\/wp-content\/uploads\/2020\/09\/SWPTA-2021-Logo-Color-Full-Horizontal-800px.png","contentUrl":"https:\/\/southwestpipetrades.com\/wp-content\/uploads\/2020\/09\/SWPTA-2021-Logo-Color-Full-Horizontal-800px.png","width":800,"height":341,"caption":"Southwest Pipe Trades Assoication"},"image":{"@id":"https:\/\/southwestpipetrades.com\/#\/schema\/logo\/image\/"}}]}},"_links":{"self":[{"href":"https:\/\/southwestpipetrades.com\/es\/wp-json\/wp\/v2\/pages\/1732","targetHints":{"allow":["GET"]}}],"collection":[{"href":"https:\/\/southwestpipetrades.com\/es\/wp-json\/wp\/v2\/pages"}],"about":[{"href":"https:\/\/southwestpipetrades.com\/es\/wp-json\/wp\/v2\/types\/page"}],"author":[{"embeddable":true,"href":"https:\/\/southwestpipetrades.com\/es\/wp-json\/wp\/v2\/users\/37"}],"replies":[{"embeddable":true,"href":"https:\/\/southwestpipetrades.com\/es\/wp-json\/wp\/v2\/comments?post=1732"}],"version-history":[{"count":0,"href":"https:\/\/southwestpipetrades.com\/es\/wp-json\/wp\/v2\/pages\/1732\/revisions"}],"up":[{"embeddable":true,"href":"https:\/\/southwestpipetrades.com\/es\/wp-json\/wp\/v2\/pages\/1714"}],"wp:featuredmedia":[{"embeddable":true,"href":"https:\/\/southwestpipetrades.com\/es\/wp-json\/wp\/v2\/media\/3434"}],"wp:attachment":[{"href":"https:\/\/southwestpipetrades.com\/es\/wp-json\/wp\/v2\/media?parent=1732"}],"curies":[{"name":"wp","href":"https:\/\/api.w.org\/{rel}","templated":true}]}}