{"id":1788,"date":"2021-03-01T19:59:56","date_gmt":"2021-03-01T19:59:56","guid":{"rendered":"https:\/\/southwestpipetrades.com\/?page_id=1788"},"modified":"2022-10-21T13:00:28","modified_gmt":"2022-10-21T13:00:28","slug":"workers-compensation","status":"publish","type":"page","link":"https:\/\/southwestpipetrades.com\/es\/construction-issues\/workers-compensation","title":{"rendered":"Compensaci\u00f3n laboral"},"content":{"rendered":"<div data-elementor-type=\"wp-page\" data-elementor-id=\"1788\" class=\"elementor elementor-1788\" data-elementor-settings=\"[]\">\n\t\t\t\t\t\t<div class=\"elementor-inner\">\n\t\t\t\t\t\t\t<div class=\"elementor-section-wrap\">\n\t\t\t\t\t\t\t<section class=\"elementor-section elementor-top-section elementor-element elementor-element-3c83c384 elementor-section-boxed elementor-section-height-default elementor-section-height-default\" data-id=\"3c83c384\" data-element_type=\"section\">\n\t\t\t\t\t\t<div class=\"elementor-container elementor-column-gap-default\">\n\t\t\t\t\t\t\t<div class=\"elementor-row\">\n\t\t\t\t\t<div class=\"elementor-column elementor-col-100 elementor-top-column elementor-element elementor-element-48c9c5e7\" data-id=\"48c9c5e7\" data-element_type=\"column\">\n\t\t\t<div class=\"elementor-column-wrap elementor-element-populated\">\n\t\t\t\t\t\t\t<div class=\"elementor-widget-wrap\">\n\t\t\t\t\t\t<div class=\"elementor-element elementor-element-67fe179 elementor-widget elementor-widget-heading\" data-id=\"67fe179\" data-element_type=\"widget\" data-widget_type=\"heading.default\">\n\t\t\t\t<div class=\"elementor-widget-container\">\n\t\t\t<h1 class=\"elementor-heading-title elementor-size-default\">Compensaci\u00f3n laboral en Texas, Oklahoma y Nuevo M\u00e9xico<\/h1>\t\t<\/div>\n\t\t\t\t<\/div>\n\t\t\t\t<div class=\"elementor-element elementor-element-4a2ffac9 elementor-widget elementor-widget-text-editor\" data-id=\"4a2ffac9\" data-element_type=\"widget\" data-widget_type=\"text-editor.default\">\n\t\t\t\t<div class=\"elementor-widget-container\">\n\t\t\t\t\t<div class=\"elementor-text-editor elementor-clearfix\"><p>Los estados del suroeste son algunos de los m\u00e1s peligrosos para los trabajadores de la construcci\u00f3n, y Texas es el m\u00e1s peligroso. Seg\u00fan los datos m\u00e1s recientes de la Oficina de Estad\u00edsticas Laborales, que se publicaron con cifras de 2019, Texas tuvo 608 muertes en el lugar de trabajo.<\/p><p><span style=\"font-size: 18px;\">La Asociaci\u00f3n de Sindicatos de Tuber\u00edas del Suroeste, la Asociaci\u00f3n Unida (UA) de Oficiales y Aprendices de la Industria de Plomer\u00eda, Instalaci\u00f3n de Tuber\u00edas y Instalaci\u00f3n de Rociadores y sus Sindicatos Locales afiliados creen que es vital que los trabajadores sean compensados de manera justa por las lesiones sufridas debido a condiciones de trabajo inseguras.<\/span><\/p><p><span style=\"font-size: 18px;\">Todos los contratistas afiliados a SWPTA cuentan con seguro de compensaci\u00f3n para trabajadores y creen que es importante tenerlo, ya que los trabajadores merecen seguir gan\u00e1ndose la vida mientras est\u00e1n lesionados y no pueden trabajar por causas ajenas a su voluntad.<\/span><\/p><h2>Compensaci\u00f3n de trabajadores en Texas<\/h2><p>Como se ha dicho, Texas es el estado m\u00e1s peligroso para los trabajadores de la construcci\u00f3n. Aunque Texas tiene una gran poblaci\u00f3n y una industria de la construcci\u00f3n en auge, las 608 muertes laborales notificadas en 2019 suponen un gran salto respecto de las 451 sufridas en California, el segundo estado con mayor n\u00famero de muertes laborales.<\/p><p><span style=\"font-size: 18px;\">Para que un trabajador de Texas que se lesione en el trabajo pueda recibir los beneficios de compensaci\u00f3n laboral, su empleador debe tener un seguro de compensaci\u00f3n laboral. No existe ninguna ley en Texas que obligue a los empleadores a mantener un seguro de compensaci\u00f3n laboral. Sin embargo, todos los contratistas afiliados a SWPTA poseen este seguro para que los trabajadores puedan seguir manteniendo a sus familias, incluso cuando est\u00e1n sin trabajo debido a una lesi\u00f3n.<\/span><\/p><p><span style=\"font-size: 18px;\">Puede obtener m\u00e1s informaci\u00f3n sobre la compensaci\u00f3n para trabajadores en Texas y c\u00f3mo presentar un reclamo de beneficios visitando el sitio web <\/span><a style=\"font-size: 18px; background-color: #ffffff;\" href=\"https:\/\/www.tdi.texas.gov\/wc\/employee\/index.html\">Sitio web del Departamento de Seguros de Texas.<\/a><\/p><h2>Compensaci\u00f3n de trabajadores en Oklahoma<\/h2><p>En Oklahoma, los empleados est\u00e1n cubiertos por las leyes de compensaci\u00f3n laboral del estado desde el momento en que se convierten en empleados. Esto es importante, ya que los trabajadores clasificados como contratistas independientes no est\u00e1n cubiertos por las leyes de compensaci\u00f3n laboral del estado y, por lo tanto, no son elegibles para recibir compensaci\u00f3n laboral.<\/p><p><span style=\"font-size: 18px;\">A diferencia de Texas, todos los empleadores de Oklahoma est\u00e1n obligados a tener un seguro de compensaci\u00f3n para trabajadores, que paga los gastos m\u00e9dicos y los salarios perdidos.<\/span><\/p><p><span style=\"font-size: 18px;\">Puede obtener m\u00e1s informaci\u00f3n sobre la compensaci\u00f3n para trabajadores en Oklahoma visitando el sitio web <\/span><a style=\"font-size: 18px; background-color: #ffffff;\" href=\"https:\/\/www.ok.gov\/wcc\/\">Sitio web de la Comisi\u00f3n de Compensaci\u00f3n para Trabajadores de Oklahoma.<\/a><\/p><h2>Compensaci\u00f3n de trabajadores en Nuevo M\u00e9xico<\/h2><p>Al igual que en Oklahoma, los empleadores de Nuevo M\u00e9xico deben tener un seguro de compensaci\u00f3n laboral si emplean a tres o m\u00e1s trabajadores. Todos los contratistas afiliados a SWPTA en Nuevo M\u00e9xico tienen este seguro.<\/p><p><span style=\"font-size: 18px;\">Algunos empleadores intentar\u00e1n eludir el pago de la compensaci\u00f3n laboral clasificando a los trabajadores como contratistas independientes, lo que les permitir\u00e1 evitar el costo.<\/span><\/p><p><span style=\"font-size: 18px;\">Si desea obtener m\u00e1s informaci\u00f3n sobre la compensaci\u00f3n laboral en Nuevo M\u00e9xico, visite el sitio <\/span><a style=\"font-size: 18px; background-color: #ffffff;\" href=\"https:\/\/workerscomp.nm.gov\/\">Sitio web de la Administraci\u00f3n de Compensaci\u00f3n para Trabajadores de Nuevo M\u00e9xico.<\/a><\/p><\/div>\n\t\t\t\t<\/div>\n\t\t\t\t<\/div>\n\t\t\t\t\t\t<\/div>\n\t\t\t\t\t<\/div>\n\t\t<\/div>\n\t\t\t\t\t\t\t\t<\/div>\n\t\t\t\t\t<\/div>\n\t\t<\/section>\n\t\t\t\t<section class=\"elementor-section elementor-top-section elementor-element elementor-element-7521ec76 elementor-section-full_width elementor-section-height-default elementor-section-height-default\" data-id=\"7521ec76\" data-element_type=\"section\">\n\t\t\t\t\t\t<div class=\"elementor-container elementor-column-gap-no\">\n\t\t\t\t\t\t\t<div class=\"elementor-row\">\n\t\t\t\t\t<div class=\"elementor-column elementor-col-100 elementor-top-column elementor-element elementor-element-5bea2b84\" data-id=\"5bea2b84\" data-element_type=\"column\">\n\t\t\t<div class=\"elementor-column-wrap\">\n\t\t\t\t\t\t\t<div class=\"elementor-widget-wrap\">\n\t\t\t\t\t\t\t\t<\/div>\n\t\t\t\t\t<\/div>\n\t\t<\/div>\n\t\t\t\t\t\t\t\t<\/div>\n\t\t\t\t\t<\/div>\n\t\t<\/section>\n\t\t\t\t\t\t<\/div>\n\t\t\t\t\t\t<\/div>\n\t\t\t\t\t<\/div>","protected":false},"excerpt":{"rendered":"<p>Compensaci\u00f3n laboral en Texas, Oklahoma y Nuevo M\u00e9xico. Los estados del suroeste se encuentran entre los m\u00e1s peligrosos para los trabajadores de la construcci\u00f3n, y Texas es el m\u00e1s peligroso. Seg\u00fan los datos m\u00e1s recientes de la Oficina de Estad\u00edsticas Laborales, basados en cifras de 2019, Texas registr\u00f3 608 muertes laborales. La Asociaci\u00f3n de Tuber\u00edas del Suroeste\u2026<\/p>\n<p class=\"read-more\"> <a class=\"\" href=\"https:\/\/southwestpipetrades.com\/es\/construction-issues\/workers-compensation\"> <span class=\"screen-reader-text\">Compensaci\u00f3n laboral<\/span> Leer m\u00e1s &quot;<\/a><\/p>","protected":false},"author":42,"featured_media":3439,"parent":1712,"menu_order":3,"comment_status":"closed","ping_status":"closed","template":"elementor_header_footer","meta":{"_acf_changed":false,"inline_featured_image":false,"site-sidebar-layout":"default","site-content-layout":"default","ast-global-header-display":"","ast-main-header-display":"","ast-hfb-above-header-display":"","ast-hfb-below-header-display":"","ast-hfb-mobile-header-display":"","site-post-title":"","ast-breadcrumbs-content":"","ast-featured-img":"","footer-sml-layout":"","theme-transparent-header-meta":"default","adv-header-id-meta":"","stick-header-meta":"default","header-above-stick-meta":"","header-main-stick-meta":"","header-below-stick-meta":"","footnotes":""},"class_list":["post-1788","page","type-page","status-publish","has-post-thumbnail","hentry"],"acf":[],"yoast_head":"<!-- This site is optimized with the Yoast SEO plugin v21.4 - https:\/\/yoast.com\/wordpress\/plugins\/seo\/ -->\n<title>Southwest Pipe Trades Association - Workers&#039; Compensation<\/title>\n<meta name=\"description\" content=\"Workplace injuries happen, it\u2019s why SWPTA Local affiliated contractors carry workers\u2019 compensation and take care of injured employees.\" \/>\n<meta name=\"robots\" content=\"index, follow, max-snippet:-1, max-image-preview:large, max-video-preview:-1\" \/>\n<link rel=\"canonical\" href=\"https:\/\/southwestpipetrades.com\/es\/construction-issues\/workers-compensation\/\" \/>\n<meta property=\"og:locale\" content=\"es_MX\" \/>\n<meta property=\"og:type\" content=\"article\" \/>\n<meta property=\"og:title\" content=\"Southwest Pipe Trades Association - Workers&#039; Compensation\" \/>\n<meta property=\"og:description\" content=\"Workplace injuries happen, it\u2019s why SWPTA Local affiliated contractors carry workers\u2019 compensation and take care of injured employees.\" \/>\n<meta property=\"og:url\" content=\"https:\/\/southwestpipetrades.com\/es\/construction-issues\/workers-compensation\/\" \/>\n<meta property=\"og:site_name\" content=\"Southwest Pipe Trades Association\" \/>\n<meta property=\"article:modified_time\" content=\"2022-10-21T13:00:28+00:00\" \/>\n<meta property=\"og:image\" content=\"https:\/\/southwestpipetrades.com\/wp-content\/uploads\/2022\/10\/SWPTA-featured-images18.png\" \/>\n\t<meta property=\"og:image:width\" content=\"1200\" \/>\n\t<meta property=\"og:image:height\" content=\"675\" \/>\n\t<meta property=\"og:image:type\" content=\"image\/png\" \/>\n<meta name=\"twitter:card\" content=\"summary_large_image\" \/>\n<meta name=\"twitter:label1\" content=\"Tiempo de lectura\" \/>\n\t<meta name=\"twitter:data1\" content=\"2 minutos\" \/>\n<script type=\"application\/ld+json\" class=\"yoast-schema-graph\">{\"@context\":\"https:\/\/schema.org\",\"@graph\":[{\"@type\":\"WebPage\",\"@id\":\"https:\/\/southwestpipetrades.com\/construction-issues\/workers-compensation\",\"url\":\"https:\/\/southwestpipetrades.com\/construction-issues\/workers-compensation\",\"name\":\"Southwest Pipe Trades Association - Workers' Compensation\",\"isPartOf\":{\"@id\":\"https:\/\/southwestpipetrades.com\/#website\"},\"datePublished\":\"2021-03-01T19:59:56+00:00\",\"dateModified\":\"2022-10-21T13:00:28+00:00\",\"description\":\"Workplace injuries happen, it\u2019s why SWPTA Local affiliated contractors carry workers\u2019 compensation and take care of injured employees.\",\"breadcrumb\":{\"@id\":\"https:\/\/southwestpipetrades.com\/construction-issues\/workers-compensation#breadcrumb\"},\"inLanguage\":\"es-MX\",\"potentialAction\":[{\"@type\":\"ReadAction\",\"target\":[\"https:\/\/southwestpipetrades.com\/construction-issues\/workers-compensation\"]}]},{\"@type\":\"BreadcrumbList\",\"@id\":\"https:\/\/southwestpipetrades.com\/construction-issues\/workers-compensation#breadcrumb\",\"itemListElement\":[{\"@type\":\"ListItem\",\"position\":1,\"name\":\"Home\",\"item\":\"https:\/\/southwestpipetrades.com\/\"},{\"@type\":\"ListItem\",\"position\":2,\"name\":\"Construction Issues\",\"item\":\"https:\/\/southwestpipetrades.com\/construction-issues\"},{\"@type\":\"ListItem\",\"position\":3,\"name\":\"Workers&#8217; Compensation\"}]},{\"@type\":\"WebSite\",\"@id\":\"https:\/\/southwestpipetrades.com\/#website\",\"url\":\"https:\/\/southwestpipetrades.com\/\",\"name\":\"Southwest Pipe Trades Association\",\"description\":\"Plumbers, Pipefitters, HVACR Techs in Texas, Oklahoma, New Mexico\",\"publisher\":{\"@id\":\"https:\/\/southwestpipetrades.com\/#organization\"},\"potentialAction\":[{\"@type\":\"SearchAction\",\"target\":{\"@type\":\"EntryPoint\",\"urlTemplate\":\"https:\/\/southwestpipetrades.com\/?s={search_term_string}\"},\"query-input\":\"required name=search_term_string\"}],\"inLanguage\":\"es-MX\"},{\"@type\":\"Organization\",\"@id\":\"https:\/\/southwestpipetrades.com\/#organization\",\"name\":\"Southwest Pipe Trades Assoication\",\"url\":\"https:\/\/southwestpipetrades.com\/\",\"logo\":{\"@type\":\"ImageObject\",\"inLanguage\":\"es-MX\",\"@id\":\"https:\/\/southwestpipetrades.com\/#\/schema\/logo\/image\/\",\"url\":\"https:\/\/southwestpipetrades.com\/wp-content\/uploads\/2020\/09\/SWPTA-2021-Logo-Color-Full-Horizontal-800px.png\",\"contentUrl\":\"https:\/\/southwestpipetrades.com\/wp-content\/uploads\/2020\/09\/SWPTA-2021-Logo-Color-Full-Horizontal-800px.png\",\"width\":800,\"height\":341,\"caption\":\"Southwest Pipe Trades Assoication\"},\"image\":{\"@id\":\"https:\/\/southwestpipetrades.com\/#\/schema\/logo\/image\/\"}}]}<\/script>\n<!-- \/ Yoast SEO plugin. -->","yoast_head_json":{"title":"Asociaci\u00f3n de la Industria de Tuber\u00edas del Suroeste - Indemnizaci\u00f3n por Accidentes Laborales","description":"Los accidentes laborales ocurren, por eso los contratistas afiliados a SWPTA Local cuentan con seguro de compensaci\u00f3n laboral y se ocupan de los empleados lesionados.","robots":{"index":"index","follow":"follow","max-snippet":"max-snippet:-1","max-image-preview":"max-image-preview:large","max-video-preview":"max-video-preview:-1"},"canonical":"https:\/\/southwestpipetrades.com\/es\/construction-issues\/workers-compensation\/","og_locale":"es_MX","og_type":"article","og_title":"Southwest Pipe Trades Association - Workers' Compensation","og_description":"Workplace injuries happen, it\u2019s why SWPTA Local affiliated contractors carry workers\u2019 compensation and take care of injured employees.","og_url":"https:\/\/southwestpipetrades.com\/es\/construction-issues\/workers-compensation\/","og_site_name":"Southwest Pipe Trades Association","article_modified_time":"2022-10-21T13:00:28+00:00","og_image":[{"width":1200,"height":675,"url":"https:\/\/southwestpipetrades.com\/wp-content\/uploads\/2022\/10\/SWPTA-featured-images18.png","type":"image\/png"}],"twitter_card":"summary_large_image","twitter_misc":{"Tiempo de lectura":"2 minutos"},"schema":{"@context":"https:\/\/schema.org","@graph":[{"@type":"WebPage","@id":"https:\/\/southwestpipetrades.com\/construction-issues\/workers-compensation","url":"https:\/\/southwestpipetrades.com\/construction-issues\/workers-compensation","name":"Asociaci\u00f3n de la Industria de Tuber\u00edas del Suroeste - Indemnizaci\u00f3n por Accidentes Laborales","isPartOf":{"@id":"https:\/\/southwestpipetrades.com\/#website"},"datePublished":"2021-03-01T19:59:56+00:00","dateModified":"2022-10-21T13:00:28+00:00","description":"Los accidentes laborales ocurren, por eso los contratistas afiliados a SWPTA Local cuentan con seguro de compensaci\u00f3n laboral y se ocupan de los empleados lesionados.","breadcrumb":{"@id":"https:\/\/southwestpipetrades.com\/construction-issues\/workers-compensation#breadcrumb"},"inLanguage":"es-MX","potentialAction":[{"@type":"ReadAction","target":["https:\/\/southwestpipetrades.com\/construction-issues\/workers-compensation"]}]},{"@type":"BreadcrumbList","@id":"https:\/\/southwestpipetrades.com\/construction-issues\/workers-compensation#breadcrumb","itemListElement":[{"@type":"ListItem","position":1,"name":"Home","item":"https:\/\/southwestpipetrades.com\/"},{"@type":"ListItem","position":2,"name":"Construction Issues","item":"https:\/\/southwestpipetrades.com\/construction-issues"},{"@type":"ListItem","position":3,"name":"Workers&#8217; Compensation"}]},{"@type":"WebSite","@id":"https:\/\/southwestpipetrades.com\/#website","url":"https:\/\/southwestpipetrades.com\/","name":"Asociaci\u00f3n de Comercio de Tuber\u00edas del Suroeste","description":"Fontaneros, instaladores de tuber\u00edas, t\u00e9cnicos de climatizaci\u00f3n en Texas, Oklahoma y Nuevo M\u00e9xico","publisher":{"@id":"https:\/\/southwestpipetrades.com\/#organization"},"potentialAction":[{"@type":"SearchAction","target":{"@type":"EntryPoint","urlTemplate":"https:\/\/southwestpipetrades.com\/?s={search_term_string}"},"query-input":"required name=search_term_string"}],"inLanguage":"es-MX"},{"@type":"Organization","@id":"https:\/\/southwestpipetrades.com\/#organization","name":"Asociaci\u00f3n de Oficios de Tuber\u00edas del Suroeste","url":"https:\/\/southwestpipetrades.com\/","logo":{"@type":"ImageObject","inLanguage":"es-MX","@id":"https:\/\/southwestpipetrades.com\/#\/schema\/logo\/image\/","url":"https:\/\/southwestpipetrades.com\/wp-content\/uploads\/2020\/09\/SWPTA-2021-Logo-Color-Full-Horizontal-800px.png","contentUrl":"https:\/\/southwestpipetrades.com\/wp-content\/uploads\/2020\/09\/SWPTA-2021-Logo-Color-Full-Horizontal-800px.png","width":800,"height":341,"caption":"Southwest Pipe Trades Assoication"},"image":{"@id":"https:\/\/southwestpipetrades.com\/#\/schema\/logo\/image\/"}}]}},"_links":{"self":[{"href":"https:\/\/southwestpipetrades.com\/es\/wp-json\/wp\/v2\/pages\/1788","targetHints":{"allow":["GET"]}}],"collection":[{"href":"https:\/\/southwestpipetrades.com\/es\/wp-json\/wp\/v2\/pages"}],"about":[{"href":"https:\/\/southwestpipetrades.com\/es\/wp-json\/wp\/v2\/types\/page"}],"author":[{"embeddable":true,"href":"https:\/\/southwestpipetrades.com\/es\/wp-json\/wp\/v2\/users\/42"}],"replies":[{"embeddable":true,"href":"https:\/\/southwestpipetrades.com\/es\/wp-json\/wp\/v2\/comments?post=1788"}],"version-history":[{"count":0,"href":"https:\/\/southwestpipetrades.com\/es\/wp-json\/wp\/v2\/pages\/1788\/revisions"}],"up":[{"embeddable":true,"href":"https:\/\/southwestpipetrades.com\/es\/wp-json\/wp\/v2\/pages\/1712"}],"wp:featuredmedia":[{"embeddable":true,"href":"https:\/\/southwestpipetrades.com\/es\/wp-json\/wp\/v2\/media\/3439"}],"wp:attachment":[{"href":"https:\/\/southwestpipetrades.com\/es\/wp-json\/wp\/v2\/media?parent=1788"}],"curies":[{"name":"wp","href":"https:\/\/api.w.org\/{rel}","templated":true}]}}