{"id":1796,"date":"2021-03-01T20:25:34","date_gmt":"2021-03-01T20:25:34","guid":{"rendered":"https:\/\/southwestpipetrades.com\/?page_id=1796"},"modified":"2022-10-21T12:59:26","modified_gmt":"2022-10-21T12:59:26","slug":"independent-contractors","status":"publish","type":"page","link":"https:\/\/southwestpipetrades.com\/es\/construction-issues\/independent-contractors","title":{"rendered":"Contratistas independientes"},"content":{"rendered":"<div data-elementor-type=\"wp-page\" data-elementor-id=\"1796\" class=\"elementor elementor-1796\" data-elementor-settings=\"[]\">\n\t\t\t\t\t\t<div class=\"elementor-inner\">\n\t\t\t\t\t\t\t<div class=\"elementor-section-wrap\">\n\t\t\t\t\t\t\t<section class=\"elementor-section elementor-top-section elementor-element elementor-element-3c83c384 elementor-section-boxed elementor-section-height-default elementor-section-height-default\" data-id=\"3c83c384\" data-element_type=\"section\">\n\t\t\t\t\t\t<div class=\"elementor-container elementor-column-gap-default\">\n\t\t\t\t\t\t\t<div class=\"elementor-row\">\n\t\t\t\t\t<div class=\"elementor-column elementor-col-100 elementor-top-column elementor-element elementor-element-48c9c5e7\" data-id=\"48c9c5e7\" data-element_type=\"column\">\n\t\t\t<div class=\"elementor-column-wrap elementor-element-populated\">\n\t\t\t\t\t\t\t<div class=\"elementor-widget-wrap\">\n\t\t\t\t\t\t<div class=\"elementor-element elementor-element-67fe179 elementor-widget elementor-widget-heading\" data-id=\"67fe179\" data-element_type=\"widget\" data-widget_type=\"heading.default\">\n\t\t\t\t<div class=\"elementor-widget-container\">\n\t\t\t<h1 class=\"elementor-heading-title elementor-size-default\">Contratistas independientes en Texas, Oklahoma y Nuevo M\u00e9xico<\/h1>\t\t<\/div>\n\t\t\t\t<\/div>\n\t\t\t\t<div class=\"elementor-element elementor-element-4a2ffac9 elementor-widget elementor-widget-text-editor\" data-id=\"4a2ffac9\" data-element_type=\"widget\" data-widget_type=\"text-editor.default\">\n\t\t\t\t<div class=\"elementor-widget-container\">\n\t\t\t\t\t<div class=\"elementor-text-editor elementor-clearfix\"><p>Un tema importante para la comunidad laboral es la clasificaci\u00f3n de los contratistas independientes. Los empleadores clasifican a los trabajadores como contratistas independientes para evitar pagar impuestos adicionales, compensaciones laborales y otros costos asociados con la contrataci\u00f3n de empleados.<\/p><h2>Las consecuencias de la contrataci\u00f3n independiente<\/h2><p>La contrataci\u00f3n independiente es peligrosa para los trabajadores, ya que afecta su elegibilidad para recibir beneficios y reduce los salarios que reciben. Esta pr\u00e1ctica se utiliza a menudo en los oficios cuando una empresa necesita mano de obra temporal para completar un trabajo.<\/p><p>Los empleadores clasifican a los trabajadores como contratistas independientes para pagar menos impuestos. Cuando un trabajador es clasificado como contratista independiente, el empleador le sigue dando un cheque de pago, pero no le retiene varios impuestos por beneficios. La clasificaci\u00f3n de contratista independiente tambi\u00e9n permite a los empleadores evitar el Seguro Social y Medicare. Adem\u00e1s, no tienen que proporcionar ning\u00fan beneficio, como atenci\u00f3n m\u00e9dica o beneficios de jubilaci\u00f3n.<\/p><p>La contrataci\u00f3n independiente es f\u00edsicamente peligrosa para otros trabajadores y podr\u00eda causarles da\u00f1os. Dado que el prop\u00f3sito de clasificar err\u00f3neamente a los trabajadores como contratistas independientes es evitar los costos asociados con la contrataci\u00f3n de alguien como empleado, es posible que se omita la capacitaci\u00f3n. La capacitaci\u00f3n en el sector de las tuber\u00edas es vital, ya que una decisi\u00f3n incorrecta podr\u00eda cerrar todo un proyecto debido a lesiones o muerte.<\/p><h2>Beneficios de la negociaci\u00f3n colectiva<\/h2><p>En comparaci\u00f3n con los trabajadores independientes, los empleados que trabajan bajo convenios colectivos suelen tener mejores resultados. Los convenios colectivos proporcionan a los empleados un salario acordado entre los trabajadores y la direcci\u00f3n. Adem\u00e1s, los convenios colectivos generan beneficios que pueden disfrutar los miembros de la familia y durante la jubilaci\u00f3n.<\/p><p>En Estados Unidos, la atenci\u00f3n m\u00e9dica es uno de los mayores gastos que una familia puede tener que presupuestar si no est\u00e1 cubierta por su empleador. En virtud de un convenio colectivo, se acuerdan beneficios como el seguro m\u00e9dico familiar, lo que permite a los estadounidenses evitar un gasto m\u00e1s.<\/p><p>La negociaci\u00f3n colectiva tambi\u00e9n es muy beneficiosa para las comunidades locales. Al trabajar bajo un acuerdo de negociaci\u00f3n colectiva, se utiliza una fuerza laboral local. Esta fuerza laboral tiene m\u00e1s probabilidades de gastar dinero en la comunidad en la que trabaja, ya que vive en esa comunidad o cerca de ella.<\/p><\/div>\n\t\t\t\t<\/div>\n\t\t\t\t<\/div>\n\t\t\t\t\t\t<\/div>\n\t\t\t\t\t<\/div>\n\t\t<\/div>\n\t\t\t\t\t\t\t\t<\/div>\n\t\t\t\t\t<\/div>\n\t\t<\/section>\n\t\t\t\t<section class=\"elementor-section elementor-top-section elementor-element elementor-element-7521ec76 elementor-section-full_width elementor-section-height-default elementor-section-height-default\" data-id=\"7521ec76\" data-element_type=\"section\">\n\t\t\t\t\t\t<div class=\"elementor-container elementor-column-gap-no\">\n\t\t\t\t\t\t\t<div class=\"elementor-row\">\n\t\t\t\t\t<div class=\"elementor-column elementor-col-100 elementor-top-column elementor-element elementor-element-5bea2b84\" data-id=\"5bea2b84\" data-element_type=\"column\">\n\t\t\t<div class=\"elementor-column-wrap\">\n\t\t\t\t\t\t\t<div class=\"elementor-widget-wrap\">\n\t\t\t\t\t\t\t\t<\/div>\n\t\t\t\t\t<\/div>\n\t\t<\/div>\n\t\t\t\t\t\t\t\t<\/div>\n\t\t\t\t\t<\/div>\n\t\t<\/section>\n\t\t\t\t\t\t<\/div>\n\t\t\t\t\t\t<\/div>\n\t\t\t\t\t<\/div>","protected":false},"excerpt":{"rendered":"<p>Contratistas independientes en Texas, Oklahoma y Nuevo M\u00e9xico. Un problema importante para la comunidad laboral es la clasificaci\u00f3n de los contratistas independientes. Los empleadores clasifican a los trabajadores como contratistas independientes para evitar el pago de impuestos adicionales, compensaci\u00f3n laboral y otros costos asociados con la contrataci\u00f3n. Las consecuencias de la contrataci\u00f3n independiente. La contrataci\u00f3n independiente es peligrosa para los trabajadores, ya que afecta...<\/p>\n<p class=\"read-more\"> <a class=\"\" href=\"https:\/\/southwestpipetrades.com\/es\/construction-issues\/independent-contractors\"> <span class=\"screen-reader-text\">Contratistas independientes<\/span> Leer m\u00e1s &quot;<\/a><\/p>","protected":false},"author":42,"featured_media":3440,"parent":1712,"menu_order":3,"comment_status":"closed","ping_status":"closed","template":"elementor_header_footer","meta":{"_acf_changed":false,"inline_featured_image":false,"site-sidebar-layout":"default","site-content-layout":"default","ast-global-header-display":"","ast-main-header-display":"","ast-hfb-above-header-display":"","ast-hfb-below-header-display":"","ast-hfb-mobile-header-display":"","site-post-title":"","ast-breadcrumbs-content":"","ast-featured-img":"","footer-sml-layout":"","theme-transparent-header-meta":"default","adv-header-id-meta":"","stick-header-meta":"default","header-above-stick-meta":"","header-main-stick-meta":"","header-below-stick-meta":"","footnotes":""},"class_list":["post-1796","page","type-page","status-publish","has-post-thumbnail","hentry"],"acf":[],"yoast_head":"<!-- This site is optimized with the Yoast SEO plugin v21.4 - https:\/\/yoast.com\/wordpress\/plugins\/seo\/ -->\n<title>Southwest Pipe Trades Association - Independent Contractors<\/title>\n<meta name=\"description\" content=\"Workers are being classified as independent contractors. Workers deserve the benefits of a collective bargaining agreement.\" \/>\n<meta name=\"robots\" content=\"index, follow, max-snippet:-1, max-image-preview:large, max-video-preview:-1\" \/>\n<link rel=\"canonical\" href=\"https:\/\/southwestpipetrades.com\/es\/construction-issues\/independent-contractors\/\" \/>\n<meta property=\"og:locale\" content=\"es_MX\" \/>\n<meta property=\"og:type\" content=\"article\" \/>\n<meta property=\"og:title\" content=\"Southwest Pipe Trades Association - Independent Contractors\" \/>\n<meta property=\"og:description\" content=\"Workers are being classified as independent contractors. Workers deserve the benefits of a collective bargaining agreement.\" \/>\n<meta property=\"og:url\" content=\"https:\/\/southwestpipetrades.com\/es\/construction-issues\/independent-contractors\/\" \/>\n<meta property=\"og:site_name\" content=\"Southwest Pipe Trades Association\" \/>\n<meta property=\"article:modified_time\" content=\"2022-10-21T12:59:26+00:00\" \/>\n<meta property=\"og:image\" content=\"https:\/\/southwestpipetrades.com\/wp-content\/uploads\/2022\/10\/SWPTA-featured-images19.png\" \/>\n\t<meta property=\"og:image:width\" content=\"1200\" \/>\n\t<meta property=\"og:image:height\" content=\"675\" \/>\n\t<meta property=\"og:image:type\" content=\"image\/png\" \/>\n<meta name=\"twitter:card\" content=\"summary_large_image\" \/>\n<meta name=\"twitter:label1\" content=\"Tiempo de lectura\" \/>\n\t<meta name=\"twitter:data1\" content=\"2 minutos\" \/>\n<script type=\"application\/ld+json\" class=\"yoast-schema-graph\">{\"@context\":\"https:\/\/schema.org\",\"@graph\":[{\"@type\":\"WebPage\",\"@id\":\"https:\/\/southwestpipetrades.com\/construction-issues\/independent-contractors\",\"url\":\"https:\/\/southwestpipetrades.com\/construction-issues\/independent-contractors\",\"name\":\"Southwest Pipe Trades Association - Independent Contractors\",\"isPartOf\":{\"@id\":\"https:\/\/southwestpipetrades.com\/#website\"},\"datePublished\":\"2021-03-01T20:25:34+00:00\",\"dateModified\":\"2022-10-21T12:59:26+00:00\",\"description\":\"Workers are being classified as independent contractors. Workers deserve the benefits of a collective bargaining agreement.\",\"breadcrumb\":{\"@id\":\"https:\/\/southwestpipetrades.com\/construction-issues\/independent-contractors#breadcrumb\"},\"inLanguage\":\"es-MX\",\"potentialAction\":[{\"@type\":\"ReadAction\",\"target\":[\"https:\/\/southwestpipetrades.com\/construction-issues\/independent-contractors\"]}]},{\"@type\":\"BreadcrumbList\",\"@id\":\"https:\/\/southwestpipetrades.com\/construction-issues\/independent-contractors#breadcrumb\",\"itemListElement\":[{\"@type\":\"ListItem\",\"position\":1,\"name\":\"Home\",\"item\":\"https:\/\/southwestpipetrades.com\/\"},{\"@type\":\"ListItem\",\"position\":2,\"name\":\"Construction Issues\",\"item\":\"https:\/\/southwestpipetrades.com\/construction-issues\"},{\"@type\":\"ListItem\",\"position\":3,\"name\":\"Independent Contractors\"}]},{\"@type\":\"WebSite\",\"@id\":\"https:\/\/southwestpipetrades.com\/#website\",\"url\":\"https:\/\/southwestpipetrades.com\/\",\"name\":\"Southwest Pipe Trades Association\",\"description\":\"Plumbers, Pipefitters, HVACR Techs in Texas, Oklahoma, New Mexico\",\"publisher\":{\"@id\":\"https:\/\/southwestpipetrades.com\/#organization\"},\"potentialAction\":[{\"@type\":\"SearchAction\",\"target\":{\"@type\":\"EntryPoint\",\"urlTemplate\":\"https:\/\/southwestpipetrades.com\/?s={search_term_string}\"},\"query-input\":\"required name=search_term_string\"}],\"inLanguage\":\"es-MX\"},{\"@type\":\"Organization\",\"@id\":\"https:\/\/southwestpipetrades.com\/#organization\",\"name\":\"Southwest Pipe Trades Assoication\",\"url\":\"https:\/\/southwestpipetrades.com\/\",\"logo\":{\"@type\":\"ImageObject\",\"inLanguage\":\"es-MX\",\"@id\":\"https:\/\/southwestpipetrades.com\/#\/schema\/logo\/image\/\",\"url\":\"https:\/\/southwestpipetrades.com\/wp-content\/uploads\/2020\/09\/SWPTA-2021-Logo-Color-Full-Horizontal-800px.png\",\"contentUrl\":\"https:\/\/southwestpipetrades.com\/wp-content\/uploads\/2020\/09\/SWPTA-2021-Logo-Color-Full-Horizontal-800px.png\",\"width\":800,\"height\":341,\"caption\":\"Southwest Pipe Trades Assoication\"},\"image\":{\"@id\":\"https:\/\/southwestpipetrades.com\/#\/schema\/logo\/image\/\"}}]}<\/script>\n<!-- \/ Yoast SEO plugin. -->","yoast_head_json":{"title":"Asociaci\u00f3n de Oficios de Tuber\u00edas del Suroeste - Contratistas Independientes","description":"Los trabajadores est\u00e1n siendo clasificados como contratistas independientes. Los trabajadores merecen los beneficios de un convenio colectivo.","robots":{"index":"index","follow":"follow","max-snippet":"max-snippet:-1","max-image-preview":"max-image-preview:large","max-video-preview":"max-video-preview:-1"},"canonical":"https:\/\/southwestpipetrades.com\/es\/construction-issues\/independent-contractors\/","og_locale":"es_MX","og_type":"article","og_title":"Southwest Pipe Trades Association - Independent Contractors","og_description":"Workers are being classified as independent contractors. Workers deserve the benefits of a collective bargaining agreement.","og_url":"https:\/\/southwestpipetrades.com\/es\/construction-issues\/independent-contractors\/","og_site_name":"Southwest Pipe Trades Association","article_modified_time":"2022-10-21T12:59:26+00:00","og_image":[{"width":1200,"height":675,"url":"https:\/\/southwestpipetrades.com\/wp-content\/uploads\/2022\/10\/SWPTA-featured-images19.png","type":"image\/png"}],"twitter_card":"summary_large_image","twitter_misc":{"Tiempo de lectura":"2 minutos"},"schema":{"@context":"https:\/\/schema.org","@graph":[{"@type":"WebPage","@id":"https:\/\/southwestpipetrades.com\/construction-issues\/independent-contractors","url":"https:\/\/southwestpipetrades.com\/construction-issues\/independent-contractors","name":"Asociaci\u00f3n de Oficios de Tuber\u00edas del Suroeste - Contratistas Independientes","isPartOf":{"@id":"https:\/\/southwestpipetrades.com\/#website"},"datePublished":"2021-03-01T20:25:34+00:00","dateModified":"2022-10-21T12:59:26+00:00","description":"Los trabajadores est\u00e1n siendo clasificados como contratistas independientes. Los trabajadores merecen los beneficios de un convenio colectivo.","breadcrumb":{"@id":"https:\/\/southwestpipetrades.com\/construction-issues\/independent-contractors#breadcrumb"},"inLanguage":"es-MX","potentialAction":[{"@type":"ReadAction","target":["https:\/\/southwestpipetrades.com\/construction-issues\/independent-contractors"]}]},{"@type":"BreadcrumbList","@id":"https:\/\/southwestpipetrades.com\/construction-issues\/independent-contractors#breadcrumb","itemListElement":[{"@type":"ListItem","position":1,"name":"Home","item":"https:\/\/southwestpipetrades.com\/"},{"@type":"ListItem","position":2,"name":"Construction Issues","item":"https:\/\/southwestpipetrades.com\/construction-issues"},{"@type":"ListItem","position":3,"name":"Independent Contractors"}]},{"@type":"WebSite","@id":"https:\/\/southwestpipetrades.com\/#website","url":"https:\/\/southwestpipetrades.com\/","name":"Asociaci\u00f3n de Comercio de Tuber\u00edas del Suroeste","description":"Fontaneros, instaladores de tuber\u00edas, t\u00e9cnicos de climatizaci\u00f3n en Texas, Oklahoma y Nuevo M\u00e9xico","publisher":{"@id":"https:\/\/southwestpipetrades.com\/#organization"},"potentialAction":[{"@type":"SearchAction","target":{"@type":"EntryPoint","urlTemplate":"https:\/\/southwestpipetrades.com\/?s={search_term_string}"},"query-input":"required name=search_term_string"}],"inLanguage":"es-MX"},{"@type":"Organization","@id":"https:\/\/southwestpipetrades.com\/#organization","name":"Asociaci\u00f3n de Oficios de Tuber\u00edas del Suroeste","url":"https:\/\/southwestpipetrades.com\/","logo":{"@type":"ImageObject","inLanguage":"es-MX","@id":"https:\/\/southwestpipetrades.com\/#\/schema\/logo\/image\/","url":"https:\/\/southwestpipetrades.com\/wp-content\/uploads\/2020\/09\/SWPTA-2021-Logo-Color-Full-Horizontal-800px.png","contentUrl":"https:\/\/southwestpipetrades.com\/wp-content\/uploads\/2020\/09\/SWPTA-2021-Logo-Color-Full-Horizontal-800px.png","width":800,"height":341,"caption":"Southwest Pipe Trades Assoication"},"image":{"@id":"https:\/\/southwestpipetrades.com\/#\/schema\/logo\/image\/"}}]}},"_links":{"self":[{"href":"https:\/\/southwestpipetrades.com\/es\/wp-json\/wp\/v2\/pages\/1796","targetHints":{"allow":["GET"]}}],"collection":[{"href":"https:\/\/southwestpipetrades.com\/es\/wp-json\/wp\/v2\/pages"}],"about":[{"href":"https:\/\/southwestpipetrades.com\/es\/wp-json\/wp\/v2\/types\/page"}],"author":[{"embeddable":true,"href":"https:\/\/southwestpipetrades.com\/es\/wp-json\/wp\/v2\/users\/42"}],"replies":[{"embeddable":true,"href":"https:\/\/southwestpipetrades.com\/es\/wp-json\/wp\/v2\/comments?post=1796"}],"version-history":[{"count":0,"href":"https:\/\/southwestpipetrades.com\/es\/wp-json\/wp\/v2\/pages\/1796\/revisions"}],"up":[{"embeddable":true,"href":"https:\/\/southwestpipetrades.com\/es\/wp-json\/wp\/v2\/pages\/1712"}],"wp:featuredmedia":[{"embeddable":true,"href":"https:\/\/southwestpipetrades.com\/es\/wp-json\/wp\/v2\/media\/3440"}],"wp:attachment":[{"href":"https:\/\/southwestpipetrades.com\/es\/wp-json\/wp\/v2\/media?parent=1796"}],"curies":[{"name":"wp","href":"https:\/\/api.w.org\/{rel}","templated":true}]}}