{"id":2129,"date":"2021-03-09T21:31:15","date_gmt":"2021-03-09T21:31:15","guid":{"rendered":"https:\/\/southwestpipetrades.com\/?page_id=2129"},"modified":"2022-10-21T13:03:14","modified_gmt":"2022-10-21T13:03:14","slug":"energy","status":"publish","type":"page","link":"https:\/\/southwestpipetrades.com\/es\/construction-issues\/energy","title":{"rendered":"Energ\u00eda"},"content":{"rendered":"<div data-elementor-type=\"wp-page\" data-elementor-id=\"2129\" class=\"elementor elementor-2129\" data-elementor-settings=\"[]\">\n\t\t\t\t\t\t<div class=\"elementor-inner\">\n\t\t\t\t\t\t\t<div class=\"elementor-section-wrap\">\n\t\t\t\t\t\t\t<section class=\"elementor-section elementor-top-section elementor-element elementor-element-fc93f15 elementor-section-boxed elementor-section-height-default elementor-section-height-default\" data-id=\"fc93f15\" data-element_type=\"section\">\n\t\t\t\t\t\t<div class=\"elementor-container elementor-column-gap-default\">\n\t\t\t\t\t\t\t<div class=\"elementor-row\">\n\t\t\t\t\t<div class=\"elementor-column elementor-col-100 elementor-top-column elementor-element elementor-element-0b7b463\" data-id=\"0b7b463\" data-element_type=\"column\">\n\t\t\t<div class=\"elementor-column-wrap elementor-element-populated\">\n\t\t\t\t\t\t\t<div class=\"elementor-widget-wrap\">\n\t\t\t\t\t\t<div class=\"elementor-element elementor-element-9c3d677 elementor-widget elementor-widget-heading\" data-id=\"9c3d677\" data-element_type=\"widget\" data-widget_type=\"heading.default\">\n\t\t\t\t<div class=\"elementor-widget-container\">\n\t\t\t<h1 class=\"elementor-heading-title elementor-size-default\">Energ\u00eda<\/h1>\t\t<\/div>\n\t\t\t\t<\/div>\n\t\t\t\t<div class=\"elementor-element elementor-element-0a1b8df elementor-widget elementor-widget-text-editor\" data-id=\"0a1b8df\" data-element_type=\"widget\" data-widget_type=\"text-editor.default\">\n\t\t\t\t<div class=\"elementor-widget-container\">\n\t\t\t\t\t<div class=\"elementor-text-editor elementor-clearfix\"><p>Los estados del suroeste son una potencia en la producci\u00f3n de energ\u00eda. Ya sea que la energ\u00eda se produzca a trav\u00e9s de combustibles f\u00f3siles o de fuentes de energ\u00eda nuevas y renovables, los miembros de los sindicatos locales de la Asociaci\u00f3n Unida (UA) afiliada a la Asociaci\u00f3n de Trabajadores de Tuber\u00edas del Suroeste (SWPTA) est\u00e1n listos para hacer el trabajo necesario para llevar energ\u00eda al suroeste de los EE. UU. y al resto del pa\u00eds.<\/p><h2>El comercio de tuber\u00edas en la industria de los combustibles f\u00f3siles<\/h2><p>El sector de los conductos y de los combustibles f\u00f3siles va de la mano. Uno de los m\u00e9todos m\u00e1s comunes y seguros de transportar combustibles f\u00f3siles es el de los conductos. La construcci\u00f3n de estos conductos requiere una enorme cantidad de trabajadores especializados en conductos, desde el proceso de prefabricaci\u00f3n que realizan muchos contratistas afiliados a la SWPTA hasta la soldadura de las piezas del conducto.<\/p><p>Dado que estos oleoductos transportan petr\u00f3leo y otros combustibles f\u00f3siles que pueden ser nocivos para el medio ambiente si no se manipulan adecuadamente, es fundamental que el trabajo se realice correctamente. Los sindicatos locales de la UA afiliados a la SWPTA y los contratistas afiliados invierten en capacitaci\u00f3n para que sus miembros y empleados comprendan sus responsabilidades y puedan ejecutarlas de manera h\u00e1bil y segura.<\/p><h2>El comercio de tuber\u00edas en la industria de las energ\u00edas renovables<\/h2><p>Las formas de energ\u00eda renovable son cada vez m\u00e1s comunes en todo el mundo y cada vez m\u00e1s populares en el suroeste de los EE. UU. Los comerciantes de tuber\u00edas, hombres y mujeres, tambi\u00e9n participan en la instalaci\u00f3n de estos sistemas de energ\u00eda y est\u00e1n listos y dispuestos a asumir trabajos en este sector en crecimiento de la industria energ\u00e9tica.<\/p><p>La United Association y sus contratistas afiliados han comenzado a destinar recursos a la capacitaci\u00f3n de sus miembros para trabajar en estos sistemas de energ\u00eda. Si bien el sector de los combustibles f\u00f3siles a\u00fan domina la industria energ\u00e9tica, las energ\u00edas renovables est\u00e1n ganando terreno como formas sostenibles de energ\u00eda.<\/p><\/div>\n\t\t\t\t<\/div>\n\t\t\t\t<\/div>\n\t\t\t\t\t\t<\/div>\n\t\t\t\t\t<\/div>\n\t\t<\/div>\n\t\t\t\t\t\t\t\t<\/div>\n\t\t\t\t\t<\/div>\n\t\t<\/section>\n\t\t\t\t\t\t<\/div>\n\t\t\t\t\t\t<\/div>\n\t\t\t\t\t<\/div>","protected":false},"excerpt":{"rendered":"<p>Los estados del suroeste son un motor de producci\u00f3n de energ\u00eda. Ya sea que la energ\u00eda se produzca mediante combustibles f\u00f3siles o nuevas fuentes de energ\u00eda renovable, los miembros de los sindicatos locales de la Asociaci\u00f3n Unida (UA), afiliados a la Asociaci\u00f3n de Sindicatos de Tuber\u00edas del Suroeste (SWPTA), est\u00e1n listos para realizar el trabajo necesario para llevar energ\u00eda al suroeste de Estados Unidos y al resto del pa\u00eds. La tuber\u00eda\u2026<\/p>\n<p class=\"read-more\"> <a class=\"\" href=\"https:\/\/southwestpipetrades.com\/es\/construction-issues\/energy\"> <span class=\"screen-reader-text\">Energ\u00eda<\/span> Leer m\u00e1s &quot;<\/a><\/p>","protected":false},"author":37,"featured_media":3443,"parent":1712,"menu_order":8,"comment_status":"closed","ping_status":"closed","template":"elementor_header_footer","meta":{"_acf_changed":false,"inline_featured_image":false,"site-sidebar-layout":"no-sidebar","site-content-layout":"page-builder","ast-global-header-display":"","ast-main-header-display":"","ast-hfb-above-header-display":"","ast-hfb-below-header-display":"","ast-hfb-mobile-header-display":"","site-post-title":"disabled","ast-breadcrumbs-content":"","ast-featured-img":"disabled","footer-sml-layout":"","theme-transparent-header-meta":"default","adv-header-id-meta":"","stick-header-meta":"default","header-above-stick-meta":"","header-main-stick-meta":"","header-below-stick-meta":"","footnotes":""},"class_list":["post-2129","page","type-page","status-publish","has-post-thumbnail","hentry"],"acf":[],"yoast_head":"<!-- This site is optimized with the Yoast SEO plugin v21.4 - https:\/\/yoast.com\/wordpress\/plugins\/seo\/ -->\n<title>United Association Southwest Pipe Trades Association - Energy<\/title>\n<meta name=\"description\" content=\"SWPTA affiliated Locals have dedicated resources to training members for work in the energy sector, both renewable and nonrenewable.\" \/>\n<meta name=\"robots\" content=\"index, follow, max-snippet:-1, max-image-preview:large, max-video-preview:-1\" \/>\n<link rel=\"canonical\" href=\"https:\/\/southwestpipetrades.com\/es\/construction-issues\/energy\/\" \/>\n<meta property=\"og:locale\" content=\"es_MX\" \/>\n<meta property=\"og:type\" content=\"article\" \/>\n<meta property=\"og:title\" content=\"United Association Southwest Pipe Trades Association - Energy\" \/>\n<meta property=\"og:description\" content=\"SWPTA affiliated Locals have dedicated resources to training members for work in the energy sector, both renewable and nonrenewable.\" \/>\n<meta property=\"og:url\" content=\"https:\/\/southwestpipetrades.com\/es\/construction-issues\/energy\/\" \/>\n<meta property=\"og:site_name\" content=\"Southwest Pipe Trades Association\" \/>\n<meta property=\"article:modified_time\" content=\"2022-10-21T13:03:14+00:00\" \/>\n<meta property=\"og:image\" content=\"https:\/\/southwestpipetrades.com\/wp-content\/uploads\/2022\/10\/SWPTA-featured-images22.png\" \/>\n\t<meta property=\"og:image:width\" content=\"1200\" \/>\n\t<meta property=\"og:image:height\" content=\"675\" \/>\n\t<meta property=\"og:image:type\" content=\"image\/png\" \/>\n<meta name=\"twitter:card\" content=\"summary_large_image\" \/>\n<meta name=\"twitter:label1\" content=\"Tiempo de lectura\" \/>\n\t<meta name=\"twitter:data1\" content=\"2 minutos\" \/>\n<script type=\"application\/ld+json\" class=\"yoast-schema-graph\">{\"@context\":\"https:\/\/schema.org\",\"@graph\":[{\"@type\":\"WebPage\",\"@id\":\"https:\/\/southwestpipetrades.com\/construction-issues\/energy\",\"url\":\"https:\/\/southwestpipetrades.com\/construction-issues\/energy\",\"name\":\"United Association Southwest Pipe Trades Association - Energy\",\"isPartOf\":{\"@id\":\"https:\/\/southwestpipetrades.com\/#website\"},\"datePublished\":\"2021-03-09T21:31:15+00:00\",\"dateModified\":\"2022-10-21T13:03:14+00:00\",\"description\":\"SWPTA affiliated Locals have dedicated resources to training members for work in the energy sector, both renewable and nonrenewable.\",\"breadcrumb\":{\"@id\":\"https:\/\/southwestpipetrades.com\/construction-issues\/energy#breadcrumb\"},\"inLanguage\":\"es-MX\",\"potentialAction\":[{\"@type\":\"ReadAction\",\"target\":[\"https:\/\/southwestpipetrades.com\/construction-issues\/energy\"]}]},{\"@type\":\"BreadcrumbList\",\"@id\":\"https:\/\/southwestpipetrades.com\/construction-issues\/energy#breadcrumb\",\"itemListElement\":[{\"@type\":\"ListItem\",\"position\":1,\"name\":\"Home\",\"item\":\"https:\/\/southwestpipetrades.com\/\"},{\"@type\":\"ListItem\",\"position\":2,\"name\":\"Construction Issues\",\"item\":\"https:\/\/southwestpipetrades.com\/construction-issues\"},{\"@type\":\"ListItem\",\"position\":3,\"name\":\"Energy\"}]},{\"@type\":\"WebSite\",\"@id\":\"https:\/\/southwestpipetrades.com\/#website\",\"url\":\"https:\/\/southwestpipetrades.com\/\",\"name\":\"Southwest Pipe Trades Association\",\"description\":\"Plumbers, Pipefitters, HVACR Techs in Texas, Oklahoma, New Mexico\",\"publisher\":{\"@id\":\"https:\/\/southwestpipetrades.com\/#organization\"},\"potentialAction\":[{\"@type\":\"SearchAction\",\"target\":{\"@type\":\"EntryPoint\",\"urlTemplate\":\"https:\/\/southwestpipetrades.com\/?s={search_term_string}\"},\"query-input\":\"required name=search_term_string\"}],\"inLanguage\":\"es-MX\"},{\"@type\":\"Organization\",\"@id\":\"https:\/\/southwestpipetrades.com\/#organization\",\"name\":\"Southwest Pipe Trades Assoication\",\"url\":\"https:\/\/southwestpipetrades.com\/\",\"logo\":{\"@type\":\"ImageObject\",\"inLanguage\":\"es-MX\",\"@id\":\"https:\/\/southwestpipetrades.com\/#\/schema\/logo\/image\/\",\"url\":\"https:\/\/southwestpipetrades.com\/wp-content\/uploads\/2020\/09\/SWPTA-2021-Logo-Color-Full-Horizontal-800px.png\",\"contentUrl\":\"https:\/\/southwestpipetrades.com\/wp-content\/uploads\/2020\/09\/SWPTA-2021-Logo-Color-Full-Horizontal-800px.png\",\"width\":800,\"height\":341,\"caption\":\"Southwest Pipe Trades Assoication\"},\"image\":{\"@id\":\"https:\/\/southwestpipetrades.com\/#\/schema\/logo\/image\/\"}}]}<\/script>\n<!-- \/ Yoast SEO plugin. -->","yoast_head_json":{"title":"Asociaci\u00f3n Unida de la Asociaci\u00f3n de Oficios de Tuber\u00edas del Suroeste - Energ\u00eda","description":"Las secciones locales afiliadas a SWPTA han destinado recursos a la formaci\u00f3n de sus miembros para trabajar en el sector energ\u00e9tico, tanto en energ\u00edas renovables como no renovables.","robots":{"index":"index","follow":"follow","max-snippet":"max-snippet:-1","max-image-preview":"max-image-preview:large","max-video-preview":"max-video-preview:-1"},"canonical":"https:\/\/southwestpipetrades.com\/es\/construction-issues\/energy\/","og_locale":"es_MX","og_type":"article","og_title":"United Association Southwest Pipe Trades Association - Energy","og_description":"SWPTA affiliated Locals have dedicated resources to training members for work in the energy sector, both renewable and nonrenewable.","og_url":"https:\/\/southwestpipetrades.com\/es\/construction-issues\/energy\/","og_site_name":"Southwest Pipe Trades Association","article_modified_time":"2022-10-21T13:03:14+00:00","og_image":[{"width":1200,"height":675,"url":"https:\/\/southwestpipetrades.com\/wp-content\/uploads\/2022\/10\/SWPTA-featured-images22.png","type":"image\/png"}],"twitter_card":"summary_large_image","twitter_misc":{"Tiempo de lectura":"2 minutos"},"schema":{"@context":"https:\/\/schema.org","@graph":[{"@type":"WebPage","@id":"https:\/\/southwestpipetrades.com\/construction-issues\/energy","url":"https:\/\/southwestpipetrades.com\/construction-issues\/energy","name":"Asociaci\u00f3n Unida de la Asociaci\u00f3n de Oficios de Tuber\u00edas del Suroeste - Energ\u00eda","isPartOf":{"@id":"https:\/\/southwestpipetrades.com\/#website"},"datePublished":"2021-03-09T21:31:15+00:00","dateModified":"2022-10-21T13:03:14+00:00","description":"Las secciones locales afiliadas a SWPTA han destinado recursos a la formaci\u00f3n de sus miembros para trabajar en el sector energ\u00e9tico, tanto en energ\u00edas renovables como no renovables.","breadcrumb":{"@id":"https:\/\/southwestpipetrades.com\/construction-issues\/energy#breadcrumb"},"inLanguage":"es-MX","potentialAction":[{"@type":"ReadAction","target":["https:\/\/southwestpipetrades.com\/construction-issues\/energy"]}]},{"@type":"BreadcrumbList","@id":"https:\/\/southwestpipetrades.com\/construction-issues\/energy#breadcrumb","itemListElement":[{"@type":"ListItem","position":1,"name":"Home","item":"https:\/\/southwestpipetrades.com\/"},{"@type":"ListItem","position":2,"name":"Construction Issues","item":"https:\/\/southwestpipetrades.com\/construction-issues"},{"@type":"ListItem","position":3,"name":"Energy"}]},{"@type":"WebSite","@id":"https:\/\/southwestpipetrades.com\/#website","url":"https:\/\/southwestpipetrades.com\/","name":"Asociaci\u00f3n de Comercio de Tuber\u00edas del Suroeste","description":"Fontaneros, instaladores de tuber\u00edas, t\u00e9cnicos de climatizaci\u00f3n en Texas, Oklahoma y Nuevo M\u00e9xico","publisher":{"@id":"https:\/\/southwestpipetrades.com\/#organization"},"potentialAction":[{"@type":"SearchAction","target":{"@type":"EntryPoint","urlTemplate":"https:\/\/southwestpipetrades.com\/?s={search_term_string}"},"query-input":"required name=search_term_string"}],"inLanguage":"es-MX"},{"@type":"Organization","@id":"https:\/\/southwestpipetrades.com\/#organization","name":"Asociaci\u00f3n de Oficios de Tuber\u00edas del Suroeste","url":"https:\/\/southwestpipetrades.com\/","logo":{"@type":"ImageObject","inLanguage":"es-MX","@id":"https:\/\/southwestpipetrades.com\/#\/schema\/logo\/image\/","url":"https:\/\/southwestpipetrades.com\/wp-content\/uploads\/2020\/09\/SWPTA-2021-Logo-Color-Full-Horizontal-800px.png","contentUrl":"https:\/\/southwestpipetrades.com\/wp-content\/uploads\/2020\/09\/SWPTA-2021-Logo-Color-Full-Horizontal-800px.png","width":800,"height":341,"caption":"Southwest Pipe Trades Assoication"},"image":{"@id":"https:\/\/southwestpipetrades.com\/#\/schema\/logo\/image\/"}}]}},"_links":{"self":[{"href":"https:\/\/southwestpipetrades.com\/es\/wp-json\/wp\/v2\/pages\/2129","targetHints":{"allow":["GET"]}}],"collection":[{"href":"https:\/\/southwestpipetrades.com\/es\/wp-json\/wp\/v2\/pages"}],"about":[{"href":"https:\/\/southwestpipetrades.com\/es\/wp-json\/wp\/v2\/types\/page"}],"author":[{"embeddable":true,"href":"https:\/\/southwestpipetrades.com\/es\/wp-json\/wp\/v2\/users\/37"}],"replies":[{"embeddable":true,"href":"https:\/\/southwestpipetrades.com\/es\/wp-json\/wp\/v2\/comments?post=2129"}],"version-history":[{"count":0,"href":"https:\/\/southwestpipetrades.com\/es\/wp-json\/wp\/v2\/pages\/2129\/revisions"}],"up":[{"embeddable":true,"href":"https:\/\/southwestpipetrades.com\/es\/wp-json\/wp\/v2\/pages\/1712"}],"wp:featuredmedia":[{"embeddable":true,"href":"https:\/\/southwestpipetrades.com\/es\/wp-json\/wp\/v2\/media\/3443"}],"wp:attachment":[{"href":"https:\/\/southwestpipetrades.com\/es\/wp-json\/wp\/v2\/media?parent=2129"}],"curies":[{"name":"wp","href":"https:\/\/api.w.org\/{rel}","templated":true}]}}