{"id":23,"date":"2018-02-15T08:24:32","date_gmt":"2018-02-15T08:24:32","guid":{"rendered":"http:\/\/southwestpipe.wpengine.com\/?page_id=23"},"modified":"2021-02-26T13:41:44","modified_gmt":"2021-02-26T13:41:44","slug":"privacy-policy","status":"publish","type":"page","link":"https:\/\/southwestpipetrades.com\/es\/privacy-policy","title":{"rendered":"pol\u00edtica de privacidad"},"content":{"rendered":"<div data-elementor-type=\"wp-page\" data-elementor-id=\"23\" class=\"elementor elementor-23\" data-elementor-settings=\"[]\">\n\t\t\t\t\t\t<div class=\"elementor-inner\">\n\t\t\t\t\t\t\t<div class=\"elementor-section-wrap\">\n\t\t\t\t\t\t\t<section class=\"elementor-section elementor-top-section elementor-element elementor-element-61e4e1da elementor-section-boxed elementor-section-height-default elementor-section-height-default\" data-id=\"61e4e1da\" data-element_type=\"section\">\n\t\t\t\t\t\t<div class=\"elementor-container elementor-column-gap-default\">\n\t\t\t\t\t\t\t<div class=\"elementor-row\">\n\t\t\t\t\t<div class=\"elementor-column elementor-col-100 elementor-top-column elementor-element elementor-element-6154a07f\" data-id=\"6154a07f\" data-element_type=\"column\">\n\t\t\t<div class=\"elementor-column-wrap elementor-element-populated\">\n\t\t\t\t\t\t\t<div class=\"elementor-widget-wrap\">\n\t\t\t\t\t\t<div class=\"elementor-element elementor-element-36260d4e elementor-widget elementor-widget-text-editor\" data-id=\"36260d4e\" data-element_type=\"widget\" data-widget_type=\"text-editor.default\">\n\t\t\t\t<div class=\"elementor-widget-container\">\n\t\t\t\t\t<div class=\"elementor-text-editor elementor-clearfix\"><h3><a href=\"\/wp-content\/uploads\/2018\/06\/Privacy-Policy.pdf\" target=\"_blank\" rel=\"noopener\">Haga clic aqu\u00ed para descargar un PDF de nuestra Pol\u00edtica de privacidad<\/a><\/h3><p>\u00a0<\/p><p>Esta pol\u00edtica de privacidad ha sido compilada para servir mejor a aquellos que est\u00e1n preocupados por c\u00f3mo se utiliza su &quot;Informaci\u00f3n de identificaci\u00f3n personal&quot; (PII) en l\u00ednea. La PII, como se describe en la ley de privacidad y seguridad de la informaci\u00f3n de los EE. UU., es informaci\u00f3n que se puede utilizar por s\u00ed sola o con otra informaci\u00f3n para identificar, contactar o localizar a una sola persona, o para identificar a un individuo en contexto. Lea atentamente nuestra pol\u00edtica de privacidad para comprender claramente c\u00f3mo recopilamos, usamos, protegemos o manejamos de otro modo su Informaci\u00f3n de identificaci\u00f3n personal de acuerdo con nuestro sitio web.<\/p><p><strong>\u00bfQu\u00e9 informaci\u00f3n personal recopilamos de las personas que visitan nuestro blog, sitio web o aplicaci\u00f3n?<\/strong><\/p><p>Al realizar un pedido o registrarse en nuestro sitio, seg\u00fan corresponda, se le puede solicitar que ingrese su nombre, direcci\u00f3n de correo electr\u00f3nico, direcci\u00f3n postal, n\u00famero de tel\u00e9fono u otros detalles para ayudarlo con su experiencia.<\/p><p><strong>\u00bfCu\u00e1ndo recopilamos informaci\u00f3n?<\/strong><\/p><p>Recopilamos informaci\u00f3n suya cuando completa un formulario o ingresa informaci\u00f3n en nuestro sitio.<\/p><p><strong>\u00bfC\u00f3mo utilizamos su informaci\u00f3n?<\/strong><\/p><p>Podemos utilizar la informaci\u00f3n que recopilamos de usted cuando se registra, realiza una compra, se suscribe a nuestro bolet\u00edn informativo, responde a una encuesta o comunicaci\u00f3n de marketing, navega por el sitio web o utiliza otras funciones del sitio de las siguientes maneras:<\/p><ul><li>Para permitirnos brindarle un mejor servicio al responder a sus solicitudes de servicio al cliente.<\/li><li>Para enviar correos electr\u00f3nicos peri\u00f3dicos sobre su pedido u otros productos y servicios.<\/li><li>Para hacer un seguimiento con ellos despu\u00e9s de la correspondencia (chat en vivo, correo electr\u00f3nico o consultas telef\u00f3nicas)<\/li><\/ul><p><strong>\u00bfC\u00f3mo protegemos su informaci\u00f3n?<\/strong><\/p><p>No utilizamos escaneo de vulnerabilidades y\/o escaneo seg\u00fan est\u00e1ndares PCI.<\/p><p>Solo proporcionamos art\u00edculos e informaci\u00f3n. Nunca solicitamos n\u00fameros de tarjetas de cr\u00e9dito.<\/p><p>Utilizamos escaneo de malware regularmente.<\/p><p>Su informaci\u00f3n personal se almacena en redes seguras y solo es accesible para un n\u00famero limitado de personas que tienen derechos especiales de acceso a dichos sistemas y est\u00e1n obligadas a mantener la confidencialidad de la informaci\u00f3n. Adem\u00e1s, toda la informaci\u00f3n confidencial o crediticia que usted proporciona se cifra mediante tecnolog\u00eda Secure Socket Layer (SSL).<\/p><p>Implementamos una variedad de medidas de seguridad cuando un usuario ingresa, env\u00eda o accede a su informaci\u00f3n para mantener la seguridad de su informaci\u00f3n personal.<\/p><p>Todas las transacciones se procesan a trav\u00e9s de un proveedor de pasarela y no se almacenan ni procesan en nuestros servidores.<\/p><p><strong>\u00bfUtilizamos &#039;cookies&#039;?<\/strong><\/p><p>S\u00ed. Las cookies son peque\u00f1os archivos que un sitio o su proveedor de servicios transfiere al disco duro de su computadora a trav\u00e9s de su navegador web (si lo permite) que permite que los sistemas del sitio o del proveedor de servicios reconozcan su navegador y capturen y recuerden cierta informaci\u00f3n. Por ejemplo, utilizamos cookies para ayudarnos a recordar y procesar los art\u00edculos en su carrito de compras. Tambi\u00e9n se utilizan para ayudarnos a comprender sus preferencias en funci\u00f3n de la actividad anterior o actual del sitio, lo que nos permite brindarle servicios mejorados. Tambi\u00e9n utilizamos cookies para ayudarnos a recopilar datos agregados sobre el tr\u00e1fico del sitio y la interacci\u00f3n con el sitio para que podamos ofrecer mejores experiencias y herramientas del sitio en el futuro.<\/p><p><strong>Utilizamos cookies para:<\/strong><\/p><ul><li>Realizar un seguimiento de los anuncios.<\/li><li>Recopilar datos agregados sobre el tr\u00e1fico del sitio y las interacciones con el sitio para ofrecer mejores experiencias y herramientas en el futuro. Tambi\u00e9n podemos utilizar servicios de terceros de confianza que rastrean esta informaci\u00f3n en nuestro nombre.<\/li><\/ul><p>Puede elegir que su computadora le avise cada vez que se env\u00eda una cookie, o puede optar por desactivar todas las cookies. Puede hacerlo a trav\u00e9s de la configuraci\u00f3n de su navegador. Dado que cada navegador es un poco diferente, consulte el men\u00fa de ayuda de su navegador para conocer la forma correcta de modificar las cookies.<\/p><p>Si desactiva las cookies, algunas de las caracter\u00edsticas que hacen que su experiencia en el sitio sea m\u00e1s eficiente pueden no funcionar correctamente. Esto no afectar\u00e1 la experiencia del usuario que hace que su experiencia en el sitio sea m\u00e1s eficiente y puede que no funcione correctamente.<\/p><p><strong>Divulgaci\u00f3n a terceros<\/strong><\/p><p>No vendemos, comercializamos ni transferimos de ning\u00fan otro modo a terceros su informaci\u00f3n personal identificable a menos que notifiquemos a los usuarios con antelaci\u00f3n. Esto no incluye a los socios de alojamiento de sitios web ni a otras partes que nos ayudan a operar nuestro sitio web, llevar adelante nuestro negocio o brindar servicios a nuestros usuarios, siempre que dichas partes acuerden mantener esta informaci\u00f3n confidencial. Tambi\u00e9n podemos divulgar informaci\u00f3n cuando sea apropiado para cumplir con la ley, hacer cumplir las pol\u00edticas de nuestro sitio o proteger nuestros derechos, propiedad o seguridad o los de otros.<\/p><p>Sin embargo, la informaci\u00f3n del visitante no personalmente identificable puede ser proporcionada a terceros para fines de marketing, publicidad u otros usos.<\/p><p><strong>Enlaces de terceros<\/strong><\/p><p>Ocasionalmente, a nuestra discreci\u00f3n, podemos incluir u ofrecer productos o servicios de terceros en nuestro sitio web. Estos sitios de terceros tienen pol\u00edticas de privacidad independientes y separadas. Por lo tanto, no tenemos ninguna responsabilidad por el contenido y las actividades de estos sitios vinculados. No obstante, buscamos proteger la integridad de nuestro sitio y agradecemos cualquier comentario sobre estos sitios.<\/p><p><strong>Google<\/strong><\/p><p>Los requisitos publicitarios de Google se pueden resumir en los Principios publicitarios de Google. Se establecen para proporcionar una experiencia positiva a los usuarios. https:\/\/support.google.com\/adwordspolicy\/answer\/1316548?hl=es<\/p><p>Utilizamos publicidad de Google AdSense en nuestro sitio web.<\/p><p>Google, como proveedor externo, utiliza cookies para publicar anuncios en nuestro sitio. El uso que hace Google de la cookie de DART le permite publicar anuncios a nuestros usuarios en funci\u00f3n de visitas anteriores a nuestro sitio y a otros sitios de Internet. Los usuarios pueden inhabilitar el uso de la cookie de DART visitando la pol\u00edtica de privacidad de la red de contenido y anuncios de Google.<\/p><p><strong>Hemos implementado lo siguiente:<\/strong><\/p><ul><li>Informes de impresiones de la Red de Display de Google<\/li><li>Informes de demograf\u00eda e intereses<\/li><\/ul><p>Nosotros, junto con proveedores externos como Google, utilizamos cookies propias (como las cookies de Google Analytics) y cookies de terceros (como la cookie de DoubleClick) u otros identificadores de terceros juntos para recopilar datos sobre las interacciones de los usuarios con las impresiones de anuncios y otras funciones del servicio de anuncios relacionadas con nuestro sitio web.<\/p><p><strong>Darse de baja:<\/strong><br \/>Los usuarios pueden configurar sus preferencias sobre c\u00f3mo Google les muestra publicidad mediante la p\u00e1gina de configuraci\u00f3n de anuncios de Google. Tambi\u00e9n pueden optar por no participar visitando la p\u00e1gina de inhabilitaci\u00f3n de Network Advertising Initiative o utilizando el complemento de inhabilitaci\u00f3n para navegadores de Google Analytics.<\/p><p><strong>Ley de Protecci\u00f3n de la Privacidad en L\u00ednea de California<\/strong><\/p><p>CalOPPA es la primera ley estatal del pa\u00eds que exige que los sitios web comerciales y los servicios en l\u00ednea publiquen una pol\u00edtica de privacidad. El alcance de la ley se extiende mucho m\u00e1s all\u00e1 de California y exige que cualquier persona o empresa en los Estados Unidos (y posiblemente en el mundo) que opere sitios web que recopilen informaci\u00f3n de identificaci\u00f3n personal de los consumidores de California publique una pol\u00edtica de privacidad visible en su sitio web que indique exactamente la informaci\u00f3n que se recopila y las personas o empresas con las que se comparte. \u2013 Para obtener m\u00e1s informaci\u00f3n, visite: http:\/\/consumercal.org\/california-online-privacy-protection-act-caloppa\/#sthash.0FdRbT51.dpuf<\/p><p><strong>De acuerdo con CalOPPA, aceptamos lo siguiente:<\/strong><\/p><p>Los usuarios pueden visitar nuestro sitio de forma an\u00f3nima.<\/p><p>Una vez creada esta pol\u00edtica de privacidad, agregaremos un enlace a ella en nuestra p\u00e1gina de inicio o, como m\u00ednimo, en la primera p\u00e1gina significativa despu\u00e9s de ingresar a nuestro sitio web.<\/p><p>Nuestro enlace de Pol\u00edtica de privacidad incluye la palabra \u201cPrivacidad\u201d y se puede encontrar f\u00e1cilmente en la p\u00e1gina especificada anteriormente.<\/p><p>Se le notificar\u00e1 de cualquier cambio en la Pol\u00edtica de privacidad:<\/p><ul><li>En nuestra p\u00e1gina de Pol\u00edtica de privacidad<\/li><\/ul><p>Puede cambiar su informaci\u00f3n personal:<\/p><ul><li>Envi\u00e1ndonos un correo electr\u00f3nico<\/li><\/ul><p><strong>\u00bfC\u00f3mo maneja nuestro sitio las se\u00f1ales de No rastrear?<\/strong><\/p><p>Respetamos las se\u00f1ales de No rastrear y no rastreamos, plantamos cookies ni usamos publicidad cuando un mecanismo de navegador de No rastrear (DNT) est\u00e1 activado.<\/p><p><strong>\u00bfNuestro sitio permite el seguimiento del comportamiento de terceros?<\/strong><\/p><p>Tambi\u00e9n es importante tener en cuenta que permitimos el seguimiento del comportamiento de terceros.<\/p><p><strong>COPPA (Ley de Protecci\u00f3n de la Privacidad Infantil en Internet)<\/strong><\/p><p>Cuando se trata de la recopilaci\u00f3n de informaci\u00f3n personal de ni\u00f1os menores de 13 a\u00f1os, la Ley de Protecci\u00f3n de la Privacidad Infantil en Internet (COPPA, por sus siglas en ingl\u00e9s) otorga a los padres el control. La Comisi\u00f3n Federal de Comercio, la agencia de protecci\u00f3n al consumidor de los Estados Unidos, hace cumplir la Norma COPPA, que detalla lo que deben hacer los operadores de sitios web y servicios en l\u00ednea para proteger la privacidad y la seguridad de los ni\u00f1os en l\u00ednea.<\/p><p>No comercializamos espec\u00edficamente con ni\u00f1os menores de 13 a\u00f1os.<\/p><p>\u00bfPermitimos que terceros, incluidas redes publicitarias o complementos, recopilen informaci\u00f3n de identificaci\u00f3n personal (PII) de ni\u00f1os menores de 13 a\u00f1os?<\/p><p><strong>Pr\u00e1cticas justas de informaci\u00f3n<\/strong><\/p><p>Los Principios de Pr\u00e1cticas Justas de Informaci\u00f3n forman la columna vertebral de la ley de privacidad en los Estados Unidos y los conceptos que incluyen han desempe\u00f1ado un papel importante en el desarrollo de leyes de protecci\u00f3n de datos en todo el mundo. Comprender los Principios de Pr\u00e1cticas Justas de Informaci\u00f3n y c\u00f3mo deben implementarse es fundamental para cumplir con las diversas leyes de privacidad que protegen la informaci\u00f3n personal.<\/p><p><strong>Para estar en l\u00ednea con las pr\u00e1cticas justas de informaci\u00f3n, tomaremos las siguientes medidas de respuesta, en caso de que ocurra una violaci\u00f3n de datos:<\/strong><\/p><p>Notificaremos a los usuarios mediante una notificaci\u00f3n en el sitio.<\/p><ul><li>En un plazo de 7 d\u00edas laborables<\/li><\/ul><p>Tambi\u00e9n estamos de acuerdo con el principio de reparaci\u00f3n individual, que exige que las personas tengan derecho a ejercer sus derechos exigibles legalmente contra los recopiladores y procesadores de datos que no cumplan con la ley. Este principio exige no solo que las personas tengan derechos exigibles contra los usuarios de datos, sino tambi\u00e9n que las personas puedan recurrir a los tribunales o a las agencias gubernamentales para investigar y\/o enjuiciar el incumplimiento por parte de los procesadores de datos.<\/p><p><strong>Ley CAN SPAM<\/strong><\/p><p>La Ley CAN-SPAM es una ley que establece las reglas para el correo electr\u00f3nico comercial, fija los requisitos para los mensajes comerciales, otorga a los destinatarios el derecho a que se les impida enviar correos electr\u00f3nicos y establece duras sanciones por infracciones.<\/p><p><strong>Recopilamos su direcci\u00f3n de correo electr\u00f3nico para:<\/strong><\/p><ul><li>Enviar informaci\u00f3n, responder consultas y\/o otras solicitudes o preguntas<\/li><li>Comercialice a nuestra lista de correo o contin\u00fae enviando correos electr\u00f3nicos a nuestros clientes despu\u00e9s de que se haya realizado la transacci\u00f3n original.<\/li><\/ul><p><strong>Para estar de acuerdo con CANSPAM, aceptamos lo siguiente:<\/strong><\/p><ul><li>No utilizar asuntos o direcciones de correo electr\u00f3nico falsos o enga\u00f1osos.<\/li><li>Identifique el mensaje como publicidad de alguna manera razonable.<\/li><li>Incluya la direcci\u00f3n f\u00edsica de nuestra empresa o sede del sitio.<\/li><li>Supervisar el cumplimiento de los servicios de marketing por correo electr\u00f3nico de terceros, si se utiliza alguno.<\/li><li>Respete r\u00e1pidamente las solicitudes de cancelaci\u00f3n de suscripci\u00f3n.<\/li><li>Permitir que los usuarios cancelen su suscripci\u00f3n utilizando el enlace en la parte inferior de cada correo electr\u00f3nico.<\/li><\/ul><p><strong><br \/>Si en alg\u00fan momento desea darse de baja para dejar de recibir correos electr\u00f3nicos en el futuro, puede enviarnos un correo electr\u00f3nico a<\/strong><\/p><ul><li>Siga las instrucciones que aparecen al final de cada correo electr\u00f3nico.<\/li><\/ul><p>y lo eliminaremos de inmediato\u00a0<strong>TODO<\/strong>\u00a0correspondencia.<\/p><p><strong>Cont\u00e1ctenos<\/strong><\/p><p>Si tiene alguna pregunta respecto a esta pol\u00edtica de privacidad, puede contactarnos utilizando la siguiente informaci\u00f3n.<\/p><p>2811 S. Autopista 83<br \/>Harlingen, Texas 78550-7613<br \/>EE.UU<br \/>956.423.5210<\/p><p>\u00daltima edici\u00f3n el 15\/02\/2018<\/p><\/div>\n\t\t\t\t<\/div>\n\t\t\t\t<\/div>\n\t\t\t\t\t\t<\/div>\n\t\t\t\t\t<\/div>\n\t\t<\/div>\n\t\t\t\t\t\t\t\t<\/div>\n\t\t\t\t\t<\/div>\n\t\t<\/section>\n\t\t\t\t\t\t<\/div>\n\t\t\t\t\t\t<\/div>\n\t\t\t\t\t<\/div>","protected":false},"excerpt":{"rendered":"<p>Haga clic aqu\u00ed para descargar nuestra Pol\u00edtica de Privacidad en PDF. Esta pol\u00edtica de privacidad se ha elaborado para servir mejor a quienes se preocupan por el uso de su informaci\u00f3n personal identificable (PII) en l\u00ednea. La PII, como se describe en la ley de privacidad y seguridad de la informaci\u00f3n de EE. UU., es informaci\u00f3n que puede utilizarse por s\u00ed sola o en conjunto con...<\/p>\n<p class=\"read-more\"> <a class=\"\" href=\"https:\/\/southwestpipetrades.com\/es\/privacy-policy\"> <span class=\"screen-reader-text\">pol\u00edtica de privacidad<\/span> Leer m\u00e1s &quot;<\/a><\/p>","protected":false},"author":35,"featured_media":0,"parent":0,"menu_order":9,"comment_status":"closed","ping_status":"closed","template":"","meta":{"_acf_changed":false,"inline_featured_image":false,"site-sidebar-layout":"default","site-content-layout":"default","ast-global-header-display":"","ast-main-header-display":"","ast-hfb-above-header-display":"","ast-hfb-below-header-display":"","ast-hfb-mobile-header-display":"","site-post-title":"","ast-breadcrumbs-content":"","ast-featured-img":"","footer-sml-layout":"","theme-transparent-header-meta":"default","adv-header-id-meta":"","stick-header-meta":"default","header-above-stick-meta":"","header-main-stick-meta":"","header-below-stick-meta":"","footnotes":""},"class_list":["post-23","page","type-page","status-publish","hentry"],"acf":[],"yoast_head":"<!-- This site is optimized with the Yoast SEO plugin v21.4 - https:\/\/yoast.com\/wordpress\/plugins\/seo\/ -->\n<title>Privacy Policy - Southwest Pipe Trades Association<\/title>\n<meta name=\"robots\" content=\"index, follow, max-snippet:-1, max-image-preview:large, max-video-preview:-1\" \/>\n<link rel=\"canonical\" href=\"https:\/\/southwestpipetrades.com\/es\/privacy-policy\/\" \/>\n<meta property=\"og:locale\" content=\"es_MX\" \/>\n<meta property=\"og:type\" content=\"article\" \/>\n<meta property=\"og:title\" content=\"Privacy Policy - Southwest Pipe Trades Association\" \/>\n<meta property=\"og:description\" content=\"Click Here to Download a PDF of our Privacy Policy This privacy policy has been compiled to better serve those who are concerned with how their &#8216;Personally Identifiable Information&#8217; (PII) is being used online. PII, as described in US privacy law and information security, is information that can be used on its own or with &hellip; Privacy Policy Read More \u00bb\" \/>\n<meta property=\"og:url\" content=\"https:\/\/southwestpipetrades.com\/es\/privacy-policy\/\" \/>\n<meta property=\"og:site_name\" content=\"Southwest Pipe Trades Association\" \/>\n<meta property=\"article:modified_time\" content=\"2021-02-26T13:41:44+00:00\" \/>\n<meta name=\"twitter:card\" content=\"summary_large_image\" \/>\n<meta name=\"twitter:label1\" content=\"Tiempo de lectura\" \/>\n\t<meta name=\"twitter:data1\" content=\"8 minutos\" \/>\n<script type=\"application\/ld+json\" class=\"yoast-schema-graph\">{\"@context\":\"https:\/\/schema.org\",\"@graph\":[{\"@type\":\"WebPage\",\"@id\":\"https:\/\/southwestpipetrades.com\/privacy-policy\",\"url\":\"https:\/\/southwestpipetrades.com\/privacy-policy\",\"name\":\"Privacy Policy - Southwest Pipe Trades Association\",\"isPartOf\":{\"@id\":\"https:\/\/southwestpipetrades.com\/#website\"},\"datePublished\":\"2018-02-15T08:24:32+00:00\",\"dateModified\":\"2021-02-26T13:41:44+00:00\",\"breadcrumb\":{\"@id\":\"https:\/\/southwestpipetrades.com\/privacy-policy#breadcrumb\"},\"inLanguage\":\"es-MX\",\"potentialAction\":[{\"@type\":\"ReadAction\",\"target\":[\"https:\/\/southwestpipetrades.com\/privacy-policy\"]}]},{\"@type\":\"BreadcrumbList\",\"@id\":\"https:\/\/southwestpipetrades.com\/privacy-policy#breadcrumb\",\"itemListElement\":[{\"@type\":\"ListItem\",\"position\":1,\"name\":\"Home\",\"item\":\"https:\/\/southwestpipetrades.com\/\"},{\"@type\":\"ListItem\",\"position\":2,\"name\":\"Privacy Policy\"}]},{\"@type\":\"WebSite\",\"@id\":\"https:\/\/southwestpipetrades.com\/#website\",\"url\":\"https:\/\/southwestpipetrades.com\/\",\"name\":\"Southwest Pipe Trades Association\",\"description\":\"Plumbers, Pipefitters, HVACR Techs in Texas, Oklahoma, New Mexico\",\"publisher\":{\"@id\":\"https:\/\/southwestpipetrades.com\/#organization\"},\"potentialAction\":[{\"@type\":\"SearchAction\",\"target\":{\"@type\":\"EntryPoint\",\"urlTemplate\":\"https:\/\/southwestpipetrades.com\/?s={search_term_string}\"},\"query-input\":\"required name=search_term_string\"}],\"inLanguage\":\"es-MX\"},{\"@type\":\"Organization\",\"@id\":\"https:\/\/southwestpipetrades.com\/#organization\",\"name\":\"Southwest Pipe Trades Assoication\",\"url\":\"https:\/\/southwestpipetrades.com\/\",\"logo\":{\"@type\":\"ImageObject\",\"inLanguage\":\"es-MX\",\"@id\":\"https:\/\/southwestpipetrades.com\/#\/schema\/logo\/image\/\",\"url\":\"https:\/\/southwestpipetrades.com\/wp-content\/uploads\/2020\/09\/SWPTA-2021-Logo-Color-Full-Horizontal-800px.png\",\"contentUrl\":\"https:\/\/southwestpipetrades.com\/wp-content\/uploads\/2020\/09\/SWPTA-2021-Logo-Color-Full-Horizontal-800px.png\",\"width\":800,\"height\":341,\"caption\":\"Southwest Pipe Trades Assoication\"},\"image\":{\"@id\":\"https:\/\/southwestpipetrades.com\/#\/schema\/logo\/image\/\"}}]}<\/script>\n<!-- \/ Yoast SEO plugin. -->","yoast_head_json":{"title":"Privacy Policy - Southwest Pipe Trades Association","robots":{"index":"index","follow":"follow","max-snippet":"max-snippet:-1","max-image-preview":"max-image-preview:large","max-video-preview":"max-video-preview:-1"},"canonical":"https:\/\/southwestpipetrades.com\/es\/privacy-policy\/","og_locale":"es_MX","og_type":"article","og_title":"Privacy Policy - Southwest Pipe Trades Association","og_description":"Click Here to Download a PDF of our Privacy Policy This privacy policy has been compiled to better serve those who are concerned with how their &#8216;Personally Identifiable Information&#8217; (PII) is being used online. PII, as described in US privacy law and information security, is information that can be used on its own or with &hellip; Privacy Policy Read More \u00bb","og_url":"https:\/\/southwestpipetrades.com\/es\/privacy-policy\/","og_site_name":"Southwest Pipe Trades Association","article_modified_time":"2021-02-26T13:41:44+00:00","twitter_card":"summary_large_image","twitter_misc":{"Tiempo de lectura":"8 minutos"},"schema":{"@context":"https:\/\/schema.org","@graph":[{"@type":"WebPage","@id":"https:\/\/southwestpipetrades.com\/privacy-policy","url":"https:\/\/southwestpipetrades.com\/privacy-policy","name":"Privacy Policy - Southwest Pipe Trades Association","isPartOf":{"@id":"https:\/\/southwestpipetrades.com\/#website"},"datePublished":"2018-02-15T08:24:32+00:00","dateModified":"2021-02-26T13:41:44+00:00","breadcrumb":{"@id":"https:\/\/southwestpipetrades.com\/privacy-policy#breadcrumb"},"inLanguage":"es-MX","potentialAction":[{"@type":"ReadAction","target":["https:\/\/southwestpipetrades.com\/privacy-policy"]}]},{"@type":"BreadcrumbList","@id":"https:\/\/southwestpipetrades.com\/privacy-policy#breadcrumb","itemListElement":[{"@type":"ListItem","position":1,"name":"Home","item":"https:\/\/southwestpipetrades.com\/"},{"@type":"ListItem","position":2,"name":"Privacy Policy"}]},{"@type":"WebSite","@id":"https:\/\/southwestpipetrades.com\/#website","url":"https:\/\/southwestpipetrades.com\/","name":"Asociaci\u00f3n de Comercio de Tuber\u00edas del Suroeste","description":"Fontaneros, instaladores de tuber\u00edas, t\u00e9cnicos de climatizaci\u00f3n en Texas, Oklahoma y Nuevo M\u00e9xico","publisher":{"@id":"https:\/\/southwestpipetrades.com\/#organization"},"potentialAction":[{"@type":"SearchAction","target":{"@type":"EntryPoint","urlTemplate":"https:\/\/southwestpipetrades.com\/?s={search_term_string}"},"query-input":"required name=search_term_string"}],"inLanguage":"es-MX"},{"@type":"Organization","@id":"https:\/\/southwestpipetrades.com\/#organization","name":"Asociaci\u00f3n de Oficios de Tuber\u00edas del Suroeste","url":"https:\/\/southwestpipetrades.com\/","logo":{"@type":"ImageObject","inLanguage":"es-MX","@id":"https:\/\/southwestpipetrades.com\/#\/schema\/logo\/image\/","url":"https:\/\/southwestpipetrades.com\/wp-content\/uploads\/2020\/09\/SWPTA-2021-Logo-Color-Full-Horizontal-800px.png","contentUrl":"https:\/\/southwestpipetrades.com\/wp-content\/uploads\/2020\/09\/SWPTA-2021-Logo-Color-Full-Horizontal-800px.png","width":800,"height":341,"caption":"Southwest Pipe Trades Assoication"},"image":{"@id":"https:\/\/southwestpipetrades.com\/#\/schema\/logo\/image\/"}}]}},"_links":{"self":[{"href":"https:\/\/southwestpipetrades.com\/es\/wp-json\/wp\/v2\/pages\/23","targetHints":{"allow":["GET"]}}],"collection":[{"href":"https:\/\/southwestpipetrades.com\/es\/wp-json\/wp\/v2\/pages"}],"about":[{"href":"https:\/\/southwestpipetrades.com\/es\/wp-json\/wp\/v2\/types\/page"}],"author":[{"embeddable":true,"href":"https:\/\/southwestpipetrades.com\/es\/wp-json\/wp\/v2\/users\/35"}],"replies":[{"embeddable":true,"href":"https:\/\/southwestpipetrades.com\/es\/wp-json\/wp\/v2\/comments?post=23"}],"version-history":[{"count":0,"href":"https:\/\/southwestpipetrades.com\/es\/wp-json\/wp\/v2\/pages\/23\/revisions"}],"wp:attachment":[{"href":"https:\/\/southwestpipetrades.com\/es\/wp-json\/wp\/v2\/media?parent=23"}],"curies":[{"name":"wp","href":"https:\/\/api.w.org\/{rel}","templated":true}]}}