{"id":3528,"date":"2023-10-12T18:54:35","date_gmt":"2023-10-12T18:54:35","guid":{"rendered":"https:\/\/southwestpipetrades.com\/?page_id=3528"},"modified":"2023-10-23T20:41:01","modified_gmt":"2023-10-23T20:41:01","slug":"local-286-thank-you","status":"publish","type":"page","link":"https:\/\/southwestpipetrades.com\/es\/local-286-thank-you","title":{"rendered":"Local 286 Samsung \u2013 Gracias"},"content":{"rendered":"<div data-elementor-type=\"wp-page\" data-elementor-id=\"3528\" class=\"elementor elementor-3528\" data-elementor-settings=\"[]\">\n\t\t\t\t\t\t<div class=\"elementor-inner\">\n\t\t\t\t\t\t\t<div class=\"elementor-section-wrap\">\n\t\t\t\t\t\t\t<section class=\"elementor-section elementor-top-section elementor-element elementor-element-26847f01 elementor-section-full_width elementor-section-height-default elementor-section-height-default\" data-id=\"26847f01\" data-element_type=\"section\">\n\t\t\t\t\t\t<div class=\"elementor-container elementor-column-gap-default\">\n\t\t\t\t\t\t\t<div class=\"elementor-row\">\n\t\t\t\t\t<div class=\"elementor-column elementor-col-100 elementor-top-column elementor-element elementor-element-4a10a645\" data-id=\"4a10a645\" data-element_type=\"column\">\n\t\t\t<div class=\"elementor-column-wrap elementor-element-populated\">\n\t\t\t\t\t\t\t<div class=\"elementor-widget-wrap\">\n\t\t\t\t\t\t<div class=\"elementor-element elementor-element-5a5c732f elementor-widget elementor-widget-heading\" data-id=\"5a5c732f\" data-element_type=\"widget\" data-widget_type=\"heading.default\">\n\t\t\t\t<div class=\"elementor-widget-container\">\n\t\t\t<h1 class=\"elementor-heading-title elementor-size-default\">Gracias por su inter\u00e9s en el Local 286.<br>Un miembro se comunicar\u00e1 con usted pronto<\/h1>\t\t<\/div>\n\t\t\t\t<\/div>\n\t\t\t\t<div class=\"elementor-element elementor-element-9f677f6 elementor-widget elementor-widget-spacer\" data-id=\"9f677f6\" data-element_type=\"widget\" data-widget_type=\"spacer.default\">\n\t\t\t\t<div class=\"elementor-widget-container\">\n\t\t\t\t\t<div class=\"elementor-spacer\">\n\t\t\t<div class=\"elementor-spacer-inner\"><\/div>\n\t\t<\/div>\n\t\t\t\t<\/div>\n\t\t\t\t<\/div>\n\t\t\t\t<div class=\"elementor-element elementor-element-b8771e7 elementor-widget elementor-widget-text-editor\" data-id=\"b8771e7\" data-element_type=\"widget\" data-widget_type=\"text-editor.default\">\n\t\t\t\t<div class=\"elementor-widget-container\">\n\t\t\t\t\t<div class=\"elementor-text-editor elementor-clearfix\"><p><b>Agradecemos que conozca m\u00e1s sobre nuestro Local y los pasos para convertirse en miembro.<\/b><\/p><p>Su inter\u00e9s en trabajar en el Proyecto Samsung y obtener mejores salarios y beneficios no ha pasado desapercibido.<\/p><p>Mientras tanto, aqu\u00ed hay m\u00e1s informaci\u00f3n sobre el Local 286.<\/p><\/div>\n\t\t\t\t<\/div>\n\t\t\t\t<\/div>\n\t\t\t\t<div class=\"elementor-element elementor-element-19d9987 elementor-widget elementor-widget-text-editor\" data-id=\"19d9987\" data-element_type=\"widget\" data-widget_type=\"text-editor.default\">\n\t\t\t\t<div class=\"elementor-widget-container\">\n\t\t\t\t\t<div class=\"elementor-text-editor elementor-clearfix\"><h3>Enlaces \u00fatiles de Local 286<\/h3><\/div>\n\t\t\t\t<\/div>\n\t\t\t\t<\/div>\n\t\t\t\t<div class=\"elementor-element elementor-element-a515092 elementor-widget elementor-widget-text-editor\" data-id=\"a515092\" data-element_type=\"widget\" data-widget_type=\"text-editor.default\">\n\t\t\t\t<div class=\"elementor-widget-container\">\n\t\t\t\t\t<div class=\"elementor-text-editor elementor-clearfix\"><p>Si desea obtener m\u00e1s informaci\u00f3n sobre nuestro Local, consulte estos enlaces a continuaci\u00f3n.<\/p><p><strong><em>Para obtener m\u00e1s informaci\u00f3n sobre el Local 286 y lo que el Sindicato hace por sus miembros, haga clic aqu\u00ed<\/em><\/strong>:<br \/><a href=\"https:\/\/local286.org\/about-us#about-local-286\" target=\"_blank\" rel=\"noopener\">https:\/\/local286.org\/about-us#about-local-286<\/a><\/p><p><strong><em>Si conoce a alguien interesado en comenzar una carrera en la UA, puede encontrar informaci\u00f3n sobre nuestro programa de aprendizaje registrado aqu\u00ed:<\/em><\/strong><br \/><a href=\"https:\/\/local286.org\/apprenticeship\/\" target=\"_blank\" rel=\"noopener\">https:\/\/local286.org\/apprenticeship\/<\/a><\/p><\/div>\n\t\t\t\t<\/div>\n\t\t\t\t<\/div>\n\t\t\t\t\t\t<\/div>\n\t\t\t\t\t<\/div>\n\t\t<\/div>\n\t\t\t\t\t\t\t\t<\/div>\n\t\t\t\t\t<\/div>\n\t\t<\/section>\n\t\t\t\t\t\t<\/div>\n\t\t\t\t\t\t<\/div>\n\t\t\t\t\t<\/div>","protected":false},"excerpt":{"rendered":"<p>Gracias por su inter\u00e9s en el Local 286A. Un miembro se comunicar\u00e1 con usted pronto. Agradecemos que conozca m\u00e1s sobre nuestro Local y los pasos para convertirse en miembro. Su inter\u00e9s en trabajar en el Proyecto Samsung y obtener mejores salarios y beneficios no ha pasado desapercibido. Mientras tanto, aqu\u00ed hay m\u00e1s informaci\u00f3n sobre el Local 286.<\/p>\n<p class=\"read-more\"> <a class=\"\" href=\"https:\/\/southwestpipetrades.com\/es\/local-286-thank-you\"> <span class=\"screen-reader-text\">Local 286 Samsung \u2013 Gracias<\/span> Leer m\u00e1s &quot;<\/a><\/p>","protected":false},"author":37,"featured_media":3423,"parent":0,"menu_order":0,"comment_status":"closed","ping_status":"closed","template":"elementor_header_footer","meta":{"_acf_changed":false,"inline_featured_image":false,"site-sidebar-layout":"no-sidebar","site-content-layout":"page-builder","ast-global-header-display":"","ast-main-header-display":"","ast-hfb-above-header-display":"","ast-hfb-below-header-display":"","ast-hfb-mobile-header-display":"","site-post-title":"disabled","ast-breadcrumbs-content":"","ast-featured-img":"disabled","footer-sml-layout":"","theme-transparent-header-meta":"default","adv-header-id-meta":"","stick-header-meta":"default","header-above-stick-meta":"","header-main-stick-meta":"","header-below-stick-meta":"","footnotes":""},"class_list":["post-3528","page","type-page","status-publish","has-post-thumbnail","hentry"],"acf":[],"yoast_head":"<!-- This site is optimized with the Yoast SEO plugin v21.4 - https:\/\/yoast.com\/wordpress\/plugins\/seo\/ -->\n<title>Southwest Pipe Trades Association - Join Local Union 286<\/title>\n<meta name=\"description\" content=\"The Southwest Pipe Trades Association want you to join one of our affiliated UA Locals, as we provide livable wages and quality benefits.\" \/>\n<meta name=\"robots\" content=\"index, follow, max-snippet:-1, max-image-preview:large, max-video-preview:-1\" \/>\n<link rel=\"canonical\" href=\"https:\/\/southwestpipetrades.com\/es\/local-286-thank-you\/\" \/>\n<meta property=\"og:locale\" content=\"es_MX\" \/>\n<meta property=\"og:type\" content=\"article\" \/>\n<meta property=\"og:title\" content=\"Southwest Pipe Trades Association - Join Local Union 286\" \/>\n<meta property=\"og:description\" content=\"The Southwest Pipe Trades Association want you to join one of our affiliated UA Locals, as we provide livable wages and quality benefits.\" \/>\n<meta property=\"og:url\" content=\"https:\/\/southwestpipetrades.com\/es\/local-286-thank-you\/\" \/>\n<meta property=\"og:site_name\" content=\"Southwest Pipe Trades Association\" \/>\n<meta property=\"article:modified_time\" content=\"2023-10-23T20:41:01+00:00\" \/>\n<meta property=\"og:image\" content=\"https:\/\/southwestpipetrades.com\/wp-content\/uploads\/2022\/10\/SWPTA-featured-images2.png\" \/>\n\t<meta property=\"og:image:width\" content=\"1200\" \/>\n\t<meta property=\"og:image:height\" content=\"675\" \/>\n\t<meta property=\"og:image:type\" content=\"image\/png\" \/>\n<meta name=\"twitter:card\" content=\"summary_large_image\" \/>\n<meta name=\"twitter:label1\" content=\"Tiempo de lectura\" \/>\n\t<meta name=\"twitter:data1\" content=\"3 minutos\" \/>\n<script type=\"application\/ld+json\" class=\"yoast-schema-graph\">{\"@context\":\"https:\/\/schema.org\",\"@graph\":[{\"@type\":\"WebPage\",\"@id\":\"https:\/\/southwestpipetrades.com\/local-286-thank-you\",\"url\":\"https:\/\/southwestpipetrades.com\/local-286-thank-you\",\"name\":\"Southwest Pipe Trades Association - Join Local Union 286\",\"isPartOf\":{\"@id\":\"https:\/\/southwestpipetrades.com\/#website\"},\"datePublished\":\"2023-10-12T18:54:35+00:00\",\"dateModified\":\"2023-10-23T20:41:01+00:00\",\"description\":\"The Southwest Pipe Trades Association want you to join one of our affiliated UA Locals, as we provide livable wages and quality benefits.\",\"breadcrumb\":{\"@id\":\"https:\/\/southwestpipetrades.com\/local-286-thank-you#breadcrumb\"},\"inLanguage\":\"es-MX\",\"potentialAction\":[{\"@type\":\"ReadAction\",\"target\":[\"https:\/\/southwestpipetrades.com\/local-286-thank-you\"]}]},{\"@type\":\"BreadcrumbList\",\"@id\":\"https:\/\/southwestpipetrades.com\/local-286-thank-you#breadcrumb\",\"itemListElement\":[{\"@type\":\"ListItem\",\"position\":1,\"name\":\"Home\",\"item\":\"https:\/\/southwestpipetrades.com\/\"},{\"@type\":\"ListItem\",\"position\":2,\"name\":\"Local 286 Samsung &#8211; Thank You\"}]},{\"@type\":\"WebSite\",\"@id\":\"https:\/\/southwestpipetrades.com\/#website\",\"url\":\"https:\/\/southwestpipetrades.com\/\",\"name\":\"Southwest Pipe Trades Association\",\"description\":\"Plumbers, Pipefitters, HVACR Techs in Texas, Oklahoma, New Mexico\",\"publisher\":{\"@id\":\"https:\/\/southwestpipetrades.com\/#organization\"},\"potentialAction\":[{\"@type\":\"SearchAction\",\"target\":{\"@type\":\"EntryPoint\",\"urlTemplate\":\"https:\/\/southwestpipetrades.com\/?s={search_term_string}\"},\"query-input\":\"required name=search_term_string\"}],\"inLanguage\":\"es-MX\"},{\"@type\":\"Organization\",\"@id\":\"https:\/\/southwestpipetrades.com\/#organization\",\"name\":\"Southwest Pipe Trades Assoication\",\"url\":\"https:\/\/southwestpipetrades.com\/\",\"logo\":{\"@type\":\"ImageObject\",\"inLanguage\":\"es-MX\",\"@id\":\"https:\/\/southwestpipetrades.com\/#\/schema\/logo\/image\/\",\"url\":\"https:\/\/southwestpipetrades.com\/wp-content\/uploads\/2020\/09\/SWPTA-2021-Logo-Color-Full-Horizontal-800px.png\",\"contentUrl\":\"https:\/\/southwestpipetrades.com\/wp-content\/uploads\/2020\/09\/SWPTA-2021-Logo-Color-Full-Horizontal-800px.png\",\"width\":800,\"height\":341,\"caption\":\"Southwest Pipe Trades Assoication\"},\"image\":{\"@id\":\"https:\/\/southwestpipetrades.com\/#\/schema\/logo\/image\/\"}}]}<\/script>\n<!-- \/ Yoast SEO plugin. -->","yoast_head_json":{"title":"Asociaci\u00f3n de Oficios de Tuber\u00edas del Suroeste - \u00danase al Sindicato Local 286","description":"La Asociaci\u00f3n de Trabajadores de Tuber\u00edas del Suroeste quiere que te unas a una de nuestras secciones locales afiliadas de la UA, ya que ofrecemos salarios dignos y beneficios de calidad.","robots":{"index":"index","follow":"follow","max-snippet":"max-snippet:-1","max-image-preview":"max-image-preview:large","max-video-preview":"max-video-preview:-1"},"canonical":"https:\/\/southwestpipetrades.com\/es\/local-286-thank-you\/","og_locale":"es_MX","og_type":"article","og_title":"Southwest Pipe Trades Association - Join Local Union 286","og_description":"The Southwest Pipe Trades Association want you to join one of our affiliated UA Locals, as we provide livable wages and quality benefits.","og_url":"https:\/\/southwestpipetrades.com\/es\/local-286-thank-you\/","og_site_name":"Southwest Pipe Trades Association","article_modified_time":"2023-10-23T20:41:01+00:00","og_image":[{"width":1200,"height":675,"url":"https:\/\/southwestpipetrades.com\/wp-content\/uploads\/2022\/10\/SWPTA-featured-images2.png","type":"image\/png"}],"twitter_card":"summary_large_image","twitter_misc":{"Tiempo de lectura":"3 minutos"},"schema":{"@context":"https:\/\/schema.org","@graph":[{"@type":"WebPage","@id":"https:\/\/southwestpipetrades.com\/local-286-thank-you","url":"https:\/\/southwestpipetrades.com\/local-286-thank-you","name":"Asociaci\u00f3n de Oficios de Tuber\u00edas del Suroeste - \u00danase al Sindicato Local 286","isPartOf":{"@id":"https:\/\/southwestpipetrades.com\/#website"},"datePublished":"2023-10-12T18:54:35+00:00","dateModified":"2023-10-23T20:41:01+00:00","description":"La Asociaci\u00f3n de Trabajadores de Tuber\u00edas del Suroeste quiere que te unas a una de nuestras secciones locales afiliadas de la UA, ya que ofrecemos salarios dignos y beneficios de calidad.","breadcrumb":{"@id":"https:\/\/southwestpipetrades.com\/local-286-thank-you#breadcrumb"},"inLanguage":"es-MX","potentialAction":[{"@type":"ReadAction","target":["https:\/\/southwestpipetrades.com\/local-286-thank-you"]}]},{"@type":"BreadcrumbList","@id":"https:\/\/southwestpipetrades.com\/local-286-thank-you#breadcrumb","itemListElement":[{"@type":"ListItem","position":1,"name":"Home","item":"https:\/\/southwestpipetrades.com\/"},{"@type":"ListItem","position":2,"name":"Local 286 Samsung &#8211; Thank You"}]},{"@type":"WebSite","@id":"https:\/\/southwestpipetrades.com\/#website","url":"https:\/\/southwestpipetrades.com\/","name":"Asociaci\u00f3n de Comercio de Tuber\u00edas del Suroeste","description":"Fontaneros, instaladores de tuber\u00edas, t\u00e9cnicos de climatizaci\u00f3n en Texas, Oklahoma y Nuevo M\u00e9xico","publisher":{"@id":"https:\/\/southwestpipetrades.com\/#organization"},"potentialAction":[{"@type":"SearchAction","target":{"@type":"EntryPoint","urlTemplate":"https:\/\/southwestpipetrades.com\/?s={search_term_string}"},"query-input":"required name=search_term_string"}],"inLanguage":"es-MX"},{"@type":"Organization","@id":"https:\/\/southwestpipetrades.com\/#organization","name":"Asociaci\u00f3n de Oficios de Tuber\u00edas del Suroeste","url":"https:\/\/southwestpipetrades.com\/","logo":{"@type":"ImageObject","inLanguage":"es-MX","@id":"https:\/\/southwestpipetrades.com\/#\/schema\/logo\/image\/","url":"https:\/\/southwestpipetrades.com\/wp-content\/uploads\/2020\/09\/SWPTA-2021-Logo-Color-Full-Horizontal-800px.png","contentUrl":"https:\/\/southwestpipetrades.com\/wp-content\/uploads\/2020\/09\/SWPTA-2021-Logo-Color-Full-Horizontal-800px.png","width":800,"height":341,"caption":"Southwest Pipe Trades Assoication"},"image":{"@id":"https:\/\/southwestpipetrades.com\/#\/schema\/logo\/image\/"}}]}},"_links":{"self":[{"href":"https:\/\/southwestpipetrades.com\/es\/wp-json\/wp\/v2\/pages\/3528","targetHints":{"allow":["GET"]}}],"collection":[{"href":"https:\/\/southwestpipetrades.com\/es\/wp-json\/wp\/v2\/pages"}],"about":[{"href":"https:\/\/southwestpipetrades.com\/es\/wp-json\/wp\/v2\/types\/page"}],"author":[{"embeddable":true,"href":"https:\/\/southwestpipetrades.com\/es\/wp-json\/wp\/v2\/users\/37"}],"replies":[{"embeddable":true,"href":"https:\/\/southwestpipetrades.com\/es\/wp-json\/wp\/v2\/comments?post=3528"}],"version-history":[{"count":0,"href":"https:\/\/southwestpipetrades.com\/es\/wp-json\/wp\/v2\/pages\/3528\/revisions"}],"wp:featuredmedia":[{"embeddable":true,"href":"https:\/\/southwestpipetrades.com\/es\/wp-json\/wp\/v2\/media\/3423"}],"wp:attachment":[{"href":"https:\/\/southwestpipetrades.com\/es\/wp-json\/wp\/v2\/media?parent=3528"}],"curies":[{"name":"wp","href":"https:\/\/api.w.org\/{rel}","templated":true}]}}