{"id":398,"date":"2017-03-10T11:30:13","date_gmt":"2017-03-10T11:30:13","guid":{"rendered":"http:\/\/southwestpipe.wpengine.com\/?page_id=398"},"modified":"2022-10-21T14:13:44","modified_gmt":"2022-10-21T14:13:44","slug":"fitters","status":"publish","type":"page","link":"https:\/\/southwestpipetrades.com\/es\/markets\/fitters","title":{"rendered":"Instaladores"},"content":{"rendered":"<p>Nuestras instalaciones de capacitaci\u00f3n brindan una amplia certificaci\u00f3n e instrucci\u00f3n en las \u00e1reas de:<\/p>\n<ul>\n<li>Tuber\u00eda de amoniaco<\/li>\n<li>Construcci\u00f3n y mantenimiento comercial<\/li>\n<li>Instrumentaci\u00f3n comercial<\/li>\n<li><a href=\"https:\/\/southwestpipetrades.com\/es\/careers\/pipe-fitters\/\">Tuber\u00eda de gas\/aire\/agua<\/a><\/li>\n<li><a href=\"https:\/\/southwestpipetrades.com\/es\/markets\/energy-sector\/\">Geotermia<\/a><\/li>\n<li>Tuber\u00eda de alta pureza<\/li>\n<li>Calefacci\u00f3n hidr\u00f3nica<\/li>\n<li>Tuber\u00edas y sistemas hidr\u00e1ulicos<\/li>\n<li>Construcci\u00f3n y Mantenimiento Industrial<\/li>\n<li>Instrumentaci\u00f3n industrial<\/li>\n<li>Trabajos en laboratorio y salas blancas<\/li>\n<li>Sistemas de gases medicinales<\/li>\n<li><a href=\"https:\/\/southwestpipetrades.com\/es\/markets\/fabrication\/\">Fabricaci\u00f3n de tuber\u00edas<\/a><\/li>\n<li><a href=\"https:\/\/southwestpipetrades.com\/es\/markets\/pipeline\/\">Tuber\u00eda<\/a><\/li>\n<li>Tuber\u00eda de potencia<\/li>\n<li>Tuber\u00eda de proceso<\/li>\n<li><a href=\"https:\/\/southwestpipetrades.com\/es\/markets\/green-technologies\/\">Energ\u00eda solar t\u00e9rmica<\/a><\/li>\n<li>Tuber\u00eda de vapor<\/li>\n<li>Tuber\u00edas y sistemas de vac\u00edo<\/li>\n<li>Instalaci\u00f3n y reparaci\u00f3n de v\u00e1lvulas y bombas<\/li>\n<li>Soldadura de calidad por rayos X<\/li>\n<\/ul>\n<p>Nuestro trabajo se puede encontrar en toda Am\u00e9rica del Norte, en forma de viviendas unifamiliares, edificios de apartamentos de gran altura, centros de datos, supermercados, almacenes de alimentos e instalaciones de procesamiento.<\/p>","protected":false},"excerpt":{"rendered":"<p>Our training facilities provide extensive certification and instruction in the areas of: Ammonia Piping Commercial Construction and Maintenance Commercial Instrumentation Gas\/Air\/Water Piping Geothermal High Purity Piping Hydronic Heating Hydraulic Piping and Systems Industrial Construction and Maintenance Industrial Instrumentation Lab and Clean Room Work Medical Gas Systems Pipe Fabrication Pipeline Power Piping Process Piping Solar Thermal &hellip;<\/p>\n<p class=\"read-more\"> <a class=\"\" href=\"https:\/\/southwestpipetrades.com\/es\/markets\/fitters\"> <span class=\"screen-reader-text\">Instaladores<\/span> Leer m\u00e1s &quot;<\/a><\/p>","protected":false},"author":37,"featured_media":3420,"parent":17,"menu_order":4,"comment_status":"closed","ping_status":"closed","template":"","meta":{"_acf_changed":false,"inline_featured_image":false,"site-sidebar-layout":"default","site-content-layout":"default","ast-global-header-display":"","ast-main-header-display":"","ast-hfb-above-header-display":"","ast-hfb-below-header-display":"","ast-hfb-mobile-header-display":"","site-post-title":"","ast-breadcrumbs-content":"","ast-featured-img":"","footer-sml-layout":"","theme-transparent-header-meta":"default","adv-header-id-meta":"","stick-header-meta":"default","header-above-stick-meta":"","header-main-stick-meta":"","header-below-stick-meta":"","footnotes":""},"class_list":["post-398","page","type-page","status-publish","has-post-thumbnail","hentry"],"acf":[],"yoast_head":"<!-- This site is optimized with the Yoast SEO plugin v21.4 - https:\/\/yoast.com\/wordpress\/plugins\/seo\/ -->\n<title>Fitters - Southwest Pipe Trades Association<\/title>\n<meta name=\"robots\" content=\"index, follow, max-snippet:-1, max-image-preview:large, max-video-preview:-1\" \/>\n<link rel=\"canonical\" href=\"https:\/\/southwestpipetrades.com\/es\/markets\/fitters\/\" \/>\n<meta property=\"og:locale\" content=\"es_MX\" \/>\n<meta property=\"og:type\" content=\"article\" \/>\n<meta property=\"og:title\" content=\"Fitters - Southwest Pipe Trades Association\" \/>\n<meta property=\"og:description\" content=\"Our training facilities provide extensive certification and instruction in the areas of: Ammonia Piping Commercial Construction and Maintenance Commercial Instrumentation Gas\/Air\/Water Piping Geothermal High Purity Piping Hydronic Heating Hydraulic Piping and Systems Industrial Construction and Maintenance Industrial Instrumentation Lab and Clean Room Work Medical Gas Systems Pipe Fabrication Pipeline Power Piping Process Piping Solar Thermal &hellip; Fitters Read More \u00bb\" \/>\n<meta property=\"og:url\" content=\"https:\/\/southwestpipetrades.com\/es\/markets\/fitters\/\" \/>\n<meta property=\"og:site_name\" content=\"Southwest Pipe Trades Association\" \/>\n<meta property=\"article:modified_time\" content=\"2022-10-21T14:13:44+00:00\" \/>\n<meta property=\"og:image\" content=\"https:\/\/southwestpipetrades.com\/wp-content\/uploads\/2022\/10\/SWPTA-featured-images47.png\" \/>\n\t<meta property=\"og:image:width\" content=\"1200\" \/>\n\t<meta property=\"og:image:height\" content=\"675\" \/>\n\t<meta property=\"og:image:type\" content=\"image\/png\" \/>\n<meta name=\"twitter:card\" content=\"summary_large_image\" \/>\n<meta name=\"twitter:label1\" content=\"Tiempo de lectura\" \/>\n\t<meta name=\"twitter:data1\" content=\"1 minuto\" \/>\n<script type=\"application\/ld+json\" class=\"yoast-schema-graph\">{\"@context\":\"https:\/\/schema.org\",\"@graph\":[{\"@type\":\"WebPage\",\"@id\":\"https:\/\/southwestpipetrades.com\/markets\/fitters\",\"url\":\"https:\/\/southwestpipetrades.com\/markets\/fitters\",\"name\":\"Fitters - Southwest Pipe Trades Association\",\"isPartOf\":{\"@id\":\"https:\/\/southwestpipetrades.com\/#website\"},\"datePublished\":\"2017-03-10T11:30:13+00:00\",\"dateModified\":\"2022-10-21T14:13:44+00:00\",\"breadcrumb\":{\"@id\":\"https:\/\/southwestpipetrades.com\/markets\/fitters#breadcrumb\"},\"inLanguage\":\"es-MX\",\"potentialAction\":[{\"@type\":\"ReadAction\",\"target\":[\"https:\/\/southwestpipetrades.com\/markets\/fitters\"]}]},{\"@type\":\"BreadcrumbList\",\"@id\":\"https:\/\/southwestpipetrades.com\/markets\/fitters#breadcrumb\",\"itemListElement\":[{\"@type\":\"ListItem\",\"position\":1,\"name\":\"Home\",\"item\":\"https:\/\/southwestpipetrades.com\/\"},{\"@type\":\"ListItem\",\"position\":2,\"name\":\"Markets\",\"item\":\"https:\/\/southwestpipetrades.com\/markets\"},{\"@type\":\"ListItem\",\"position\":3,\"name\":\"Fitters\"}]},{\"@type\":\"WebSite\",\"@id\":\"https:\/\/southwestpipetrades.com\/#website\",\"url\":\"https:\/\/southwestpipetrades.com\/\",\"name\":\"Southwest Pipe Trades Association\",\"description\":\"Plumbers, Pipefitters, HVACR Techs in Texas, Oklahoma, New Mexico\",\"publisher\":{\"@id\":\"https:\/\/southwestpipetrades.com\/#organization\"},\"potentialAction\":[{\"@type\":\"SearchAction\",\"target\":{\"@type\":\"EntryPoint\",\"urlTemplate\":\"https:\/\/southwestpipetrades.com\/?s={search_term_string}\"},\"query-input\":\"required name=search_term_string\"}],\"inLanguage\":\"es-MX\"},{\"@type\":\"Organization\",\"@id\":\"https:\/\/southwestpipetrades.com\/#organization\",\"name\":\"Southwest Pipe Trades Assoication\",\"url\":\"https:\/\/southwestpipetrades.com\/\",\"logo\":{\"@type\":\"ImageObject\",\"inLanguage\":\"es-MX\",\"@id\":\"https:\/\/southwestpipetrades.com\/#\/schema\/logo\/image\/\",\"url\":\"https:\/\/southwestpipetrades.com\/wp-content\/uploads\/2020\/09\/SWPTA-2021-Logo-Color-Full-Horizontal-800px.png\",\"contentUrl\":\"https:\/\/southwestpipetrades.com\/wp-content\/uploads\/2020\/09\/SWPTA-2021-Logo-Color-Full-Horizontal-800px.png\",\"width\":800,\"height\":341,\"caption\":\"Southwest Pipe Trades Assoication\"},\"image\":{\"@id\":\"https:\/\/southwestpipetrades.com\/#\/schema\/logo\/image\/\"}}]}<\/script>\n<!-- \/ Yoast SEO plugin. -->","yoast_head_json":{"title":"Fitters - Southwest Pipe Trades Association","robots":{"index":"index","follow":"follow","max-snippet":"max-snippet:-1","max-image-preview":"max-image-preview:large","max-video-preview":"max-video-preview:-1"},"canonical":"https:\/\/southwestpipetrades.com\/es\/markets\/fitters\/","og_locale":"es_MX","og_type":"article","og_title":"Fitters - Southwest Pipe Trades Association","og_description":"Our training facilities provide extensive certification and instruction in the areas of: Ammonia Piping Commercial Construction and Maintenance Commercial Instrumentation Gas\/Air\/Water Piping Geothermal High Purity Piping Hydronic Heating Hydraulic Piping and Systems Industrial Construction and Maintenance Industrial Instrumentation Lab and Clean Room Work Medical Gas Systems Pipe Fabrication Pipeline Power Piping Process Piping Solar Thermal &hellip; Fitters Read More \u00bb","og_url":"https:\/\/southwestpipetrades.com\/es\/markets\/fitters\/","og_site_name":"Southwest Pipe Trades Association","article_modified_time":"2022-10-21T14:13:44+00:00","og_image":[{"width":1200,"height":675,"url":"https:\/\/southwestpipetrades.com\/wp-content\/uploads\/2022\/10\/SWPTA-featured-images47.png","type":"image\/png"}],"twitter_card":"summary_large_image","twitter_misc":{"Tiempo de lectura":"1 minuto"},"schema":{"@context":"https:\/\/schema.org","@graph":[{"@type":"WebPage","@id":"https:\/\/southwestpipetrades.com\/markets\/fitters","url":"https:\/\/southwestpipetrades.com\/markets\/fitters","name":"Fitters - Southwest Pipe Trades Association","isPartOf":{"@id":"https:\/\/southwestpipetrades.com\/#website"},"datePublished":"2017-03-10T11:30:13+00:00","dateModified":"2022-10-21T14:13:44+00:00","breadcrumb":{"@id":"https:\/\/southwestpipetrades.com\/markets\/fitters#breadcrumb"},"inLanguage":"es-MX","potentialAction":[{"@type":"ReadAction","target":["https:\/\/southwestpipetrades.com\/markets\/fitters"]}]},{"@type":"BreadcrumbList","@id":"https:\/\/southwestpipetrades.com\/markets\/fitters#breadcrumb","itemListElement":[{"@type":"ListItem","position":1,"name":"Home","item":"https:\/\/southwestpipetrades.com\/"},{"@type":"ListItem","position":2,"name":"Markets","item":"https:\/\/southwestpipetrades.com\/markets"},{"@type":"ListItem","position":3,"name":"Fitters"}]},{"@type":"WebSite","@id":"https:\/\/southwestpipetrades.com\/#website","url":"https:\/\/southwestpipetrades.com\/","name":"Asociaci\u00f3n de Comercio de Tuber\u00edas del Suroeste","description":"Fontaneros, instaladores de tuber\u00edas, t\u00e9cnicos de climatizaci\u00f3n en Texas, Oklahoma y Nuevo M\u00e9xico","publisher":{"@id":"https:\/\/southwestpipetrades.com\/#organization"},"potentialAction":[{"@type":"SearchAction","target":{"@type":"EntryPoint","urlTemplate":"https:\/\/southwestpipetrades.com\/?s={search_term_string}"},"query-input":"required name=search_term_string"}],"inLanguage":"es-MX"},{"@type":"Organization","@id":"https:\/\/southwestpipetrades.com\/#organization","name":"Asociaci\u00f3n de Oficios de Tuber\u00edas del Suroeste","url":"https:\/\/southwestpipetrades.com\/","logo":{"@type":"ImageObject","inLanguage":"es-MX","@id":"https:\/\/southwestpipetrades.com\/#\/schema\/logo\/image\/","url":"https:\/\/southwestpipetrades.com\/wp-content\/uploads\/2020\/09\/SWPTA-2021-Logo-Color-Full-Horizontal-800px.png","contentUrl":"https:\/\/southwestpipetrades.com\/wp-content\/uploads\/2020\/09\/SWPTA-2021-Logo-Color-Full-Horizontal-800px.png","width":800,"height":341,"caption":"Southwest Pipe Trades Assoication"},"image":{"@id":"https:\/\/southwestpipetrades.com\/#\/schema\/logo\/image\/"}}]}},"_links":{"self":[{"href":"https:\/\/southwestpipetrades.com\/es\/wp-json\/wp\/v2\/pages\/398","targetHints":{"allow":["GET"]}}],"collection":[{"href":"https:\/\/southwestpipetrades.com\/es\/wp-json\/wp\/v2\/pages"}],"about":[{"href":"https:\/\/southwestpipetrades.com\/es\/wp-json\/wp\/v2\/types\/page"}],"author":[{"embeddable":true,"href":"https:\/\/southwestpipetrades.com\/es\/wp-json\/wp\/v2\/users\/37"}],"replies":[{"embeddable":true,"href":"https:\/\/southwestpipetrades.com\/es\/wp-json\/wp\/v2\/comments?post=398"}],"version-history":[{"count":0,"href":"https:\/\/southwestpipetrades.com\/es\/wp-json\/wp\/v2\/pages\/398\/revisions"}],"up":[{"embeddable":true,"href":"https:\/\/southwestpipetrades.com\/es\/wp-json\/wp\/v2\/pages\/17"}],"wp:featuredmedia":[{"embeddable":true,"href":"https:\/\/southwestpipetrades.com\/es\/wp-json\/wp\/v2\/media\/3420"}],"wp:attachment":[{"href":"https:\/\/southwestpipetrades.com\/es\/wp-json\/wp\/v2\/media?parent=398"}],"curies":[{"name":"wp","href":"https:\/\/api.w.org\/{rel}","templated":true}]}}