{"id":400,"date":"2017-03-10T11:30:26","date_gmt":"2017-03-10T11:30:26","guid":{"rendered":"http:\/\/southwestpipe.wpengine.com\/?page_id=400"},"modified":"2021-02-16T21:16:21","modified_gmt":"2021-02-16T21:16:21","slug":"green-technologies-old","status":"publish","type":"page","link":"https:\/\/southwestpipetrades.com\/es\/green-technologies-old","title":{"rendered":"Tecnolog\u00edas verdes-OLD"},"content":{"rendered":"<p>La construcci\u00f3n ecol\u00f3gica abarca todo, desde pr\u00e1cticas de construcci\u00f3n energ\u00e9ticamente eficientes y esfuerzos de conservaci\u00f3n del agua hasta el uso de las mejores pr\u00e1cticas de construcci\u00f3n sostenible en el \u00e1mbito de la construcci\u00f3n y los materiales compatibles con el medio ambiente. Trabajamos con constructores, ingenieros, arquitectos, <a href=\"https:\/\/southwestpipetrades.com\/es\/contractors\/\">contratistas,<\/a> y organismos de redacci\u00f3n de c\u00f3digos en los campos de la construcci\u00f3n, asoci\u00e1ndonos con otras asociaciones para expandir nuestros propios esfuerzos en la gesti\u00f3n eficaz del \u201csector verde\u201d de r\u00e1pido crecimiento de nuestra industria.<\/p>\n<p><strong>Pr\u00e1cticas de construcci\u00f3n energ\u00e9ticamente eficientes:<\/strong> Al desarrollar iniciativas ecol\u00f3gicas, promovemos las mejores pr\u00e1cticas en tecnolog\u00eda de construcci\u00f3n ecol\u00f3gica, desde equipos mec\u00e1nicos hasta programas de servicio y mantenimiento que incluyen el reemplazo y manejo de refrigerantes y <a href=\"https:\/\/southwestpipetrades.com\/es\/markets\/hvacr\/\">Climatizaci\u00f3n<\/a>, hasta lo \u00faltimo en plomer\u00eda, energ\u00eda solar, geotermia e incluso construcci\u00f3n residencial.<\/p>\n<p><strong>Esfuerzos de conservaci\u00f3n del agua:<\/strong> Los edificios residenciales y comerciales de hoy requieren sistemas sostenibles y que ahorren energ\u00eda. Estamos comprometidos con los m\u00e1s altos est\u00e1ndares en dise\u00f1o de aguas pluviales, eficiencia h\u00eddrica, energ\u00eda y atm\u00f3sfera, y calidad interior y ambiental. Nuestros trabajadores capacitados pueden transformar conceptos arquitect\u00f3nicos y de ingenier\u00eda de alta calidad en realidad.<\/p>","protected":false},"excerpt":{"rendered":"<p>Green building encompasses everything from energy-efficient building practices and water conservation efforts to the use of best sustainable building practices in the realm of environmentally compatible building and materials. We work with builders, engineers, architects, contractors, and code writing bodies in the construction fields, partnering with other associations to expand our own efforts in effectively &hellip;<\/p>\n<p class=\"read-more\"> <a class=\"\" href=\"https:\/\/southwestpipetrades.com\/es\/green-technologies-old\"> <span class=\"screen-reader-text\">Tecnolog\u00edas verdes-OLD<\/span> Leer m\u00e1s &quot;<\/a><\/p>","protected":false},"author":37,"featured_media":434,"parent":0,"menu_order":5,"comment_status":"closed","ping_status":"closed","template":"","meta":{"_acf_changed":false,"inline_featured_image":false,"site-sidebar-layout":"default","site-content-layout":"default","ast-global-header-display":"","ast-main-header-display":"","ast-hfb-above-header-display":"","ast-hfb-below-header-display":"","ast-hfb-mobile-header-display":"","site-post-title":"","ast-breadcrumbs-content":"","ast-featured-img":"","footer-sml-layout":"","theme-transparent-header-meta":"default","adv-header-id-meta":"","stick-header-meta":"default","header-above-stick-meta":"","header-main-stick-meta":"","header-below-stick-meta":"","footnotes":""},"class_list":["post-400","page","type-page","status-publish","has-post-thumbnail","hentry"],"acf":[],"yoast_head":"<!-- This site is optimized with the Yoast SEO plugin v21.4 - https:\/\/yoast.com\/wordpress\/plugins\/seo\/ -->\n<title>Green Technologies-OLD - Southwest Pipe Trades Association<\/title>\n<meta name=\"robots\" content=\"index, follow, max-snippet:-1, max-image-preview:large, max-video-preview:-1\" \/>\n<link rel=\"canonical\" href=\"https:\/\/southwestpipetrades.com\/es\/green-technologies-old\/\" \/>\n<meta property=\"og:locale\" content=\"es_MX\" \/>\n<meta property=\"og:type\" content=\"article\" \/>\n<meta property=\"og:title\" content=\"Green Technologies-OLD - Southwest Pipe Trades Association\" \/>\n<meta property=\"og:description\" content=\"Green building encompasses everything from energy-efficient building practices and water conservation efforts to the use of best sustainable building practices in the realm of environmentally compatible building and materials. We work with builders, engineers, architects, contractors, and code writing bodies in the construction fields, partnering with other associations to expand our own efforts in effectively &hellip; Green Technologies-OLD Read More \u00bb\" \/>\n<meta property=\"og:url\" content=\"https:\/\/southwestpipetrades.com\/es\/green-technologies-old\/\" \/>\n<meta property=\"og:site_name\" content=\"Southwest Pipe Trades Association\" \/>\n<meta property=\"article:modified_time\" content=\"2021-02-16T21:16:21+00:00\" \/>\n<meta property=\"og:image\" content=\"https:\/\/southwestpipetrades.com\/wp-content\/uploads\/2017\/01\/about-banner.png\" \/>\n\t<meta property=\"og:image:width\" content=\"1920\" \/>\n\t<meta property=\"og:image:height\" content=\"437\" \/>\n\t<meta property=\"og:image:type\" content=\"image\/png\" \/>\n<meta name=\"twitter:card\" content=\"summary_large_image\" \/>\n<meta name=\"twitter:label1\" content=\"Tiempo de lectura\" \/>\n\t<meta name=\"twitter:data1\" content=\"1 minuto\" \/>\n<script type=\"application\/ld+json\" class=\"yoast-schema-graph\">{\"@context\":\"https:\/\/schema.org\",\"@graph\":[{\"@type\":\"WebPage\",\"@id\":\"https:\/\/southwestpipetrades.com\/green-technologies-old\",\"url\":\"https:\/\/southwestpipetrades.com\/green-technologies-old\",\"name\":\"Green Technologies-OLD - Southwest Pipe Trades Association\",\"isPartOf\":{\"@id\":\"https:\/\/southwestpipetrades.com\/#website\"},\"datePublished\":\"2017-03-10T11:30:26+00:00\",\"dateModified\":\"2021-02-16T21:16:21+00:00\",\"breadcrumb\":{\"@id\":\"https:\/\/southwestpipetrades.com\/green-technologies-old#breadcrumb\"},\"inLanguage\":\"es-MX\",\"potentialAction\":[{\"@type\":\"ReadAction\",\"target\":[\"https:\/\/southwestpipetrades.com\/green-technologies-old\"]}]},{\"@type\":\"BreadcrumbList\",\"@id\":\"https:\/\/southwestpipetrades.com\/green-technologies-old#breadcrumb\",\"itemListElement\":[{\"@type\":\"ListItem\",\"position\":1,\"name\":\"Home\",\"item\":\"https:\/\/southwestpipetrades.com\/\"},{\"@type\":\"ListItem\",\"position\":2,\"name\":\"Green Technologies-OLD\"}]},{\"@type\":\"WebSite\",\"@id\":\"https:\/\/southwestpipetrades.com\/#website\",\"url\":\"https:\/\/southwestpipetrades.com\/\",\"name\":\"Southwest Pipe Trades Association\",\"description\":\"Plumbers, Pipefitters, HVACR Techs in Texas, Oklahoma, New Mexico\",\"publisher\":{\"@id\":\"https:\/\/southwestpipetrades.com\/#organization\"},\"potentialAction\":[{\"@type\":\"SearchAction\",\"target\":{\"@type\":\"EntryPoint\",\"urlTemplate\":\"https:\/\/southwestpipetrades.com\/?s={search_term_string}\"},\"query-input\":\"required name=search_term_string\"}],\"inLanguage\":\"es-MX\"},{\"@type\":\"Organization\",\"@id\":\"https:\/\/southwestpipetrades.com\/#organization\",\"name\":\"Southwest Pipe Trades Assoication\",\"url\":\"https:\/\/southwestpipetrades.com\/\",\"logo\":{\"@type\":\"ImageObject\",\"inLanguage\":\"es-MX\",\"@id\":\"https:\/\/southwestpipetrades.com\/#\/schema\/logo\/image\/\",\"url\":\"https:\/\/southwestpipetrades.com\/wp-content\/uploads\/2020\/09\/SWPTA-2021-Logo-Color-Full-Horizontal-800px.png\",\"contentUrl\":\"https:\/\/southwestpipetrades.com\/wp-content\/uploads\/2020\/09\/SWPTA-2021-Logo-Color-Full-Horizontal-800px.png\",\"width\":800,\"height\":341,\"caption\":\"Southwest Pipe Trades Assoication\"},\"image\":{\"@id\":\"https:\/\/southwestpipetrades.com\/#\/schema\/logo\/image\/\"}}]}<\/script>\n<!-- \/ Yoast SEO plugin. -->","yoast_head_json":{"title":"Green Technologies-OLD - Southwest Pipe Trades Association","robots":{"index":"index","follow":"follow","max-snippet":"max-snippet:-1","max-image-preview":"max-image-preview:large","max-video-preview":"max-video-preview:-1"},"canonical":"https:\/\/southwestpipetrades.com\/es\/green-technologies-old\/","og_locale":"es_MX","og_type":"article","og_title":"Green Technologies-OLD - Southwest Pipe Trades Association","og_description":"Green building encompasses everything from energy-efficient building practices and water conservation efforts to the use of best sustainable building practices in the realm of environmentally compatible building and materials. We work with builders, engineers, architects, contractors, and code writing bodies in the construction fields, partnering with other associations to expand our own efforts in effectively &hellip; Green Technologies-OLD Read More \u00bb","og_url":"https:\/\/southwestpipetrades.com\/es\/green-technologies-old\/","og_site_name":"Southwest Pipe Trades Association","article_modified_time":"2021-02-16T21:16:21+00:00","og_image":[{"width":1920,"height":437,"url":"https:\/\/southwestpipetrades.com\/wp-content\/uploads\/2017\/01\/about-banner.png","type":"image\/png"}],"twitter_card":"summary_large_image","twitter_misc":{"Tiempo de lectura":"1 minuto"},"schema":{"@context":"https:\/\/schema.org","@graph":[{"@type":"WebPage","@id":"https:\/\/southwestpipetrades.com\/green-technologies-old","url":"https:\/\/southwestpipetrades.com\/green-technologies-old","name":"Green Technologies-OLD - Southwest Pipe Trades Association","isPartOf":{"@id":"https:\/\/southwestpipetrades.com\/#website"},"datePublished":"2017-03-10T11:30:26+00:00","dateModified":"2021-02-16T21:16:21+00:00","breadcrumb":{"@id":"https:\/\/southwestpipetrades.com\/green-technologies-old#breadcrumb"},"inLanguage":"es-MX","potentialAction":[{"@type":"ReadAction","target":["https:\/\/southwestpipetrades.com\/green-technologies-old"]}]},{"@type":"BreadcrumbList","@id":"https:\/\/southwestpipetrades.com\/green-technologies-old#breadcrumb","itemListElement":[{"@type":"ListItem","position":1,"name":"Home","item":"https:\/\/southwestpipetrades.com\/"},{"@type":"ListItem","position":2,"name":"Green Technologies-OLD"}]},{"@type":"WebSite","@id":"https:\/\/southwestpipetrades.com\/#website","url":"https:\/\/southwestpipetrades.com\/","name":"Asociaci\u00f3n de Comercio de Tuber\u00edas del Suroeste","description":"Fontaneros, instaladores de tuber\u00edas, t\u00e9cnicos de climatizaci\u00f3n en Texas, Oklahoma y Nuevo M\u00e9xico","publisher":{"@id":"https:\/\/southwestpipetrades.com\/#organization"},"potentialAction":[{"@type":"SearchAction","target":{"@type":"EntryPoint","urlTemplate":"https:\/\/southwestpipetrades.com\/?s={search_term_string}"},"query-input":"required name=search_term_string"}],"inLanguage":"es-MX"},{"@type":"Organization","@id":"https:\/\/southwestpipetrades.com\/#organization","name":"Asociaci\u00f3n de Oficios de Tuber\u00edas del Suroeste","url":"https:\/\/southwestpipetrades.com\/","logo":{"@type":"ImageObject","inLanguage":"es-MX","@id":"https:\/\/southwestpipetrades.com\/#\/schema\/logo\/image\/","url":"https:\/\/southwestpipetrades.com\/wp-content\/uploads\/2020\/09\/SWPTA-2021-Logo-Color-Full-Horizontal-800px.png","contentUrl":"https:\/\/southwestpipetrades.com\/wp-content\/uploads\/2020\/09\/SWPTA-2021-Logo-Color-Full-Horizontal-800px.png","width":800,"height":341,"caption":"Southwest Pipe Trades Assoication"},"image":{"@id":"https:\/\/southwestpipetrades.com\/#\/schema\/logo\/image\/"}}]}},"_links":{"self":[{"href":"https:\/\/southwestpipetrades.com\/es\/wp-json\/wp\/v2\/pages\/400","targetHints":{"allow":["GET"]}}],"collection":[{"href":"https:\/\/southwestpipetrades.com\/es\/wp-json\/wp\/v2\/pages"}],"about":[{"href":"https:\/\/southwestpipetrades.com\/es\/wp-json\/wp\/v2\/types\/page"}],"author":[{"embeddable":true,"href":"https:\/\/southwestpipetrades.com\/es\/wp-json\/wp\/v2\/users\/37"}],"replies":[{"embeddable":true,"href":"https:\/\/southwestpipetrades.com\/es\/wp-json\/wp\/v2\/comments?post=400"}],"version-history":[{"count":0,"href":"https:\/\/southwestpipetrades.com\/es\/wp-json\/wp\/v2\/pages\/400\/revisions"}],"wp:featuredmedia":[{"embeddable":true,"href":"https:\/\/southwestpipetrades.com\/es\/wp-json\/wp\/v2\/media\/434"}],"wp:attachment":[{"href":"https:\/\/southwestpipetrades.com\/es\/wp-json\/wp\/v2\/media?parent=400"}],"curies":[{"name":"wp","href":"https:\/\/api.w.org\/{rel}","templated":true}]}}