{"id":402,"date":"2017-03-10T11:30:43","date_gmt":"2017-03-10T11:30:43","guid":{"rendered":"http:\/\/southwestpipe.wpengine.com\/?page_id=402"},"modified":"2022-10-21T14:14:02","modified_gmt":"2022-10-21T14:14:02","slug":"hvacr","status":"publish","type":"page","link":"https:\/\/southwestpipetrades.com\/es\/markets\/hvacr","title":{"rendered":"Calefacci\u00f3n y refrigeraci\u00f3n"},"content":{"rendered":"\t\t<div data-elementor-type=\"wp-page\" data-elementor-id=\"402\" class=\"elementor elementor-402\" data-elementor-settings=\"[]\">\n\t\t\t\t\t\t<div class=\"elementor-inner\">\n\t\t\t\t\t\t\t<div class=\"elementor-section-wrap\">\n\t\t\t\t\t\t\t<section class=\"elementor-section elementor-top-section elementor-element elementor-element-13bab0dc elementor-section-full_width elementor-section-height-default elementor-section-height-default\" data-id=\"13bab0dc\" data-element_type=\"section\">\n\t\t\t\t\t\t<div class=\"elementor-container elementor-column-gap-default\">\n\t\t\t\t\t\t\t<div class=\"elementor-row\">\n\t\t\t\t\t<div class=\"elementor-column elementor-col-50 elementor-top-column elementor-element elementor-element-381c1914\" data-id=\"381c1914\" data-element_type=\"column\">\n\t\t\t<div class=\"elementor-column-wrap elementor-element-populated\">\n\t\t\t\t\t\t\t<div class=\"elementor-widget-wrap\">\n\t\t\t\t\t\t<div class=\"elementor-element elementor-element-56596b5a elementor-widget elementor-widget-heading\" data-id=\"56596b5a\" data-element_type=\"widget\" data-widget_type=\"heading.default\">\n\t\t\t\t<div class=\"elementor-widget-container\">\n\t\t\t<h4 class=\"elementor-heading-title elementor-size-default\">MARKETS served by the SWPTA<\/h4>\t\t<\/div>\n\t\t\t\t<\/div>\n\t\t\t\t<div class=\"elementor-element elementor-element-d45fb elementor-widget elementor-widget-heading\" data-id=\"d45fb\" data-element_type=\"widget\" data-widget_type=\"heading.default\">\n\t\t\t\t<div class=\"elementor-widget-container\">\n\t\t\t<h1 class=\"elementor-heading-title elementor-size-default\">Heating, Cooling, Venting & Refrigeration<\/h1>\t\t<\/div>\n\t\t\t\t<\/div>\n\t\t\t\t<div class=\"elementor-element elementor-element-43d4429a elementor-widget elementor-widget-spacer\" data-id=\"43d4429a\" data-element_type=\"widget\" data-widget_type=\"spacer.default\">\n\t\t\t\t<div class=\"elementor-widget-container\">\n\t\t\t\t\t<div class=\"elementor-spacer\">\n\t\t\t<div class=\"elementor-spacer-inner\"><\/div>\n\t\t<\/div>\n\t\t\t\t<\/div>\n\t\t\t\t<\/div>\n\t\t\t\t<div class=\"elementor-element elementor-element-3673e225 elementor-widget elementor-widget-image\" data-id=\"3673e225\" data-element_type=\"widget\" data-settings=\"{&quot;motion_fx_motion_fx_scrolling&quot;:&quot;yes&quot;,&quot;motion_fx_translateY_effect&quot;:&quot;yes&quot;,&quot;motion_fx_translateY_speed&quot;:{&quot;unit&quot;:&quot;px&quot;,&quot;size&quot;:1.8,&quot;sizes&quot;:[]},&quot;motion_fx_translateY_affectedRange&quot;:{&quot;unit&quot;:&quot;%&quot;,&quot;size&quot;:&quot;&quot;,&quot;sizes&quot;:{&quot;start&quot;:0,&quot;end&quot;:100}},&quot;motion_fx_devices&quot;:[&quot;desktop&quot;,&quot;tablet&quot;,&quot;mobile&quot;]}\" data-widget_type=\"image.default\">\n\t\t\t\t<div class=\"elementor-widget-container\">\n\t\t\t\t\t<div class=\"elementor-image\">\n\t\t\t\t\t\t\t\t\t\t<img loading=\"lazy\" decoding=\"async\" width=\"1024\" height=\"768\" src=\"https:\/\/southwestpipetrades.com\/wp-content\/uploads\/2017\/01\/AC-Units-1024x768.jpg\" class=\"attachment-large size-large\" alt=\"heating and air conditioning units atop a facility building\" srcset=\"https:\/\/southwestpipetrades.com\/wp-content\/uploads\/2017\/01\/AC-Units-1024x768.jpg 1024w, https:\/\/southwestpipetrades.com\/wp-content\/uploads\/2017\/01\/AC-Units-300x225.jpg 300w, https:\/\/southwestpipetrades.com\/wp-content\/uploads\/2017\/01\/AC-Units-768x576.jpg 768w, https:\/\/southwestpipetrades.com\/wp-content\/uploads\/2017\/01\/AC-Units-912x684.jpg 912w, https:\/\/southwestpipetrades.com\/wp-content\/uploads\/2017\/01\/AC-Units-600x450.jpg 600w, https:\/\/southwestpipetrades.com\/wp-content\/uploads\/2017\/01\/AC-Units-406x304.jpg 406w, https:\/\/southwestpipetrades.com\/wp-content\/uploads\/2017\/01\/AC-Units-800x600.jpg 800w, https:\/\/southwestpipetrades.com\/wp-content\/uploads\/2017\/01\/AC-Units-582x436.jpg 582w, https:\/\/southwestpipetrades.com\/wp-content\/uploads\/2017\/01\/AC-Units-1920x1439.jpg 1920w, https:\/\/southwestpipetrades.com\/wp-content\/uploads\/2017\/01\/AC-Units-174x130.jpg 174w, https:\/\/southwestpipetrades.com\/wp-content\/uploads\/2017\/01\/AC-Units-93x70.jpg 93w, https:\/\/southwestpipetrades.com\/wp-content\/uploads\/2017\/01\/AC-Units-511x383.jpg 511w, https:\/\/southwestpipetrades.com\/wp-content\/uploads\/2017\/01\/AC-Units-343x257.jpg 343w, https:\/\/southwestpipetrades.com\/wp-content\/uploads\/2017\/01\/AC-Units-247x185.jpg 247w, https:\/\/southwestpipetrades.com\/wp-content\/uploads\/2017\/01\/AC-Units-100x75.jpg 100w, https:\/\/southwestpipetrades.com\/wp-content\/uploads\/2017\/01\/AC-Units-342x256.jpg 342w, https:\/\/southwestpipetrades.com\/wp-content\/uploads\/2017\/01\/AC-Units-69x52.jpg 69w, https:\/\/southwestpipetrades.com\/wp-content\/uploads\/2017\/01\/AC-Units-86x64.jpg 86w, https:\/\/southwestpipetrades.com\/wp-content\/uploads\/2017\/01\/AC-Units-88x66.jpg 88w, https:\/\/southwestpipetrades.com\/wp-content\/uploads\/2017\/01\/AC-Units-67x50.jpg 67w, https:\/\/southwestpipetrades.com\/wp-content\/uploads\/2017\/01\/AC-Units-23x17.jpg 23w\" sizes=\"auto, (max-width: 1024px) 100vw, 1024px\" \/>\t\t\t\t\t\t\t\t\t\t\t<\/div>\n\t\t\t\t<\/div>\n\t\t\t\t<\/div>\n\t\t\t\t\t\t<\/div>\n\t\t\t\t\t<\/div>\n\t\t<\/div>\n\t\t\t\t<div class=\"elementor-column elementor-col-50 elementor-top-column elementor-element elementor-element-19e0da65\" data-id=\"19e0da65\" data-element_type=\"column\">\n\t\t\t<div class=\"elementor-column-wrap elementor-element-populated\">\n\t\t\t\t\t\t\t<div class=\"elementor-widget-wrap\">\n\t\t\t\t\t\t<div class=\"elementor-element elementor-element-7e089cbc elementor-widget elementor-widget-heading\" data-id=\"7e089cbc\" data-element_type=\"widget\" data-widget_type=\"heading.default\">\n\t\t\t\t<div class=\"elementor-widget-container\">\n\t\t\t<h2 class=\"elementor-heading-title elementor-size-default\">Highly skilled SWPTA affiliated HVAC-R technicians keep the southwest safe and comfortable<\/h2>\t\t<\/div>\n\t\t\t\t<\/div>\n\t\t\t\t<div class=\"elementor-element elementor-element-1b576158 elementor-widget elementor-widget-text-editor\" data-id=\"1b576158\" data-element_type=\"widget\" data-widget_type=\"text-editor.default\">\n\t\t\t\t<div class=\"elementor-widget-container\">\n\t\t\t\t\t<div class=\"elementor-text-editor elementor-clearfix\"><p>HVAC-R systems are critical in the southwest U.S., as these systems keep people cool when the temperature gets hot and keep them warm when it gets cold.<\/p><p>HVAC-R goes deeper than just your in-home air conditioning and heating units. These systems include the freezers and coolers in grocery stores, the air-handling units that control the temperature, pressure and humidity in medical facilities, as well as the heating, ventilation and air conditioning systems that keep people safe and comfortable in schools, offices, hospitals and shopping malls.<\/p><p>If not properly maintained, these HVAC-R systems can end up costing a building owner a lot of money to run, to repair or to replace.<\/p><p>HVAC-R technicians from SWPTA affiliated Local Unions install, maintain and repair HVAC-R systems in industrial, commercial and residential settings.<\/p><p>In addition to these systems, our technicians are highly skilled at installing and maintaining refrigeration systems of all kinds in commercial and industrial settings.<\/p><p>These HVAC-R technicians are required to complete the five-year United Association Local Union registered apprenticeship program. During this time, they work toward acquiring industry leading certifications so they are equipped to work on any project of any size or level of complexity.<\/p><\/div>\n\t\t\t\t<\/div>\n\t\t\t\t<\/div>\n\t\t\t\t<div class=\"elementor-element elementor-element-7d28c405 elementor-widget elementor-widget-heading\" data-id=\"7d28c405\" data-element_type=\"widget\" data-widget_type=\"heading.default\">\n\t\t\t\t<div class=\"elementor-widget-container\">\n\t\t\t<h2 class=\"elementor-heading-title elementor-size-default\">Southwest Pipe Trades Association supports UA members who improve energy efficiency in the southwest<\/h2>\t\t<\/div>\n\t\t\t\t<\/div>\n\t\t\t\t<div class=\"elementor-element elementor-element-2040bf58 elementor-widget elementor-widget-text-editor\" data-id=\"2040bf58\" data-element_type=\"widget\" data-widget_type=\"text-editor.default\">\n\t\t\t\t<div class=\"elementor-widget-container\">\n\t\t\t\t\t<div class=\"elementor-text-editor elementor-clearfix\"><p>HVAC-R technicians from SWPTA affiliated Local Unions understand the importance of energy efficiency and the amount of money it can save both consumers and businesses.<\/p><p><span style=\"font-size: 18px;\">These technicians are highly trained and highly skilled in the installation and maintenance of HVAC-R systems. While they are able to repair old units, which waste massive amounts of energy, they are also trained to install state-of-the-art technology that monitors energy output while operating in an energy efficient manner.<\/span><\/p><\/div>\n\t\t\t\t<\/div>\n\t\t\t\t<\/div>\n\t\t\t\t\t\t<\/div>\n\t\t\t\t\t<\/div>\n\t\t<\/div>\n\t\t\t\t\t\t\t\t<\/div>\n\t\t\t\t\t<\/div>\n\t\t<\/section>\n\t\t\t\t<section class=\"elementor-section elementor-top-section elementor-element elementor-element-98a28be elementor-section-boxed elementor-section-height-default elementor-section-height-default\" data-id=\"98a28be\" data-element_type=\"section\">\n\t\t\t\t\t\t<div class=\"elementor-container elementor-column-gap-default\">\n\t\t\t\t\t\t\t<div class=\"elementor-row\">\n\t\t\t\t\t<div class=\"elementor-column elementor-col-100 elementor-top-column elementor-element elementor-element-385ea48c\" data-id=\"385ea48c\" data-element_type=\"column\">\n\t\t\t<div class=\"elementor-column-wrap\">\n\t\t\t\t\t\t\t<div class=\"elementor-widget-wrap\">\n\t\t\t\t\t\t\t\t<\/div>\n\t\t\t\t\t<\/div>\n\t\t<\/div>\n\t\t\t\t\t\t\t\t<\/div>\n\t\t\t\t\t<\/div>\n\t\t<\/section>\n\t\t\t\t\t\t<\/div>\n\t\t\t\t\t\t<\/div>\n\t\t\t\t\t<\/div>\n\t\t","protected":false},"excerpt":{"rendered":"<p>MERCADOS atendidos por la SWPTA Calefacci\u00f3n, Aire Acondicionado, Ventilaci\u00f3n y Refrigeraci\u00f3n. T\u00e9cnicos de HVAC-R altamente capacitados, afiliados a la SWPTA, mantienen la seguridad y comodidad en el suroeste. Los sistemas de HVAC-R son cruciales en el suroeste de EE. UU., ya que mantienen a las personas frescas cuando la temperatura sube y c\u00e1lidas cuando baja. HVAC-R va m\u00e1s all\u00e1 de...<\/p>\n<p class=\"read-more\"> <a class=\"\" href=\"https:\/\/southwestpipetrades.com\/es\/markets\/hvacr\"> <span class=\"screen-reader-text\">Calefacci\u00f3n y refrigeraci\u00f3n<\/span> Leer m\u00e1s &quot;<\/a><\/p>","protected":false},"author":37,"featured_media":3451,"parent":17,"menu_order":6,"comment_status":"closed","ping_status":"closed","template":"elementor_header_footer","meta":{"_acf_changed":false,"inline_featured_image":false,"site-sidebar-layout":"default","site-content-layout":"default","ast-global-header-display":"","ast-main-header-display":"","ast-hfb-above-header-display":"","ast-hfb-below-header-display":"","ast-hfb-mobile-header-display":"","site-post-title":"","ast-breadcrumbs-content":"","ast-featured-img":"","footer-sml-layout":"","theme-transparent-header-meta":"default","adv-header-id-meta":"","stick-header-meta":"default","header-above-stick-meta":"","header-main-stick-meta":"","header-below-stick-meta":"","footnotes":""},"class_list":["post-402","page","type-page","status-publish","has-post-thumbnail","hentry"],"acf":[],"yoast_head":"<!-- This site is optimized with the Yoast SEO plugin v21.4 - https:\/\/yoast.com\/wordpress\/plugins\/seo\/ -->\n<title>Southwest Pipe Trades Association - UA Heating and Cooling<\/title>\n<meta name=\"description\" content=\"HVAC-R systems are critical as these systems keep people cool when the temperature gets hot and keep them warm when it gets cold.\" \/>\n<meta name=\"robots\" content=\"index, follow, max-snippet:-1, max-image-preview:large, max-video-preview:-1\" \/>\n<link rel=\"canonical\" href=\"https:\/\/southwestpipetrades.com\/es\/markets\/hvacr\/\" \/>\n<meta property=\"og:locale\" content=\"es_MX\" \/>\n<meta property=\"og:type\" content=\"article\" \/>\n<meta property=\"og:title\" content=\"Southwest Pipe Trades Association - UA Heating and Cooling\" \/>\n<meta property=\"og:description\" content=\"HVAC-R systems are critical as these systems keep people cool when the temperature gets hot and keep them warm when it gets cold.\" \/>\n<meta property=\"og:url\" content=\"https:\/\/southwestpipetrades.com\/es\/markets\/hvacr\/\" \/>\n<meta property=\"og:site_name\" content=\"Southwest Pipe Trades Association\" \/>\n<meta property=\"article:modified_time\" content=\"2022-10-21T14:14:02+00:00\" \/>\n<meta property=\"og:image\" content=\"https:\/\/southwestpipetrades.com\/wp-content\/uploads\/2022\/10\/SWPTA-featured-images30.png\" \/>\n\t<meta property=\"og:image:width\" content=\"1200\" \/>\n\t<meta property=\"og:image:height\" content=\"675\" \/>\n\t<meta property=\"og:image:type\" content=\"image\/png\" \/>\n<meta name=\"twitter:card\" content=\"summary_large_image\" \/>\n<meta name=\"twitter:label1\" content=\"Tiempo de lectura\" \/>\n\t<meta name=\"twitter:data1\" content=\"2 minutos\" \/>\n<script type=\"application\/ld+json\" class=\"yoast-schema-graph\">{\"@context\":\"https:\/\/schema.org\",\"@graph\":[{\"@type\":\"WebPage\",\"@id\":\"https:\/\/southwestpipetrades.com\/markets\/hvacr\",\"url\":\"https:\/\/southwestpipetrades.com\/markets\/hvacr\",\"name\":\"Southwest Pipe Trades Association - UA Heating and Cooling\",\"isPartOf\":{\"@id\":\"https:\/\/southwestpipetrades.com\/#website\"},\"datePublished\":\"2017-03-10T11:30:43+00:00\",\"dateModified\":\"2022-10-21T14:14:02+00:00\",\"description\":\"HVAC-R systems are critical as these systems keep people cool when the temperature gets hot and keep them warm when it gets cold.\",\"breadcrumb\":{\"@id\":\"https:\/\/southwestpipetrades.com\/markets\/hvacr#breadcrumb\"},\"inLanguage\":\"es-MX\",\"potentialAction\":[{\"@type\":\"ReadAction\",\"target\":[\"https:\/\/southwestpipetrades.com\/markets\/hvacr\"]}]},{\"@type\":\"BreadcrumbList\",\"@id\":\"https:\/\/southwestpipetrades.com\/markets\/hvacr#breadcrumb\",\"itemListElement\":[{\"@type\":\"ListItem\",\"position\":1,\"name\":\"Home\",\"item\":\"https:\/\/southwestpipetrades.com\/\"},{\"@type\":\"ListItem\",\"position\":2,\"name\":\"Markets\",\"item\":\"https:\/\/southwestpipetrades.com\/markets\"},{\"@type\":\"ListItem\",\"position\":3,\"name\":\"Heating and Cooling\"}]},{\"@type\":\"WebSite\",\"@id\":\"https:\/\/southwestpipetrades.com\/#website\",\"url\":\"https:\/\/southwestpipetrades.com\/\",\"name\":\"Southwest Pipe Trades Association\",\"description\":\"Plumbers, Pipefitters, HVACR Techs in Texas, Oklahoma, New Mexico\",\"publisher\":{\"@id\":\"https:\/\/southwestpipetrades.com\/#organization\"},\"potentialAction\":[{\"@type\":\"SearchAction\",\"target\":{\"@type\":\"EntryPoint\",\"urlTemplate\":\"https:\/\/southwestpipetrades.com\/?s={search_term_string}\"},\"query-input\":\"required name=search_term_string\"}],\"inLanguage\":\"es-MX\"},{\"@type\":\"Organization\",\"@id\":\"https:\/\/southwestpipetrades.com\/#organization\",\"name\":\"Southwest Pipe Trades Assoication\",\"url\":\"https:\/\/southwestpipetrades.com\/\",\"logo\":{\"@type\":\"ImageObject\",\"inLanguage\":\"es-MX\",\"@id\":\"https:\/\/southwestpipetrades.com\/#\/schema\/logo\/image\/\",\"url\":\"https:\/\/southwestpipetrades.com\/wp-content\/uploads\/2020\/09\/SWPTA-2021-Logo-Color-Full-Horizontal-800px.png\",\"contentUrl\":\"https:\/\/southwestpipetrades.com\/wp-content\/uploads\/2020\/09\/SWPTA-2021-Logo-Color-Full-Horizontal-800px.png\",\"width\":800,\"height\":341,\"caption\":\"Southwest Pipe Trades Assoication\"},\"image\":{\"@id\":\"https:\/\/southwestpipetrades.com\/#\/schema\/logo\/image\/\"}}]}<\/script>\n<!-- \/ Yoast SEO plugin. -->","yoast_head_json":{"title":"Asociaci\u00f3n de la Industria de Tuber\u00edas del Suroeste - Calefacci\u00f3n y Refrigeraci\u00f3n de la UA","description":"Los sistemas HVAC-R son fundamentales, ya que mantienen a las personas frescas cuando hace calor y calientes cuando hace fr\u00edo.","robots":{"index":"index","follow":"follow","max-snippet":"max-snippet:-1","max-image-preview":"max-image-preview:large","max-video-preview":"max-video-preview:-1"},"canonical":"https:\/\/southwestpipetrades.com\/es\/markets\/hvacr\/","og_locale":"es_MX","og_type":"article","og_title":"Southwest Pipe Trades Association - UA Heating and Cooling","og_description":"HVAC-R systems are critical as these systems keep people cool when the temperature gets hot and keep them warm when it gets cold.","og_url":"https:\/\/southwestpipetrades.com\/es\/markets\/hvacr\/","og_site_name":"Southwest Pipe Trades Association","article_modified_time":"2022-10-21T14:14:02+00:00","og_image":[{"width":1200,"height":675,"url":"https:\/\/southwestpipetrades.com\/wp-content\/uploads\/2022\/10\/SWPTA-featured-images30.png","type":"image\/png"}],"twitter_card":"summary_large_image","twitter_misc":{"Tiempo de lectura":"2 minutos"},"schema":{"@context":"https:\/\/schema.org","@graph":[{"@type":"WebPage","@id":"https:\/\/southwestpipetrades.com\/markets\/hvacr","url":"https:\/\/southwestpipetrades.com\/markets\/hvacr","name":"Asociaci\u00f3n de la Industria de Tuber\u00edas del Suroeste - Calefacci\u00f3n y Refrigeraci\u00f3n de la UA","isPartOf":{"@id":"https:\/\/southwestpipetrades.com\/#website"},"datePublished":"2017-03-10T11:30:43+00:00","dateModified":"2022-10-21T14:14:02+00:00","description":"Los sistemas HVAC-R son fundamentales, ya que mantienen a las personas frescas cuando hace calor y calientes cuando hace fr\u00edo.","breadcrumb":{"@id":"https:\/\/southwestpipetrades.com\/markets\/hvacr#breadcrumb"},"inLanguage":"es-MX","potentialAction":[{"@type":"ReadAction","target":["https:\/\/southwestpipetrades.com\/markets\/hvacr"]}]},{"@type":"BreadcrumbList","@id":"https:\/\/southwestpipetrades.com\/markets\/hvacr#breadcrumb","itemListElement":[{"@type":"ListItem","position":1,"name":"Home","item":"https:\/\/southwestpipetrades.com\/"},{"@type":"ListItem","position":2,"name":"Markets","item":"https:\/\/southwestpipetrades.com\/markets"},{"@type":"ListItem","position":3,"name":"Heating and Cooling"}]},{"@type":"WebSite","@id":"https:\/\/southwestpipetrades.com\/#website","url":"https:\/\/southwestpipetrades.com\/","name":"Asociaci\u00f3n de Comercio de Tuber\u00edas del Suroeste","description":"Fontaneros, instaladores de tuber\u00edas, t\u00e9cnicos de climatizaci\u00f3n en Texas, Oklahoma y Nuevo M\u00e9xico","publisher":{"@id":"https:\/\/southwestpipetrades.com\/#organization"},"potentialAction":[{"@type":"SearchAction","target":{"@type":"EntryPoint","urlTemplate":"https:\/\/southwestpipetrades.com\/?s={search_term_string}"},"query-input":"required name=search_term_string"}],"inLanguage":"es-MX"},{"@type":"Organization","@id":"https:\/\/southwestpipetrades.com\/#organization","name":"Asociaci\u00f3n de Oficios de Tuber\u00edas del Suroeste","url":"https:\/\/southwestpipetrades.com\/","logo":{"@type":"ImageObject","inLanguage":"es-MX","@id":"https:\/\/southwestpipetrades.com\/#\/schema\/logo\/image\/","url":"https:\/\/southwestpipetrades.com\/wp-content\/uploads\/2020\/09\/SWPTA-2021-Logo-Color-Full-Horizontal-800px.png","contentUrl":"https:\/\/southwestpipetrades.com\/wp-content\/uploads\/2020\/09\/SWPTA-2021-Logo-Color-Full-Horizontal-800px.png","width":800,"height":341,"caption":"Southwest Pipe Trades Assoication"},"image":{"@id":"https:\/\/southwestpipetrades.com\/#\/schema\/logo\/image\/"}}]}},"_links":{"self":[{"href":"https:\/\/southwestpipetrades.com\/es\/wp-json\/wp\/v2\/pages\/402","targetHints":{"allow":["GET"]}}],"collection":[{"href":"https:\/\/southwestpipetrades.com\/es\/wp-json\/wp\/v2\/pages"}],"about":[{"href":"https:\/\/southwestpipetrades.com\/es\/wp-json\/wp\/v2\/types\/page"}],"author":[{"embeddable":true,"href":"https:\/\/southwestpipetrades.com\/es\/wp-json\/wp\/v2\/users\/37"}],"replies":[{"embeddable":true,"href":"https:\/\/southwestpipetrades.com\/es\/wp-json\/wp\/v2\/comments?post=402"}],"version-history":[{"count":0,"href":"https:\/\/southwestpipetrades.com\/es\/wp-json\/wp\/v2\/pages\/402\/revisions"}],"up":[{"embeddable":true,"href":"https:\/\/southwestpipetrades.com\/es\/wp-json\/wp\/v2\/pages\/17"}],"wp:featuredmedia":[{"embeddable":true,"href":"https:\/\/southwestpipetrades.com\/es\/wp-json\/wp\/v2\/media\/3451"}],"wp:attachment":[{"href":"https:\/\/southwestpipetrades.com\/es\/wp-json\/wp\/v2\/media?parent=402"}],"curies":[{"name":"wp","href":"https:\/\/api.w.org\/{rel}","templated":true}]}}