{"id":406,"date":"2017-03-10T11:31:08","date_gmt":"2017-03-10T11:31:08","guid":{"rendered":"http:\/\/southwestpipe.wpengine.com\/?page_id=406"},"modified":"2022-10-21T14:14:26","modified_gmt":"2022-10-21T14:14:26","slug":"pipeline","status":"publish","type":"page","link":"https:\/\/southwestpipetrades.com\/es\/markets\/pipeline","title":{"rendered":"Tuber\u00eda"},"content":{"rendered":"<p>Los trabajadores de operaciones de oleoductos son las personas que conectan a Estados Unidos. Ya sea que trabaje en la reparaci\u00f3n de oleoductos, la distribuci\u00f3n de oleoductos y gas natural o la reparaci\u00f3n de tuber\u00edas principales, puede estar seguro de que est\u00e1 haciendo m\u00e1s que ganar dinero y trabajar para lograr una carrera duradera: est\u00e1 brindando un servicio seguro y confiable que une a las empresas de una manera que pocos m\u00e1s pueden hacerlo.<\/p>\n<p>Los oleoductos son la columna vertebral de Estados Unidos. <a href=\"https:\/\/southwestpipetrades.com\/es\/local-unions\/\">Sindicatos afiliados a SWPTA<\/a> garantizar que todos los materiales se transporten de manera segura (la distribuci\u00f3n por tuber\u00edas es un modo de transporte m\u00e1s seguro que los ferrocarriles, los barcos y los camiones cisterna). Sin importar cu\u00e1ntos kil\u00f3metros de tuber\u00edas haya en Am\u00e9rica del Norte, los maestros, las familias y los ciudadanos honestos y trabajadores cuentan con los trabajadores de SWPTA para recibir un servicio confiable y duradero que resista la prueba del tiempo.<\/p>\n<p><strong>Reparaci\u00f3n de tuber\u00edas<\/strong><\/p>\n<ul>\n<li>Las tuber\u00edas obsoletas y corro\u00eddas pueden provocar un mal funcionamiento de las mismas, lo que aumenta los riesgos de seguridad e interrumpe un transporte rentable.<\/li>\n<li>Los contratistas expertos de SWPTA rehabilitan el sistema existente para lograr un transporte seguro, eficiente y rentable.<\/li>\n<\/ul>\n<p><strong>Reparaci\u00f3n de la l\u00ednea principal<\/strong><\/p>\n<ul>\n<li>Cada a\u00f1o se utilizan m\u00e1s de tres millones de millas de oleoductos continentales para transportar productos derivados del petr\u00f3leo a trav\u00e9s de Am\u00e9rica del Norte.<\/li>\n<li>Nuestros sindicatos aportan soluciones actualizadas y respetuosas con el medio ambiente para las reparaciones en el continente.<\/li>\n<li>Se necesitan 750 camiones cisterna carg\u00e1ndose y descargando cada dos minutos cada d\u00eda para replicar los resultados de un oleoducto peque\u00f1o; para lograr la soluci\u00f3n m\u00e1s eficiente posible, los contratistas de SWPTA deben brindar soluciones de control de oleoductos de primera calidad.<\/li>\n<\/ul>\n<p><strong>Petr\u00f3leo y gas natural<\/strong><strong> Distribuci\u00f3n<\/strong><\/p>\n<ul>\n<li>La distribuci\u00f3n de petr\u00f3leo y gas es esencial para el funcionamiento de la generaci\u00f3n de energ\u00eda para:<\/li>\n<li>Escuelas<\/li>\n<li>Hospitales<\/li>\n<li>Casas<\/li>\n<li>Refiner\u00edas<\/li>\n<li>F\u00e1bricas<\/li>\n<li>Cada d\u00eda, la necesidad de distribuci\u00f3n de gas natural aumenta en Canad\u00e1 y Estados Unidos: nunca ha habido un mejor momento para comenzar a trabajar como contratista calificado.<\/li>\n<\/ul>\n<p>Si desea trabajar en una industria que mejora la econom\u00eda, adopta los avances tecnol\u00f3gicos en el campo y reduce nuestra dependencia de la contrataci\u00f3n extranjera, trabaje con <a href=\"https:\/\/southwestpipetrades.com\/es\/contractors\/\">Contratistas<\/a> A qui\u00e9n le importa. Los operadores de oleoductos saben qu\u00e9 direcci\u00f3n quieren que tome nuestro pa\u00eds: \u00fanase a ellos y construya un futuro mejor, hoy.<\/p>","protected":false},"excerpt":{"rendered":"<p>Pipeline operation workers are the people who connect America. Whether you work in pipeline repair, oil and natural gas pipeline distribution, or mainline repair, you can be confident that you&#8217;re doing more than earning money and working toward a lasting career\u2014you&#8217;re providing safe, reliable service that brings businesses together in a way that few else &hellip;<\/p>\n<p class=\"read-more\"> <a class=\"\" href=\"https:\/\/southwestpipetrades.com\/es\/markets\/pipeline\"> <span class=\"screen-reader-text\">Tuber\u00eda<\/span> Leer m\u00e1s &quot;<\/a><\/p>","protected":false},"author":37,"featured_media":3420,"parent":17,"menu_order":8,"comment_status":"closed","ping_status":"closed","template":"","meta":{"_acf_changed":false,"inline_featured_image":false,"site-sidebar-layout":"default","site-content-layout":"default","ast-global-header-display":"","ast-main-header-display":"","ast-hfb-above-header-display":"","ast-hfb-below-header-display":"","ast-hfb-mobile-header-display":"","site-post-title":"","ast-breadcrumbs-content":"","ast-featured-img":"","footer-sml-layout":"","theme-transparent-header-meta":"default","adv-header-id-meta":"","stick-header-meta":"default","header-above-stick-meta":"","header-main-stick-meta":"","header-below-stick-meta":"","footnotes":""},"class_list":["post-406","page","type-page","status-publish","has-post-thumbnail","hentry"],"acf":[],"yoast_head":"<!-- This site is optimized with the Yoast SEO plugin v21.4 - https:\/\/yoast.com\/wordpress\/plugins\/seo\/ -->\n<title>Pipeline - Southwest Pipe Trades Association<\/title>\n<meta name=\"robots\" content=\"index, follow, max-snippet:-1, max-image-preview:large, max-video-preview:-1\" \/>\n<link rel=\"canonical\" href=\"https:\/\/southwestpipetrades.com\/es\/markets\/pipeline\/\" \/>\n<meta property=\"og:locale\" content=\"es_MX\" \/>\n<meta property=\"og:type\" content=\"article\" \/>\n<meta property=\"og:title\" content=\"Pipeline - Southwest Pipe Trades Association\" \/>\n<meta property=\"og:description\" content=\"Pipeline operation workers are the people who connect America. Whether you work in pipeline repair, oil and natural gas pipeline distribution, or mainline repair, you can be confident that you&#8217;re doing more than earning money and working toward a lasting career\u2014you&#8217;re providing safe, reliable service that brings businesses together in a way that few else &hellip; Pipeline Read More \u00bb\" \/>\n<meta property=\"og:url\" content=\"https:\/\/southwestpipetrades.com\/es\/markets\/pipeline\/\" \/>\n<meta property=\"og:site_name\" content=\"Southwest Pipe Trades Association\" \/>\n<meta property=\"article:modified_time\" content=\"2022-10-21T14:14:26+00:00\" \/>\n<meta property=\"og:image\" content=\"https:\/\/southwestpipetrades.com\/wp-content\/uploads\/2022\/10\/SWPTA-featured-images47.png\" \/>\n\t<meta property=\"og:image:width\" content=\"1200\" \/>\n\t<meta property=\"og:image:height\" content=\"675\" \/>\n\t<meta property=\"og:image:type\" content=\"image\/png\" \/>\n<meta name=\"twitter:card\" content=\"summary_large_image\" \/>\n<meta name=\"twitter:label1\" content=\"Tiempo de lectura\" \/>\n\t<meta name=\"twitter:data1\" content=\"2 minutos\" \/>\n<script type=\"application\/ld+json\" class=\"yoast-schema-graph\">{\"@context\":\"https:\/\/schema.org\",\"@graph\":[{\"@type\":\"WebPage\",\"@id\":\"https:\/\/southwestpipetrades.com\/markets\/pipeline\",\"url\":\"https:\/\/southwestpipetrades.com\/markets\/pipeline\",\"name\":\"Pipeline - Southwest Pipe Trades Association\",\"isPartOf\":{\"@id\":\"https:\/\/southwestpipetrades.com\/#website\"},\"datePublished\":\"2017-03-10T11:31:08+00:00\",\"dateModified\":\"2022-10-21T14:14:26+00:00\",\"breadcrumb\":{\"@id\":\"https:\/\/southwestpipetrades.com\/markets\/pipeline#breadcrumb\"},\"inLanguage\":\"es-MX\",\"potentialAction\":[{\"@type\":\"ReadAction\",\"target\":[\"https:\/\/southwestpipetrades.com\/markets\/pipeline\"]}]},{\"@type\":\"BreadcrumbList\",\"@id\":\"https:\/\/southwestpipetrades.com\/markets\/pipeline#breadcrumb\",\"itemListElement\":[{\"@type\":\"ListItem\",\"position\":1,\"name\":\"Home\",\"item\":\"https:\/\/southwestpipetrades.com\/\"},{\"@type\":\"ListItem\",\"position\":2,\"name\":\"Markets\",\"item\":\"https:\/\/southwestpipetrades.com\/markets\"},{\"@type\":\"ListItem\",\"position\":3,\"name\":\"Pipeline\"}]},{\"@type\":\"WebSite\",\"@id\":\"https:\/\/southwestpipetrades.com\/#website\",\"url\":\"https:\/\/southwestpipetrades.com\/\",\"name\":\"Southwest Pipe Trades Association\",\"description\":\"Plumbers, Pipefitters, HVACR Techs in Texas, Oklahoma, New Mexico\",\"publisher\":{\"@id\":\"https:\/\/southwestpipetrades.com\/#organization\"},\"potentialAction\":[{\"@type\":\"SearchAction\",\"target\":{\"@type\":\"EntryPoint\",\"urlTemplate\":\"https:\/\/southwestpipetrades.com\/?s={search_term_string}\"},\"query-input\":\"required name=search_term_string\"}],\"inLanguage\":\"es-MX\"},{\"@type\":\"Organization\",\"@id\":\"https:\/\/southwestpipetrades.com\/#organization\",\"name\":\"Southwest Pipe Trades Assoication\",\"url\":\"https:\/\/southwestpipetrades.com\/\",\"logo\":{\"@type\":\"ImageObject\",\"inLanguage\":\"es-MX\",\"@id\":\"https:\/\/southwestpipetrades.com\/#\/schema\/logo\/image\/\",\"url\":\"https:\/\/southwestpipetrades.com\/wp-content\/uploads\/2020\/09\/SWPTA-2021-Logo-Color-Full-Horizontal-800px.png\",\"contentUrl\":\"https:\/\/southwestpipetrades.com\/wp-content\/uploads\/2020\/09\/SWPTA-2021-Logo-Color-Full-Horizontal-800px.png\",\"width\":800,\"height\":341,\"caption\":\"Southwest Pipe Trades Assoication\"},\"image\":{\"@id\":\"https:\/\/southwestpipetrades.com\/#\/schema\/logo\/image\/\"}}]}<\/script>\n<!-- \/ Yoast SEO plugin. -->","yoast_head_json":{"title":"Pipeline - Southwest Pipe Trades Association","robots":{"index":"index","follow":"follow","max-snippet":"max-snippet:-1","max-image-preview":"max-image-preview:large","max-video-preview":"max-video-preview:-1"},"canonical":"https:\/\/southwestpipetrades.com\/es\/markets\/pipeline\/","og_locale":"es_MX","og_type":"article","og_title":"Pipeline - Southwest Pipe Trades Association","og_description":"Pipeline operation workers are the people who connect America. Whether you work in pipeline repair, oil and natural gas pipeline distribution, or mainline repair, you can be confident that you&#8217;re doing more than earning money and working toward a lasting career\u2014you&#8217;re providing safe, reliable service that brings businesses together in a way that few else &hellip; Pipeline Read More \u00bb","og_url":"https:\/\/southwestpipetrades.com\/es\/markets\/pipeline\/","og_site_name":"Southwest Pipe Trades Association","article_modified_time":"2022-10-21T14:14:26+00:00","og_image":[{"width":1200,"height":675,"url":"https:\/\/southwestpipetrades.com\/wp-content\/uploads\/2022\/10\/SWPTA-featured-images47.png","type":"image\/png"}],"twitter_card":"summary_large_image","twitter_misc":{"Tiempo de lectura":"2 minutos"},"schema":{"@context":"https:\/\/schema.org","@graph":[{"@type":"WebPage","@id":"https:\/\/southwestpipetrades.com\/markets\/pipeline","url":"https:\/\/southwestpipetrades.com\/markets\/pipeline","name":"Pipeline - Southwest Pipe Trades Association","isPartOf":{"@id":"https:\/\/southwestpipetrades.com\/#website"},"datePublished":"2017-03-10T11:31:08+00:00","dateModified":"2022-10-21T14:14:26+00:00","breadcrumb":{"@id":"https:\/\/southwestpipetrades.com\/markets\/pipeline#breadcrumb"},"inLanguage":"es-MX","potentialAction":[{"@type":"ReadAction","target":["https:\/\/southwestpipetrades.com\/markets\/pipeline"]}]},{"@type":"BreadcrumbList","@id":"https:\/\/southwestpipetrades.com\/markets\/pipeline#breadcrumb","itemListElement":[{"@type":"ListItem","position":1,"name":"Home","item":"https:\/\/southwestpipetrades.com\/"},{"@type":"ListItem","position":2,"name":"Markets","item":"https:\/\/southwestpipetrades.com\/markets"},{"@type":"ListItem","position":3,"name":"Pipeline"}]},{"@type":"WebSite","@id":"https:\/\/southwestpipetrades.com\/#website","url":"https:\/\/southwestpipetrades.com\/","name":"Asociaci\u00f3n de Comercio de Tuber\u00edas del Suroeste","description":"Fontaneros, instaladores de tuber\u00edas, t\u00e9cnicos de climatizaci\u00f3n en Texas, Oklahoma y Nuevo M\u00e9xico","publisher":{"@id":"https:\/\/southwestpipetrades.com\/#organization"},"potentialAction":[{"@type":"SearchAction","target":{"@type":"EntryPoint","urlTemplate":"https:\/\/southwestpipetrades.com\/?s={search_term_string}"},"query-input":"required name=search_term_string"}],"inLanguage":"es-MX"},{"@type":"Organization","@id":"https:\/\/southwestpipetrades.com\/#organization","name":"Asociaci\u00f3n de Oficios de Tuber\u00edas del Suroeste","url":"https:\/\/southwestpipetrades.com\/","logo":{"@type":"ImageObject","inLanguage":"es-MX","@id":"https:\/\/southwestpipetrades.com\/#\/schema\/logo\/image\/","url":"https:\/\/southwestpipetrades.com\/wp-content\/uploads\/2020\/09\/SWPTA-2021-Logo-Color-Full-Horizontal-800px.png","contentUrl":"https:\/\/southwestpipetrades.com\/wp-content\/uploads\/2020\/09\/SWPTA-2021-Logo-Color-Full-Horizontal-800px.png","width":800,"height":341,"caption":"Southwest Pipe Trades Assoication"},"image":{"@id":"https:\/\/southwestpipetrades.com\/#\/schema\/logo\/image\/"}}]}},"_links":{"self":[{"href":"https:\/\/southwestpipetrades.com\/es\/wp-json\/wp\/v2\/pages\/406","targetHints":{"allow":["GET"]}}],"collection":[{"href":"https:\/\/southwestpipetrades.com\/es\/wp-json\/wp\/v2\/pages"}],"about":[{"href":"https:\/\/southwestpipetrades.com\/es\/wp-json\/wp\/v2\/types\/page"}],"author":[{"embeddable":true,"href":"https:\/\/southwestpipetrades.com\/es\/wp-json\/wp\/v2\/users\/37"}],"replies":[{"embeddable":true,"href":"https:\/\/southwestpipetrades.com\/es\/wp-json\/wp\/v2\/comments?post=406"}],"version-history":[{"count":0,"href":"https:\/\/southwestpipetrades.com\/es\/wp-json\/wp\/v2\/pages\/406\/revisions"}],"up":[{"embeddable":true,"href":"https:\/\/southwestpipetrades.com\/es\/wp-json\/wp\/v2\/pages\/17"}],"wp:featuredmedia":[{"embeddable":true,"href":"https:\/\/southwestpipetrades.com\/es\/wp-json\/wp\/v2\/media\/3420"}],"wp:attachment":[{"href":"https:\/\/southwestpipetrades.com\/es\/wp-json\/wp\/v2\/media?parent=406"}],"curies":[{"name":"wp","href":"https:\/\/api.w.org\/{rel}","templated":true}]}}