{"id":408,"date":"2017-03-10T11:31:23","date_gmt":"2017-03-10T11:31:23","guid":{"rendered":"http:\/\/southwestpipe.wpengine.com\/?page_id=408"},"modified":"2022-10-21T14:14:42","modified_gmt":"2022-10-21T14:14:42","slug":"plumbing","status":"publish","type":"page","link":"https:\/\/southwestpipetrades.com\/es\/markets\/plumbing","title":{"rendered":"Plomer\u00eda"},"content":{"rendered":"\t\t<div data-elementor-type=\"wp-page\" data-elementor-id=\"408\" class=\"elementor elementor-408\" data-elementor-settings=\"[]\">\n\t\t\t\t\t\t<div class=\"elementor-inner\">\n\t\t\t\t\t\t\t<div class=\"elementor-section-wrap\">\n\t\t\t\t\t\t\t<section class=\"elementor-section elementor-top-section elementor-element elementor-element-7060a42 elementor-section-full_width elementor-section-height-default elementor-section-height-default\" data-id=\"7060a42\" data-element_type=\"section\">\n\t\t\t\t\t\t<div class=\"elementor-container elementor-column-gap-default\">\n\t\t\t\t\t\t\t<div class=\"elementor-row\">\n\t\t\t\t\t<div class=\"elementor-column elementor-col-50 elementor-top-column elementor-element elementor-element-49514145\" data-id=\"49514145\" data-element_type=\"column\">\n\t\t\t<div class=\"elementor-column-wrap elementor-element-populated\">\n\t\t\t\t\t\t\t<div class=\"elementor-widget-wrap\">\n\t\t\t\t\t\t<div class=\"elementor-element elementor-element-5d4951c6 elementor-widget elementor-widget-heading\" data-id=\"5d4951c6\" data-element_type=\"widget\" data-widget_type=\"heading.default\">\n\t\t\t\t<div class=\"elementor-widget-container\">\n\t\t\t<h4 class=\"elementor-heading-title elementor-size-default\">MARKETS served by the SWPTA<\/h4>\t\t<\/div>\n\t\t\t\t<\/div>\n\t\t\t\t<div class=\"elementor-element elementor-element-42140c9c elementor-widget elementor-widget-heading\" data-id=\"42140c9c\" data-element_type=\"widget\" data-widget_type=\"heading.default\">\n\t\t\t\t<div class=\"elementor-widget-container\">\n\t\t\t<h1 class=\"elementor-heading-title elementor-size-default\">Plumbing<\/h1>\t\t<\/div>\n\t\t\t\t<\/div>\n\t\t\t\t<div class=\"elementor-element elementor-element-39f31d47 elementor-widget elementor-widget-spacer\" data-id=\"39f31d47\" data-element_type=\"widget\" data-widget_type=\"spacer.default\">\n\t\t\t\t<div class=\"elementor-widget-container\">\n\t\t\t\t\t<div class=\"elementor-spacer\">\n\t\t\t<div class=\"elementor-spacer-inner\"><\/div>\n\t\t<\/div>\n\t\t\t\t<\/div>\n\t\t\t\t<\/div>\n\t\t\t\t<div class=\"elementor-element elementor-element-1c3e85a2 elementor-widget elementor-widget-image\" data-id=\"1c3e85a2\" data-element_type=\"widget\" data-settings=\"{&quot;motion_fx_motion_fx_scrolling&quot;:&quot;yes&quot;,&quot;motion_fx_translateY_effect&quot;:&quot;yes&quot;,&quot;motion_fx_translateY_speed&quot;:{&quot;unit&quot;:&quot;px&quot;,&quot;size&quot;:1.8,&quot;sizes&quot;:[]},&quot;motion_fx_translateY_affectedRange&quot;:{&quot;unit&quot;:&quot;%&quot;,&quot;size&quot;:&quot;&quot;,&quot;sizes&quot;:{&quot;start&quot;:0,&quot;end&quot;:100}},&quot;motion_fx_devices&quot;:[&quot;desktop&quot;,&quot;tablet&quot;,&quot;mobile&quot;]}\" data-widget_type=\"image.default\">\n\t\t\t\t<div class=\"elementor-widget-container\">\n\t\t\t\t\t<div class=\"elementor-image\">\n\t\t\t\t\t\t\t\t\t\t<img loading=\"lazy\" decoding=\"async\" width=\"1024\" height=\"640\" src=\"https:\/\/southwestpipetrades.com\/wp-content\/uploads\/2020\/01\/professional-plumber-1024x640.jpg\" class=\"attachment-large size-large\" alt=\"Union plumber tightens water connections on a job\" srcset=\"https:\/\/southwestpipetrades.com\/wp-content\/uploads\/2020\/01\/professional-plumber-1024x640.jpg 1024w, https:\/\/southwestpipetrades.com\/wp-content\/uploads\/2020\/01\/professional-plumber-300x188.jpg 300w, https:\/\/southwestpipetrades.com\/wp-content\/uploads\/2020\/01\/professional-plumber-768x480.jpg 768w, https:\/\/southwestpipetrades.com\/wp-content\/uploads\/2020\/01\/professional-plumber-1094x684.jpg 1094w, https:\/\/southwestpipetrades.com\/wp-content\/uploads\/2020\/01\/professional-plumber-1536x960.jpg 1536w, https:\/\/southwestpipetrades.com\/wp-content\/uploads\/2020\/01\/professional-plumber-600x375.jpg 600w, https:\/\/southwestpipetrades.com\/wp-content\/uploads\/2020\/01\/professional-plumber-486x304.jpg 486w, https:\/\/southwestpipetrades.com\/wp-content\/uploads\/2020\/01\/professional-plumber-960x600.jpg 960w, https:\/\/southwestpipetrades.com\/wp-content\/uploads\/2020\/01\/professional-plumber-698x436.jpg 698w, https:\/\/southwestpipetrades.com\/wp-content\/uploads\/2020\/01\/professional-plumber-1920x1200.jpg 1920w, https:\/\/southwestpipetrades.com\/wp-content\/uploads\/2020\/01\/professional-plumber-174x109.jpg 174w, https:\/\/southwestpipetrades.com\/wp-content\/uploads\/2020\/01\/professional-plumber-93x58.jpg 93w, https:\/\/southwestpipetrades.com\/wp-content\/uploads\/2020\/01\/professional-plumber-511x319.jpg 511w, https:\/\/southwestpipetrades.com\/wp-content\/uploads\/2020\/01\/professional-plumber-343x214.jpg 343w, https:\/\/southwestpipetrades.com\/wp-content\/uploads\/2020\/01\/professional-plumber-296x185.jpg 296w, https:\/\/southwestpipetrades.com\/wp-content\/uploads\/2020\/01\/professional-plumber-120x75.jpg 120w, https:\/\/southwestpipetrades.com\/wp-content\/uploads\/2020\/01\/professional-plumber-342x214.jpg 342w, https:\/\/southwestpipetrades.com\/wp-content\/uploads\/2020\/01\/professional-plumber-69x43.jpg 69w, https:\/\/southwestpipetrades.com\/wp-content\/uploads\/2020\/01\/professional-plumber-86x54.jpg 86w, https:\/\/southwestpipetrades.com\/wp-content\/uploads\/2020\/01\/professional-plumber-88x55.jpg 88w, https:\/\/southwestpipetrades.com\/wp-content\/uploads\/2020\/01\/professional-plumber-80x50.jpg 80w, https:\/\/southwestpipetrades.com\/wp-content\/uploads\/2020\/01\/professional-plumber-152x96.jpg 152w, https:\/\/southwestpipetrades.com\/wp-content\/uploads\/2020\/01\/professional-plumber-23x14.jpg 23w, https:\/\/southwestpipetrades.com\/wp-content\/uploads\/2020\/01\/professional-plumber.jpg 2000w\" sizes=\"auto, (max-width: 1024px) 100vw, 1024px\" \/>\t\t\t\t\t\t\t\t\t\t\t<\/div>\n\t\t\t\t<\/div>\n\t\t\t\t<\/div>\n\t\t\t\t\t\t<\/div>\n\t\t\t\t\t<\/div>\n\t\t<\/div>\n\t\t\t\t<div class=\"elementor-column elementor-col-50 elementor-top-column elementor-element elementor-element-62fd19fe\" data-id=\"62fd19fe\" data-element_type=\"column\">\n\t\t\t<div class=\"elementor-column-wrap elementor-element-populated\">\n\t\t\t\t\t\t\t<div class=\"elementor-widget-wrap\">\n\t\t\t\t\t\t<div class=\"elementor-element elementor-element-17d11801 elementor-widget elementor-widget-heading\" data-id=\"17d11801\" data-element_type=\"widget\" data-widget_type=\"heading.default\">\n\t\t\t\t<div class=\"elementor-widget-container\">\n\t\t\t<h2 class=\"elementor-heading-title elementor-size-default\">Southwest Pipe Trades Association affiliated UA Local Union plumbers provide quality, local labor<\/h2>\t\t<\/div>\n\t\t\t\t<\/div>\n\t\t\t\t<div class=\"elementor-element elementor-element-3517bd95 elementor-widget elementor-widget-text-editor\" data-id=\"3517bd95\" data-element_type=\"widget\" data-widget_type=\"text-editor.default\">\n\t\t\t\t<div class=\"elementor-widget-container\">\n\t\t\t\t\t<div class=\"elementor-text-editor elementor-clearfix\"><p>When most people think of the pipe trades, they think of plumbing. This sector of the pipe trades industry helps to ensure the safety of millions of Americans, which is likely why this work comes to mind first.<\/p><p><span style=\"font-size: 18px;\">The highly trained and highly skilled plumbers, who are members of the Southwest Pipe Trades Association affiliated UA Local Unions, install, repair and maintain drinking water and sanitary water systems, making them vital members of the pipe trades.<\/span><\/p><p><span style=\"font-size: 18px;\">Their work protects the nation&#8217;s health by ensuring drinking water and wastewater systems function as designed.<\/span><\/p><\/div>\n\t\t\t\t<\/div>\n\t\t\t\t<\/div>\n\t\t\t\t<div class=\"elementor-element elementor-element-66caa191 elementor-widget elementor-widget-heading\" data-id=\"66caa191\" data-element_type=\"widget\" data-widget_type=\"heading.default\">\n\t\t\t\t<div class=\"elementor-widget-container\">\n\t\t\t<h2 class=\"elementor-heading-title elementor-size-default\">The Southwest Pipe Trades Association supports a wide variety of plumbing work<\/h2>\t\t<\/div>\n\t\t\t\t<\/div>\n\t\t\t\t<div class=\"elementor-element elementor-element-2a6f7c6a elementor-widget elementor-widget-text-editor\" data-id=\"2a6f7c6a\" data-element_type=\"widget\" data-widget_type=\"text-editor.default\">\n\t\t\t\t<div class=\"elementor-widget-container\">\n\t\t\t\t\t<div class=\"elementor-text-editor elementor-clearfix\"><p>Plumbers install, repair, service, and maintain potable water systems, which includes the systems that provide the water we consume, bathe in, clean and cook with, and in many instances, the water we use to dispose of sewage.<\/p><p><span style=\"font-size: 18px;\">Contractors affiliated with SWPTA Local Unions are available to tackle any plumbing project in the region, which includes work at schools, medical facilities and businesses. Having highly trained plumbing professionals install and maintain the plumbing systems at hospitals, nursing homes and other industries is especially important, as these facilities have some of the most complex plumbing systems in existence. These systems often incorporate gas lines, heat pumps, solar thermal panels and more to heat the water.<\/span><\/p><\/div>\n\t\t\t\t<\/div>\n\t\t\t\t<\/div>\n\t\t\t\t<div class=\"elementor-element elementor-element-39198d2 elementor-widget elementor-widget-heading\" data-id=\"39198d2\" data-element_type=\"widget\" data-widget_type=\"heading.default\">\n\t\t\t\t<div class=\"elementor-widget-container\">\n\t\t\t<h2 class=\"elementor-heading-title elementor-size-default\">Support for environmentally sustainable plumbing practices<\/h2>\t\t<\/div>\n\t\t\t\t<\/div>\n\t\t\t\t<div class=\"elementor-element elementor-element-1653c58a elementor-widget elementor-widget-text-editor\" data-id=\"1653c58a\" data-element_type=\"widget\" data-widget_type=\"text-editor.default\">\n\t\t\t\t<div class=\"elementor-widget-container\">\n\t\t\t\t\t<div class=\"elementor-text-editor elementor-clearfix\"><p>The highly skilled and highly trained SWPTA affiliated Union plumbers are aware of the sustainability issues surrounding the plumbing industry and are ready to combat them.<\/p><p><span style=\"font-size: 18px;\">The UA is dedicated to sustainability, and for that reason, many UA training centers now offer the Green Professional Building Skills-UA Certification Program. This type of training has helped prepare thousands of plumbers and other pipe trades professionals for what lies ahead as the U.S. takes hold of new building processes and technologies that promise a greener, more sustainable future.<\/span><\/p><\/div>\n\t\t\t\t<\/div>\n\t\t\t\t<\/div>\n\t\t\t\t\t\t<\/div>\n\t\t\t\t\t<\/div>\n\t\t<\/div>\n\t\t\t\t\t\t\t\t<\/div>\n\t\t\t\t\t<\/div>\n\t\t<\/section>\n\t\t\t\t<section class=\"elementor-section elementor-top-section elementor-element elementor-element-5e7876e5 elementor-section-boxed elementor-section-height-default elementor-section-height-default\" data-id=\"5e7876e5\" data-element_type=\"section\">\n\t\t\t\t\t\t<div class=\"elementor-container elementor-column-gap-default\">\n\t\t\t\t\t\t\t<div class=\"elementor-row\">\n\t\t\t\t\t<div class=\"elementor-column elementor-col-100 elementor-top-column elementor-element elementor-element-37375c81\" data-id=\"37375c81\" data-element_type=\"column\">\n\t\t\t<div class=\"elementor-column-wrap\">\n\t\t\t\t\t\t\t<div class=\"elementor-widget-wrap\">\n\t\t\t\t\t\t\t\t<\/div>\n\t\t\t\t\t<\/div>\n\t\t<\/div>\n\t\t\t\t\t\t\t\t<\/div>\n\t\t\t\t\t<\/div>\n\t\t<\/section>\n\t\t\t\t\t\t<\/div>\n\t\t\t\t\t\t<\/div>\n\t\t\t\t\t<\/div>\n\t\t","protected":false},"excerpt":{"rendered":"<p>MERCADOS atendidos por la Asociaci\u00f3n de Oficios de Tuber\u00eda del Suroeste (SWPTA). Los plomeros afiliados al Sindicato Local de la UA (UA Local Union) ofrecen mano de obra local de calidad. Cuando la mayor\u00eda de la gente piensa en el sector de la tuber\u00eda, piensa en plomer\u00eda. Este sector de la industria de la tuber\u00eda contribuye a la seguridad de millones de estadounidenses, raz\u00f3n por la cual este trabajo se convierte en...<\/p>\n<p class=\"read-more\"> <a class=\"\" href=\"https:\/\/southwestpipetrades.com\/es\/markets\/plumbing\"> <span class=\"screen-reader-text\">Plomer\u00eda<\/span> Leer m\u00e1s &quot;<\/a><\/p>","protected":false},"author":37,"featured_media":3449,"parent":17,"menu_order":9,"comment_status":"closed","ping_status":"closed","template":"elementor_header_footer","meta":{"_acf_changed":false,"inline_featured_image":false,"site-sidebar-layout":"default","site-content-layout":"default","ast-global-header-display":"","ast-main-header-display":"","ast-hfb-above-header-display":"","ast-hfb-below-header-display":"","ast-hfb-mobile-header-display":"","site-post-title":"","ast-breadcrumbs-content":"","ast-featured-img":"","footer-sml-layout":"","theme-transparent-header-meta":"default","adv-header-id-meta":"","stick-header-meta":"default","header-above-stick-meta":"","header-main-stick-meta":"","header-below-stick-meta":"","footnotes":""},"class_list":["post-408","page","type-page","status-publish","has-post-thumbnail","hentry"],"acf":[],"yoast_head":"<!-- This site is optimized with the Yoast SEO plugin v21.4 - https:\/\/yoast.com\/wordpress\/plugins\/seo\/ -->\n<title>Southwest Pipe Trades Association - UA Markets - Plumbing<\/title>\n<meta name=\"description\" content=\"Members of the SWPTA affiliated United Association Local Unions install, repair and maintain drinking water and sanitary water systems.\" \/>\n<meta name=\"robots\" content=\"index, follow, max-snippet:-1, max-image-preview:large, max-video-preview:-1\" \/>\n<link rel=\"canonical\" href=\"https:\/\/southwestpipetrades.com\/es\/markets\/plumbing\/\" \/>\n<meta property=\"og:locale\" content=\"es_MX\" \/>\n<meta property=\"og:type\" content=\"article\" \/>\n<meta property=\"og:title\" content=\"Southwest Pipe Trades Association - UA Markets - Plumbing\" \/>\n<meta property=\"og:description\" content=\"Members of the SWPTA affiliated United Association Local Unions install, repair and maintain drinking water and sanitary water systems.\" \/>\n<meta property=\"og:url\" content=\"https:\/\/southwestpipetrades.com\/es\/markets\/plumbing\/\" \/>\n<meta property=\"og:site_name\" content=\"Southwest Pipe Trades Association\" \/>\n<meta property=\"article:modified_time\" content=\"2022-10-21T14:14:42+00:00\" \/>\n<meta property=\"og:image\" content=\"https:\/\/southwestpipetrades.com\/wp-content\/uploads\/2022\/10\/SWPTA-featured-images28.png\" \/>\n\t<meta property=\"og:image:width\" content=\"1200\" \/>\n\t<meta property=\"og:image:height\" content=\"675\" \/>\n\t<meta property=\"og:image:type\" content=\"image\/png\" \/>\n<meta name=\"twitter:card\" content=\"summary_large_image\" \/>\n<meta name=\"twitter:label1\" content=\"Tiempo de lectura\" \/>\n\t<meta name=\"twitter:data1\" content=\"2 minutos\" \/>\n<script type=\"application\/ld+json\" class=\"yoast-schema-graph\">{\"@context\":\"https:\/\/schema.org\",\"@graph\":[{\"@type\":\"WebPage\",\"@id\":\"https:\/\/southwestpipetrades.com\/markets\/plumbing\",\"url\":\"https:\/\/southwestpipetrades.com\/markets\/plumbing\",\"name\":\"Southwest Pipe Trades Association - UA Markets - Plumbing\",\"isPartOf\":{\"@id\":\"https:\/\/southwestpipetrades.com\/#website\"},\"datePublished\":\"2017-03-10T11:31:23+00:00\",\"dateModified\":\"2022-10-21T14:14:42+00:00\",\"description\":\"Members of the SWPTA affiliated United Association Local Unions install, repair and maintain drinking water and sanitary water systems.\",\"breadcrumb\":{\"@id\":\"https:\/\/southwestpipetrades.com\/markets\/plumbing#breadcrumb\"},\"inLanguage\":\"es-MX\",\"potentialAction\":[{\"@type\":\"ReadAction\",\"target\":[\"https:\/\/southwestpipetrades.com\/markets\/plumbing\"]}]},{\"@type\":\"BreadcrumbList\",\"@id\":\"https:\/\/southwestpipetrades.com\/markets\/plumbing#breadcrumb\",\"itemListElement\":[{\"@type\":\"ListItem\",\"position\":1,\"name\":\"Home\",\"item\":\"https:\/\/southwestpipetrades.com\/\"},{\"@type\":\"ListItem\",\"position\":2,\"name\":\"Markets\",\"item\":\"https:\/\/southwestpipetrades.com\/markets\"},{\"@type\":\"ListItem\",\"position\":3,\"name\":\"Plumbing\"}]},{\"@type\":\"WebSite\",\"@id\":\"https:\/\/southwestpipetrades.com\/#website\",\"url\":\"https:\/\/southwestpipetrades.com\/\",\"name\":\"Southwest Pipe Trades Association\",\"description\":\"Plumbers, Pipefitters, HVACR Techs in Texas, Oklahoma, New Mexico\",\"publisher\":{\"@id\":\"https:\/\/southwestpipetrades.com\/#organization\"},\"potentialAction\":[{\"@type\":\"SearchAction\",\"target\":{\"@type\":\"EntryPoint\",\"urlTemplate\":\"https:\/\/southwestpipetrades.com\/?s={search_term_string}\"},\"query-input\":\"required name=search_term_string\"}],\"inLanguage\":\"es-MX\"},{\"@type\":\"Organization\",\"@id\":\"https:\/\/southwestpipetrades.com\/#organization\",\"name\":\"Southwest Pipe Trades Assoication\",\"url\":\"https:\/\/southwestpipetrades.com\/\",\"logo\":{\"@type\":\"ImageObject\",\"inLanguage\":\"es-MX\",\"@id\":\"https:\/\/southwestpipetrades.com\/#\/schema\/logo\/image\/\",\"url\":\"https:\/\/southwestpipetrades.com\/wp-content\/uploads\/2020\/09\/SWPTA-2021-Logo-Color-Full-Horizontal-800px.png\",\"contentUrl\":\"https:\/\/southwestpipetrades.com\/wp-content\/uploads\/2020\/09\/SWPTA-2021-Logo-Color-Full-Horizontal-800px.png\",\"width\":800,\"height\":341,\"caption\":\"Southwest Pipe Trades Assoication\"},\"image\":{\"@id\":\"https:\/\/southwestpipetrades.com\/#\/schema\/logo\/image\/\"}}]}<\/script>\n<!-- \/ Yoast SEO plugin. -->","yoast_head_json":{"title":"Southwest Pipe Trades Association - UA Markets - Plumbing","description":"Members of the SWPTA affiliated United Association Local Unions install, repair and maintain drinking water and sanitary water systems.","robots":{"index":"index","follow":"follow","max-snippet":"max-snippet:-1","max-image-preview":"max-image-preview:large","max-video-preview":"max-video-preview:-1"},"canonical":"https:\/\/southwestpipetrades.com\/es\/markets\/plumbing\/","og_locale":"es_MX","og_type":"article","og_title":"Southwest Pipe Trades Association - UA Markets - Plumbing","og_description":"Members of the SWPTA affiliated United Association Local Unions install, repair and maintain drinking water and sanitary water systems.","og_url":"https:\/\/southwestpipetrades.com\/es\/markets\/plumbing\/","og_site_name":"Southwest Pipe Trades Association","article_modified_time":"2022-10-21T14:14:42+00:00","og_image":[{"width":1200,"height":675,"url":"https:\/\/southwestpipetrades.com\/wp-content\/uploads\/2022\/10\/SWPTA-featured-images28.png","type":"image\/png"}],"twitter_card":"summary_large_image","twitter_misc":{"Tiempo de lectura":"2 minutos"},"schema":{"@context":"https:\/\/schema.org","@graph":[{"@type":"WebPage","@id":"https:\/\/southwestpipetrades.com\/markets\/plumbing","url":"https:\/\/southwestpipetrades.com\/markets\/plumbing","name":"Southwest Pipe Trades Association - UA Markets - Plumbing","isPartOf":{"@id":"https:\/\/southwestpipetrades.com\/#website"},"datePublished":"2017-03-10T11:31:23+00:00","dateModified":"2022-10-21T14:14:42+00:00","description":"Members of the SWPTA affiliated United Association Local Unions install, repair and maintain drinking water and sanitary water systems.","breadcrumb":{"@id":"https:\/\/southwestpipetrades.com\/markets\/plumbing#breadcrumb"},"inLanguage":"es-MX","potentialAction":[{"@type":"ReadAction","target":["https:\/\/southwestpipetrades.com\/markets\/plumbing"]}]},{"@type":"BreadcrumbList","@id":"https:\/\/southwestpipetrades.com\/markets\/plumbing#breadcrumb","itemListElement":[{"@type":"ListItem","position":1,"name":"Home","item":"https:\/\/southwestpipetrades.com\/"},{"@type":"ListItem","position":2,"name":"Markets","item":"https:\/\/southwestpipetrades.com\/markets"},{"@type":"ListItem","position":3,"name":"Plumbing"}]},{"@type":"WebSite","@id":"https:\/\/southwestpipetrades.com\/#website","url":"https:\/\/southwestpipetrades.com\/","name":"Asociaci\u00f3n de Comercio de Tuber\u00edas del Suroeste","description":"Fontaneros, instaladores de tuber\u00edas, t\u00e9cnicos de climatizaci\u00f3n en Texas, Oklahoma y Nuevo M\u00e9xico","publisher":{"@id":"https:\/\/southwestpipetrades.com\/#organization"},"potentialAction":[{"@type":"SearchAction","target":{"@type":"EntryPoint","urlTemplate":"https:\/\/southwestpipetrades.com\/?s={search_term_string}"},"query-input":"required name=search_term_string"}],"inLanguage":"es-MX"},{"@type":"Organization","@id":"https:\/\/southwestpipetrades.com\/#organization","name":"Asociaci\u00f3n de Oficios de Tuber\u00edas del Suroeste","url":"https:\/\/southwestpipetrades.com\/","logo":{"@type":"ImageObject","inLanguage":"es-MX","@id":"https:\/\/southwestpipetrades.com\/#\/schema\/logo\/image\/","url":"https:\/\/southwestpipetrades.com\/wp-content\/uploads\/2020\/09\/SWPTA-2021-Logo-Color-Full-Horizontal-800px.png","contentUrl":"https:\/\/southwestpipetrades.com\/wp-content\/uploads\/2020\/09\/SWPTA-2021-Logo-Color-Full-Horizontal-800px.png","width":800,"height":341,"caption":"Southwest Pipe Trades Assoication"},"image":{"@id":"https:\/\/southwestpipetrades.com\/#\/schema\/logo\/image\/"}}]}},"_links":{"self":[{"href":"https:\/\/southwestpipetrades.com\/es\/wp-json\/wp\/v2\/pages\/408","targetHints":{"allow":["GET"]}}],"collection":[{"href":"https:\/\/southwestpipetrades.com\/es\/wp-json\/wp\/v2\/pages"}],"about":[{"href":"https:\/\/southwestpipetrades.com\/es\/wp-json\/wp\/v2\/types\/page"}],"author":[{"embeddable":true,"href":"https:\/\/southwestpipetrades.com\/es\/wp-json\/wp\/v2\/users\/37"}],"replies":[{"embeddable":true,"href":"https:\/\/southwestpipetrades.com\/es\/wp-json\/wp\/v2\/comments?post=408"}],"version-history":[{"count":0,"href":"https:\/\/southwestpipetrades.com\/es\/wp-json\/wp\/v2\/pages\/408\/revisions"}],"up":[{"embeddable":true,"href":"https:\/\/southwestpipetrades.com\/es\/wp-json\/wp\/v2\/pages\/17"}],"wp:featuredmedia":[{"embeddable":true,"href":"https:\/\/southwestpipetrades.com\/es\/wp-json\/wp\/v2\/media\/3449"}],"wp:attachment":[{"href":"https:\/\/southwestpipetrades.com\/es\/wp-json\/wp\/v2\/media?parent=408"}],"curies":[{"name":"wp","href":"https:\/\/api.w.org\/{rel}","templated":true}]}}