{"id":410,"date":"2017-03-10T11:31:36","date_gmt":"2017-03-10T11:31:36","guid":{"rendered":"http:\/\/southwestpipe.wpengine.com\/?page_id=410"},"modified":"2022-10-21T14:14:53","modified_gmt":"2022-10-21T14:14:53","slug":"welding","status":"publish","type":"page","link":"https:\/\/southwestpipetrades.com\/es\/markets\/welding","title":{"rendered":"Soldadura"},"content":{"rendered":"\t\t<div data-elementor-type=\"wp-page\" data-elementor-id=\"410\" class=\"elementor elementor-410\" data-elementor-settings=\"[]\">\n\t\t\t\t\t\t<div class=\"elementor-inner\">\n\t\t\t\t\t\t\t<div class=\"elementor-section-wrap\">\n\t\t\t\t\t\t\t<section class=\"elementor-section elementor-top-section elementor-element elementor-element-7422078c elementor-section-full_width elementor-section-height-default elementor-section-height-default\" data-id=\"7422078c\" data-element_type=\"section\">\n\t\t\t\t\t\t<div class=\"elementor-container elementor-column-gap-default\">\n\t\t\t\t\t\t\t<div class=\"elementor-row\">\n\t\t\t\t\t<div class=\"elementor-column elementor-col-50 elementor-top-column elementor-element elementor-element-8199ca6\" data-id=\"8199ca6\" data-element_type=\"column\">\n\t\t\t<div class=\"elementor-column-wrap elementor-element-populated\">\n\t\t\t\t\t\t\t<div class=\"elementor-widget-wrap\">\n\t\t\t\t\t\t<div class=\"elementor-element elementor-element-24968baf elementor-widget elementor-widget-heading\" data-id=\"24968baf\" data-element_type=\"widget\" data-widget_type=\"heading.default\">\n\t\t\t\t<div class=\"elementor-widget-container\">\n\t\t\t<h4 class=\"elementor-heading-title elementor-size-default\">MARKETS served by the SWPTA<\/h4>\t\t<\/div>\n\t\t\t\t<\/div>\n\t\t\t\t<div class=\"elementor-element elementor-element-4d91ac05 elementor-widget elementor-widget-heading\" data-id=\"4d91ac05\" data-element_type=\"widget\" data-widget_type=\"heading.default\">\n\t\t\t\t<div class=\"elementor-widget-container\">\n\t\t\t<h1 class=\"elementor-heading-title elementor-size-default\">Welding<\/h1>\t\t<\/div>\n\t\t\t\t<\/div>\n\t\t\t\t<div class=\"elementor-element elementor-element-7860eb96 elementor-widget elementor-widget-spacer\" data-id=\"7860eb96\" data-element_type=\"widget\" data-widget_type=\"spacer.default\">\n\t\t\t\t<div class=\"elementor-widget-container\">\n\t\t\t\t\t<div class=\"elementor-spacer\">\n\t\t\t<div class=\"elementor-spacer-inner\"><\/div>\n\t\t<\/div>\n\t\t\t\t<\/div>\n\t\t\t\t<\/div>\n\t\t\t\t<div class=\"elementor-element elementor-element-7a19b94c elementor-widget elementor-widget-image\" data-id=\"7a19b94c\" data-element_type=\"widget\" data-settings=\"{&quot;motion_fx_motion_fx_scrolling&quot;:&quot;yes&quot;,&quot;motion_fx_translateY_effect&quot;:&quot;yes&quot;,&quot;motion_fx_translateY_speed&quot;:{&quot;unit&quot;:&quot;px&quot;,&quot;size&quot;:1.8,&quot;sizes&quot;:[]},&quot;motion_fx_translateY_affectedRange&quot;:{&quot;unit&quot;:&quot;%&quot;,&quot;size&quot;:&quot;&quot;,&quot;sizes&quot;:{&quot;start&quot;:0,&quot;end&quot;:100}},&quot;motion_fx_devices&quot;:[&quot;desktop&quot;,&quot;tablet&quot;,&quot;mobile&quot;]}\" data-widget_type=\"image.default\">\n\t\t\t\t<div class=\"elementor-widget-container\">\n\t\t\t\t\t<div class=\"elementor-image\">\n\t\t\t\t\t\t\t\t\t\t<img loading=\"lazy\" decoding=\"async\" width=\"595\" height=\"597\" src=\"https:\/\/southwestpipetrades.com\/wp-content\/uploads\/2017\/01\/Welder.png\" class=\"attachment-large size-large\" alt=\"Union welder welding a seam\" srcset=\"https:\/\/southwestpipetrades.com\/wp-content\/uploads\/2017\/01\/Welder.png 595w, https:\/\/southwestpipetrades.com\/wp-content\/uploads\/2017\/01\/Welder-150x150.png 150w, https:\/\/southwestpipetrades.com\/wp-content\/uploads\/2017\/01\/Welder-300x300.png 300w, https:\/\/southwestpipetrades.com\/wp-content\/uploads\/2017\/01\/Welder-303x304.png 303w, https:\/\/southwestpipetrades.com\/wp-content\/uploads\/2017\/01\/Welder-435x436.png 435w, https:\/\/southwestpipetrades.com\/wp-content\/uploads\/2017\/01\/Welder-172x173.png 172w, https:\/\/southwestpipetrades.com\/wp-content\/uploads\/2017\/01\/Welder-89x89.png 89w, https:\/\/southwestpipetrades.com\/wp-content\/uploads\/2017\/01\/Welder-511x513.png 511w, https:\/\/southwestpipetrades.com\/wp-content\/uploads\/2017\/01\/Welder-343x344.png 343w, https:\/\/southwestpipetrades.com\/wp-content\/uploads\/2017\/01\/Welder-184x185.png 184w, https:\/\/southwestpipetrades.com\/wp-content\/uploads\/2017\/01\/Welder-75x75.png 75w, https:\/\/southwestpipetrades.com\/wp-content\/uploads\/2017\/01\/Welder-138x138.png 138w, https:\/\/southwestpipetrades.com\/wp-content\/uploads\/2017\/01\/Welder-185x185.png 185w, https:\/\/southwestpipetrades.com\/wp-content\/uploads\/2017\/01\/Welder-342x343.png 342w, https:\/\/southwestpipetrades.com\/wp-content\/uploads\/2017\/01\/Welder-69x69.png 69w, https:\/\/southwestpipetrades.com\/wp-content\/uploads\/2017\/01\/Welder-86x86.png 86w, https:\/\/southwestpipetrades.com\/wp-content\/uploads\/2017\/01\/Welder-88x89.png 88w, https:\/\/southwestpipetrades.com\/wp-content\/uploads\/2017\/01\/Welder-50x50.png 50w, https:\/\/southwestpipetrades.com\/wp-content\/uploads\/2017\/01\/Welder-23x23.png 23w\" sizes=\"auto, (max-width: 595px) 100vw, 595px\" \/>\t\t\t\t\t\t\t\t\t\t\t<\/div>\n\t\t\t\t<\/div>\n\t\t\t\t<\/div>\n\t\t\t\t\t\t<\/div>\n\t\t\t\t\t<\/div>\n\t\t<\/div>\n\t\t\t\t<div class=\"elementor-column elementor-col-50 elementor-top-column elementor-element elementor-element-5dd0296a\" data-id=\"5dd0296a\" data-element_type=\"column\">\n\t\t\t<div class=\"elementor-column-wrap elementor-element-populated\">\n\t\t\t\t\t\t\t<div class=\"elementor-widget-wrap\">\n\t\t\t\t\t\t<div class=\"elementor-element elementor-element-6674e3e elementor-widget elementor-widget-heading\" data-id=\"6674e3e\" data-element_type=\"widget\" data-widget_type=\"heading.default\">\n\t\t\t\t<div class=\"elementor-widget-container\">\n\t\t\t<h2 class=\"elementor-heading-title elementor-size-default\">United Association and Southwest Pipe Trades Association welders provide quality labor<\/h2>\t\t<\/div>\n\t\t\t\t<\/div>\n\t\t\t\t<div class=\"elementor-element elementor-element-19eb9124 elementor-widget elementor-widget-text-editor\" data-id=\"19eb9124\" data-element_type=\"widget\" data-widget_type=\"text-editor.default\">\n\t\t\t\t<div class=\"elementor-widget-container\">\n\t\t\t\t\t<div class=\"elementor-text-editor elementor-clearfix\"><p>Welding is one of the most exciting and crucially important trades within the piping industry. Pipes and fittings need to be connected in a strong and sturdy manner to ensure their contents do not leak or spill out. This work requires a skilled professional who understands how different material types interact, as well as the different techniques used to join them together. Simply put, a welder takes two or more things and makes them one. Their work must be precise so that it can stand the test of time and the elements.<\/p><p><span style=\"font-size: 18px;\">In the southwest, welding is critical. Welders are in high demand to work on various pipelines needed to move oil and gas throughout the region. SWPTA affiliated UA Local Unions stand ready to provide any pipeline builder with a highly trained and highly qualified workforce of welders.<\/span><\/p><\/div>\n\t\t\t\t<\/div>\n\t\t\t\t<\/div>\n\t\t\t\t<div class=\"elementor-element elementor-element-21563264 elementor-widget elementor-widget-heading\" data-id=\"21563264\" data-element_type=\"widget\" data-widget_type=\"heading.default\">\n\t\t\t\t<div class=\"elementor-widget-container\">\n\t\t\t<h2 class=\"elementor-heading-title elementor-size-default\">Southwest Pipe Trades Association supports training for affiliated United Association welders<\/h2>\t\t<\/div>\n\t\t\t\t<\/div>\n\t\t\t\t<div class=\"elementor-element elementor-element-1db515cb elementor-widget elementor-widget-text-editor\" data-id=\"1db515cb\" data-element_type=\"widget\" data-widget_type=\"text-editor.default\">\n\t\t\t\t<div class=\"elementor-widget-container\">\n\t\t\t\t\t<div class=\"elementor-text-editor elementor-clearfix\"><p>The SWPTA affiliated UA Local Unions are the best in the pipe trades industry at preparing welders for work &#8211; in the southwest and\u00a0 anywhere in the U.S.<\/p><p><span style=\"font-size: 18px;\">These welders complete a rigorous five-year UA Local Union registered apprenticeship program, where they learn the ins and outs of the craft from experienced journeyman welders, while working toward multiple welding certifications. As apprentices they learn numerous types of welding, such as SMAW, GTAW, GMAW, FCAW, machine, semi-automatic, automatic and orbital welding processes. Additionally they work towards earning specific welding certifications, which will require them to pass the UA\u2019s rigorous welding tests before they can earn each certification.<\/span><\/p><p><span style=\"font-size: 18px;\">SWPTA affiliated unions are more than happy to furnish any and all continuity records to contractors, as well as train welders for a specific job.<\/span><\/p><p><span style=\"font-size: 18px;\">Beyond learning the basics of welding and earning the certifications needed to be the best welders in the region, SWPTA affiliated Local Unions also train their members to be welding instructors and inspectors. Having these tradesmen and tradeswomen on-the-job helps ensure welds are consistently and correctly made.<\/span><\/p><p><span style=\"font-size: 18px;\">Currently, the U.S. is experiencing a massive shortage of skilled welders who possess the proper certifications. SWPTA affiliated Local Unions proudly help men and women earn these certifications and help them find employment as a welder in the southwest.<\/span><\/p><\/div>\n\t\t\t\t<\/div>\n\t\t\t\t<\/div>\n\t\t\t\t<div class=\"elementor-element elementor-element-5c50dd13 elementor-widget elementor-widget-heading\" data-id=\"5c50dd13\" data-element_type=\"widget\" data-widget_type=\"heading.default\">\n\t\t\t\t<div class=\"elementor-widget-container\">\n\t\t\t<h2 class=\"elementor-heading-title elementor-size-default\"><span style=\"font-weight:normal;\" id=\"docs-internal-guid-633b3113-7fff-8950-6abb-fe8dcacfefdd\"><span style=\"font-size: 23.5pt; font-family: Arial; background-color: transparent; font-weight: 700; font-style: normal; font-variant-numeric: normal; font-variant-east-asian: normal;\">Positive work outlook for Southwest Pipe Trades Association and United Association welders<\/span><\/span><\/h2>\t\t<\/div>\n\t\t\t\t<\/div>\n\t\t\t\t<div class=\"elementor-element elementor-element-ad89215 elementor-widget elementor-widget-text-editor\" data-id=\"ad89215\" data-element_type=\"widget\" data-widget_type=\"text-editor.default\">\n\t\t\t\t<div class=\"elementor-widget-container\">\n\t\t\t\t\t<div class=\"elementor-text-editor elementor-clearfix\">Work for welders in the southwest is plentiful. With the commercial and industrial building booms and the number of pipelines being built increasing in the region, members of SWPTA affiliated Local Unions are seeing high volumes of work.<\/div>\n\t\t\t\t<\/div>\n\t\t\t\t<\/div>\n\t\t\t\t\t\t<\/div>\n\t\t\t\t\t<\/div>\n\t\t<\/div>\n\t\t\t\t\t\t\t\t<\/div>\n\t\t\t\t\t<\/div>\n\t\t<\/section>\n\t\t\t\t<section class=\"elementor-section elementor-top-section elementor-element elementor-element-c3ddc5f elementor-section-boxed elementor-section-height-default elementor-section-height-default\" data-id=\"c3ddc5f\" data-element_type=\"section\">\n\t\t\t\t\t\t<div class=\"elementor-container elementor-column-gap-default\">\n\t\t\t\t\t\t\t<div class=\"elementor-row\">\n\t\t\t\t\t<div class=\"elementor-column elementor-col-100 elementor-top-column elementor-element elementor-element-2587151\" data-id=\"2587151\" data-element_type=\"column\">\n\t\t\t<div class=\"elementor-column-wrap\">\n\t\t\t\t\t\t\t<div class=\"elementor-widget-wrap\">\n\t\t\t\t\t\t\t\t<\/div>\n\t\t\t\t\t<\/div>\n\t\t<\/div>\n\t\t\t\t\t\t\t\t<\/div>\n\t\t\t\t\t<\/div>\n\t\t<\/section>\n\t\t\t\t\t\t<\/div>\n\t\t\t\t\t\t<\/div>\n\t\t\t\t\t<\/div>\n\t\t","protected":false},"excerpt":{"rendered":"<p>En los mercados atendidos por la Asociaci\u00f3n de Soldadura Unida de SWPTA y la Asociaci\u00f3n de Oficios de Tuber\u00edas del Suroeste, los soldadores ofrecen mano de obra de calidad. La soldadura es uno de los oficios m\u00e1s apasionantes y cruciales en la industria de las tuber\u00edas. Las tuber\u00edas y los accesorios deben estar conectados de forma s\u00f3lida y resistente para garantizar que su contenido no tenga fugas ni derrames.<\/p>\n<p class=\"read-more\"> <a class=\"\" href=\"https:\/\/southwestpipetrades.com\/es\/markets\/welding\"> <span class=\"screen-reader-text\">Soldadura<\/span> Leer m\u00e1s &quot;<\/a><\/p>","protected":false},"author":37,"featured_media":3450,"parent":17,"menu_order":10,"comment_status":"closed","ping_status":"closed","template":"elementor_header_footer","meta":{"_acf_changed":false,"inline_featured_image":false,"site-sidebar-layout":"default","site-content-layout":"default","ast-global-header-display":"","ast-main-header-display":"","ast-hfb-above-header-display":"","ast-hfb-below-header-display":"","ast-hfb-mobile-header-display":"","site-post-title":"","ast-breadcrumbs-content":"","ast-featured-img":"","footer-sml-layout":"","theme-transparent-header-meta":"default","adv-header-id-meta":"","stick-header-meta":"default","header-above-stick-meta":"","header-main-stick-meta":"","header-below-stick-meta":"","footnotes":""},"class_list":["post-410","page","type-page","status-publish","has-post-thumbnail","hentry"],"acf":[],"yoast_head":"<!-- This site is optimized with the Yoast SEO plugin v21.4 - https:\/\/yoast.com\/wordpress\/plugins\/seo\/ -->\n<title>Southwest Pipe Trades Association - UA Markets - Welding<\/title>\n<meta name=\"description\" content=\"SWPTA Local Unions - UA Markets - Welding is one of the most exciting and crucially important trades within the piping industry.\" \/>\n<meta name=\"robots\" content=\"index, follow, max-snippet:-1, max-image-preview:large, max-video-preview:-1\" \/>\n<link rel=\"canonical\" href=\"https:\/\/southwestpipetrades.com\/es\/markets\/welding\/\" \/>\n<meta property=\"og:locale\" content=\"es_MX\" \/>\n<meta property=\"og:type\" content=\"article\" \/>\n<meta property=\"og:title\" content=\"Southwest Pipe Trades Association - UA Markets - Welding\" \/>\n<meta property=\"og:description\" content=\"SWPTA Local Unions - UA Markets - Welding is one of the most exciting and crucially important trades within the piping industry.\" \/>\n<meta property=\"og:url\" content=\"https:\/\/southwestpipetrades.com\/es\/markets\/welding\/\" \/>\n<meta property=\"og:site_name\" content=\"Southwest Pipe Trades Association\" \/>\n<meta property=\"article:modified_time\" content=\"2022-10-21T14:14:53+00:00\" \/>\n<meta property=\"og:image\" content=\"https:\/\/southwestpipetrades.com\/wp-content\/uploads\/2022\/10\/SWPTA-featured-images29.png\" \/>\n\t<meta property=\"og:image:width\" content=\"1200\" \/>\n\t<meta property=\"og:image:height\" content=\"675\" \/>\n\t<meta property=\"og:image:type\" content=\"image\/png\" \/>\n<meta name=\"twitter:card\" content=\"summary_large_image\" \/>\n<meta name=\"twitter:label1\" content=\"Tiempo de lectura\" \/>\n\t<meta name=\"twitter:data1\" content=\"3 minutos\" \/>\n<script type=\"application\/ld+json\" class=\"yoast-schema-graph\">{\"@context\":\"https:\/\/schema.org\",\"@graph\":[{\"@type\":\"WebPage\",\"@id\":\"https:\/\/southwestpipetrades.com\/markets\/welding\",\"url\":\"https:\/\/southwestpipetrades.com\/markets\/welding\",\"name\":\"Southwest Pipe Trades Association - UA Markets - Welding\",\"isPartOf\":{\"@id\":\"https:\/\/southwestpipetrades.com\/#website\"},\"datePublished\":\"2017-03-10T11:31:36+00:00\",\"dateModified\":\"2022-10-21T14:14:53+00:00\",\"description\":\"SWPTA Local Unions - UA Markets - Welding is one of the most exciting and crucially important trades within the piping industry.\",\"breadcrumb\":{\"@id\":\"https:\/\/southwestpipetrades.com\/markets\/welding#breadcrumb\"},\"inLanguage\":\"es-MX\",\"potentialAction\":[{\"@type\":\"ReadAction\",\"target\":[\"https:\/\/southwestpipetrades.com\/markets\/welding\"]}]},{\"@type\":\"BreadcrumbList\",\"@id\":\"https:\/\/southwestpipetrades.com\/markets\/welding#breadcrumb\",\"itemListElement\":[{\"@type\":\"ListItem\",\"position\":1,\"name\":\"Home\",\"item\":\"https:\/\/southwestpipetrades.com\/\"},{\"@type\":\"ListItem\",\"position\":2,\"name\":\"Markets\",\"item\":\"https:\/\/southwestpipetrades.com\/markets\"},{\"@type\":\"ListItem\",\"position\":3,\"name\":\"Welding\"}]},{\"@type\":\"WebSite\",\"@id\":\"https:\/\/southwestpipetrades.com\/#website\",\"url\":\"https:\/\/southwestpipetrades.com\/\",\"name\":\"Southwest Pipe Trades Association\",\"description\":\"Plumbers, Pipefitters, HVACR Techs in Texas, Oklahoma, New Mexico\",\"publisher\":{\"@id\":\"https:\/\/southwestpipetrades.com\/#organization\"},\"potentialAction\":[{\"@type\":\"SearchAction\",\"target\":{\"@type\":\"EntryPoint\",\"urlTemplate\":\"https:\/\/southwestpipetrades.com\/?s={search_term_string}\"},\"query-input\":\"required name=search_term_string\"}],\"inLanguage\":\"es-MX\"},{\"@type\":\"Organization\",\"@id\":\"https:\/\/southwestpipetrades.com\/#organization\",\"name\":\"Southwest Pipe Trades Assoication\",\"url\":\"https:\/\/southwestpipetrades.com\/\",\"logo\":{\"@type\":\"ImageObject\",\"inLanguage\":\"es-MX\",\"@id\":\"https:\/\/southwestpipetrades.com\/#\/schema\/logo\/image\/\",\"url\":\"https:\/\/southwestpipetrades.com\/wp-content\/uploads\/2020\/09\/SWPTA-2021-Logo-Color-Full-Horizontal-800px.png\",\"contentUrl\":\"https:\/\/southwestpipetrades.com\/wp-content\/uploads\/2020\/09\/SWPTA-2021-Logo-Color-Full-Horizontal-800px.png\",\"width\":800,\"height\":341,\"caption\":\"Southwest Pipe Trades Assoication\"},\"image\":{\"@id\":\"https:\/\/southwestpipetrades.com\/#\/schema\/logo\/image\/\"}}]}<\/script>\n<!-- \/ Yoast SEO plugin. -->","yoast_head_json":{"title":"Asociaci\u00f3n de Oficios de Tuber\u00edas del Suroeste - Mercados de UA - Soldadura","description":"Sindicatos locales de SWPTA - Mercados de UA - La soldadura es uno de los oficios m\u00e1s apasionantes y de vital importancia dentro de la industria de las tuber\u00edas.","robots":{"index":"index","follow":"follow","max-snippet":"max-snippet:-1","max-image-preview":"max-image-preview:large","max-video-preview":"max-video-preview:-1"},"canonical":"https:\/\/southwestpipetrades.com\/es\/markets\/welding\/","og_locale":"es_MX","og_type":"article","og_title":"Southwest Pipe Trades Association - UA Markets - Welding","og_description":"SWPTA Local Unions - UA Markets - Welding is one of the most exciting and crucially important trades within the piping industry.","og_url":"https:\/\/southwestpipetrades.com\/es\/markets\/welding\/","og_site_name":"Southwest Pipe Trades Association","article_modified_time":"2022-10-21T14:14:53+00:00","og_image":[{"width":1200,"height":675,"url":"https:\/\/southwestpipetrades.com\/wp-content\/uploads\/2022\/10\/SWPTA-featured-images29.png","type":"image\/png"}],"twitter_card":"summary_large_image","twitter_misc":{"Tiempo de lectura":"3 minutos"},"schema":{"@context":"https:\/\/schema.org","@graph":[{"@type":"WebPage","@id":"https:\/\/southwestpipetrades.com\/markets\/welding","url":"https:\/\/southwestpipetrades.com\/markets\/welding","name":"Asociaci\u00f3n de Oficios de Tuber\u00edas del Suroeste - Mercados de UA - Soldadura","isPartOf":{"@id":"https:\/\/southwestpipetrades.com\/#website"},"datePublished":"2017-03-10T11:31:36+00:00","dateModified":"2022-10-21T14:14:53+00:00","description":"Sindicatos locales de SWPTA - Mercados de UA - La soldadura es uno de los oficios m\u00e1s apasionantes y de vital importancia dentro de la industria de las tuber\u00edas.","breadcrumb":{"@id":"https:\/\/southwestpipetrades.com\/markets\/welding#breadcrumb"},"inLanguage":"es-MX","potentialAction":[{"@type":"ReadAction","target":["https:\/\/southwestpipetrades.com\/markets\/welding"]}]},{"@type":"BreadcrumbList","@id":"https:\/\/southwestpipetrades.com\/markets\/welding#breadcrumb","itemListElement":[{"@type":"ListItem","position":1,"name":"Home","item":"https:\/\/southwestpipetrades.com\/"},{"@type":"ListItem","position":2,"name":"Markets","item":"https:\/\/southwestpipetrades.com\/markets"},{"@type":"ListItem","position":3,"name":"Welding"}]},{"@type":"WebSite","@id":"https:\/\/southwestpipetrades.com\/#website","url":"https:\/\/southwestpipetrades.com\/","name":"Asociaci\u00f3n de Comercio de Tuber\u00edas del Suroeste","description":"Fontaneros, instaladores de tuber\u00edas, t\u00e9cnicos de climatizaci\u00f3n en Texas, Oklahoma y Nuevo M\u00e9xico","publisher":{"@id":"https:\/\/southwestpipetrades.com\/#organization"},"potentialAction":[{"@type":"SearchAction","target":{"@type":"EntryPoint","urlTemplate":"https:\/\/southwestpipetrades.com\/?s={search_term_string}"},"query-input":"required name=search_term_string"}],"inLanguage":"es-MX"},{"@type":"Organization","@id":"https:\/\/southwestpipetrades.com\/#organization","name":"Asociaci\u00f3n de Oficios de Tuber\u00edas del Suroeste","url":"https:\/\/southwestpipetrades.com\/","logo":{"@type":"ImageObject","inLanguage":"es-MX","@id":"https:\/\/southwestpipetrades.com\/#\/schema\/logo\/image\/","url":"https:\/\/southwestpipetrades.com\/wp-content\/uploads\/2020\/09\/SWPTA-2021-Logo-Color-Full-Horizontal-800px.png","contentUrl":"https:\/\/southwestpipetrades.com\/wp-content\/uploads\/2020\/09\/SWPTA-2021-Logo-Color-Full-Horizontal-800px.png","width":800,"height":341,"caption":"Southwest Pipe Trades Assoication"},"image":{"@id":"https:\/\/southwestpipetrades.com\/#\/schema\/logo\/image\/"}}]}},"_links":{"self":[{"href":"https:\/\/southwestpipetrades.com\/es\/wp-json\/wp\/v2\/pages\/410","targetHints":{"allow":["GET"]}}],"collection":[{"href":"https:\/\/southwestpipetrades.com\/es\/wp-json\/wp\/v2\/pages"}],"about":[{"href":"https:\/\/southwestpipetrades.com\/es\/wp-json\/wp\/v2\/types\/page"}],"author":[{"embeddable":true,"href":"https:\/\/southwestpipetrades.com\/es\/wp-json\/wp\/v2\/users\/37"}],"replies":[{"embeddable":true,"href":"https:\/\/southwestpipetrades.com\/es\/wp-json\/wp\/v2\/comments?post=410"}],"version-history":[{"count":0,"href":"https:\/\/southwestpipetrades.com\/es\/wp-json\/wp\/v2\/pages\/410\/revisions"}],"up":[{"embeddable":true,"href":"https:\/\/southwestpipetrades.com\/es\/wp-json\/wp\/v2\/pages\/17"}],"wp:featuredmedia":[{"embeddable":true,"href":"https:\/\/southwestpipetrades.com\/es\/wp-json\/wp\/v2\/media\/3450"}],"wp:attachment":[{"href":"https:\/\/southwestpipetrades.com\/es\/wp-json\/wp\/v2\/media?parent=410"}],"curies":[{"name":"wp","href":"https:\/\/api.w.org\/{rel}","templated":true}]}}