{"id":730,"date":"2017-03-28T16:46:44","date_gmt":"2017-03-28T16:46:44","guid":{"rendered":"http:\/\/southwestpipe.wpengine.com\/?page_id=730"},"modified":"2022-10-21T13:51:06","modified_gmt":"2022-10-21T13:51:06","slug":"welders","status":"publish","type":"page","link":"https:\/\/southwestpipetrades.com\/es\/careers\/welders","title":{"rendered":"soldadores"},"content":{"rendered":"<div data-elementor-type=\"wp-page\" data-elementor-id=\"730\" class=\"elementor elementor-730\" data-elementor-settings=\"[]\">\n\t\t\t\t\t\t<div class=\"elementor-inner\">\n\t\t\t\t\t\t\t<div class=\"elementor-section-wrap\">\n\t\t\t\t\t\t\t<section class=\"elementor-section elementor-top-section elementor-element elementor-element-5fff7b3f elementor-section-boxed elementor-section-height-default elementor-section-height-default\" data-id=\"5fff7b3f\" data-element_type=\"section\">\n\t\t\t\t\t\t<div class=\"elementor-container elementor-column-gap-default\">\n\t\t\t\t\t\t\t<div class=\"elementor-row\">\n\t\t\t\t\t<div class=\"elementor-column elementor-col-100 elementor-top-column elementor-element elementor-element-56ff2af\" data-id=\"56ff2af\" data-element_type=\"column\">\n\t\t\t<div class=\"elementor-column-wrap\">\n\t\t\t\t\t\t\t<div class=\"elementor-widget-wrap\">\n\t\t\t\t\t\t\t\t<\/div>\n\t\t\t\t\t<\/div>\n\t\t<\/div>\n\t\t\t\t\t\t\t\t<\/div>\n\t\t\t\t\t<\/div>\n\t\t<\/section>\n\t\t\t\t<section class=\"elementor-section elementor-top-section elementor-element elementor-element-3fcc5f19 elementor-section-boxed elementor-section-height-default elementor-section-height-default\" data-id=\"3fcc5f19\" data-element_type=\"section\">\n\t\t\t\t\t\t<div class=\"elementor-container elementor-column-gap-default\">\n\t\t\t\t\t\t\t<div class=\"elementor-row\">\n\t\t\t\t\t<div class=\"elementor-column elementor-col-50 elementor-top-column elementor-element elementor-element-744f5311\" data-id=\"744f5311\" data-element_type=\"column\">\n\t\t\t<div class=\"elementor-column-wrap elementor-element-populated\">\n\t\t\t\t\t\t\t<div class=\"elementor-widget-wrap\">\n\t\t\t\t\t\t<div class=\"elementor-element elementor-element-c40ea50 elementor-widget elementor-widget-heading\" data-id=\"c40ea50\" data-element_type=\"widget\" data-widget_type=\"heading.default\">\n\t\t\t\t<div class=\"elementor-widget-container\">\n\t\t\t<h4 class=\"elementor-heading-title elementor-size-default\">CARRERAS DE SOLDADOR<\/h4>\t\t<\/div>\n\t\t\t\t<\/div>\n\t\t\t\t<div class=\"elementor-element elementor-element-2bde35d0 elementor-widget elementor-widget-heading\" data-id=\"2bde35d0\" data-element_type=\"widget\" data-widget_type=\"heading.default\">\n\t\t\t\t<div class=\"elementor-widget-container\">\n\t\t\t<h1 class=\"elementor-heading-title elementor-size-default\">Convi\u00e9rtete en soldador sindical<\/h1>\t\t<\/div>\n\t\t\t\t<\/div>\n\t\t\t\t<div class=\"elementor-element elementor-element-5374a517 elementor-widget elementor-widget-spacer\" data-id=\"5374a517\" data-element_type=\"widget\" data-widget_type=\"spacer.default\">\n\t\t\t\t<div class=\"elementor-widget-container\">\n\t\t\t\t\t<div class=\"elementor-spacer\">\n\t\t\t<div class=\"elementor-spacer-inner\"><\/div>\n\t\t<\/div>\n\t\t\t\t<\/div>\n\t\t\t\t<\/div>\n\t\t\t\t<div class=\"elementor-element elementor-element-45941dd elementor-widget elementor-widget-image\" data-id=\"45941dd\" data-element_type=\"widget\" data-widget_type=\"image.default\">\n\t\t\t\t<div class=\"elementor-widget-container\">\n\t\t\t\t\t<div class=\"elementor-image\">\n\t\t\t\t\t\t\t\t\t\t<img loading=\"lazy\" decoding=\"async\" width=\"1024\" height=\"1024\" src=\"https:\/\/southwestpipetrades.com\/wp-content\/uploads\/2020\/10\/welder-career-1024x1024.jpg\" class=\"attachment-large size-large\" alt=\"Union Welding Careers\" srcset=\"https:\/\/southwestpipetrades.com\/wp-content\/uploads\/2020\/10\/welder-career.jpg 1024w, https:\/\/southwestpipetrades.com\/wp-content\/uploads\/2020\/10\/welder-career-300x300.jpg 300w, https:\/\/southwestpipetrades.com\/wp-content\/uploads\/2020\/10\/welder-career-150x150.jpg 150w, https:\/\/southwestpipetrades.com\/wp-content\/uploads\/2020\/10\/welder-career-768x768.jpg 768w, https:\/\/southwestpipetrades.com\/wp-content\/uploads\/2020\/10\/welder-career-684x684.jpg 684w\" sizes=\"auto, (max-width: 1024px) 100vw, 1024px\" \/>\t\t\t\t\t\t\t\t\t\t\t<\/div>\n\t\t\t\t<\/div>\n\t\t\t\t<\/div>\n\t\t\t\t<div class=\"elementor-element elementor-element-3a0f061c elementor-widget elementor-widget-spacer\" data-id=\"3a0f061c\" data-element_type=\"widget\" data-widget_type=\"spacer.default\">\n\t\t\t\t<div class=\"elementor-widget-container\">\n\t\t\t\t\t<div class=\"elementor-spacer\">\n\t\t\t<div class=\"elementor-spacer-inner\"><\/div>\n\t\t<\/div>\n\t\t\t\t<\/div>\n\t\t\t\t<\/div>\n\t\t\t\t<div class=\"elementor-element elementor-element-755218d8 elementor-widget elementor-widget-text-editor\" data-id=\"755218d8\" data-element_type=\"widget\" data-widget_type=\"text-editor.default\">\n\t\t\t\t<div class=\"elementor-widget-container\">\n\t\t\t\t\t<div class=\"elementor-text-editor elementor-clearfix\"><h2>Los soldadores sindicales son vers\u00e1tiles y est\u00e1n muy solicitados<\/h2><p>En todo el pa\u00eds, pero especialmente en Texas, Oklahoma y Nuevo M\u00e9xico, se necesitan soldadores cualificados para cortar y unir materiales. En la regi\u00f3n suroeste, muchos soldadores trabajan en tuber\u00edas y ayudan a proporcionar y proteger valiosos recursos energ\u00e9ticos. Tambi\u00e9n trabajan en todos los \u00e1mbitos de la industria de la construcci\u00f3n, garantizando que las estructuras sean resistentes y duraderas.<\/p><p><span style=\"font-size: 18px;\">La versatilidad de los soldadores no se limita a las tuber\u00edas u otros lugares de trabajo. Los soldadores suelen convertirse en inspectores, instructores, operadores de m\u00e1quinas y m\u00e1s.<\/span><\/p><p><span style=\"font-size: 18px;\">Con el envejecimiento de la fuerza laboral actual y una afluencia de nuevos proyectos de tuber\u00edas y construcci\u00f3n en el horizonte, las perspectivas laborales para los soldadores en el suroeste rara vez han parecido m\u00e1s prometedoras.<\/span><\/p><\/div>\n\t\t\t\t<\/div>\n\t\t\t\t<\/div>\n\t\t\t\t<div class=\"elementor-element elementor-element-28ee0753 elementor-widget elementor-widget-spacer\" data-id=\"28ee0753\" data-element_type=\"widget\" data-widget_type=\"spacer.default\">\n\t\t\t\t<div class=\"elementor-widget-container\">\n\t\t\t\t\t<div class=\"elementor-spacer\">\n\t\t\t<div class=\"elementor-spacer-inner\"><\/div>\n\t\t<\/div>\n\t\t\t\t<\/div>\n\t\t\t\t<\/div>\n\t\t\t\t\t\t<\/div>\n\t\t\t\t\t<\/div>\n\t\t<\/div>\n\t\t\t\t<div class=\"elementor-column elementor-col-50 elementor-top-column elementor-element elementor-element-48f6353a\" data-id=\"48f6353a\" data-element_type=\"column\">\n\t\t\t<div class=\"elementor-column-wrap elementor-element-populated\">\n\t\t\t\t\t\t\t<div class=\"elementor-widget-wrap\">\n\t\t\t\t\t\t<div class=\"elementor-element elementor-element-46ff5252 elementor-widget elementor-widget-text-editor\" data-id=\"46ff5252\" data-element_type=\"widget\" data-widget_type=\"text-editor.default\">\n\t\t\t\t<div class=\"elementor-widget-container\">\n\t\t\t\t\t<div class=\"elementor-text-editor elementor-clearfix\"><h2>Capacitaci\u00f3n para soldadores de la Asociaci\u00f3n Unida<\/h2><p>Los soldadores son trabajadores manuales que trabajan en diversos campos donde cortan, fabrican y unen materiales, adem\u00e1s de realizar otras tareas vitales.<\/p><p><span style=\"font-size: 18px;\">Los aspirantes a soldadores cuyo objetivo sea alcanzar el nivel de oficial deben pasar por el programa de aprendizaje de cinco a\u00f1os registrado por la United Association (UA), donde reciben una capacitaci\u00f3n l\u00edder en la industria. Si una persona ingresa al programa y ya tiene experiencia, puede completar su aprendizaje en menos de cinco a\u00f1os, seg\u00fan sus habilidades y su nivel de educaci\u00f3n y experiencia en la industria.<\/span><\/p><p><span style=\"font-size: 18px;\">Como aprendices, los soldadores ganan dinero mientras aprenden. Esto significa que ganan un salario digno y reciben grandes beneficios, todo mientras obtienen su educaci\u00f3n tanto en el trabajo como en el aula.<\/span><\/p><p><span style=\"font-size: 18px;\">La mayor parte de la formaci\u00f3n de un aprendiz se lleva a cabo en el trabajo, donde aprende las realidades cotidianas del trabajo de la mano de soldadores experimentados y altamente calificados. Luego, aprovechan esta experiencia laboral y la combinan con la instrucci\u00f3n en el aula que reciben en su centro de capacitaci\u00f3n de la UA para convertirse en soldadores completos.<\/span><\/p><p><span style=\"font-size: 18px;\">Uno de los mayores desaf\u00edos que conlleva la carrera de soldador es la necesidad de obtener continuamente las certificaciones necesarias para trabajar en determinados lugares de trabajo. Mantenerse al d\u00eda con las \u00faltimas certificaciones de la industria abre la oportunidad para que los soldadores trabajen con las tecnolog\u00edas de soldadura m\u00e1s nuevas en los proyectos m\u00e1s interesantes.<\/span><\/p><p><span style=\"font-size: 18px;\">Despu\u00e9s de completar su programa de aprendizaje y convertirse en oficiales, se recomienda encarecidamente a los soldadores que contin\u00faen su educaci\u00f3n tomando cursos de capacitaci\u00f3n de actualizaci\u00f3n continua, practicando las t\u00e9cnicas m\u00e1s nuevas y obteniendo certificaciones adicionales de la industria para asegurarse de que est\u00e9n al d\u00eda con los \u00faltimos avances tecnol\u00f3gicos de la industria. Hacerlo les permitir\u00e1 estar listos para realizar cualquier trabajo necesario que est\u00e9 disponible y los convertir\u00e1 en un activo importante para su empleador.\u00a0<\/span><\/p><\/div>\n\t\t\t\t<\/div>\n\t\t\t\t<\/div>\n\t\t\t\t\t\t<\/div>\n\t\t\t\t\t<\/div>\n\t\t<\/div>\n\t\t\t\t\t\t\t\t<\/div>\n\t\t\t\t\t<\/div>\n\t\t<\/section>\n\t\t\t\t<section class=\"elementor-section elementor-top-section elementor-element elementor-element-10a6d630 elementor-section-boxed elementor-section-height-default elementor-section-height-default\" data-id=\"10a6d630\" data-element_type=\"section\">\n\t\t\t\t\t\t<div class=\"elementor-container elementor-column-gap-default\">\n\t\t\t\t\t\t\t<div class=\"elementor-row\">\n\t\t\t\t\t<div class=\"elementor-column elementor-col-100 elementor-top-column elementor-element elementor-element-55ec7002\" data-id=\"55ec7002\" data-element_type=\"column\">\n\t\t\t<div class=\"elementor-column-wrap elementor-element-populated\">\n\t\t\t\t\t\t\t<div class=\"elementor-widget-wrap\">\n\t\t\t\t\t\t<div class=\"elementor-element elementor-element-ddc9727 elementor-widget elementor-widget-spacer\" data-id=\"ddc9727\" data-element_type=\"widget\" data-widget_type=\"spacer.default\">\n\t\t\t\t<div class=\"elementor-widget-container\">\n\t\t\t\t\t<div class=\"elementor-spacer\">\n\t\t\t<div class=\"elementor-spacer-inner\"><\/div>\n\t\t<\/div>\n\t\t\t\t<\/div>\n\t\t\t\t<\/div>\n\t\t\t\t\t\t<\/div>\n\t\t\t\t\t<\/div>\n\t\t<\/div>\n\t\t\t\t\t\t\t\t<\/div>\n\t\t\t\t\t<\/div>\n\t\t<\/section>\n\t\t\t\t\t\t<\/div>\n\t\t\t\t\t\t<\/div>\n\t\t\t\t\t<\/div>","protected":false},"excerpt":{"rendered":"<p>CARRERAS DE SOLDADOR CONVI\u00c9RTETE EN UN SOLDADOR SINDICADO. Los soldadores sindicalizados son vers\u00e1tiles y muy solicitados. Encargados de cortar y unir materiales, existe una necesidad de soldadores cualificados en todo el pa\u00eds, pero especialmente en Texas, Oklahoma y Nuevo M\u00e9xico. En la regi\u00f3n suroeste, muchos soldadores trabajan en tuber\u00edas y ayudan a suministrar y proteger valiosos recursos energ\u00e9ticos. Ellos\u2026<\/p>\n<p class=\"read-more\"> <a class=\"\" href=\"https:\/\/southwestpipetrades.com\/es\/careers\/welders\"> <span class=\"screen-reader-text\">soldadores<\/span> Leer m\u00e1s &quot;<\/a><\/p>","protected":false},"author":37,"featured_media":3452,"parent":1269,"menu_order":0,"comment_status":"closed","ping_status":"closed","template":"elementor_header_footer","meta":{"_acf_changed":false,"inline_featured_image":false,"site-sidebar-layout":"default","site-content-layout":"default","ast-global-header-display":"","ast-main-header-display":"","ast-hfb-above-header-display":"","ast-hfb-below-header-display":"","ast-hfb-mobile-header-display":"","site-post-title":"","ast-breadcrumbs-content":"","ast-featured-img":"","footer-sml-layout":"","theme-transparent-header-meta":"default","adv-header-id-meta":"","stick-header-meta":"default","header-above-stick-meta":"","header-main-stick-meta":"","header-below-stick-meta":"","footnotes":""},"class_list":["post-730","page","type-page","status-publish","has-post-thumbnail","hentry"],"acf":[],"yoast_head":"<!-- This site is optimized with the Yoast SEO plugin v21.4 - https:\/\/yoast.com\/wordpress\/plugins\/seo\/ -->\n<title>Southwest Pipe Trades Association - Become a Union Welder<\/title>\n<meta name=\"description\" content=\"Southwest Pipe Trades Association affiliated welders receive United Association training, great benefits, a strong work outlook and more.\" \/>\n<meta name=\"robots\" content=\"index, follow, max-snippet:-1, max-image-preview:large, max-video-preview:-1\" \/>\n<link rel=\"canonical\" href=\"https:\/\/southwestpipetrades.com\/es\/careers\/welders\/\" \/>\n<meta property=\"og:locale\" content=\"es_MX\" \/>\n<meta property=\"og:type\" content=\"article\" \/>\n<meta property=\"og:title\" content=\"Southwest Pipe Trades Association - Become a Union Welder\" \/>\n<meta property=\"og:description\" content=\"Southwest Pipe Trades Association affiliated welders receive United Association training, great benefits, a strong work outlook and more.\" \/>\n<meta property=\"og:url\" content=\"https:\/\/southwestpipetrades.com\/es\/careers\/welders\/\" \/>\n<meta property=\"og:site_name\" content=\"Southwest Pipe Trades Association\" \/>\n<meta property=\"article:modified_time\" content=\"2022-10-21T13:51:06+00:00\" \/>\n<meta property=\"og:image\" content=\"https:\/\/southwestpipetrades.com\/wp-content\/uploads\/2022\/10\/SWPTA-featured-images31.png\" \/>\n\t<meta property=\"og:image:width\" content=\"1200\" \/>\n\t<meta property=\"og:image:height\" content=\"675\" \/>\n\t<meta property=\"og:image:type\" content=\"image\/png\" \/>\n<meta name=\"twitter:card\" content=\"summary_large_image\" \/>\n<meta name=\"twitter:label1\" content=\"Tiempo de lectura\" \/>\n\t<meta name=\"twitter:data1\" content=\"3 minutos\" \/>\n<script type=\"application\/ld+json\" class=\"yoast-schema-graph\">{\"@context\":\"https:\/\/schema.org\",\"@graph\":[{\"@type\":\"WebPage\",\"@id\":\"https:\/\/southwestpipetrades.com\/careers\/welders\",\"url\":\"https:\/\/southwestpipetrades.com\/careers\/welders\",\"name\":\"Southwest Pipe Trades Association - Become a Union Welder\",\"isPartOf\":{\"@id\":\"https:\/\/southwestpipetrades.com\/#website\"},\"datePublished\":\"2017-03-28T16:46:44+00:00\",\"dateModified\":\"2022-10-21T13:51:06+00:00\",\"description\":\"Southwest Pipe Trades Association affiliated welders receive United Association training, great benefits, a strong work outlook and more.\",\"breadcrumb\":{\"@id\":\"https:\/\/southwestpipetrades.com\/careers\/welders#breadcrumb\"},\"inLanguage\":\"es-MX\",\"potentialAction\":[{\"@type\":\"ReadAction\",\"target\":[\"https:\/\/southwestpipetrades.com\/careers\/welders\"]}]},{\"@type\":\"BreadcrumbList\",\"@id\":\"https:\/\/southwestpipetrades.com\/careers\/welders#breadcrumb\",\"itemListElement\":[{\"@type\":\"ListItem\",\"position\":1,\"name\":\"Home\",\"item\":\"https:\/\/southwestpipetrades.com\/\"},{\"@type\":\"ListItem\",\"position\":2,\"name\":\"Careers\",\"item\":\"https:\/\/southwestpipetrades.com\/careers\"},{\"@type\":\"ListItem\",\"position\":3,\"name\":\"Welders\"}]},{\"@type\":\"WebSite\",\"@id\":\"https:\/\/southwestpipetrades.com\/#website\",\"url\":\"https:\/\/southwestpipetrades.com\/\",\"name\":\"Southwest Pipe Trades Association\",\"description\":\"Plumbers, Pipefitters, HVACR Techs in Texas, Oklahoma, New Mexico\",\"publisher\":{\"@id\":\"https:\/\/southwestpipetrades.com\/#organization\"},\"potentialAction\":[{\"@type\":\"SearchAction\",\"target\":{\"@type\":\"EntryPoint\",\"urlTemplate\":\"https:\/\/southwestpipetrades.com\/?s={search_term_string}\"},\"query-input\":\"required name=search_term_string\"}],\"inLanguage\":\"es-MX\"},{\"@type\":\"Organization\",\"@id\":\"https:\/\/southwestpipetrades.com\/#organization\",\"name\":\"Southwest Pipe Trades Assoication\",\"url\":\"https:\/\/southwestpipetrades.com\/\",\"logo\":{\"@type\":\"ImageObject\",\"inLanguage\":\"es-MX\",\"@id\":\"https:\/\/southwestpipetrades.com\/#\/schema\/logo\/image\/\",\"url\":\"https:\/\/southwestpipetrades.com\/wp-content\/uploads\/2020\/09\/SWPTA-2021-Logo-Color-Full-Horizontal-800px.png\",\"contentUrl\":\"https:\/\/southwestpipetrades.com\/wp-content\/uploads\/2020\/09\/SWPTA-2021-Logo-Color-Full-Horizontal-800px.png\",\"width\":800,\"height\":341,\"caption\":\"Southwest Pipe Trades Assoication\"},\"image\":{\"@id\":\"https:\/\/southwestpipetrades.com\/#\/schema\/logo\/image\/\"}}]}<\/script>\n<!-- \/ Yoast SEO plugin. -->","yoast_head_json":{"title":"Southwest Pipe Trades Association - Become a Union Welder","description":"Southwest Pipe Trades Association affiliated welders receive United Association training, great benefits, a strong work outlook and more.","robots":{"index":"index","follow":"follow","max-snippet":"max-snippet:-1","max-image-preview":"max-image-preview:large","max-video-preview":"max-video-preview:-1"},"canonical":"https:\/\/southwestpipetrades.com\/es\/careers\/welders\/","og_locale":"es_MX","og_type":"article","og_title":"Southwest Pipe Trades Association - Become a Union Welder","og_description":"Southwest Pipe Trades Association affiliated welders receive United Association training, great benefits, a strong work outlook and more.","og_url":"https:\/\/southwestpipetrades.com\/es\/careers\/welders\/","og_site_name":"Southwest Pipe Trades Association","article_modified_time":"2022-10-21T13:51:06+00:00","og_image":[{"width":1200,"height":675,"url":"https:\/\/southwestpipetrades.com\/wp-content\/uploads\/2022\/10\/SWPTA-featured-images31.png","type":"image\/png"}],"twitter_card":"summary_large_image","twitter_misc":{"Tiempo de lectura":"3 minutos"},"schema":{"@context":"https:\/\/schema.org","@graph":[{"@type":"WebPage","@id":"https:\/\/southwestpipetrades.com\/careers\/welders","url":"https:\/\/southwestpipetrades.com\/careers\/welders","name":"Southwest Pipe Trades Association - Become a Union Welder","isPartOf":{"@id":"https:\/\/southwestpipetrades.com\/#website"},"datePublished":"2017-03-28T16:46:44+00:00","dateModified":"2022-10-21T13:51:06+00:00","description":"Southwest Pipe Trades Association affiliated welders receive United Association training, great benefits, a strong work outlook and more.","breadcrumb":{"@id":"https:\/\/southwestpipetrades.com\/careers\/welders#breadcrumb"},"inLanguage":"es-MX","potentialAction":[{"@type":"ReadAction","target":["https:\/\/southwestpipetrades.com\/careers\/welders"]}]},{"@type":"BreadcrumbList","@id":"https:\/\/southwestpipetrades.com\/careers\/welders#breadcrumb","itemListElement":[{"@type":"ListItem","position":1,"name":"Home","item":"https:\/\/southwestpipetrades.com\/"},{"@type":"ListItem","position":2,"name":"Careers","item":"https:\/\/southwestpipetrades.com\/careers"},{"@type":"ListItem","position":3,"name":"Welders"}]},{"@type":"WebSite","@id":"https:\/\/southwestpipetrades.com\/#website","url":"https:\/\/southwestpipetrades.com\/","name":"Asociaci\u00f3n de Comercio de Tuber\u00edas del Suroeste","description":"Fontaneros, instaladores de tuber\u00edas, t\u00e9cnicos de climatizaci\u00f3n en Texas, Oklahoma y Nuevo M\u00e9xico","publisher":{"@id":"https:\/\/southwestpipetrades.com\/#organization"},"potentialAction":[{"@type":"SearchAction","target":{"@type":"EntryPoint","urlTemplate":"https:\/\/southwestpipetrades.com\/?s={search_term_string}"},"query-input":"required name=search_term_string"}],"inLanguage":"es-MX"},{"@type":"Organization","@id":"https:\/\/southwestpipetrades.com\/#organization","name":"Asociaci\u00f3n de Oficios de Tuber\u00edas del Suroeste","url":"https:\/\/southwestpipetrades.com\/","logo":{"@type":"ImageObject","inLanguage":"es-MX","@id":"https:\/\/southwestpipetrades.com\/#\/schema\/logo\/image\/","url":"https:\/\/southwestpipetrades.com\/wp-content\/uploads\/2020\/09\/SWPTA-2021-Logo-Color-Full-Horizontal-800px.png","contentUrl":"https:\/\/southwestpipetrades.com\/wp-content\/uploads\/2020\/09\/SWPTA-2021-Logo-Color-Full-Horizontal-800px.png","width":800,"height":341,"caption":"Southwest Pipe Trades Assoication"},"image":{"@id":"https:\/\/southwestpipetrades.com\/#\/schema\/logo\/image\/"}}]}},"_links":{"self":[{"href":"https:\/\/southwestpipetrades.com\/es\/wp-json\/wp\/v2\/pages\/730","targetHints":{"allow":["GET"]}}],"collection":[{"href":"https:\/\/southwestpipetrades.com\/es\/wp-json\/wp\/v2\/pages"}],"about":[{"href":"https:\/\/southwestpipetrades.com\/es\/wp-json\/wp\/v2\/types\/page"}],"author":[{"embeddable":true,"href":"https:\/\/southwestpipetrades.com\/es\/wp-json\/wp\/v2\/users\/37"}],"replies":[{"embeddable":true,"href":"https:\/\/southwestpipetrades.com\/es\/wp-json\/wp\/v2\/comments?post=730"}],"version-history":[{"count":0,"href":"https:\/\/southwestpipetrades.com\/es\/wp-json\/wp\/v2\/pages\/730\/revisions"}],"up":[{"embeddable":true,"href":"https:\/\/southwestpipetrades.com\/es\/wp-json\/wp\/v2\/pages\/1269"}],"wp:featuredmedia":[{"embeddable":true,"href":"https:\/\/southwestpipetrades.com\/es\/wp-json\/wp\/v2\/media\/3452"}],"wp:attachment":[{"href":"https:\/\/southwestpipetrades.com\/es\/wp-json\/wp\/v2\/media?parent=730"}],"curies":[{"name":"wp","href":"https:\/\/api.w.org\/{rel}","templated":true}]}}