{"id":737,"date":"2017-03-28T17:14:33","date_gmt":"2017-03-28T17:14:33","guid":{"rendered":"http:\/\/southwestpipe.wpengine.com\/?page_id=737"},"modified":"2022-10-21T14:06:15","modified_gmt":"2022-10-21T14:06:15","slug":"plumbers","status":"publish","type":"page","link":"https:\/\/southwestpipetrades.com\/es\/careers\/plumbers","title":{"rendered":"fontaneros"},"content":{"rendered":"<div data-elementor-type=\"wp-page\" data-elementor-id=\"737\" class=\"elementor elementor-737\" data-elementor-settings=\"[]\">\n\t\t\t\t\t\t<div class=\"elementor-inner\">\n\t\t\t\t\t\t\t<div class=\"elementor-section-wrap\">\n\t\t\t\t\t\t\t<section class=\"elementor-section elementor-top-section elementor-element elementor-element-11045372 elementor-section-boxed elementor-section-height-default elementor-section-height-default\" data-id=\"11045372\" data-element_type=\"section\">\n\t\t\t\t\t\t<div class=\"elementor-container elementor-column-gap-default\">\n\t\t\t\t\t\t\t<div class=\"elementor-row\">\n\t\t\t\t\t<div class=\"elementor-column elementor-col-100 elementor-top-column elementor-element elementor-element-f82d280\" data-id=\"f82d280\" data-element_type=\"column\">\n\t\t\t<div class=\"elementor-column-wrap\">\n\t\t\t\t\t\t\t<div class=\"elementor-widget-wrap\">\n\t\t\t\t\t\t\t\t<\/div>\n\t\t\t\t\t<\/div>\n\t\t<\/div>\n\t\t\t\t\t\t\t\t<\/div>\n\t\t\t\t\t<\/div>\n\t\t<\/section>\n\t\t\t\t<section class=\"elementor-section elementor-top-section elementor-element elementor-element-1271a045 elementor-section-boxed elementor-section-height-default elementor-section-height-default\" data-id=\"1271a045\" data-element_type=\"section\">\n\t\t\t\t\t\t<div class=\"elementor-container elementor-column-gap-default\">\n\t\t\t\t\t\t\t<div class=\"elementor-row\">\n\t\t\t\t\t<div class=\"elementor-column elementor-col-50 elementor-top-column elementor-element elementor-element-11ccf439\" data-id=\"11ccf439\" data-element_type=\"column\">\n\t\t\t<div class=\"elementor-column-wrap elementor-element-populated\">\n\t\t\t\t\t\t\t<div class=\"elementor-widget-wrap\">\n\t\t\t\t\t\t<div class=\"elementor-element elementor-element-65c3f1d5 elementor-widget elementor-widget-heading\" data-id=\"65c3f1d5\" data-element_type=\"widget\" data-widget_type=\"heading.default\">\n\t\t\t\t<div class=\"elementor-widget-container\">\n\t\t\t<h4 class=\"elementor-heading-title elementor-size-default\">CARRERAS DE FONTANERO<\/h4>\t\t<\/div>\n\t\t\t\t<\/div>\n\t\t\t\t<div class=\"elementor-element elementor-element-7d1a96b9 elementor-widget elementor-widget-heading\" data-id=\"7d1a96b9\" data-element_type=\"widget\" data-widget_type=\"heading.default\">\n\t\t\t\t<div class=\"elementor-widget-container\">\n\t\t\t<h1 class=\"elementor-heading-title elementor-size-default\">Convi\u00e9rtete en fontanero sindicalizado<\/h1>\t\t<\/div>\n\t\t\t\t<\/div>\n\t\t\t\t<div class=\"elementor-element elementor-element-6996b7d3 elementor-widget elementor-widget-spacer\" data-id=\"6996b7d3\" data-element_type=\"widget\" data-widget_type=\"spacer.default\">\n\t\t\t\t<div class=\"elementor-widget-container\">\n\t\t\t\t\t<div class=\"elementor-spacer\">\n\t\t\t<div class=\"elementor-spacer-inner\"><\/div>\n\t\t<\/div>\n\t\t\t\t<\/div>\n\t\t\t\t<\/div>\n\t\t\t\t<div class=\"elementor-element elementor-element-3e394779 elementor-widget elementor-widget-image\" data-id=\"3e394779\" data-element_type=\"widget\" data-widget_type=\"image.default\">\n\t\t\t\t<div class=\"elementor-widget-container\">\n\t\t\t\t\t<div class=\"elementor-image\">\n\t\t\t\t\t\t\t\t\t\t<img loading=\"lazy\" decoding=\"async\" width=\"1024\" height=\"1024\" src=\"https:\/\/southwestpipetrades.com\/wp-content\/uploads\/2020\/10\/plumber-career-1024x1024.jpg\" class=\"attachment-large size-large\" alt=\"Careers for Union Plumbers\" srcset=\"https:\/\/southwestpipetrades.com\/wp-content\/uploads\/2020\/10\/plumber-career.jpg 1024w, https:\/\/southwestpipetrades.com\/wp-content\/uploads\/2020\/10\/plumber-career-300x300.jpg 300w, https:\/\/southwestpipetrades.com\/wp-content\/uploads\/2020\/10\/plumber-career-150x150.jpg 150w, https:\/\/southwestpipetrades.com\/wp-content\/uploads\/2020\/10\/plumber-career-768x768.jpg 768w, https:\/\/southwestpipetrades.com\/wp-content\/uploads\/2020\/10\/plumber-career-684x684.jpg 684w\" sizes=\"auto, (max-width: 1024px) 100vw, 1024px\" \/>\t\t\t\t\t\t\t\t\t\t\t<\/div>\n\t\t\t\t<\/div>\n\t\t\t\t<\/div>\n\t\t\t\t<div class=\"elementor-element elementor-element-2185a3c3 elementor-widget elementor-widget-spacer\" data-id=\"2185a3c3\" data-element_type=\"widget\" data-widget_type=\"spacer.default\">\n\t\t\t\t<div class=\"elementor-widget-container\">\n\t\t\t\t\t<div class=\"elementor-spacer\">\n\t\t\t<div class=\"elementor-spacer-inner\"><\/div>\n\t\t<\/div>\n\t\t\t\t<\/div>\n\t\t\t\t<\/div>\n\t\t\t\t<div class=\"elementor-element elementor-element-f4e7027 elementor-widget elementor-widget-text-editor\" data-id=\"f4e7027\" data-element_type=\"widget\" data-widget_type=\"text-editor.default\">\n\t\t\t\t<div class=\"elementor-widget-container\">\n\t\t\t\t\t<div class=\"elementor-text-editor elementor-clearfix\"><h2>Los fontaneros sindicalizados garantizan nuestra seguridad<\/h2><p>El trabajo de un fontanero es esencial para la seguridad y la salud de todas las personas del mundo. La construcci\u00f3n y el mantenimiento de los sistemas de agua y alcantarillado es uno de los aspectos m\u00e1s importantes que contribuyen a la salud de las personas. La fontaner\u00eda es un trabajo importante que puede afectar a la salud y el bienestar de todos y, por ello, requiere una mano de obra altamente capacitada y cualificada.<\/p><p><span style=\"font-size: 18px;\">Los plomeros trabajan en una variedad de entornos, incluidos los residenciales, comerciales e industriales, donde completan una variedad de tareas que incluyen la instalaci\u00f3n, el mantenimiento y la reparaci\u00f3n de sistemas de agua potable y aguas residuales.<\/span><\/p><p><span style=\"font-size: 18px;\">Las perspectivas para el trabajo de plomer\u00eda son excelentes. Con la creciente demanda de tecnolog\u00edas ecol\u00f3gicas y muchos trabajadores que est\u00e1n llegando a la edad de jubilaci\u00f3n, la necesidad de aprendices de plomer\u00eda sigue aumentando.<\/span><\/p><\/div>\n\t\t\t\t<\/div>\n\t\t\t\t<\/div>\n\t\t\t\t<div class=\"elementor-element elementor-element-249dbdbe elementor-widget elementor-widget-spacer\" data-id=\"249dbdbe\" data-element_type=\"widget\" data-widget_type=\"spacer.default\">\n\t\t\t\t<div class=\"elementor-widget-container\">\n\t\t\t\t\t<div class=\"elementor-spacer\">\n\t\t\t<div class=\"elementor-spacer-inner\"><\/div>\n\t\t<\/div>\n\t\t\t\t<\/div>\n\t\t\t\t<\/div>\n\t\t\t\t\t\t<\/div>\n\t\t\t\t\t<\/div>\n\t\t<\/div>\n\t\t\t\t<div class=\"elementor-column elementor-col-50 elementor-top-column elementor-element elementor-element-3b16ed90\" data-id=\"3b16ed90\" data-element_type=\"column\">\n\t\t\t<div class=\"elementor-column-wrap elementor-element-populated\">\n\t\t\t\t\t\t\t<div class=\"elementor-widget-wrap\">\n\t\t\t\t\t\t<div class=\"elementor-element elementor-element-7ff2380b elementor-widget elementor-widget-text-editor\" data-id=\"7ff2380b\" data-element_type=\"widget\" data-widget_type=\"text-editor.default\">\n\t\t\t\t<div class=\"elementor-widget-container\">\n\t\t\t\t\t<div class=\"elementor-text-editor elementor-clearfix\"><h2>Capacitaci\u00f3n de fontaneros de la Asociaci\u00f3n Unida<\/h2><p>Al igual que otros comerciantes de la Asociaci\u00f3n Unida (UA), aquellos que desean convertirse en plomeros deben completar el programa de aprendizaje de cinco a\u00f1os registrado por la UA.<\/p><p><span style=\"font-size: 18px;\">Como aprendices, los plomeros ganan dinero mientras aprenden. Los aprendices de plomer\u00eda se capacitan en el trabajo, donde aprenden las realidades cotidianas del trabajo de la mano de plomeros oficiales altamente calificados y experimentados. Luego, toman esta experiencia laboral y la combinan con la instrucci\u00f3n en el aula que reciben en su centro de capacitaci\u00f3n de la UA para convertirse en plomeros completos y calificados. Como aprendices, los plomeros reciben un gran salario y beneficios de alta calidad.<\/span><\/p><p><span style=\"font-size: 18px;\">Como aprendices, los plomeros obtienen certificaciones que los hacen m\u00e1s empleables al brindarles oportunidades laborales adicionales. Despu\u00e9s de completar su programa de aprendizaje y convertirse en oficiales, se alienta enf\u00e1ticamente a los plomeros a que contin\u00faen su educaci\u00f3n tomando regularmente clases de actualizaci\u00f3n para mantener o ampliar sus certificaciones y asegurarse de que est\u00e9n actualizados con los \u00faltimos avances tecnol\u00f3gicos de la industria.<\/span><\/p><\/div>\n\t\t\t\t<\/div>\n\t\t\t\t<\/div>\n\t\t\t\t\t\t<\/div>\n\t\t\t\t\t<\/div>\n\t\t<\/div>\n\t\t\t\t\t\t\t\t<\/div>\n\t\t\t\t\t<\/div>\n\t\t<\/section>\n\t\t\t\t<section class=\"elementor-section elementor-top-section elementor-element elementor-element-3e35b8f8 elementor-section-boxed elementor-section-height-default elementor-section-height-default\" data-id=\"3e35b8f8\" data-element_type=\"section\">\n\t\t\t\t\t\t<div class=\"elementor-container elementor-column-gap-default\">\n\t\t\t\t\t\t\t<div class=\"elementor-row\">\n\t\t\t\t\t<div class=\"elementor-column elementor-col-100 elementor-top-column elementor-element elementor-element-aeb4968\" data-id=\"aeb4968\" data-element_type=\"column\">\n\t\t\t<div class=\"elementor-column-wrap elementor-element-populated\">\n\t\t\t\t\t\t\t<div class=\"elementor-widget-wrap\">\n\t\t\t\t\t\t<div class=\"elementor-element elementor-element-34a31129 elementor-widget elementor-widget-spacer\" data-id=\"34a31129\" data-element_type=\"widget\" data-widget_type=\"spacer.default\">\n\t\t\t\t<div class=\"elementor-widget-container\">\n\t\t\t\t\t<div class=\"elementor-spacer\">\n\t\t\t<div class=\"elementor-spacer-inner\"><\/div>\n\t\t<\/div>\n\t\t\t\t<\/div>\n\t\t\t\t<\/div>\n\t\t\t\t\t\t<\/div>\n\t\t\t\t\t<\/div>\n\t\t<\/div>\n\t\t\t\t\t\t\t\t<\/div>\n\t\t\t\t\t<\/div>\n\t\t<\/section>\n\t\t\t\t\t\t<\/div>\n\t\t\t\t\t\t<\/div>\n\t\t\t\t\t<\/div>","protected":false},"excerpt":{"rendered":"<p>CARRERAS DE FONTANERO Convi\u00e9rtete en plomero sindicalizado. Los plomeros sindicalizados garantizan nuestra seguridad. El trabajo de un plomero es esencial para la seguridad y la salud de todos en el mundo. La construcci\u00f3n y el mantenimiento de sistemas de agua y alcantarillado son uno de los aspectos m\u00e1s importantes que contribuyen a la salud humana. La plomer\u00eda es un trabajo importante que puede afectar...<\/p>\n<p class=\"read-more\"> <a class=\"\" href=\"https:\/\/southwestpipetrades.com\/es\/careers\/plumbers\"> <span class=\"screen-reader-text\">fontaneros<\/span> Leer m\u00e1s &quot;<\/a><\/p>","protected":false},"author":37,"featured_media":3455,"parent":1269,"menu_order":2,"comment_status":"closed","ping_status":"closed","template":"elementor_header_footer","meta":{"_acf_changed":false,"inline_featured_image":false,"site-sidebar-layout":"default","site-content-layout":"default","ast-global-header-display":"","ast-main-header-display":"","ast-hfb-above-header-display":"","ast-hfb-below-header-display":"","ast-hfb-mobile-header-display":"","site-post-title":"","ast-breadcrumbs-content":"","ast-featured-img":"","footer-sml-layout":"","theme-transparent-header-meta":"default","adv-header-id-meta":"","stick-header-meta":"default","header-above-stick-meta":"","header-main-stick-meta":"","header-below-stick-meta":"","footnotes":""},"class_list":["post-737","page","type-page","status-publish","has-post-thumbnail","hentry"],"acf":[],"yoast_head":"<!-- This site is optimized with the Yoast SEO plugin v21.4 - https:\/\/yoast.com\/wordpress\/plugins\/seo\/ -->\n<title>Southwest Pipe Trades Association - Become a Union Plumber<\/title>\n<meta name=\"description\" content=\"SWPTA Local Union affiliated plumbers receive high quality training and benefits such as a livable wage, health insurance and more.\" \/>\n<meta name=\"robots\" content=\"index, follow, max-snippet:-1, max-image-preview:large, max-video-preview:-1\" \/>\n<link rel=\"canonical\" href=\"https:\/\/southwestpipetrades.com\/es\/careers\/plumbers\/\" \/>\n<meta property=\"og:locale\" content=\"es_MX\" \/>\n<meta property=\"og:type\" content=\"article\" \/>\n<meta property=\"og:title\" content=\"Southwest Pipe Trades Association - Become a Union Plumber\" \/>\n<meta property=\"og:description\" content=\"SWPTA Local Union affiliated plumbers receive high quality training and benefits such as a livable wage, health insurance and more.\" \/>\n<meta property=\"og:url\" content=\"https:\/\/southwestpipetrades.com\/es\/careers\/plumbers\/\" \/>\n<meta property=\"og:site_name\" content=\"Southwest Pipe Trades Association\" \/>\n<meta property=\"article:modified_time\" content=\"2022-10-21T14:06:15+00:00\" \/>\n<meta property=\"og:image\" content=\"https:\/\/southwestpipetrades.com\/wp-content\/uploads\/2022\/10\/SWPTA-featured-images34.png\" \/>\n\t<meta property=\"og:image:width\" content=\"1200\" \/>\n\t<meta property=\"og:image:height\" content=\"675\" \/>\n\t<meta property=\"og:image:type\" content=\"image\/png\" \/>\n<meta name=\"twitter:card\" content=\"summary_large_image\" \/>\n<meta name=\"twitter:label1\" content=\"Tiempo de lectura\" \/>\n\t<meta name=\"twitter:data1\" content=\"2 minutos\" \/>\n<script type=\"application\/ld+json\" class=\"yoast-schema-graph\">{\"@context\":\"https:\/\/schema.org\",\"@graph\":[{\"@type\":\"WebPage\",\"@id\":\"https:\/\/southwestpipetrades.com\/careers\/plumbers\",\"url\":\"https:\/\/southwestpipetrades.com\/careers\/plumbers\",\"name\":\"Southwest Pipe Trades Association - Become a Union Plumber\",\"isPartOf\":{\"@id\":\"https:\/\/southwestpipetrades.com\/#website\"},\"datePublished\":\"2017-03-28T17:14:33+00:00\",\"dateModified\":\"2022-10-21T14:06:15+00:00\",\"description\":\"SWPTA Local Union affiliated plumbers receive high quality training and benefits such as a livable wage, health insurance and more.\",\"breadcrumb\":{\"@id\":\"https:\/\/southwestpipetrades.com\/careers\/plumbers#breadcrumb\"},\"inLanguage\":\"es-MX\",\"potentialAction\":[{\"@type\":\"ReadAction\",\"target\":[\"https:\/\/southwestpipetrades.com\/careers\/plumbers\"]}]},{\"@type\":\"BreadcrumbList\",\"@id\":\"https:\/\/southwestpipetrades.com\/careers\/plumbers#breadcrumb\",\"itemListElement\":[{\"@type\":\"ListItem\",\"position\":1,\"name\":\"Home\",\"item\":\"https:\/\/southwestpipetrades.com\/\"},{\"@type\":\"ListItem\",\"position\":2,\"name\":\"Careers\",\"item\":\"https:\/\/southwestpipetrades.com\/careers\"},{\"@type\":\"ListItem\",\"position\":3,\"name\":\"Plumbers\"}]},{\"@type\":\"WebSite\",\"@id\":\"https:\/\/southwestpipetrades.com\/#website\",\"url\":\"https:\/\/southwestpipetrades.com\/\",\"name\":\"Southwest Pipe Trades Association\",\"description\":\"Plumbers, Pipefitters, HVACR Techs in Texas, Oklahoma, New Mexico\",\"publisher\":{\"@id\":\"https:\/\/southwestpipetrades.com\/#organization\"},\"potentialAction\":[{\"@type\":\"SearchAction\",\"target\":{\"@type\":\"EntryPoint\",\"urlTemplate\":\"https:\/\/southwestpipetrades.com\/?s={search_term_string}\"},\"query-input\":\"required name=search_term_string\"}],\"inLanguage\":\"es-MX\"},{\"@type\":\"Organization\",\"@id\":\"https:\/\/southwestpipetrades.com\/#organization\",\"name\":\"Southwest Pipe Trades Assoication\",\"url\":\"https:\/\/southwestpipetrades.com\/\",\"logo\":{\"@type\":\"ImageObject\",\"inLanguage\":\"es-MX\",\"@id\":\"https:\/\/southwestpipetrades.com\/#\/schema\/logo\/image\/\",\"url\":\"https:\/\/southwestpipetrades.com\/wp-content\/uploads\/2020\/09\/SWPTA-2021-Logo-Color-Full-Horizontal-800px.png\",\"contentUrl\":\"https:\/\/southwestpipetrades.com\/wp-content\/uploads\/2020\/09\/SWPTA-2021-Logo-Color-Full-Horizontal-800px.png\",\"width\":800,\"height\":341,\"caption\":\"Southwest Pipe Trades Assoication\"},\"image\":{\"@id\":\"https:\/\/southwestpipetrades.com\/#\/schema\/logo\/image\/\"}}]}<\/script>\n<!-- \/ Yoast SEO plugin. -->","yoast_head_json":{"title":"Southwest Pipe Trades Association - Become a Union Plumber","description":"SWPTA Local Union affiliated plumbers receive high quality training and benefits such as a livable wage, health insurance and more.","robots":{"index":"index","follow":"follow","max-snippet":"max-snippet:-1","max-image-preview":"max-image-preview:large","max-video-preview":"max-video-preview:-1"},"canonical":"https:\/\/southwestpipetrades.com\/es\/careers\/plumbers\/","og_locale":"es_MX","og_type":"article","og_title":"Southwest Pipe Trades Association - Become a Union Plumber","og_description":"SWPTA Local Union affiliated plumbers receive high quality training and benefits such as a livable wage, health insurance and more.","og_url":"https:\/\/southwestpipetrades.com\/es\/careers\/plumbers\/","og_site_name":"Southwest Pipe Trades Association","article_modified_time":"2022-10-21T14:06:15+00:00","og_image":[{"width":1200,"height":675,"url":"https:\/\/southwestpipetrades.com\/wp-content\/uploads\/2022\/10\/SWPTA-featured-images34.png","type":"image\/png"}],"twitter_card":"summary_large_image","twitter_misc":{"Tiempo de lectura":"2 minutos"},"schema":{"@context":"https:\/\/schema.org","@graph":[{"@type":"WebPage","@id":"https:\/\/southwestpipetrades.com\/careers\/plumbers","url":"https:\/\/southwestpipetrades.com\/careers\/plumbers","name":"Southwest Pipe Trades Association - Become a Union Plumber","isPartOf":{"@id":"https:\/\/southwestpipetrades.com\/#website"},"datePublished":"2017-03-28T17:14:33+00:00","dateModified":"2022-10-21T14:06:15+00:00","description":"SWPTA Local Union affiliated plumbers receive high quality training and benefits such as a livable wage, health insurance and more.","breadcrumb":{"@id":"https:\/\/southwestpipetrades.com\/careers\/plumbers#breadcrumb"},"inLanguage":"es-MX","potentialAction":[{"@type":"ReadAction","target":["https:\/\/southwestpipetrades.com\/careers\/plumbers"]}]},{"@type":"BreadcrumbList","@id":"https:\/\/southwestpipetrades.com\/careers\/plumbers#breadcrumb","itemListElement":[{"@type":"ListItem","position":1,"name":"Home","item":"https:\/\/southwestpipetrades.com\/"},{"@type":"ListItem","position":2,"name":"Careers","item":"https:\/\/southwestpipetrades.com\/careers"},{"@type":"ListItem","position":3,"name":"Plumbers"}]},{"@type":"WebSite","@id":"https:\/\/southwestpipetrades.com\/#website","url":"https:\/\/southwestpipetrades.com\/","name":"Asociaci\u00f3n de Comercio de Tuber\u00edas del Suroeste","description":"Fontaneros, instaladores de tuber\u00edas, t\u00e9cnicos de climatizaci\u00f3n en Texas, Oklahoma y Nuevo M\u00e9xico","publisher":{"@id":"https:\/\/southwestpipetrades.com\/#organization"},"potentialAction":[{"@type":"SearchAction","target":{"@type":"EntryPoint","urlTemplate":"https:\/\/southwestpipetrades.com\/?s={search_term_string}"},"query-input":"required name=search_term_string"}],"inLanguage":"es-MX"},{"@type":"Organization","@id":"https:\/\/southwestpipetrades.com\/#organization","name":"Asociaci\u00f3n de Oficios de Tuber\u00edas del Suroeste","url":"https:\/\/southwestpipetrades.com\/","logo":{"@type":"ImageObject","inLanguage":"es-MX","@id":"https:\/\/southwestpipetrades.com\/#\/schema\/logo\/image\/","url":"https:\/\/southwestpipetrades.com\/wp-content\/uploads\/2020\/09\/SWPTA-2021-Logo-Color-Full-Horizontal-800px.png","contentUrl":"https:\/\/southwestpipetrades.com\/wp-content\/uploads\/2020\/09\/SWPTA-2021-Logo-Color-Full-Horizontal-800px.png","width":800,"height":341,"caption":"Southwest Pipe Trades Assoication"},"image":{"@id":"https:\/\/southwestpipetrades.com\/#\/schema\/logo\/image\/"}}]}},"_links":{"self":[{"href":"https:\/\/southwestpipetrades.com\/es\/wp-json\/wp\/v2\/pages\/737","targetHints":{"allow":["GET"]}}],"collection":[{"href":"https:\/\/southwestpipetrades.com\/es\/wp-json\/wp\/v2\/pages"}],"about":[{"href":"https:\/\/southwestpipetrades.com\/es\/wp-json\/wp\/v2\/types\/page"}],"author":[{"embeddable":true,"href":"https:\/\/southwestpipetrades.com\/es\/wp-json\/wp\/v2\/users\/37"}],"replies":[{"embeddable":true,"href":"https:\/\/southwestpipetrades.com\/es\/wp-json\/wp\/v2\/comments?post=737"}],"version-history":[{"count":0,"href":"https:\/\/southwestpipetrades.com\/es\/wp-json\/wp\/v2\/pages\/737\/revisions"}],"up":[{"embeddable":true,"href":"https:\/\/southwestpipetrades.com\/es\/wp-json\/wp\/v2\/pages\/1269"}],"wp:featuredmedia":[{"embeddable":true,"href":"https:\/\/southwestpipetrades.com\/es\/wp-json\/wp\/v2\/media\/3455"}],"wp:attachment":[{"href":"https:\/\/southwestpipetrades.com\/es\/wp-json\/wp\/v2\/media?parent=737"}],"curies":[{"name":"wp","href":"https:\/\/api.w.org\/{rel}","templated":true}]}}