{"id":748,"date":"2017-03-28T19:05:03","date_gmt":"2017-03-28T19:05:03","guid":{"rendered":"http:\/\/southwestpipe.wpengine.com\/?page_id=748"},"modified":"2022-10-21T13:50:47","modified_gmt":"2022-10-21T13:50:47","slug":"sprinkler-fitter","status":"publish","type":"page","link":"https:\/\/southwestpipetrades.com\/es\/careers\/sprinkler-fitter","title":{"rendered":"Instaladores de rociadores"},"content":{"rendered":"<div data-elementor-type=\"wp-page\" data-elementor-id=\"748\" class=\"elementor elementor-748\" data-elementor-settings=\"[]\">\n\t\t\t\t\t\t<div class=\"elementor-inner\">\n\t\t\t\t\t\t\t<div class=\"elementor-section-wrap\">\n\t\t\t\t\t\t\t<section class=\"elementor-section elementor-top-section elementor-element elementor-element-be4f4ab elementor-section-boxed elementor-section-height-default elementor-section-height-default\" data-id=\"be4f4ab\" data-element_type=\"section\">\n\t\t\t\t\t\t<div class=\"elementor-container elementor-column-gap-default\">\n\t\t\t\t\t\t\t<div class=\"elementor-row\">\n\t\t\t\t\t<div class=\"elementor-column elementor-col-50 elementor-top-column elementor-element elementor-element-26b18d77\" data-id=\"26b18d77\" data-element_type=\"column\">\n\t\t\t<div class=\"elementor-column-wrap elementor-element-populated\">\n\t\t\t\t\t\t\t<div class=\"elementor-widget-wrap\">\n\t\t\t\t\t\t<div class=\"elementor-element elementor-element-3f616a46 elementor-widget elementor-widget-heading\" data-id=\"3f616a46\" data-element_type=\"widget\" data-widget_type=\"heading.default\">\n\t\t\t\t<div class=\"elementor-widget-container\">\n\t\t\t<h4 class=\"elementor-heading-title elementor-size-default\">CARRERAS DE INSTALADOR DE ASPERSORES<\/h4>\t\t<\/div>\n\t\t\t\t<\/div>\n\t\t\t\t<div class=\"elementor-element elementor-element-99bb1ab elementor-widget elementor-widget-heading\" data-id=\"99bb1ab\" data-element_type=\"widget\" data-widget_type=\"heading.default\">\n\t\t\t\t<div class=\"elementor-widget-container\">\n\t\t\t<h1 class=\"elementor-heading-title elementor-size-default\">Convi\u00e9rtete en instalador de rociadores de Union<\/h1>\t\t<\/div>\n\t\t\t\t<\/div>\n\t\t\t\t<div class=\"elementor-element elementor-element-5405e256 elementor-widget elementor-widget-spacer\" data-id=\"5405e256\" data-element_type=\"widget\" data-widget_type=\"spacer.default\">\n\t\t\t\t<div class=\"elementor-widget-container\">\n\t\t\t\t\t<div class=\"elementor-spacer\">\n\t\t\t<div class=\"elementor-spacer-inner\"><\/div>\n\t\t<\/div>\n\t\t\t\t<\/div>\n\t\t\t\t<\/div>\n\t\t\t\t<div class=\"elementor-element elementor-element-1d25d2b3 elementor-widget elementor-widget-image\" data-id=\"1d25d2b3\" data-element_type=\"widget\" data-widget_type=\"image.default\">\n\t\t\t\t<div class=\"elementor-widget-container\">\n\t\t\t\t\t<div class=\"elementor-image\">\n\t\t\t\t\t\t\t\t\t\t<img loading=\"lazy\" decoding=\"async\" width=\"1024\" height=\"1024\" src=\"https:\/\/southwestpipetrades.com\/wp-content\/uploads\/2020\/10\/sprinkler-fitter-career-1024x1024.jpg\" class=\"attachment-large size-large\" alt=\"Union Sprinkler Fitter Career\" srcset=\"https:\/\/southwestpipetrades.com\/wp-content\/uploads\/2020\/10\/sprinkler-fitter-career.jpg 1024w, https:\/\/southwestpipetrades.com\/wp-content\/uploads\/2020\/10\/sprinkler-fitter-career-300x300.jpg 300w, https:\/\/southwestpipetrades.com\/wp-content\/uploads\/2020\/10\/sprinkler-fitter-career-150x150.jpg 150w, https:\/\/southwestpipetrades.com\/wp-content\/uploads\/2020\/10\/sprinkler-fitter-career-768x768.jpg 768w, https:\/\/southwestpipetrades.com\/wp-content\/uploads\/2020\/10\/sprinkler-fitter-career-684x684.jpg 684w\" sizes=\"auto, (max-width: 1024px) 100vw, 1024px\" \/>\t\t\t\t\t\t\t\t\t\t\t<\/div>\n\t\t\t\t<\/div>\n\t\t\t\t<\/div>\n\t\t\t\t<div class=\"elementor-element elementor-element-499b34f8 elementor-widget elementor-widget-spacer\" data-id=\"499b34f8\" data-element_type=\"widget\" data-widget_type=\"spacer.default\">\n\t\t\t\t<div class=\"elementor-widget-container\">\n\t\t\t\t\t<div class=\"elementor-spacer\">\n\t\t\t<div class=\"elementor-spacer-inner\"><\/div>\n\t\t<\/div>\n\t\t\t\t<\/div>\n\t\t\t\t<\/div>\n\t\t\t\t<div class=\"elementor-element elementor-element-43cff843 elementor-widget elementor-widget-text-editor\" data-id=\"43cff843\" data-element_type=\"widget\" data-widget_type=\"text-editor.default\">\n\t\t\t\t<div class=\"elementor-widget-container\">\n\t\t\t\t\t<div class=\"elementor-text-editor elementor-clearfix\"><h2>Los instaladores de rociadores de Union realizan trabajos que salvan vidas<\/h2><p>Los instaladores de rociadores realizan un trabajo complejo, que es vital para garantizar que las estructuras est\u00e9n equipadas con un sistema de agua o qu\u00edmico para extinguir un incendio. Adem\u00e1s de instalar sistemas nuevos, los instaladores de rociadores reparan, mantienen y prueban los sistemas antiguos para garantizar la seguridad de las personas en estos edificios.<\/p><p><span style=\"font-size: 18px;\">En muchas estructuras antiguas, no se requer\u00edan sistemas de extinci\u00f3n de incendios. Sin embargo, hoy en d\u00eda, a medida que los c\u00f3digos de construcci\u00f3n y prevenci\u00f3n de incendios se vuelven m\u00e1s estrictos, la mayor\u00eda de las regiones exigen que los edificios, tanto nuevos como antiguos, tengan un sistema de extinci\u00f3n de incendios instalado, mantenido y funcional de manera adecuada. A medida que la seguridad contra incendios se convierte en un requisito de construcci\u00f3n en todo el pa\u00eds, existe una necesidad cada vez mayor de m\u00e1s instaladores de rociadores. Ya sea que se instalen sistemas de extinci\u00f3n de incendios en construcciones nuevas o se reacondicionen estructuras antiguas, la instalaci\u00f3n de rociadores es un negocio en auge que necesita m\u00e1s trabajadores altamente capacitados.<\/span><\/p><p><span style=\"font-size: 18px;\">Adem\u00e1s de instalar, mantener y reparar los sistemas de extinci\u00f3n de incendios, los instaladores de rociadores tambi\u00e9n est\u00e1n a cargo de realizar inspecciones de la Asociaci\u00f3n Nacional de Protecci\u00f3n contra Incendios de estos sistemas para garantizar que se hayan instalado correctamente y sigan funcionando correctamente.<\/span><\/p><\/div>\n\t\t\t\t<\/div>\n\t\t\t\t<\/div>\n\t\t\t\t<div class=\"elementor-element elementor-element-14c6b6 elementor-widget elementor-widget-spacer\" data-id=\"14c6b6\" data-element_type=\"widget\" data-widget_type=\"spacer.default\">\n\t\t\t\t<div class=\"elementor-widget-container\">\n\t\t\t\t\t<div class=\"elementor-spacer\">\n\t\t\t<div class=\"elementor-spacer-inner\"><\/div>\n\t\t<\/div>\n\t\t\t\t<\/div>\n\t\t\t\t<\/div>\n\t\t\t\t\t\t<\/div>\n\t\t\t\t\t<\/div>\n\t\t<\/div>\n\t\t\t\t<div class=\"elementor-column elementor-col-50 elementor-top-column elementor-element elementor-element-4a69bd1a\" data-id=\"4a69bd1a\" data-element_type=\"column\">\n\t\t\t<div class=\"elementor-column-wrap elementor-element-populated\">\n\t\t\t\t\t\t\t<div class=\"elementor-widget-wrap\">\n\t\t\t\t\t\t<div class=\"elementor-element elementor-element-1d4981c6 elementor-widget elementor-widget-text-editor\" data-id=\"1d4981c6\" data-element_type=\"widget\" data-widget_type=\"text-editor.default\">\n\t\t\t\t<div class=\"elementor-widget-container\">\n\t\t\t\t\t<div class=\"elementor-text-editor elementor-clearfix\"><h2>Capacitaci\u00f3n para instaladores de rociadores de la Asociaci\u00f3n Unida<\/h2><p>Las normas de seguridad de los edificios actuales son diferentes a las de hace d\u00e9cadas. Ahora, se requieren sistemas de extinci\u00f3n de incendios en casi todas las estructuras para proteger la vida y la propiedad en caso de una emergencia de incendio. Los instaladores de rociadores, encargados de instalar y reparar sistemas de extinci\u00f3n de incendios, son vitales para la seguridad de las estructuras y sus ocupantes.<\/p><p><span style=\"font-size: 18px;\">Los comerciantes y comerciantes de SWPTA que trabajan como instaladores de rociadores deben completar el programa de aprendizaje registrado de cinco a\u00f1os de la Asociaci\u00f3n Unida (UA).<\/span><\/p><p><span style=\"font-size: 18px;\">Como aprendices, los aspirantes a instaladores de rociadores tienen la oportunidad de ganar dinero mientras aprenden. Estos aprendices trabajan a tiempo completo en lugares de trabajo reales y ganan un salario de calidad junto con los oficiales experimentados de quienes est\u00e1n aprendiendo. Adem\u00e1s de la educaci\u00f3n en el trabajo, los aprendices reciben instrucci\u00f3n en el aula por parte de instructores acreditados.<\/span><\/p><p><span style=\"font-size: 18px;\">Mientras son aprendices, los instaladores de rociadores obtienen las certificaciones necesarias para instalar ciertos sistemas, trabajar en entornos espec\u00edficos y m\u00e1s. Despu\u00e9s de completar su programa de aprendizaje y convertirse en oficiales, se recomienda encarecidamente a los instaladores de rociadores que contin\u00faen su educaci\u00f3n tomando regularmente clases de actualizaci\u00f3n para mantener o ampliar sus certificaciones y asegurarse de que est\u00e9n actualizados con los \u00faltimos avances tecnol\u00f3gicos de la industria.<\/span><\/p><\/div>\n\t\t\t\t<\/div>\n\t\t\t\t<\/div>\n\t\t\t\t\t\t<\/div>\n\t\t\t\t\t<\/div>\n\t\t<\/div>\n\t\t\t\t\t\t\t\t<\/div>\n\t\t\t\t\t<\/div>\n\t\t<\/section>\n\t\t\t\t<section class=\"elementor-section elementor-top-section elementor-element elementor-element-7599caa0 elementor-section-boxed elementor-section-height-default elementor-section-height-default\" data-id=\"7599caa0\" data-element_type=\"section\">\n\t\t\t\t\t\t<div class=\"elementor-container elementor-column-gap-default\">\n\t\t\t\t\t\t\t<div class=\"elementor-row\">\n\t\t\t\t\t<div class=\"elementor-column elementor-col-100 elementor-top-column elementor-element elementor-element-6b0e10ad\" data-id=\"6b0e10ad\" data-element_type=\"column\">\n\t\t\t<div class=\"elementor-column-wrap elementor-element-populated\">\n\t\t\t\t\t\t\t<div class=\"elementor-widget-wrap\">\n\t\t\t\t\t\t<div class=\"elementor-element elementor-element-569083de elementor-widget elementor-widget-spacer\" data-id=\"569083de\" data-element_type=\"widget\" data-widget_type=\"spacer.default\">\n\t\t\t\t<div class=\"elementor-widget-container\">\n\t\t\t\t\t<div class=\"elementor-spacer\">\n\t\t\t<div class=\"elementor-spacer-inner\"><\/div>\n\t\t<\/div>\n\t\t\t\t<\/div>\n\t\t\t\t<\/div>\n\t\t\t\t\t\t<\/div>\n\t\t\t\t\t<\/div>\n\t\t<\/div>\n\t\t\t\t\t\t\t\t<\/div>\n\t\t\t\t\t<\/div>\n\t\t<\/section>\n\t\t\t\t\t\t<\/div>\n\t\t\t\t\t\t<\/div>\n\t\t\t\t\t<\/div>","protected":false},"excerpt":{"rendered":"<p>OPORTUNIDADES DE INSTALADOR DE ROCIADORES. Convi\u00e9rtase en instalador de rociadores sindicalizado. Los instaladores de rociadores sindicalizados realizan trabajos que salvan vidas. Los instaladores de rociadores realizan trabajos complejos, vitales para garantizar que las estructuras cuenten con un sistema de agua o qu\u00edmico para extinguir incendios. Adem\u00e1s de instalar sistemas nuevos, los instaladores de rociadores reparan, mantienen y prueban los sistemas antiguos para garantizar que...<\/p>\n<p class=\"read-more\"> <a class=\"\" href=\"https:\/\/southwestpipetrades.com\/es\/careers\/sprinkler-fitter\"> <span class=\"screen-reader-text\">Instaladores de rociadores<\/span> Leer m\u00e1s &quot;<\/a><\/p>","protected":false},"author":37,"featured_media":3453,"parent":1269,"menu_order":0,"comment_status":"closed","ping_status":"closed","template":"elementor_header_footer","meta":{"_acf_changed":false,"inline_featured_image":false,"site-sidebar-layout":"default","site-content-layout":"default","ast-global-header-display":"","ast-main-header-display":"","ast-hfb-above-header-display":"","ast-hfb-below-header-display":"","ast-hfb-mobile-header-display":"","site-post-title":"","ast-breadcrumbs-content":"","ast-featured-img":"","footer-sml-layout":"","theme-transparent-header-meta":"default","adv-header-id-meta":"","stick-header-meta":"default","header-above-stick-meta":"","header-main-stick-meta":"","header-below-stick-meta":"","footnotes":""},"class_list":["post-748","page","type-page","status-publish","has-post-thumbnail","hentry"],"acf":[],"yoast_head":"<!-- This site is optimized with the Yoast SEO plugin v21.4 - https:\/\/yoast.com\/wordpress\/plugins\/seo\/ -->\n<title>SWPTA - Become a UA Union Sprinkler Fitter<\/title>\n<meta name=\"description\" content=\"Become a Union Sprinkler Fitter with one of the United Association Local Unions in the Southwest Pipe Trades Association.\" \/>\n<meta name=\"robots\" content=\"index, follow, max-snippet:-1, max-image-preview:large, max-video-preview:-1\" \/>\n<link rel=\"canonical\" href=\"https:\/\/southwestpipetrades.com\/es\/careers\/sprinkler-fitter\/\" \/>\n<meta property=\"og:locale\" content=\"es_MX\" \/>\n<meta property=\"og:type\" content=\"article\" \/>\n<meta property=\"og:title\" content=\"SWPTA - Become a UA Union Sprinkler Fitter\" \/>\n<meta property=\"og:description\" content=\"Become a Union Sprinkler Fitter with one of the United Association Local Unions in the Southwest Pipe Trades Association.\" \/>\n<meta property=\"og:url\" content=\"https:\/\/southwestpipetrades.com\/es\/careers\/sprinkler-fitter\/\" \/>\n<meta property=\"og:site_name\" content=\"Southwest Pipe Trades Association\" \/>\n<meta property=\"article:modified_time\" content=\"2022-10-21T13:50:47+00:00\" \/>\n<meta property=\"og:image\" content=\"https:\/\/southwestpipetrades.com\/wp-content\/uploads\/2022\/10\/SWPTA-featured-images32.png\" \/>\n\t<meta property=\"og:image:width\" content=\"1200\" \/>\n\t<meta property=\"og:image:height\" content=\"675\" \/>\n\t<meta property=\"og:image:type\" content=\"image\/png\" \/>\n<meta name=\"twitter:card\" content=\"summary_large_image\" \/>\n<meta name=\"twitter:label1\" content=\"Tiempo de lectura\" \/>\n\t<meta name=\"twitter:data1\" content=\"2 minutos\" \/>\n<script type=\"application\/ld+json\" class=\"yoast-schema-graph\">{\"@context\":\"https:\/\/schema.org\",\"@graph\":[{\"@type\":\"WebPage\",\"@id\":\"https:\/\/southwestpipetrades.com\/careers\/sprinkler-fitter\",\"url\":\"https:\/\/southwestpipetrades.com\/careers\/sprinkler-fitter\",\"name\":\"SWPTA - Become a UA Union Sprinkler Fitter\",\"isPartOf\":{\"@id\":\"https:\/\/southwestpipetrades.com\/#website\"},\"datePublished\":\"2017-03-28T19:05:03+00:00\",\"dateModified\":\"2022-10-21T13:50:47+00:00\",\"description\":\"Become a Union Sprinkler Fitter with one of the United Association Local Unions in the Southwest Pipe Trades Association.\",\"breadcrumb\":{\"@id\":\"https:\/\/southwestpipetrades.com\/careers\/sprinkler-fitter#breadcrumb\"},\"inLanguage\":\"es-MX\",\"potentialAction\":[{\"@type\":\"ReadAction\",\"target\":[\"https:\/\/southwestpipetrades.com\/careers\/sprinkler-fitter\"]}]},{\"@type\":\"BreadcrumbList\",\"@id\":\"https:\/\/southwestpipetrades.com\/careers\/sprinkler-fitter#breadcrumb\",\"itemListElement\":[{\"@type\":\"ListItem\",\"position\":1,\"name\":\"Home\",\"item\":\"https:\/\/southwestpipetrades.com\/\"},{\"@type\":\"ListItem\",\"position\":2,\"name\":\"Careers\",\"item\":\"https:\/\/southwestpipetrades.com\/careers\"},{\"@type\":\"ListItem\",\"position\":3,\"name\":\"Sprinkler Fitters\"}]},{\"@type\":\"WebSite\",\"@id\":\"https:\/\/southwestpipetrades.com\/#website\",\"url\":\"https:\/\/southwestpipetrades.com\/\",\"name\":\"Southwest Pipe Trades Association\",\"description\":\"Plumbers, Pipefitters, HVACR Techs in Texas, Oklahoma, New Mexico\",\"publisher\":{\"@id\":\"https:\/\/southwestpipetrades.com\/#organization\"},\"potentialAction\":[{\"@type\":\"SearchAction\",\"target\":{\"@type\":\"EntryPoint\",\"urlTemplate\":\"https:\/\/southwestpipetrades.com\/?s={search_term_string}\"},\"query-input\":\"required name=search_term_string\"}],\"inLanguage\":\"es-MX\"},{\"@type\":\"Organization\",\"@id\":\"https:\/\/southwestpipetrades.com\/#organization\",\"name\":\"Southwest Pipe Trades Assoication\",\"url\":\"https:\/\/southwestpipetrades.com\/\",\"logo\":{\"@type\":\"ImageObject\",\"inLanguage\":\"es-MX\",\"@id\":\"https:\/\/southwestpipetrades.com\/#\/schema\/logo\/image\/\",\"url\":\"https:\/\/southwestpipetrades.com\/wp-content\/uploads\/2020\/09\/SWPTA-2021-Logo-Color-Full-Horizontal-800px.png\",\"contentUrl\":\"https:\/\/southwestpipetrades.com\/wp-content\/uploads\/2020\/09\/SWPTA-2021-Logo-Color-Full-Horizontal-800px.png\",\"width\":800,\"height\":341,\"caption\":\"Southwest Pipe Trades Assoication\"},\"image\":{\"@id\":\"https:\/\/southwestpipetrades.com\/#\/schema\/logo\/image\/\"}}]}<\/script>\n<!-- \/ Yoast SEO plugin. -->","yoast_head_json":{"title":"SWPTA - Convi\u00e9rtete en instalador de rociadores sindicalizado de la UA","description":"Convi\u00e9rtete en instalador de rociadores sindicalizado con uno de los sindicatos locales de la United Association en la Southwest Pipe Trades Association.","robots":{"index":"index","follow":"follow","max-snippet":"max-snippet:-1","max-image-preview":"max-image-preview:large","max-video-preview":"max-video-preview:-1"},"canonical":"https:\/\/southwestpipetrades.com\/es\/careers\/sprinkler-fitter\/","og_locale":"es_MX","og_type":"article","og_title":"SWPTA - Become a UA Union Sprinkler Fitter","og_description":"Become a Union Sprinkler Fitter with one of the United Association Local Unions in the Southwest Pipe Trades Association.","og_url":"https:\/\/southwestpipetrades.com\/es\/careers\/sprinkler-fitter\/","og_site_name":"Southwest Pipe Trades Association","article_modified_time":"2022-10-21T13:50:47+00:00","og_image":[{"width":1200,"height":675,"url":"https:\/\/southwestpipetrades.com\/wp-content\/uploads\/2022\/10\/SWPTA-featured-images32.png","type":"image\/png"}],"twitter_card":"summary_large_image","twitter_misc":{"Tiempo de lectura":"2 minutos"},"schema":{"@context":"https:\/\/schema.org","@graph":[{"@type":"WebPage","@id":"https:\/\/southwestpipetrades.com\/careers\/sprinkler-fitter","url":"https:\/\/southwestpipetrades.com\/careers\/sprinkler-fitter","name":"SWPTA - Convi\u00e9rtete en instalador de rociadores sindicalizado de la UA","isPartOf":{"@id":"https:\/\/southwestpipetrades.com\/#website"},"datePublished":"2017-03-28T19:05:03+00:00","dateModified":"2022-10-21T13:50:47+00:00","description":"Convi\u00e9rtete en instalador de rociadores sindicalizado con uno de los sindicatos locales de la United Association en la Southwest Pipe Trades Association.","breadcrumb":{"@id":"https:\/\/southwestpipetrades.com\/careers\/sprinkler-fitter#breadcrumb"},"inLanguage":"es-MX","potentialAction":[{"@type":"ReadAction","target":["https:\/\/southwestpipetrades.com\/careers\/sprinkler-fitter"]}]},{"@type":"BreadcrumbList","@id":"https:\/\/southwestpipetrades.com\/careers\/sprinkler-fitter#breadcrumb","itemListElement":[{"@type":"ListItem","position":1,"name":"Home","item":"https:\/\/southwestpipetrades.com\/"},{"@type":"ListItem","position":2,"name":"Careers","item":"https:\/\/southwestpipetrades.com\/careers"},{"@type":"ListItem","position":3,"name":"Sprinkler Fitters"}]},{"@type":"WebSite","@id":"https:\/\/southwestpipetrades.com\/#website","url":"https:\/\/southwestpipetrades.com\/","name":"Asociaci\u00f3n de Comercio de Tuber\u00edas del Suroeste","description":"Fontaneros, instaladores de tuber\u00edas, t\u00e9cnicos de climatizaci\u00f3n en Texas, Oklahoma y Nuevo M\u00e9xico","publisher":{"@id":"https:\/\/southwestpipetrades.com\/#organization"},"potentialAction":[{"@type":"SearchAction","target":{"@type":"EntryPoint","urlTemplate":"https:\/\/southwestpipetrades.com\/?s={search_term_string}"},"query-input":"required name=search_term_string"}],"inLanguage":"es-MX"},{"@type":"Organization","@id":"https:\/\/southwestpipetrades.com\/#organization","name":"Asociaci\u00f3n de Oficios de Tuber\u00edas del Suroeste","url":"https:\/\/southwestpipetrades.com\/","logo":{"@type":"ImageObject","inLanguage":"es-MX","@id":"https:\/\/southwestpipetrades.com\/#\/schema\/logo\/image\/","url":"https:\/\/southwestpipetrades.com\/wp-content\/uploads\/2020\/09\/SWPTA-2021-Logo-Color-Full-Horizontal-800px.png","contentUrl":"https:\/\/southwestpipetrades.com\/wp-content\/uploads\/2020\/09\/SWPTA-2021-Logo-Color-Full-Horizontal-800px.png","width":800,"height":341,"caption":"Southwest Pipe Trades Assoication"},"image":{"@id":"https:\/\/southwestpipetrades.com\/#\/schema\/logo\/image\/"}}]}},"_links":{"self":[{"href":"https:\/\/southwestpipetrades.com\/es\/wp-json\/wp\/v2\/pages\/748","targetHints":{"allow":["GET"]}}],"collection":[{"href":"https:\/\/southwestpipetrades.com\/es\/wp-json\/wp\/v2\/pages"}],"about":[{"href":"https:\/\/southwestpipetrades.com\/es\/wp-json\/wp\/v2\/types\/page"}],"author":[{"embeddable":true,"href":"https:\/\/southwestpipetrades.com\/es\/wp-json\/wp\/v2\/users\/37"}],"replies":[{"embeddable":true,"href":"https:\/\/southwestpipetrades.com\/es\/wp-json\/wp\/v2\/comments?post=748"}],"version-history":[{"count":0,"href":"https:\/\/southwestpipetrades.com\/es\/wp-json\/wp\/v2\/pages\/748\/revisions"}],"up":[{"embeddable":true,"href":"https:\/\/southwestpipetrades.com\/es\/wp-json\/wp\/v2\/pages\/1269"}],"wp:featuredmedia":[{"embeddable":true,"href":"https:\/\/southwestpipetrades.com\/es\/wp-json\/wp\/v2\/media\/3453"}],"wp:attachment":[{"href":"https:\/\/southwestpipetrades.com\/es\/wp-json\/wp\/v2\/media?parent=748"}],"curies":[{"name":"wp","href":"https:\/\/api.w.org\/{rel}","templated":true}]}}