{"id":757,"date":"2017-03-28T19:16:14","date_gmt":"2017-03-28T19:16:14","guid":{"rendered":"http:\/\/southwestpipe.wpengine.com\/?page_id=757"},"modified":"2022-10-21T14:07:23","modified_gmt":"2022-10-21T14:07:23","slug":"hvacr-technician","status":"publish","type":"page","link":"https:\/\/southwestpipetrades.com\/es\/careers-old\/hvacr-technician","title":{"rendered":"T\u00e9cnico en HVAC-R"},"content":{"rendered":"<p>Si est\u00e1 buscando el siguiente paso l\u00f3gico despu\u00e9s de obtener su diploma de escuela secundaria, no busque m\u00e1s. Para una capacitaci\u00f3n integral de aprendizaje, SWPTA <a href=\"https:\/\/southwestpipetrades.com\/es\/local-unions\/\">sindicatos<\/a> Ofrecemos experiencia pr\u00e1ctica en el sitio dise\u00f1ada para prepararlo para una carrera larga y exitosa como t\u00e9cnico de HVAC. <a href=\"https:\/\/southwestpipetrades.com\/es\/earn-while-you-learn\/\">Empiece a ganar dinero de inmediato<\/a> con experiencia en sitio durante el d\u00eda y contin\u00faa tu educaci\u00f3n con clases nocturnas flexibles.<\/p>\n<p>El programa de capacitaci\u00f3n de aprendices de HVAC le brindar\u00e1 las herramientas necesarias para tener \u00e9xito en una amplia gama de funciones. Los t\u00e9cnicos de HVAC son responsables de dise\u00f1ar, instalar y mantener los sistemas mec\u00e1nicos que se utilizan para controlar el aire acondicionado, la temperatura, la humedad y la calidad total del aire interior.<\/p>\n<p>Asociaci\u00f3n de Trabajadores de la Salud P\u00fablica (SWPTA) <a href=\"https:\/\/southwestpipetrades.com\/es\/benefits-of-joining-a-union\/\">sindicatos<\/a> Ofrecemos una experiencia invaluable que puede aplicarse ampliamente en varias industrias. Nuestros contratistas y miembros pueden trabajar para una variedad de instituciones en numerosos sectores y participan activamente en una multitud de funciones:<\/p>\n<ul>\n<li>Fabricantes<\/li>\n<li>T\u00e9cnicos<\/li>\n<li>Ingenieros<\/li>\n<li>Instructores<\/li>\n<li>Vendedor<\/li>\n<\/ul>\n<p>Nuestro programa de aprendizaje en HVAC Union ofrece una oportunidad en un campo en r\u00e1pida expansi\u00f3n. Las oportunidades profesionales como t\u00e9cnico, mec\u00e1nico o instalador de HVAC est\u00e1n en constante crecimiento, y ahora es el momento perfecto para participar en nuestro programa de capacitaci\u00f3n en profundidad. Nuestros profesionales capacitados y experimentados ofrecen orientaci\u00f3n, asesoramiento y perspectivas matizadas que ayudan a cultivar sus habilidades y aplicarlas f\u00e1cilmente en una amplia variedad de industrias.<\/p>\n<p>Un instalador de HVAC garantiza la seguridad y la comodidad de una instalaci\u00f3n. Toda instalaci\u00f3n necesita a alguien tan calificado, experimentado y preparado como un t\u00e9cnico de HVAC capacitado: sea la persona a la que la gente llame cuando lo necesite. Le brindaremos las herramientas y la capacitaci\u00f3n necesarias para que pueda estar listo cuando llegue esa llamada. Tome el siguiente paso l\u00f3gico y comience <a href=\"https:\/\/southwestpipetrades.com\/es\/the-path-to-advancement-as-an-hvac-technician-southwest-pipe-trades-association\/\">Construyendo una carrera hoy<\/a>.<\/p>","protected":false},"excerpt":{"rendered":"<p>Si buscas el siguiente paso l\u00f3gico despu\u00e9s de obtener tu diploma de bachillerato, no busques m\u00e1s. Para una formaci\u00f3n integral de aprendices, los sindicatos de SWPTA ofrecen experiencia pr\u00e1ctica en el lugar de trabajo, dise\u00f1ada para prepararte para una larga y exitosa carrera como t\u00e9cnico de HVAC. Empieza a ganar dinero de inmediato con experiencia pr\u00e1ctica durante el d\u00eda y contin\u00faa tu formaci\u00f3n con\u2026<\/p>\n<p class=\"read-more\"> <a class=\"\" href=\"https:\/\/southwestpipetrades.com\/es\/careers-old\/hvacr-technician\"> <span class=\"screen-reader-text\">T\u00e9cnico en HVAC-R<\/span> Leer m\u00e1s &quot;<\/a><\/p>","protected":false},"author":37,"featured_media":765,"parent":9,"menu_order":0,"comment_status":"closed","ping_status":"closed","template":"","meta":{"_acf_changed":false,"inline_featured_image":false,"site-sidebar-layout":"default","site-content-layout":"default","ast-global-header-display":"","ast-main-header-display":"","ast-hfb-above-header-display":"","ast-hfb-below-header-display":"","ast-hfb-mobile-header-display":"","site-post-title":"","ast-breadcrumbs-content":"","ast-featured-img":"","footer-sml-layout":"","theme-transparent-header-meta":"default","adv-header-id-meta":"","stick-header-meta":"default","header-above-stick-meta":"","header-main-stick-meta":"","header-below-stick-meta":"","footnotes":""},"class_list":["post-757","page","type-page","status-publish","has-post-thumbnail","hentry"],"acf":[],"yoast_head":"<!-- This site is optimized with the Yoast SEO plugin v21.4 - https:\/\/yoast.com\/wordpress\/plugins\/seo\/ -->\n<title>Southwest Pipe Trades Association - Become a HVAC-R technician<\/title>\n<meta name=\"description\" content=\"Southwest Pipe Trades Association and the UA Local&#039;s HVAC-R technician apprentice program allows you to earn money and gain experience.\" \/>\n<meta name=\"robots\" content=\"index, follow, max-snippet:-1, max-image-preview:large, max-video-preview:-1\" \/>\n<link rel=\"canonical\" href=\"https:\/\/southwestpipetrades.com\/es\/careers-old\/hvacr-technician\/\" \/>\n<meta property=\"og:locale\" content=\"es_MX\" \/>\n<meta property=\"og:type\" content=\"article\" \/>\n<meta property=\"og:title\" content=\"Southwest Pipe Trades Association - Become a HVAC-R technician\" \/>\n<meta property=\"og:description\" content=\"Southwest Pipe Trades Association and the UA Local&#039;s HVAC-R technician apprentice program allows you to earn money and gain experience.\" \/>\n<meta property=\"og:url\" content=\"https:\/\/southwestpipetrades.com\/es\/careers-old\/hvacr-technician\/\" \/>\n<meta property=\"og:site_name\" content=\"Southwest Pipe Trades Association\" \/>\n<meta property=\"article:modified_time\" content=\"2022-10-21T14:07:23+00:00\" \/>\n<meta property=\"og:image\" content=\"https:\/\/southwestpipetrades.com\/wp-content\/uploads\/2017\/01\/AC-Units-1024x768.jpg\" \/>\n\t<meta property=\"og:image:width\" content=\"1024\" \/>\n\t<meta property=\"og:image:height\" content=\"768\" \/>\n\t<meta property=\"og:image:type\" content=\"image\/jpeg\" \/>\n<meta name=\"twitter:card\" content=\"summary_large_image\" \/>\n<meta name=\"twitter:label1\" content=\"Tiempo de lectura\" \/>\n\t<meta name=\"twitter:data1\" content=\"2 minutos\" \/>\n<script type=\"application\/ld+json\" class=\"yoast-schema-graph\">{\"@context\":\"https:\/\/schema.org\",\"@graph\":[{\"@type\":\"WebPage\",\"@id\":\"https:\/\/southwestpipetrades.com\/careers-old\/hvacr-technician\",\"url\":\"https:\/\/southwestpipetrades.com\/careers-old\/hvacr-technician\",\"name\":\"Southwest Pipe Trades Association - Become a HVAC-R technician\",\"isPartOf\":{\"@id\":\"https:\/\/southwestpipetrades.com\/#website\"},\"datePublished\":\"2017-03-28T19:16:14+00:00\",\"dateModified\":\"2022-10-21T14:07:23+00:00\",\"description\":\"Southwest Pipe Trades Association and the UA Local's HVAC-R technician apprentice program allows you to earn money and gain experience.\",\"breadcrumb\":{\"@id\":\"https:\/\/southwestpipetrades.com\/careers-old\/hvacr-technician#breadcrumb\"},\"inLanguage\":\"es-MX\",\"potentialAction\":[{\"@type\":\"ReadAction\",\"target\":[\"https:\/\/southwestpipetrades.com\/careers-old\/hvacr-technician\"]}]},{\"@type\":\"BreadcrumbList\",\"@id\":\"https:\/\/southwestpipetrades.com\/careers-old\/hvacr-technician#breadcrumb\",\"itemListElement\":[{\"@type\":\"ListItem\",\"position\":1,\"name\":\"Home\",\"item\":\"https:\/\/southwestpipetrades.com\/\"},{\"@type\":\"ListItem\",\"position\":2,\"name\":\"Careers-Old\",\"item\":\"https:\/\/southwestpipetrades.com\/careers-old\"},{\"@type\":\"ListItem\",\"position\":3,\"name\":\"HVAC-R Technician\"}]},{\"@type\":\"WebSite\",\"@id\":\"https:\/\/southwestpipetrades.com\/#website\",\"url\":\"https:\/\/southwestpipetrades.com\/\",\"name\":\"Southwest Pipe Trades Association\",\"description\":\"Plumbers, Pipefitters, HVACR Techs in Texas, Oklahoma, New Mexico\",\"publisher\":{\"@id\":\"https:\/\/southwestpipetrades.com\/#organization\"},\"potentialAction\":[{\"@type\":\"SearchAction\",\"target\":{\"@type\":\"EntryPoint\",\"urlTemplate\":\"https:\/\/southwestpipetrades.com\/?s={search_term_string}\"},\"query-input\":\"required name=search_term_string\"}],\"inLanguage\":\"es-MX\"},{\"@type\":\"Organization\",\"@id\":\"https:\/\/southwestpipetrades.com\/#organization\",\"name\":\"Southwest Pipe Trades Assoication\",\"url\":\"https:\/\/southwestpipetrades.com\/\",\"logo\":{\"@type\":\"ImageObject\",\"inLanguage\":\"es-MX\",\"@id\":\"https:\/\/southwestpipetrades.com\/#\/schema\/logo\/image\/\",\"url\":\"https:\/\/southwestpipetrades.com\/wp-content\/uploads\/2020\/09\/SWPTA-2021-Logo-Color-Full-Horizontal-800px.png\",\"contentUrl\":\"https:\/\/southwestpipetrades.com\/wp-content\/uploads\/2020\/09\/SWPTA-2021-Logo-Color-Full-Horizontal-800px.png\",\"width\":800,\"height\":341,\"caption\":\"Southwest Pipe Trades Assoication\"},\"image\":{\"@id\":\"https:\/\/southwestpipetrades.com\/#\/schema\/logo\/image\/\"}}]}<\/script>\n<!-- \/ Yoast SEO plugin. -->","yoast_head_json":{"title":"Southwest Pipe Trades Association - Become a HVAC-R technician","description":"Southwest Pipe Trades Association and the UA Local's HVAC-R technician apprentice program allows you to earn money and gain experience.","robots":{"index":"index","follow":"follow","max-snippet":"max-snippet:-1","max-image-preview":"max-image-preview:large","max-video-preview":"max-video-preview:-1"},"canonical":"https:\/\/southwestpipetrades.com\/es\/careers-old\/hvacr-technician\/","og_locale":"es_MX","og_type":"article","og_title":"Southwest Pipe Trades Association - Become a HVAC-R technician","og_description":"Southwest Pipe Trades Association and the UA Local's HVAC-R technician apprentice program allows you to earn money and gain experience.","og_url":"https:\/\/southwestpipetrades.com\/es\/careers-old\/hvacr-technician\/","og_site_name":"Southwest Pipe Trades Association","article_modified_time":"2022-10-21T14:07:23+00:00","og_image":[{"width":1024,"height":768,"url":"https:\/\/southwestpipetrades.com\/wp-content\/uploads\/2017\/01\/AC-Units-1024x768.jpg","type":"image\/jpeg"}],"twitter_card":"summary_large_image","twitter_misc":{"Tiempo de lectura":"2 minutos"},"schema":{"@context":"https:\/\/schema.org","@graph":[{"@type":"WebPage","@id":"https:\/\/southwestpipetrades.com\/careers-old\/hvacr-technician","url":"https:\/\/southwestpipetrades.com\/careers-old\/hvacr-technician","name":"Southwest Pipe Trades Association - Become a HVAC-R technician","isPartOf":{"@id":"https:\/\/southwestpipetrades.com\/#website"},"datePublished":"2017-03-28T19:16:14+00:00","dateModified":"2022-10-21T14:07:23+00:00","description":"Southwest Pipe Trades Association and the UA Local's HVAC-R technician apprentice program allows you to earn money and gain experience.","breadcrumb":{"@id":"https:\/\/southwestpipetrades.com\/careers-old\/hvacr-technician#breadcrumb"},"inLanguage":"es-MX","potentialAction":[{"@type":"ReadAction","target":["https:\/\/southwestpipetrades.com\/careers-old\/hvacr-technician"]}]},{"@type":"BreadcrumbList","@id":"https:\/\/southwestpipetrades.com\/careers-old\/hvacr-technician#breadcrumb","itemListElement":[{"@type":"ListItem","position":1,"name":"Home","item":"https:\/\/southwestpipetrades.com\/"},{"@type":"ListItem","position":2,"name":"Careers-Old","item":"https:\/\/southwestpipetrades.com\/careers-old"},{"@type":"ListItem","position":3,"name":"HVAC-R Technician"}]},{"@type":"WebSite","@id":"https:\/\/southwestpipetrades.com\/#website","url":"https:\/\/southwestpipetrades.com\/","name":"Asociaci\u00f3n de Comercio de Tuber\u00edas del Suroeste","description":"Fontaneros, instaladores de tuber\u00edas, t\u00e9cnicos de climatizaci\u00f3n en Texas, Oklahoma y Nuevo M\u00e9xico","publisher":{"@id":"https:\/\/southwestpipetrades.com\/#organization"},"potentialAction":[{"@type":"SearchAction","target":{"@type":"EntryPoint","urlTemplate":"https:\/\/southwestpipetrades.com\/?s={search_term_string}"},"query-input":"required name=search_term_string"}],"inLanguage":"es-MX"},{"@type":"Organization","@id":"https:\/\/southwestpipetrades.com\/#organization","name":"Asociaci\u00f3n de Oficios de Tuber\u00edas del Suroeste","url":"https:\/\/southwestpipetrades.com\/","logo":{"@type":"ImageObject","inLanguage":"es-MX","@id":"https:\/\/southwestpipetrades.com\/#\/schema\/logo\/image\/","url":"https:\/\/southwestpipetrades.com\/wp-content\/uploads\/2020\/09\/SWPTA-2021-Logo-Color-Full-Horizontal-800px.png","contentUrl":"https:\/\/southwestpipetrades.com\/wp-content\/uploads\/2020\/09\/SWPTA-2021-Logo-Color-Full-Horizontal-800px.png","width":800,"height":341,"caption":"Southwest Pipe Trades Assoication"},"image":{"@id":"https:\/\/southwestpipetrades.com\/#\/schema\/logo\/image\/"}}]}},"_links":{"self":[{"href":"https:\/\/southwestpipetrades.com\/es\/wp-json\/wp\/v2\/pages\/757","targetHints":{"allow":["GET"]}}],"collection":[{"href":"https:\/\/southwestpipetrades.com\/es\/wp-json\/wp\/v2\/pages"}],"about":[{"href":"https:\/\/southwestpipetrades.com\/es\/wp-json\/wp\/v2\/types\/page"}],"author":[{"embeddable":true,"href":"https:\/\/southwestpipetrades.com\/es\/wp-json\/wp\/v2\/users\/37"}],"replies":[{"embeddable":true,"href":"https:\/\/southwestpipetrades.com\/es\/wp-json\/wp\/v2\/comments?post=757"}],"version-history":[{"count":0,"href":"https:\/\/southwestpipetrades.com\/es\/wp-json\/wp\/v2\/pages\/757\/revisions"}],"up":[{"embeddable":true,"href":"https:\/\/southwestpipetrades.com\/es\/wp-json\/wp\/v2\/pages\/9"}],"wp:featuredmedia":[{"embeddable":true,"href":"https:\/\/southwestpipetrades.com\/es\/wp-json\/wp\/v2\/media\/765"}],"wp:attachment":[{"href":"https:\/\/southwestpipetrades.com\/es\/wp-json\/wp\/v2\/media?parent=757"}],"curies":[{"name":"wp","href":"https:\/\/api.w.org\/{rel}","templated":true}]}}