{"id":996,"date":"2018-06-29T21:01:16","date_gmt":"2018-06-29T21:01:16","guid":{"rendered":"https:\/\/southwestpipetrades.com\/?page_id=996"},"modified":"2019-11-21T14:59:30","modified_gmt":"2019-11-21T14:59:30","slug":"a-day-in-the-life","status":"publish","type":"page","link":"https:\/\/southwestpipetrades.com\/es\/careers-old\/a-day-in-the-life","title":{"rendered":"Un d\u00eda en la vida"},"content":{"rendered":"<p><span style=\"font-weight: 400;\">Obtuviste tu diploma de secundaria, \u00bfy ahora qu\u00e9? Tu futuro est\u00e1 abierto y hay muchas opciones profesionales diferentes que podr\u00edas seguir con un diploma de secundaria. Sin embargo, la gran cantidad de oportunidades disponibles tambi\u00e9n puede hacer que elegir una carrera profesional adecuada para ti sea un poco abrumador.\u00a0<\/span><\/p>\n<p><span style=\"font-weight: 400;\">Aunque la elecci\u00f3n es dif\u00edcil, a\u00fan as\u00ed deber\u00e1 tomar una decisi\u00f3n para poder comenzar a ganar dinero lo antes posible. Es por eso que los sindicatos de Southwest Pipe Trades Association ofrecen programas de capacitaci\u00f3n de aprendizaje de calidad y oportunidades sindicales. Con estos programas y oportunidades, podr\u00e1 ganar dinero para mantenerse mientras avanza en su carrera. <a href=\"https:\/\/southwestpipetrades.com\/es\/skilled-trades-an-alternative-to-college\/\">educaci\u00f3n<\/a> y adquirir una experiencia laboral invaluable.<\/span><\/p>\n<p><span style=\"font-weight: 400;\">SWPTA est\u00e1 formada por 13 sindicatos ubicados en Nuevo M\u00e9xico, Oklahoma y Texas. Durante m\u00e1s de un siglo, nuestros sindicatos han brindado servicios, capacitado y preparado a aprendices para carreras a largo plazo en una variedad de campos. Nuestro objetivo es ayudarlo a obtener las herramientas y los conocimientos necesarios para alcanzar el \u00e9xito. Esta es su oportunidad de brindar un servicio invaluable a los estadounidenses que trabajan duro en todo el pa\u00eds e ingresar a un campo donde su trabajo realmente marca una diferencia para los dem\u00e1s.<\/span><\/p>\n<p><span style=\"font-weight: 400;\">Nunca ha habido un mejor momento para unirse al programa de capacitaci\u00f3n integral de nuestros sindicatos y comenzar a trabajar como aprendiz, ya sea como <a href=\"https:\/\/southwestpipetrades.com\/es\/careers\/hvacr-technician\/\">T\u00e9cnico de HVAC<\/a>, <a href=\"https:\/\/southwestpipetrades.com\/es\/careers\/pipe-fitters\/\">instalador de tuber\u00edas<\/a>, <a href=\"https:\/\/southwestpipetrades.com\/es\/careers\/plumbers\/\">plomero<\/a>, <a href=\"https:\/\/southwestpipetrades.com\/es\/careers\/welders\/\">soldador<\/a>, <a href=\"https:\/\/southwestpipetrades.com\/es\/careers\/sprinkler-fitter\/\">Rociador contra incendios<\/a> instalador o una variedad de otros roles. Le garantizamos que estar\u00e1 en la mejor posici\u00f3n para disfrutar de una carrera larga y exitosa.<\/span><\/p>\n<p><span style=\"font-weight: 400;\">Nuestro <a href=\"https:\/\/southwestpipetrades.com\/es\/how-unions-help-all-workers\/\">sindicatos<\/a>Los programas de capacitaci\u00f3n le brindan la oportunidad de ganar dinero de inmediato y, al mismo tiempo, le brindan la educaci\u00f3n y las habilidades necesarias para un futuro brillante en uno de nuestros puestos de contratista sindical. Como aprendiz, pasar\u00e1 todos los d\u00edas perfeccionando su oficio y trabajando para lograr la carrera que siempre imagin\u00f3 pero que nunca tuvo la oportunidad de seguir. Tendr\u00e1 la oportunidad de aprender no solo sobre las mejores pr\u00e1cticas de la industria, sino tambi\u00e9n sobre las t\u00e9cnicas avanzadas que se usan com\u00fanmente en su campo.\u00a0<\/span><\/p>\n<p><span style=\"font-weight: 400;\">Adem\u00e1s, tendr\u00e1s la oportunidad de trabajar en puestos de nivel inicial junto a contratistas experimentados. En este puesto, podr\u00e1s continuar tu formaci\u00f3n durante el d\u00eda. Por la noche, recibir\u00e1s formaci\u00f3n pr\u00e1ctica de nuestros instructores cualificados. Despu\u00e9s de realizar un programa de formaci\u00f3n integral, har\u00e1s m\u00e1s que construir un futuro para ti y tu familia: tendr\u00e1s la oportunidad de ayudar a construir Estados Unidos.<\/span><\/p>\n<p><span style=\"font-weight: 400;\">Nunca falta trabajo; cada edificio tiene un proyecto y esos proyectos deben completarse. Como contratista sindical afiliado a SWPTA, su trabajo no se limita a una o dos industrias. Puede esperar trabajar con empresas locales, escuelas, hospitales e instalaciones gubernamentales e incluso ayudar con la seguridad nacional.\u00a0<\/span><\/p>\n<p><span style=\"font-weight: 400;\">Nuestro alcance nunca ha sido tan amplio. Ofrecemos puestos en una variedad de lugares para que pueda ayudar a estadounidenses honestos como usted y brindarles servicios integrales, seguros y rentables. Nunca ha habido una mejor manera de tener un impacto positivo en tantas personas mientras gana dinero y contin\u00faa su educaci\u00f3n.<\/span><\/p>\n<p><span style=\"font-weight: 400;\">Existen innumerables campos para seguir, muchos de los cuales requieren experiencia que es imposible de haber obtenido cuando reci\u00e9n est\u00e1s empezando. La Asociaci\u00f3n de Oficios de Tuber\u00eda del Suroeste lo entiende, por eso los sindicatos afiliados a la SWTPA ofrecen programas de formaci\u00f3n y educaci\u00f3n integrales y asequibles a cargo de nuestros mejores y m\u00e1s brillantes instructores. Elegir una carrera profesional no deber\u00eda ser una carga: en la SWPTA, el trabajo de nuestros instructores es hacer que esta sea la decisi\u00f3n m\u00e1s f\u00e1cil que hayas tomado jam\u00e1s.\u00a0<\/span><\/p>\n<p><span style=\"font-weight: 400;\">Este es el momento de hacer un trabajo significativo y prepararse para un futuro que nunca supo que podr\u00eda tener. \u00a1Este es el momento de mejorar el mundo que lo rodea! Ayude a los propietarios honestos de peque\u00f1as empresas a administrar sus negocios; brinde a los maestros y estudiantes un entorno c\u00f3modo y seguro para aprender; ayude a un hospital a funcionar de manera que cada paciente reciba la atenci\u00f3n que merece; mantenga las instalaciones gubernamentales dise\u00f1adas para mantener nuestro pa\u00eds seguro para que usted y sus seres queridos puedan descansar tranquilos por la noche.\u00a0<\/span><\/p>\n<p><span style=\"font-weight: 400;\">Comun\u00edquese con nosotros hoy para obtener m\u00e1s informaci\u00f3n sobre nuestros programas de capacitaci\u00f3n de aprendizaje y oportunidades sindicales y vea si puede ayudar a construir un mejor ma\u00f1ana para Estados Unidos.<\/span><\/p>","protected":false},"excerpt":{"rendered":"<p>Ya tienes tu diploma de bachillerato, \u00bfy ahora qu\u00e9? Tu futuro est\u00e1 lleno de posibilidades y hay muchas opciones profesionales que puedes seguir con un diploma de bachillerato. Sin embargo, la gran cantidad de oportunidades disponibles tambi\u00e9n puede hacer que elegir la carrera adecuada para ti sea un poco abrumador. Aunque la elecci\u00f3n es dif\u00edcil\u2026<\/p>\n<p class=\"read-more\"> <a class=\"\" href=\"https:\/\/southwestpipetrades.com\/es\/careers-old\/a-day-in-the-life\"> <span class=\"screen-reader-text\">Un d\u00eda en la vida<\/span> Leer m\u00e1s &quot;<\/a><\/p>","protected":false},"author":37,"featured_media":0,"parent":9,"menu_order":2,"comment_status":"closed","ping_status":"closed","template":"page-templates\/tpl-careers-child.php","meta":{"_acf_changed":false,"inline_featured_image":false,"site-sidebar-layout":"default","site-content-layout":"default","ast-global-header-display":"","ast-main-header-display":"","ast-hfb-above-header-display":"","ast-hfb-below-header-display":"","ast-hfb-mobile-header-display":"","site-post-title":"","ast-breadcrumbs-content":"","ast-featured-img":"","footer-sml-layout":"","theme-transparent-header-meta":"","adv-header-id-meta":"","stick-header-meta":"","header-above-stick-meta":"","header-main-stick-meta":"","header-below-stick-meta":"","footnotes":""},"class_list":["post-996","page","type-page","status-publish","hentry"],"acf":[],"yoast_head":"<!-- This site is optimized with the Yoast SEO plugin v21.4 - https:\/\/yoast.com\/wordpress\/plugins\/seo\/ -->\n<title>A Day in the Life - Southwest Pipe Trades Association<\/title>\n<meta name=\"description\" content=\"At SWPTA, we will provide you with quality apprenticeship training programs so you can earn money and gain experience while you further your education.\" \/>\n<meta name=\"robots\" content=\"index, follow, max-snippet:-1, max-image-preview:large, max-video-preview:-1\" \/>\n<link rel=\"canonical\" href=\"https:\/\/southwestpipetrades.com\/es\/careers-old\/a-day-in-the-life\/\" \/>\n<meta property=\"og:locale\" content=\"es_MX\" \/>\n<meta property=\"og:type\" content=\"article\" \/>\n<meta property=\"og:title\" content=\"A Day in the Life - Southwest Pipe Trades Association\" \/>\n<meta property=\"og:description\" content=\"At SWPTA, we will provide you with quality apprenticeship training programs so you can earn money and gain experience while you further your education.\" \/>\n<meta property=\"og:url\" content=\"https:\/\/southwestpipetrades.com\/es\/careers-old\/a-day-in-the-life\/\" \/>\n<meta property=\"og:site_name\" content=\"Southwest Pipe Trades Association\" \/>\n<meta property=\"article:modified_time\" content=\"2019-11-21T14:59:30+00:00\" \/>\n<meta name=\"twitter:card\" content=\"summary_large_image\" \/>\n<meta name=\"twitter:label1\" content=\"Tiempo de lectura\" \/>\n\t<meta name=\"twitter:data1\" content=\"3 minutos\" \/>\n<script type=\"application\/ld+json\" class=\"yoast-schema-graph\">{\"@context\":\"https:\/\/schema.org\",\"@graph\":[{\"@type\":\"WebPage\",\"@id\":\"https:\/\/southwestpipetrades.com\/careers-old\/a-day-in-the-life\",\"url\":\"https:\/\/southwestpipetrades.com\/careers-old\/a-day-in-the-life\",\"name\":\"A Day in the Life - Southwest Pipe Trades Association\",\"isPartOf\":{\"@id\":\"https:\/\/southwestpipetrades.com\/#website\"},\"datePublished\":\"2018-06-29T21:01:16+00:00\",\"dateModified\":\"2019-11-21T14:59:30+00:00\",\"description\":\"At SWPTA, we will provide you with quality apprenticeship training programs so you can earn money and gain experience while you further your education.\",\"breadcrumb\":{\"@id\":\"https:\/\/southwestpipetrades.com\/careers-old\/a-day-in-the-life#breadcrumb\"},\"inLanguage\":\"es-MX\",\"potentialAction\":[{\"@type\":\"ReadAction\",\"target\":[\"https:\/\/southwestpipetrades.com\/careers-old\/a-day-in-the-life\"]}]},{\"@type\":\"BreadcrumbList\",\"@id\":\"https:\/\/southwestpipetrades.com\/careers-old\/a-day-in-the-life#breadcrumb\",\"itemListElement\":[{\"@type\":\"ListItem\",\"position\":1,\"name\":\"Home\",\"item\":\"https:\/\/southwestpipetrades.com\/\"},{\"@type\":\"ListItem\",\"position\":2,\"name\":\"Careers-Old\",\"item\":\"https:\/\/southwestpipetrades.com\/careers-old\"},{\"@type\":\"ListItem\",\"position\":3,\"name\":\"A Day in the Life\"}]},{\"@type\":\"WebSite\",\"@id\":\"https:\/\/southwestpipetrades.com\/#website\",\"url\":\"https:\/\/southwestpipetrades.com\/\",\"name\":\"Southwest Pipe Trades Association\",\"description\":\"Plumbers, Pipefitters, HVACR Techs in Texas, Oklahoma, New Mexico\",\"publisher\":{\"@id\":\"https:\/\/southwestpipetrades.com\/#organization\"},\"potentialAction\":[{\"@type\":\"SearchAction\",\"target\":{\"@type\":\"EntryPoint\",\"urlTemplate\":\"https:\/\/southwestpipetrades.com\/?s={search_term_string}\"},\"query-input\":\"required name=search_term_string\"}],\"inLanguage\":\"es-MX\"},{\"@type\":\"Organization\",\"@id\":\"https:\/\/southwestpipetrades.com\/#organization\",\"name\":\"Southwest Pipe Trades Assoication\",\"url\":\"https:\/\/southwestpipetrades.com\/\",\"logo\":{\"@type\":\"ImageObject\",\"inLanguage\":\"es-MX\",\"@id\":\"https:\/\/southwestpipetrades.com\/#\/schema\/logo\/image\/\",\"url\":\"https:\/\/southwestpipetrades.com\/wp-content\/uploads\/2020\/09\/SWPTA-2021-Logo-Color-Full-Horizontal-800px.png\",\"contentUrl\":\"https:\/\/southwestpipetrades.com\/wp-content\/uploads\/2020\/09\/SWPTA-2021-Logo-Color-Full-Horizontal-800px.png\",\"width\":800,\"height\":341,\"caption\":\"Southwest Pipe Trades Assoication\"},\"image\":{\"@id\":\"https:\/\/southwestpipetrades.com\/#\/schema\/logo\/image\/\"}}]}<\/script>\n<!-- \/ Yoast SEO plugin. -->","yoast_head_json":{"title":"A Day in the Life - Southwest Pipe Trades Association","description":"At SWPTA, we will provide you with quality apprenticeship training programs so you can earn money and gain experience while you further your education.","robots":{"index":"index","follow":"follow","max-snippet":"max-snippet:-1","max-image-preview":"max-image-preview:large","max-video-preview":"max-video-preview:-1"},"canonical":"https:\/\/southwestpipetrades.com\/es\/careers-old\/a-day-in-the-life\/","og_locale":"es_MX","og_type":"article","og_title":"A Day in the Life - Southwest Pipe Trades Association","og_description":"At SWPTA, we will provide you with quality apprenticeship training programs so you can earn money and gain experience while you further your education.","og_url":"https:\/\/southwestpipetrades.com\/es\/careers-old\/a-day-in-the-life\/","og_site_name":"Southwest Pipe Trades Association","article_modified_time":"2019-11-21T14:59:30+00:00","twitter_card":"summary_large_image","twitter_misc":{"Tiempo de lectura":"3 minutos"},"schema":{"@context":"https:\/\/schema.org","@graph":[{"@type":"WebPage","@id":"https:\/\/southwestpipetrades.com\/careers-old\/a-day-in-the-life","url":"https:\/\/southwestpipetrades.com\/careers-old\/a-day-in-the-life","name":"A Day in the Life - Southwest Pipe Trades Association","isPartOf":{"@id":"https:\/\/southwestpipetrades.com\/#website"},"datePublished":"2018-06-29T21:01:16+00:00","dateModified":"2019-11-21T14:59:30+00:00","description":"At SWPTA, we will provide you with quality apprenticeship training programs so you can earn money and gain experience while you further your education.","breadcrumb":{"@id":"https:\/\/southwestpipetrades.com\/careers-old\/a-day-in-the-life#breadcrumb"},"inLanguage":"es-MX","potentialAction":[{"@type":"ReadAction","target":["https:\/\/southwestpipetrades.com\/careers-old\/a-day-in-the-life"]}]},{"@type":"BreadcrumbList","@id":"https:\/\/southwestpipetrades.com\/careers-old\/a-day-in-the-life#breadcrumb","itemListElement":[{"@type":"ListItem","position":1,"name":"Home","item":"https:\/\/southwestpipetrades.com\/"},{"@type":"ListItem","position":2,"name":"Careers-Old","item":"https:\/\/southwestpipetrades.com\/careers-old"},{"@type":"ListItem","position":3,"name":"A Day in the Life"}]},{"@type":"WebSite","@id":"https:\/\/southwestpipetrades.com\/#website","url":"https:\/\/southwestpipetrades.com\/","name":"Asociaci\u00f3n de Comercio de Tuber\u00edas del Suroeste","description":"Fontaneros, instaladores de tuber\u00edas, t\u00e9cnicos de climatizaci\u00f3n en Texas, Oklahoma y Nuevo M\u00e9xico","publisher":{"@id":"https:\/\/southwestpipetrades.com\/#organization"},"potentialAction":[{"@type":"SearchAction","target":{"@type":"EntryPoint","urlTemplate":"https:\/\/southwestpipetrades.com\/?s={search_term_string}"},"query-input":"required name=search_term_string"}],"inLanguage":"es-MX"},{"@type":"Organization","@id":"https:\/\/southwestpipetrades.com\/#organization","name":"Asociaci\u00f3n de Oficios de Tuber\u00edas del Suroeste","url":"https:\/\/southwestpipetrades.com\/","logo":{"@type":"ImageObject","inLanguage":"es-MX","@id":"https:\/\/southwestpipetrades.com\/#\/schema\/logo\/image\/","url":"https:\/\/southwestpipetrades.com\/wp-content\/uploads\/2020\/09\/SWPTA-2021-Logo-Color-Full-Horizontal-800px.png","contentUrl":"https:\/\/southwestpipetrades.com\/wp-content\/uploads\/2020\/09\/SWPTA-2021-Logo-Color-Full-Horizontal-800px.png","width":800,"height":341,"caption":"Southwest Pipe Trades Assoication"},"image":{"@id":"https:\/\/southwestpipetrades.com\/#\/schema\/logo\/image\/"}}]}},"_links":{"self":[{"href":"https:\/\/southwestpipetrades.com\/es\/wp-json\/wp\/v2\/pages\/996","targetHints":{"allow":["GET"]}}],"collection":[{"href":"https:\/\/southwestpipetrades.com\/es\/wp-json\/wp\/v2\/pages"}],"about":[{"href":"https:\/\/southwestpipetrades.com\/es\/wp-json\/wp\/v2\/types\/page"}],"author":[{"embeddable":true,"href":"https:\/\/southwestpipetrades.com\/es\/wp-json\/wp\/v2\/users\/37"}],"replies":[{"embeddable":true,"href":"https:\/\/southwestpipetrades.com\/es\/wp-json\/wp\/v2\/comments?post=996"}],"version-history":[{"count":0,"href":"https:\/\/southwestpipetrades.com\/es\/wp-json\/wp\/v2\/pages\/996\/revisions"}],"up":[{"embeddable":true,"href":"https:\/\/southwestpipetrades.com\/es\/wp-json\/wp\/v2\/pages\/9"}],"wp:attachment":[{"href":"https:\/\/southwestpipetrades.com\/es\/wp-json\/wp\/v2\/media?parent=996"}],"curies":[{"name":"wp","href":"https:\/\/api.w.org\/{rel}","templated":true}]}}